{"id":3015,"date":"2026-01-13T02:53:13","date_gmt":"2026-01-13T01:53:13","guid":{"rendered":"https:\/\/www.futbalovedresysk.com\/?post_type=product&#038;p=3015"},"modified":"2026-01-13T02:53:14","modified_gmt":"2026-01-13T01:53:14","slug":"detske-futbalove-dresy-liverpool-federico-chiesa-14-2025-26-prec-komplety","status":"publish","type":"product","link":"https:\/\/www.drespredeti.com\/nl\/detske-futbalove-dresy-liverpool-federico-chiesa-14-2025-26-prec-komplety\/","title":{"rendered":"Liverpool jeugdvoetbalshirts Federico Chiesa #14 2025-26 Uit Kleedkamers"},"content":{"rendered":"<h3>Kinder-voetbalshirts Liverpool Federico Chiesa #14 2025\/26 \u2013 buitenste set<\/h3>\n<p>Deze Detsk\u00e9 futbalov\u00e9 dresy Liverpool in de buitenversie (Pre\u010d) voor het seizoen 2025\/26 zijn ontworpen voor jonge voetballers en Liverpool FC-fans die willen opvallen met een moderne en sportieve stijl. Het ontwerp is gebaseerd op het offici\u00eble uitshirt van de club en brengt een frisse look die is aangepast aan kinderen. Het shirt is ge\u00efnspireerd door speler Milos Kerkez #6.<\/p>\n<p>De gebruikte functionele stof is licht, aangenaam om te dragen en geschikt voor actief bewegen. De snit biedt bewegingsvrijheid tijdens het spel, terwijl het ademende materiaal helpt comfort te houden tijdens intensieve trainingen. Bij de verpakking horen ook afgestemde korte broeken, dus het is een complete kindervoetbalset.<\/p>\n<p>Deze Detsk\u00e9 futbalov\u00e9 dresy Liverpool kan worden gepersonaliseerd met eigen naam en nummer. U kunt de naam van het kind of een ander gewenst nummer kiezen en zo een uniek shirt op maat maken dat past bij iemands persoonlijke stijl.<\/p>","protected":false},"excerpt":{"rendered":"<p>Kindervoetbalshirts Liverpool Federico Chiesa #14 2025\/26 \u2013 uitshirt set Deze Kindervoetbalshirts Liverpool in de uit-uitvoering (Precie) voor seizoen 2025\/26 zijn ontworpen voor jonge voetballers en Liverpool FC-fans die willen opvallen met een moderne en sportieve stijl. Het ontwerp is afgeleid van het offici\u00eble uitshirt van de club en brengt een frisse, kindvriendelijke look. Het shirt is ge\u00efnspireerd op [\u2026]<\/p>","protected":false},"featured_media":3017,"comment_status":"open","ping_status":"closed","template":"","meta":{"site-sidebar-layout":"default","site-content-layout":"","ast-site-content-layout":"default","site-content-style":"default","site-sidebar-style":"default","ast-global-header-display":"","ast-banner-title-visibility":"","ast-main-header-display":"","ast-hfb-above-header-display":"","ast-hfb-below-header-display":"","ast-hfb-mobile-header-display":"","site-post-title":"","ast-breadcrumbs-content":"","ast-featured-img":"","footer-sml-layout":"","theme-transparent-header-meta":"default","adv-header-id-meta":"","stick-header-meta":"","header-above-stick-meta":"","header-main-stick-meta":"","header-below-stick-meta":"","astra-migrate-meta-layouts":"set","ast-page-background-enabled":"default","ast-page-background-meta":{"desktop":{"background-color":"var(--ast-global-color-4)","background-image":"","background-repeat":"repeat","background-position":"center center","background-size":"auto","background-attachment":"scroll","background-type":"","background-media":"","overlay-type":"","overlay-color":"","overlay-opacity":"","overlay-gradient":""},"tablet":{"background-color":"","background-image":"","background-repeat":"repeat","background-position":"center center","background-size":"auto","background-attachment":"scroll","background-type":"","background-media":"","overlay-type":"","overlay-color":"","overlay-opacity":"","overlay-gradient":""},"mobile":{"background-color":"","background-image":"","background-repeat":"repeat","background-position":"center center","background-size":"auto","background-attachment":"scroll","background-type":"","background-media":"","overlay-type":"","overlay-color":"","overlay-opacity":"","overlay-gradient":""}},"ast-content-background-meta":{"desktop":{"background-color":"var(--ast-global-color-5)","background-image":"","background-repeat":"repeat","background-position":"center center","background-size":"auto","background-attachment":"scroll","background-type":"","background-media":"","overlay-type":"","overlay-color":"","overlay-opacity":"","overlay-gradient":""},"tablet":{"background-color":"var(--ast-global-color-5)","background-image":"","background-repeat":"repeat","background-position":"center center","background-size":"auto","background-attachment":"scroll","background-type":"","background-media":"","overlay-type":"","overlay-color":"","overlay-opacity":"","overlay-gradient":""},"mobile":{"background-color":"var(--ast-global-color-5)","background-image":"","background-repeat":"repeat","background-position":"center center","background-size":"auto","background-attachment":"scroll","background-type":"","background-media":"","overlay-type":"","overlay-color":"","overlay-opacity":"","overlay-gradient":""}}},"product_brand":[],"product_cat":[74],"product_tag":[130,168,170,177,169,138],"class_list":{"0":"post-3015","1":"product","2":"type-product","3":"status-publish","4":"has-post-thumbnail","6":"product_cat-detske-dres-liverpool","7":"product_tag-detske-futbalove-dresy","8":"product_tag-detske-futbalove-dresy-liverpool","9":"product_tag-detsky-futbalovy-komplet","10":"product_tag-federico-chiesa-dres","11":"product_tag-liverpool-dres-pre-deti","12":"product_tag-personalizovany-dres","13":"desktop-align-left","14":"tablet-align-left","15":"mobile-align-left","17":"first","18":"instock","19":"shipping-taxable","20":"purchasable","21":"product-type-variable"},"_links":{"self":[{"href":"https:\/\/www.drespredeti.com\/nl\/wp-json\/wp\/v2\/product\/3015","targetHints":{"allow":["GET"]}}],"collection":[{"href":"https:\/\/www.drespredeti.com\/nl\/wp-json\/wp\/v2\/product"}],"about":[{"href":"https:\/\/www.drespredeti.com\/nl\/wp-json\/wp\/v2\/types\/product"}],"replies":[{"embeddable":true,"href":"https:\/\/www.drespredeti.com\/nl\/wp-json\/wp\/v2\/comments?post=3015"}],"wp:featuredmedia":[{"embeddable":true,"href":"https:\/\/www.drespredeti.com\/nl\/wp-json\/wp\/v2\/media\/3017"}],"wp:attachment":[{"href":"https:\/\/www.drespredeti.com\/nl\/wp-json\/wp\/v2\/media?parent=3015"}],"wp:term":[{"taxonomy":"product_brand","embeddable":true,"href":"https:\/\/www.drespredeti.com\/nl\/wp-json\/wp\/v2\/product_brand?post=3015"},{"taxonomy":"product_cat","embeddable":true,"href":"https:\/\/www.drespredeti.com\/nl\/wp-json\/wp\/v2\/product_cat?post=3015"},{"taxonomy":"product_tag","embeddable":true,"href":"https:\/\/www.drespredeti.com\/nl\/wp-json\/wp\/v2\/product_tag?post=3015"}],"curies":[{"name":"wp","href":"https:\/\/api.w.org\/{rel}","templated":true}]}}