{"id":290,"date":"2026-01-12T07:24:21","date_gmt":"2026-01-12T06:24:21","guid":{"rendered":"https:\/\/www.futbalovedresysk.com\/?post_type=product&#038;p=290"},"modified":"2026-01-12T07:59:53","modified_gmt":"2026-01-12T06:59:53","slug":"detsky-barcelona-2025-26-domaci-futbalovy-komplet","status":"publish","type":"product","link":"https:\/\/www.drespredeti.com\/nl\/detsky-barcelona-2025-26-domaci-futbalovy-komplet\/","title":{"rendered":"Kinder Barcelona 2025-26 Thuis voetbalset"},"content":{"rendered":"<h3>Kinder Barcelona Thuis 2025-26 \u2013 voetbalset met personalisatie<\/h3>\n<p>Ontdek het jeugdvoetbalset Barcelona Paez Gavi #6 Dom\u00e1ci 2025-26, ontworpen voor jonge spelers en fans die clubidentiteit met comfort en kwaliteit willen combineren. Het set bevat een korte mouwen shirt en korte broek in het huidige thuiss ontwerp van Barcelona.<\/p>\n<ul>\n<li><strong>Thuisontwerp van seizoen 2025-26<\/strong>: Ikonische clubkleuren en moderne details ge\u00efnspireerd op offici\u00eble teamuitrusting.<\/li>\n<li><strong>Comfort bij beweging<\/strong>: Lichtgewicht, ademend materiaal helpt comfort te behouden tijdens intensieve activiteit.<\/li>\n<li><strong>Betrouwbare afwerking<\/strong>: Ontworpen voor regelmatige draag, training en spel \u2013 materiaal behoudt vorm en kleuren.<\/li>\n<li><strong>Personalisatie op maat<\/strong>: Mogelijkheid om eigen naam en nummer toe te voegen, waardoor de set uniek wordt.<\/li>\n<\/ul>\n<p>Dit jeugd Barcelona thuis voetbaloutfit is de ideale keuze voor ouders die op zoek zijn naar een kwalitatief, stijlvol en gepersonaliseerd shirt voor hun kind. Geweldig cadeau voor jonge voetbalfans en beginnende spelers.<\/p>","protected":false},"excerpt":{"rendered":"<p>Detsk\u00fd Barcelona Dom\u00e1ci 2025-26 \u2013 futbalov\u00fd komplet s personaliz\u00e1ciou Objavte detsk\u00fd futbalov\u00fd komplet Barcelona Dom\u00e1ci 2025-26, navrhnut\u00fd pre mlad\u00fdch hr\u00e1\u010dov a fan\u00fa\u0161ikov, ktor\u00ed chc\u00fa spoji\u0165 klubov\u00fa identitu s pohodl\u00edm a kvalitou. Komplet obsahuje dres s kr\u00e1tkym ruk\u00e1vom a \u0161ortky v aktu\u00e1lnom dom\u00e1com dizajne Barcelony. Dom\u00e1ci dizajn sez\u00f3ny 2025-26: Ikonick\u00e9 klubov\u00e9 farby a modern\u00e9 detaily in\u0161pirovan\u00e9 [&hellip;]<\/p>","protected":false},"featured_media":292,"comment_status":"open","ping_status":"closed","template":"","meta":{"site-sidebar-layout":"default","site-content-layout":"","ast-site-content-layout":"default","site-content-style":"default","site-sidebar-style":"default","ast-global-header-display":"","ast-banner-title-visibility":"","ast-main-header-display":"","ast-hfb-above-header-display":"","ast-hfb-below-header-display":"","ast-hfb-mobile-header-display":"","site-post-title":"","ast-breadcrumbs-content":"","ast-featured-img":"","footer-sml-layout":"","theme-transparent-header-meta":"default","adv-header-id-meta":"","stick-header-meta":"","header-above-stick-meta":"","header-main-stick-meta":"","header-below-stick-meta":"","astra-migrate-meta-layouts":"set","ast-page-background-enabled":"default","ast-page-background-meta":{"desktop":{"background-color":"var(--ast-global-color-4)","background-image":"","background-repeat":"repeat","background-position":"center center","background-size":"auto","background-attachment":"scroll","background-type":"","background-media":"","overlay-type":"","overlay-color":"","overlay-opacity":"","overlay-gradient":""},"tablet":{"background-color":"","background-image":"","background-repeat":"repeat","background-position":"center center","background-size":"auto","background-attachment":"scroll","background-type":"","background-media":"","overlay-type":"","overlay-color":"","overlay-opacity":"","overlay-gradient":""},"mobile":{"background-color":"","background-image":"","background-repeat":"repeat","background-position":"center center","background-size":"auto","background-attachment":"scroll","background-type":"","background-media":"","overlay-type":"","overlay-color":"","overlay-opacity":"","overlay-gradient":""}},"ast-content-background-meta":{"desktop":{"background-color":"var(--ast-global-color-5)","background-image":"","background-repeat":"repeat","background-position":"center center","background-size":"auto","background-attachment":"scroll","background-type":"","background-media":"","overlay-type":"","overlay-color":"","overlay-opacity":"","overlay-gradient":""},"tablet":{"background-color":"var(--ast-global-color-5)","background-image":"","background-repeat":"repeat","background-position":"center center","background-size":"auto","background-attachment":"scroll","background-type":"","background-media":"","overlay-type":"","overlay-color":"","overlay-opacity":"","overlay-gradient":""},"mobile":{"background-color":"var(--ast-global-color-5)","background-image":"","background-repeat":"repeat","background-position":"center center","background-size":"auto","background-attachment":"scroll","background-type":"","background-media":"","overlay-type":"","overlay-color":"","overlay-opacity":"","overlay-gradient":""}}},"product_brand":[],"product_cat":[70],"product_tag":[141,137,133,139,140,138],"class_list":{"0":"post-290","1":"product","2":"type-product","3":"status-publish","4":"has-post-thumbnail","6":"product_cat-detske-dres-barcelona","7":"product_tag-barcelona-dres-2025-26","8":"product_tag-detsky-barcelona","9":"product_tag-detsky-futbalovy-dres","10":"product_tag-dres-s-vlastnym-menom","11":"product_tag-futbalovy-dres-pre-deti","12":"product_tag-personalizovany-dres","13":"desktop-align-left","14":"tablet-align-left","15":"mobile-align-left","17":"first","18":"instock","19":"shipping-taxable","20":"purchasable","21":"product-type-variable"},"_links":{"self":[{"href":"https:\/\/www.drespredeti.com\/nl\/wp-json\/wp\/v2\/product\/290","targetHints":{"allow":["GET"]}}],"collection":[{"href":"https:\/\/www.drespredeti.com\/nl\/wp-json\/wp\/v2\/product"}],"about":[{"href":"https:\/\/www.drespredeti.com\/nl\/wp-json\/wp\/v2\/types\/product"}],"replies":[{"embeddable":true,"href":"https:\/\/www.drespredeti.com\/nl\/wp-json\/wp\/v2\/comments?post=290"}],"wp:featuredmedia":[{"embeddable":true,"href":"https:\/\/www.drespredeti.com\/nl\/wp-json\/wp\/v2\/media\/292"}],"wp:attachment":[{"href":"https:\/\/www.drespredeti.com\/nl\/wp-json\/wp\/v2\/media?parent=290"}],"wp:term":[{"taxonomy":"product_brand","embeddable":true,"href":"https:\/\/www.drespredeti.com\/nl\/wp-json\/wp\/v2\/product_brand?post=290"},{"taxonomy":"product_cat","embeddable":true,"href":"https:\/\/www.drespredeti.com\/nl\/wp-json\/wp\/v2\/product_cat?post=290"},{"taxonomy":"product_tag","embeddable":true,"href":"https:\/\/www.drespredeti.com\/nl\/wp-json\/wp\/v2\/product_tag?post=290"}],"curies":[{"name":"wp","href":"https:\/\/api.w.org\/{rel}","templated":true}]}}