{"id":2885,"date":"2026-01-14T03:57:19","date_gmt":"2026-01-14T02:57:19","guid":{"rendered":"https:\/\/www.futbalovedresysk.com\/?post_type=product&#038;p=2885"},"modified":"2026-01-14T04:09:14","modified_gmt":"2026-01-14T03:09:14","slug":"futbalove-dresy-pre-deti-liverpool-mohamed-salah-11-2025-26-tretina-komplety","status":"publish","type":"product","link":"https:\/\/www.drespredeti.com\/nl\/futbalove-dresy-pre-deti-liverpool-mohamed-salah-11-2025-26-tretina-komplety\/","title":{"rendered":"Voetbalshirts voor kinderen Liverpool Mohamed Salah #11 2025-26 Delen van drietal Sets"},"content":{"rendered":"<h3>Voetbalshirts voor kinderen Liverpool Derde Deel 2025\/26 Mohamed Salah #11<\/h3>\n<p>Voetbalshirts voor kinderen Liverpool in Derde Deel gereed voor het seizoen 2025\/26 zijn de ideale keuze voor jonge fans van de legendarische Engelse club. Dit kindershirt met naam Mohamed Salah #11 biedt een modern ontwerp, hoog comfort en afwerking geschikt voor training, wedstrijden en dagelijks gebruik.<\/p>\n<p>Het shirt is vervaardigd uit kwaliteitsvolle, lichte en ademende polyesterstof, die zweet effectief afvoert en comfort tijdens de hele wedstrijd garandeert. Nauwkeurige afwerking, duurzame druk en clubdetails maken van dit setje een betrouwbare en stijlvolle voetbaltrui voor kinderen.<\/p>\n<p><strong>Eigen naam en nummer<\/strong><\/p>\n<p>Naast de naam Mohamed Salah bieden we ook personalisatie aan \u2013 je kunt een eigen naam en nummer naar wens van het kind kiezen. Daardoor worden de Voetbalshirts voor kinderen Liverpool nog persoonlijker en bijzonder.<\/p>\n<p><strong>Ideaal cadeau voor jonge fans<\/strong><\/p>\n<p>Dit voetbalshirt voor kinderen van Liverpool is een geweldig cadeau voor elk klein voetballer en Premier League-fan. Het combineert professioneel uiterlijk, comfort en plezier in het spel in de kleuren van de favoriete club.<\/p>","protected":false},"excerpt":{"rendered":"<p>Futbalov\u00e9 dresy pre deti Liverpool Tretina 2025\/26 Mohamed Salah #11 Futbalov\u00e9 dresy pre deti Liverpool v Tretina sade pre sez\u00f3nu 2025\/26 s\u00fa ide\u00e1lnou vo\u013ebou pre mlad\u00fdch fan\u00fa\u0161ikov legend\u00e1rneho anglick\u00e9ho klubu. Tento detsk\u00fd futbalov\u00fd komplet s menom Mohamed Salah #11 pon\u00faka modern\u00fd dizajn, vysok\u00fd komfort a spracovanie vhodn\u00e9 na tr\u00e9ning, z\u00e1pasy aj be\u017en\u00e9 nosenie. Dres je [&hellip;]<\/p>","protected":false},"featured_media":2887,"comment_status":"open","ping_status":"closed","template":"","meta":{"site-sidebar-layout":"default","site-content-layout":"","ast-site-content-layout":"default","site-content-style":"default","site-sidebar-style":"default","ast-global-header-display":"","ast-banner-title-visibility":"","ast-main-header-display":"","ast-hfb-above-header-display":"","ast-hfb-below-header-display":"","ast-hfb-mobile-header-display":"","site-post-title":"","ast-breadcrumbs-content":"","ast-featured-img":"","footer-sml-layout":"","theme-transparent-header-meta":"default","adv-header-id-meta":"","stick-header-meta":"","header-above-stick-meta":"","header-main-stick-meta":"","header-below-stick-meta":"","astra-migrate-meta-layouts":"set","ast-page-background-enabled":"default","ast-page-background-meta":{"desktop":{"background-color":"var(--ast-global-color-4)","background-image":"","background-repeat":"repeat","background-position":"center center","background-size":"auto","background-attachment":"scroll","background-type":"","background-media":"","overlay-type":"","overlay-color":"","overlay-opacity":"","overlay-gradient":""},"tablet":{"background-color":"","background-image":"","background-repeat":"repeat","background-position":"center center","background-size":"auto","background-attachment":"scroll","background-type":"","background-media":"","overlay-type":"","overlay-color":"","overlay-opacity":"","overlay-gradient":""},"mobile":{"background-color":"","background-image":"","background-repeat":"repeat","background-position":"center center","background-size":"auto","background-attachment":"scroll","background-type":"","background-media":"","overlay-type":"","overlay-color":"","overlay-opacity":"","overlay-gradient":""}},"ast-content-background-meta":{"desktop":{"background-color":"var(--ast-global-color-5)","background-image":"","background-repeat":"repeat","background-position":"center center","background-size":"auto","background-attachment":"scroll","background-type":"","background-media":"","overlay-type":"","overlay-color":"","overlay-opacity":"","overlay-gradient":""},"tablet":{"background-color":"var(--ast-global-color-5)","background-image":"","background-repeat":"repeat","background-position":"center center","background-size":"auto","background-attachment":"scroll","background-type":"","background-media":"","overlay-type":"","overlay-color":"","overlay-opacity":"","overlay-gradient":""},"mobile":{"background-color":"var(--ast-global-color-5)","background-image":"","background-repeat":"repeat","background-position":"center center","background-size":"auto","background-attachment":"scroll","background-type":"","background-media":"","overlay-type":"","overlay-color":"","overlay-opacity":"","overlay-gradient":""}}},"product_brand":[],"product_cat":[74],"product_tag":[130,170,178,180,179,185],"class_list":{"0":"post-2885","1":"product","2":"type-product","3":"status-publish","4":"has-post-thumbnail","6":"product_cat-detske-dres-liverpool","7":"product_tag-detske-futbalove-dresy","8":"product_tag-detsky-futbalovy-komplet","9":"product_tag-futbalove-dresy-pre-deti-liverpool","10":"product_tag-futbalovy-dres-pre-deti-s-menom-a-cislom","11":"product_tag-liverpool-detsky-futbalovy-dres","12":"product_tag-mohamed-salah-dres","13":"desktop-align-left","14":"tablet-align-left","15":"mobile-align-left","17":"first","18":"instock","19":"shipping-taxable","20":"purchasable","21":"product-type-variable"},"_links":{"self":[{"href":"https:\/\/www.drespredeti.com\/nl\/wp-json\/wp\/v2\/product\/2885","targetHints":{"allow":["GET"]}}],"collection":[{"href":"https:\/\/www.drespredeti.com\/nl\/wp-json\/wp\/v2\/product"}],"about":[{"href":"https:\/\/www.drespredeti.com\/nl\/wp-json\/wp\/v2\/types\/product"}],"replies":[{"embeddable":true,"href":"https:\/\/www.drespredeti.com\/nl\/wp-json\/wp\/v2\/comments?post=2885"}],"wp:featuredmedia":[{"embeddable":true,"href":"https:\/\/www.drespredeti.com\/nl\/wp-json\/wp\/v2\/media\/2887"}],"wp:attachment":[{"href":"https:\/\/www.drespredeti.com\/nl\/wp-json\/wp\/v2\/media?parent=2885"}],"wp:term":[{"taxonomy":"product_brand","embeddable":true,"href":"https:\/\/www.drespredeti.com\/nl\/wp-json\/wp\/v2\/product_brand?post=2885"},{"taxonomy":"product_cat","embeddable":true,"href":"https:\/\/www.drespredeti.com\/nl\/wp-json\/wp\/v2\/product_cat?post=2885"},{"taxonomy":"product_tag","embeddable":true,"href":"https:\/\/www.drespredeti.com\/nl\/wp-json\/wp\/v2\/product_tag?post=2885"}],"curies":[{"name":"wp","href":"https:\/\/api.w.org\/{rel}","templated":true}]}}