{"id":2850,"date":"2026-01-14T03:56:51","date_gmt":"2026-01-14T02:56:51","guid":{"rendered":"https:\/\/www.futbalovedresysk.com\/?post_type=product&#038;p=2850"},"modified":"2026-01-14T04:09:14","modified_gmt":"2026-01-14T03:09:14","slug":"futbalove-dresy-pre-deti-liverpool-florian-wirtz-7-2025-26-domaci-komplety","status":"publish","type":"product","link":"https:\/\/www.drespredeti.com\/nl\/futbalove-dresy-pre-deti-liverpool-florian-wirtz-7-2025-26-domaci-komplety\/","title":{"rendered":"Voetbalshirts voor kinderen Liverpool Florian Wirtz #7 2025-26 Thuis Sets"},"content":{"rendered":"<h3>Voetbalshirts voor kinderen Liverpool 2025\/26 Thuis Florian Wirtz #7 Sets<\/h3>\n<p>Futbalov\u00e9 dresy pre deti Liverpool v dom\u00e1com preveden\u00ed pre sez\u00f3nu 2025\/26 s\u00fa navrhnut\u00e9 pre mlad\u00fdch fan\u00fa\u0161ikov, ktor\u00ed chc\u00fa nosi\u0165 tradi\u010dn\u00e9 farby klubu s hrdos\u0165ou. Tento detsk\u00fd futbalov\u00fd komplet s \u010d\u00edslom 9 \u2013 Alexander Isak prin\u00e1\u0161a klasick\u00fd klubov\u00fd vzh\u013ead v modernom spracovan\u00ed, vhodnom na akt\u00edvny pohyb aj ka\u017edodenn\u00e9 nosenie.<\/p>\n<p>Gebruikelijk functioneel materiaal is licht, zacht aan de aanraking en goed ademend, wat comfort tijdens training, spel of aanmoedigen garandeert. Kwalitatieve afdruk van naam en nummer, stevige naden en nauwkeurige details zorgen ervoor dat het shirt zijn uiterlijk behoudt na herhaaldelijk wassen.<\/p>\n<p><strong>Personalisatie \u2013 eigen naam en nummer<\/strong><\/p>\n<p>Deze Voetbalshirts voor kinderen Liverpool kunnen naar wens worden aangepast. Naast de versie met Florian Wirtz kun je een eigen naam en nummer kiezen, waardoor een uniek shirt ontstaat dat precies bij jouw kind past.<\/p>\n<p><strong>Prachtig cadeau voor jonge Liverpool-fans<\/strong><\/p>\n<p>Kinders thuisvoetbalset Liverpool 2025\/26 is een ideaal cadeau voor jonge voetballers en Premier League-fans. Het verenigt clubtraditie, comfort en modern ontwerp in \u00e9\u00e9n product.<\/p>","protected":false},"excerpt":{"rendered":"<p>Voetbaltruien voor kinderen Liverpool 2025\/26 Thuis Florian Wirtz #7 Sets Voetbaltruien voor kinderen Liverpool in het thuisdesign voor het seizoen 2025\/26 zijn ontworpen voor jonge fans die de traditionele kleuren van de club met trots willen dragen. Deze kinderset voetbaltrui met nummer 7 \u2013 Florian Wirtz brengt de klassieke clublook in een moderne afwerking, geschikt voor actief [\u2026]<\/p>","protected":false},"featured_media":2852,"comment_status":"open","ping_status":"closed","template":"","meta":{"site-sidebar-layout":"default","site-content-layout":"","ast-site-content-layout":"default","site-content-style":"default","site-sidebar-style":"default","ast-global-header-display":"","ast-banner-title-visibility":"","ast-main-header-display":"","ast-hfb-above-header-display":"","ast-hfb-below-header-display":"","ast-hfb-mobile-header-display":"","site-post-title":"","ast-breadcrumbs-content":"","ast-featured-img":"","footer-sml-layout":"","theme-transparent-header-meta":"default","adv-header-id-meta":"","stick-header-meta":"","header-above-stick-meta":"","header-main-stick-meta":"","header-below-stick-meta":"","astra-migrate-meta-layouts":"set","ast-page-background-enabled":"default","ast-page-background-meta":{"desktop":{"background-color":"var(--ast-global-color-4)","background-image":"","background-repeat":"repeat","background-position":"center center","background-size":"auto","background-attachment":"scroll","background-type":"","background-media":"","overlay-type":"","overlay-color":"","overlay-opacity":"","overlay-gradient":""},"tablet":{"background-color":"","background-image":"","background-repeat":"repeat","background-position":"center center","background-size":"auto","background-attachment":"scroll","background-type":"","background-media":"","overlay-type":"","overlay-color":"","overlay-opacity":"","overlay-gradient":""},"mobile":{"background-color":"","background-image":"","background-repeat":"repeat","background-position":"center center","background-size":"auto","background-attachment":"scroll","background-type":"","background-media":"","overlay-type":"","overlay-color":"","overlay-opacity":"","overlay-gradient":""}},"ast-content-background-meta":{"desktop":{"background-color":"var(--ast-global-color-5)","background-image":"","background-repeat":"repeat","background-position":"center center","background-size":"auto","background-attachment":"scroll","background-type":"","background-media":"","overlay-type":"","overlay-color":"","overlay-opacity":"","overlay-gradient":""},"tablet":{"background-color":"var(--ast-global-color-5)","background-image":"","background-repeat":"repeat","background-position":"center center","background-size":"auto","background-attachment":"scroll","background-type":"","background-media":"","overlay-type":"","overlay-color":"","overlay-opacity":"","overlay-gradient":""},"mobile":{"background-color":"var(--ast-global-color-5)","background-image":"","background-repeat":"repeat","background-position":"center center","background-size":"auto","background-attachment":"scroll","background-type":"","background-media":"","overlay-type":"","overlay-color":"","overlay-opacity":"","overlay-gradient":""}}},"product_brand":[],"product_cat":[74],"product_tag":[130,170,183,178,180,179],"class_list":{"0":"post-2850","1":"product","2":"type-product","3":"status-publish","4":"has-post-thumbnail","6":"product_cat-detske-dres-liverpool","7":"product_tag-detske-futbalove-dresy","8":"product_tag-detsky-futbalovy-komplet","9":"product_tag-florian-wirtz-dres","10":"product_tag-futbalove-dresy-pre-deti-liverpool","11":"product_tag-futbalovy-dres-pre-deti-s-menom-a-cislom","12":"product_tag-liverpool-detsky-futbalovy-dres","13":"desktop-align-left","14":"tablet-align-left","15":"mobile-align-left","17":"first","18":"instock","19":"shipping-taxable","20":"purchasable","21":"product-type-variable"},"_links":{"self":[{"href":"https:\/\/www.drespredeti.com\/nl\/wp-json\/wp\/v2\/product\/2850","targetHints":{"allow":["GET"]}}],"collection":[{"href":"https:\/\/www.drespredeti.com\/nl\/wp-json\/wp\/v2\/product"}],"about":[{"href":"https:\/\/www.drespredeti.com\/nl\/wp-json\/wp\/v2\/types\/product"}],"replies":[{"embeddable":true,"href":"https:\/\/www.drespredeti.com\/nl\/wp-json\/wp\/v2\/comments?post=2850"}],"wp:featuredmedia":[{"embeddable":true,"href":"https:\/\/www.drespredeti.com\/nl\/wp-json\/wp\/v2\/media\/2852"}],"wp:attachment":[{"href":"https:\/\/www.drespredeti.com\/nl\/wp-json\/wp\/v2\/media?parent=2850"}],"wp:term":[{"taxonomy":"product_brand","embeddable":true,"href":"https:\/\/www.drespredeti.com\/nl\/wp-json\/wp\/v2\/product_brand?post=2850"},{"taxonomy":"product_cat","embeddable":true,"href":"https:\/\/www.drespredeti.com\/nl\/wp-json\/wp\/v2\/product_cat?post=2850"},{"taxonomy":"product_tag","embeddable":true,"href":"https:\/\/www.drespredeti.com\/nl\/wp-json\/wp\/v2\/product_tag?post=2850"}],"curies":[{"name":"wp","href":"https:\/\/api.w.org\/{rel}","templated":true}]}}