{"id":285,"date":"2025-12-24T06:26:10","date_gmt":"2025-12-24T05:26:10","guid":{"rendered":"https:\/\/www.futbalovedresysk.com\/?post_type=product&#038;p=285"},"modified":"2026-01-13T01:53:18","modified_gmt":"2026-01-13T00:53:18","slug":"lacne-futbalove-dres-pre-deti-real-madrid-dean-huijsen-24-2025-26-tretina-trenirky","status":"publish","type":"product","link":"https:\/\/www.drespredeti.com\/nl\/lacne-futbalove-dres-pre-deti-real-madrid-dean-huijsen-24-2025-26-tretina-trenirky\/","title":{"rendered":"Replica Kinder shirt Real Madrid Dean Huijsen #24 2025-26 Dertien (+ tren\u00edrky)"},"content":{"rendered":"<p>Dit <strong>Voetbalshirt voor kinderen Real Madrid 2025\/26<\/strong> \u2013 derde compleet met broek is de ideale keuze voor jongerenvoetballers en fans die een stijlvolle trui willen voor een betaalbare prijs.<\/p>\n<p>Het shirt is gemaakt van hoogwaardig, lichtgewicht en ademend polyester, dat helpt zweet af te voeren en comfort tijdens training, wedstrijden en dagelijks dragen garandeert. De kindermaat is aangepast aan de beweging en het comfort van kinderen.<\/p>\n<h3>Belangrijkste productvoordelen<\/h3>\n<ul>\n<li>Kinder voetbalshirt + broek (complete set)<\/li>\n<li>Eigen naam en nummer op verzoek<\/li>\n<li>Ademend, sneldrogend materiaal<\/li>\n<li>Comfortabele pasvorm voor kinderen<\/li>\n<li>Perfect cadeau voor Real Madrid-fans<\/li>\n<li>Goedkope kinder voetbalshirt met uitstekende prijs-kwaliteitverhouding<\/li>\n<\/ul>\n<h3>Maten<\/h3>\n<p>Beschikbaar in verschillende kindermaatjes. Voor bestelling raden we aan de maattabel te bekijken.<\/p>\n<h3>Verzorging<\/h3>\n<ul>\n<li>Was binnenstebuiten op lage temperatuur<\/li>\n<li>niet strijken opdruk<\/li>\n<li>niet in de droger stoppen<\/li>\n<\/ul>\n<p>Dit <strong>Voetbalshirt voor kinderen Real Madrid 2025\/26<\/strong> met eigen naam en nummer is een geweldige keuze voor ieder kind dat voetbal liefhebt en een uniek shirt wil hebben.<\/p>","protected":false},"excerpt":{"rendered":"<p>Tento Futbalov\u00e9 dres pre deti\u00a0Real Madrid 2025\/26 \u2013 tret\u00ed komplet s tren\u00edrkami je ide\u00e1lnou vo\u013ebou pre mlad\u00fdch futbalistov a fan\u00fa\u0161ikov, ktor\u00ed chc\u00fa \u0161t\u00fdlov\u00fd dres za dostupn\u00fa cenu. Dres je vyroben\u00fd z kvalitn\u00e9ho, \u013eahk\u00e9ho a priedu\u0161n\u00e9ho polyesteru, ktor\u00fd pom\u00e1ha odv\u00e1dza\u0165 pot a zais\u0165uje pohodlie po\u010das tr\u00e9ningu, z\u00e1pasov aj be\u017en\u00e9ho nosenia. Detsk\u00fd strih je prisp\u00f4soben\u00fd pohybu a [&hellip;]<\/p>","protected":false},"featured_media":287,"comment_status":"open","ping_status":"closed","template":"","meta":{"site-sidebar-layout":"default","site-content-layout":"","ast-site-content-layout":"default","site-content-style":"default","site-sidebar-style":"default","ast-global-header-display":"","ast-banner-title-visibility":"","ast-main-header-display":"","ast-hfb-above-header-display":"","ast-hfb-below-header-display":"","ast-hfb-mobile-header-display":"","site-post-title":"","ast-breadcrumbs-content":"","ast-featured-img":"","footer-sml-layout":"","theme-transparent-header-meta":"default","adv-header-id-meta":"","stick-header-meta":"","header-above-stick-meta":"","header-main-stick-meta":"","header-below-stick-meta":"","astra-migrate-meta-layouts":"set","ast-page-background-enabled":"default","ast-page-background-meta":{"desktop":{"background-color":"var(--ast-global-color-4)","background-image":"","background-repeat":"repeat","background-position":"center center","background-size":"auto","background-attachment":"scroll","background-type":"","background-media":"","overlay-type":"","overlay-color":"","overlay-opacity":"","overlay-gradient":""},"tablet":{"background-color":"","background-image":"","background-repeat":"repeat","background-position":"center center","background-size":"auto","background-attachment":"scroll","background-type":"","background-media":"","overlay-type":"","overlay-color":"","overlay-opacity":"","overlay-gradient":""},"mobile":{"background-color":"","background-image":"","background-repeat":"repeat","background-position":"center center","background-size":"auto","background-attachment":"scroll","background-type":"","background-media":"","overlay-type":"","overlay-color":"","overlay-opacity":"","overlay-gradient":""}},"ast-content-background-meta":{"desktop":{"background-color":"var(--ast-global-color-5)","background-image":"","background-repeat":"repeat","background-position":"center center","background-size":"auto","background-attachment":"scroll","background-type":"","background-media":"","overlay-type":"","overlay-color":"","overlay-opacity":"","overlay-gradient":""},"tablet":{"background-color":"var(--ast-global-color-5)","background-image":"","background-repeat":"repeat","background-position":"center center","background-size":"auto","background-attachment":"scroll","background-type":"","background-media":"","overlay-type":"","overlay-color":"","overlay-opacity":"","overlay-gradient":""},"mobile":{"background-color":"var(--ast-global-color-5)","background-image":"","background-repeat":"repeat","background-position":"center center","background-size":"auto","background-attachment":"scroll","background-type":"","background-media":"","overlay-type":"","overlay-color":"","overlay-opacity":"","overlay-gradient":""}}},"product_brand":[],"product_cat":[68],"product_tag":[130],"class_list":{"0":"post-285","1":"product","2":"type-product","3":"status-publish","4":"has-post-thumbnail","6":"product_cat-detske-dres-real-madrid","7":"product_tag-detske-futbalove-dresy","8":"desktop-align-left","9":"tablet-align-left","10":"mobile-align-left","12":"first","13":"instock","14":"shipping-taxable","15":"purchasable","16":"product-type-variable"},"_links":{"self":[{"href":"https:\/\/www.drespredeti.com\/nl\/wp-json\/wp\/v2\/product\/285","targetHints":{"allow":["GET"]}}],"collection":[{"href":"https:\/\/www.drespredeti.com\/nl\/wp-json\/wp\/v2\/product"}],"about":[{"href":"https:\/\/www.drespredeti.com\/nl\/wp-json\/wp\/v2\/types\/product"}],"replies":[{"embeddable":true,"href":"https:\/\/www.drespredeti.com\/nl\/wp-json\/wp\/v2\/comments?post=285"}],"wp:featuredmedia":[{"embeddable":true,"href":"https:\/\/www.drespredeti.com\/nl\/wp-json\/wp\/v2\/media\/287"}],"wp:attachment":[{"href":"https:\/\/www.drespredeti.com\/nl\/wp-json\/wp\/v2\/media?parent=285"}],"wp:term":[{"taxonomy":"product_brand","embeddable":true,"href":"https:\/\/www.drespredeti.com\/nl\/wp-json\/wp\/v2\/product_brand?post=285"},{"taxonomy":"product_cat","embeddable":true,"href":"https:\/\/www.drespredeti.com\/nl\/wp-json\/wp\/v2\/product_cat?post=285"},{"taxonomy":"product_tag","embeddable":true,"href":"https:\/\/www.drespredeti.com\/nl\/wp-json\/wp\/v2\/product_tag?post=285"}],"curies":[{"name":"wp","href":"https:\/\/api.w.org\/{rel}","templated":true}]}}