{"id":2796,"date":"2026-01-14T08:11:15","date_gmt":"2026-01-14T07:11:15","guid":{"rendered":"https:\/\/www.futbalovedresysk.com\/?post_type=product&#038;p=2796"},"modified":"2026-01-14T08:11:21","modified_gmt":"2026-01-14T07:11:21","slug":"detsky-futbalovy-dres-arsenal-piero-hincapie-5-2025-26-tretina-komplety","status":"publish","type":"product","link":"https:\/\/www.drespredeti.com\/nl\/detsky-futbalovy-dres-arsenal-piero-hincapie-5-2025-26-tretina-komplety\/","title":{"rendered":"Kindervoetbalshirt Arsenal Piero Hincapie #5 2025-26 Tretina Sets"},"content":{"rendered":"<h3>D\u011btsk\u00fd Futbalov\u00fd dres Arsenal Piero Hincapie #5 2025\/26 \u2013 Derde Set met Personalizac\u00ed<\/h3>\n<p>D\u011btsk\u00fd Futbalov\u00fd dres Arsenal Piero Hincapie #5 voor seizoen 2025\/26 is de ideale keuze voor kleine fans die willen spelen en aanmoedigen in authentieke clubstijl. Dit derde voetbalpak biedt een modern design, comfortabel dragen en kwalitatieve materialen geschikt voor trainingen, wedstrijden en dagelijkse activiteiten.<\/p>\n<p>Het shirt is gemaakt van lichtgewicht en ademend polyester, dat effectief vocht afvoert en comfort tijdens het spel garandeert. Nauwkeurige bedrukking, sterke naden en clubdetails zorgen voor een lange levensduur en een professionele uitstraling die elke jonge voetballer waarderen.<\/p>\n<p><strong>Personalisatie voor een uniek shirt<\/strong><\/p>\n<p>Naast het offici\u00eble shirt van Piero Hincapie is het mogelijk op het shirt een eigen naam en nummer toe te voegen, waardoor Het D\u011btsk\u00fd Futbalov\u00fd dres Arsenal een uniek en persoonlijk stuk wordt precies naar de wens van het kind.<\/p>\n<p><strong>Perfecte cadeau voor jonge Arsenal-fans<\/strong><\/p>\n<p>Dit jeugdige derde voetbalset Arsenal 2025\/26 is een ideaal cadeau voor een verjaardag, kerstavond of het begin van het seizoen. Het combineert comfort, kwaliteit en clubtrots in \u00e9\u00e9n stijlvolle producten.<\/p>","protected":false},"excerpt":{"rendered":"<p>D\u011btsk\u00fd Futbalov\u00fd dres Arsenal Piero Hincapie #5 2025\/26 \u2013 Tret\u00ed Komplet s Personalizac\u00ed D\u011btsk\u00fd Futbalov\u00fd dres Arsenal Piero Hincapie #5 pro sez\u00f3nu 2025\/26 je ide\u00e1ln\u00ed volbou pro mal\u00e9 fanou\u0161ky, kte\u0159\u00ed cht\u011bj\u00ed hr\u00e1t a fandit v autentick\u00e9m klubov\u00e9m stylu. Tento t\u0159et\u00ed fotbalov\u00fd komplet nab\u00edz\u00ed modern\u00ed design, pohodln\u00e9 no\u0161en\u00ed a kvalitn\u00ed materi\u00e1ly vhodn\u00e9 pro tr\u00e9ninky, z\u00e1pasy i [\u2026]<\/p>","protected":false},"featured_media":2798,"comment_status":"open","ping_status":"closed","template":"","meta":{"site-sidebar-layout":"default","site-content-layout":"","ast-site-content-layout":"default","site-content-style":"default","site-sidebar-style":"default","ast-global-header-display":"","ast-banner-title-visibility":"","ast-main-header-display":"","ast-hfb-above-header-display":"","ast-hfb-below-header-display":"","ast-hfb-mobile-header-display":"","site-post-title":"","ast-breadcrumbs-content":"","ast-featured-img":"","footer-sml-layout":"","theme-transparent-header-meta":"default","adv-header-id-meta":"","stick-header-meta":"","header-above-stick-meta":"","header-main-stick-meta":"","header-below-stick-meta":"","astra-migrate-meta-layouts":"set","ast-page-background-enabled":"default","ast-page-background-meta":{"desktop":{"background-color":"var(--ast-global-color-4)","background-image":"","background-repeat":"repeat","background-position":"center center","background-size":"auto","background-attachment":"scroll","background-type":"","background-media":"","overlay-type":"","overlay-color":"","overlay-opacity":"","overlay-gradient":""},"tablet":{"background-color":"","background-image":"","background-repeat":"repeat","background-position":"center center","background-size":"auto","background-attachment":"scroll","background-type":"","background-media":"","overlay-type":"","overlay-color":"","overlay-opacity":"","overlay-gradient":""},"mobile":{"background-color":"","background-image":"","background-repeat":"repeat","background-position":"center center","background-size":"auto","background-attachment":"scroll","background-type":"","background-media":"","overlay-type":"","overlay-color":"","overlay-opacity":"","overlay-gradient":""}},"ast-content-background-meta":{"desktop":{"background-color":"var(--ast-global-color-5)","background-image":"","background-repeat":"repeat","background-position":"center center","background-size":"auto","background-attachment":"scroll","background-type":"","background-media":"","overlay-type":"","overlay-color":"","overlay-opacity":"","overlay-gradient":""},"tablet":{"background-color":"var(--ast-global-color-5)","background-image":"","background-repeat":"repeat","background-position":"center center","background-size":"auto","background-attachment":"scroll","background-type":"","background-media":"","overlay-type":"","overlay-color":"","overlay-opacity":"","overlay-gradient":""},"mobile":{"background-color":"var(--ast-global-color-5)","background-image":"","background-repeat":"repeat","background-position":"center center","background-size":"auto","background-attachment":"scroll","background-type":"","background-media":"","overlay-type":"","overlay-color":"","overlay-opacity":"","overlay-gradient":""}}},"product_brand":[],"product_cat":[73],"product_tag":[190,130,191,170,189,208],"class_list":{"0":"post-2796","1":"product","2":"type-product","3":"status-publish","4":"has-post-thumbnail","6":"product_cat-detske-dres-arsenal","7":"product_tag-arsenal-detsky-futbalovy-dres","8":"product_tag-detske-futbalove-dresy","9":"product_tag-detsky-dres-s-vlastnym-menom-a-cislom","10":"product_tag-detsky-futbalovy-komplet","11":"product_tag-futbalove-dresy-detske-arsenal","12":"product_tag-piero-hincapie-dres","13":"desktop-align-left","14":"tablet-align-left","15":"mobile-align-left","17":"first","18":"instock","19":"shipping-taxable","20":"purchasable","21":"product-type-variable"},"_links":{"self":[{"href":"https:\/\/www.drespredeti.com\/nl\/wp-json\/wp\/v2\/product\/2796","targetHints":{"allow":["GET"]}}],"collection":[{"href":"https:\/\/www.drespredeti.com\/nl\/wp-json\/wp\/v2\/product"}],"about":[{"href":"https:\/\/www.drespredeti.com\/nl\/wp-json\/wp\/v2\/types\/product"}],"replies":[{"embeddable":true,"href":"https:\/\/www.drespredeti.com\/nl\/wp-json\/wp\/v2\/comments?post=2796"}],"wp:featuredmedia":[{"embeddable":true,"href":"https:\/\/www.drespredeti.com\/nl\/wp-json\/wp\/v2\/media\/2798"}],"wp:attachment":[{"href":"https:\/\/www.drespredeti.com\/nl\/wp-json\/wp\/v2\/media?parent=2796"}],"wp:term":[{"taxonomy":"product_brand","embeddable":true,"href":"https:\/\/www.drespredeti.com\/nl\/wp-json\/wp\/v2\/product_brand?post=2796"},{"taxonomy":"product_cat","embeddable":true,"href":"https:\/\/www.drespredeti.com\/nl\/wp-json\/wp\/v2\/product_cat?post=2796"},{"taxonomy":"product_tag","embeddable":true,"href":"https:\/\/www.drespredeti.com\/nl\/wp-json\/wp\/v2\/product_tag?post=2796"}],"curies":[{"name":"wp","href":"https:\/\/api.w.org\/{rel}","templated":true}]}}