{"id":2756,"date":"2026-01-14T08:10:21","date_gmt":"2026-01-14T07:10:21","guid":{"rendered":"https:\/\/www.futbalovedresysk.com\/?post_type=product&#038;p=2756"},"modified":"2026-01-14T08:10:22","modified_gmt":"2026-01-14T07:10:22","slug":"detsky-futbalovy-dres-arsenal-riccardo-calafiori-33-2025-26-prec-komplety","status":"publish","type":"product","link":"https:\/\/www.drespredeti.com\/nl\/detsky-futbalovy-dres-arsenal-riccardo-calafiori-33-2025-26-prec-komplety\/","title":{"rendered":"Kinder Voetbal Shirt Arsenal Riccardo Calafiori #33 2025-26 Uit Sets"},"content":{"rendered":"<h3>Detsk\u00fd futbalov\u00fd dres Arsenal Riccardo Calafiori #33 2025\/26 Pre\u010d \u2013 Compleet set met personalisatie<\/h3>\n<p>Kinder voetbalshirt Arsenal Piero Hincapie #5 in uitvoering voor uit (away) voor seizoen 2025\/26 is de ideale keuze voor alle jonge fans die hun favoriete club ook buiten het stadion willen ondersteunen. Deze volledige voetbalset combineert modern design, hoog comfort en duurzaam materiaal, ideaal voor training, wedstrijden of dagelijks draagbaar.<\/p>\n<p>Het shirt is gemaakt van licht, ademend en duurzaam polyester, dat effectief vocht afvoert, het kind droog en comfortabel houdt tijdens beweging en vrijheid biedt bij elke beweging op het veld. Nauwkeurige stiksels, kwaliteitsdruk en authentieke clubdetails zorgen voor een lange levensduur en een professionele uitstraling.<\/p>\n<p><strong>Personalisatie op wens<\/strong><\/p>\n<p>Naast de offici\u00eble versie met Riccardo Calafiori maakt dit shirt toevoegen van eigen naam en nummer het Kinderen voetbalshirt Arsenal een uniek en persoonlijk item voor elke jonge speler.<\/p>\n<p><strong>Perfect cadeau voor jonge Arsenal fans<\/strong><\/p>\n<p>Away-Compleet Arsenal 2025\/26 is ideaal als cadeau voor een verjaardag, Kerstmis of het begin van het nieuwe seizoen. Het combineert stijlvol ontwerp, comfort en clubtrots in \u00e9\u00e9n hoogwaardig product waar het kind van zal houden.<\/p>","protected":false},"excerpt":{"rendered":"<p>Detsk\u00fd futbalov\u00fd dres Arsenal Riccardo Calafiori #33 2025\/26 Pre\u010d \u2013 Kompletn\u00fd set s personaliz\u00e1ciou Detsk\u00fd futbalov\u00fd dres Arsenal Riccardo Calafiori #33 v pre\u010d (away) preveden\u00ed pre sez\u00f3nu 2025\/26 je ide\u00e1lnou vo\u013ebou pre v\u0161etk\u00fdch mlad\u00fdch fan\u00fa\u0161ikov, ktor\u00ed chc\u00fa podporova\u0165 svoj ob\u013e\u00faben\u00fd klub aj mimo dom\u00e1ceho \u0161tadi\u00f3na. Tento kompletn\u00fd futbalov\u00fd set sp\u00e1ja modern\u00fd dizajn, vysok\u00fd komfort a [&hellip;]<\/p>","protected":false},"featured_media":2758,"comment_status":"open","ping_status":"closed","template":"","meta":{"site-sidebar-layout":"default","site-content-layout":"","ast-site-content-layout":"default","site-content-style":"default","site-sidebar-style":"default","ast-global-header-display":"","ast-banner-title-visibility":"","ast-main-header-display":"","ast-hfb-above-header-display":"","ast-hfb-below-header-display":"","ast-hfb-mobile-header-display":"","site-post-title":"","ast-breadcrumbs-content":"","ast-featured-img":"","footer-sml-layout":"","theme-transparent-header-meta":"default","adv-header-id-meta":"","stick-header-meta":"","header-above-stick-meta":"","header-main-stick-meta":"","header-below-stick-meta":"","astra-migrate-meta-layouts":"set","ast-page-background-enabled":"default","ast-page-background-meta":{"desktop":{"background-color":"var(--ast-global-color-4)","background-image":"","background-repeat":"repeat","background-position":"center center","background-size":"auto","background-attachment":"scroll","background-type":"","background-media":"","overlay-type":"","overlay-color":"","overlay-opacity":"","overlay-gradient":""},"tablet":{"background-color":"","background-image":"","background-repeat":"repeat","background-position":"center center","background-size":"auto","background-attachment":"scroll","background-type":"","background-media":"","overlay-type":"","overlay-color":"","overlay-opacity":"","overlay-gradient":""},"mobile":{"background-color":"","background-image":"","background-repeat":"repeat","background-position":"center center","background-size":"auto","background-attachment":"scroll","background-type":"","background-media":"","overlay-type":"","overlay-color":"","overlay-opacity":"","overlay-gradient":""}},"ast-content-background-meta":{"desktop":{"background-color":"var(--ast-global-color-5)","background-image":"","background-repeat":"repeat","background-position":"center center","background-size":"auto","background-attachment":"scroll","background-type":"","background-media":"","overlay-type":"","overlay-color":"","overlay-opacity":"","overlay-gradient":""},"tablet":{"background-color":"var(--ast-global-color-5)","background-image":"","background-repeat":"repeat","background-position":"center center","background-size":"auto","background-attachment":"scroll","background-type":"","background-media":"","overlay-type":"","overlay-color":"","overlay-opacity":"","overlay-gradient":""},"mobile":{"background-color":"var(--ast-global-color-5)","background-image":"","background-repeat":"repeat","background-position":"center center","background-size":"auto","background-attachment":"scroll","background-type":"","background-media":"","overlay-type":"","overlay-color":"","overlay-opacity":"","overlay-gradient":""}}},"product_brand":[],"product_cat":[73],"product_tag":[190,130,191,170,189,205],"class_list":{"0":"post-2756","1":"product","2":"type-product","3":"status-publish","4":"has-post-thumbnail","6":"product_cat-detske-dres-arsenal","7":"product_tag-arsenal-detsky-futbalovy-dres","8":"product_tag-detske-futbalove-dresy","9":"product_tag-detsky-dres-s-vlastnym-menom-a-cislom","10":"product_tag-detsky-futbalovy-komplet","11":"product_tag-futbalove-dresy-detske-arsenal","12":"product_tag-riccardo-calafiori-dres","13":"desktop-align-left","14":"tablet-align-left","15":"mobile-align-left","17":"first","18":"instock","19":"shipping-taxable","20":"purchasable","21":"product-type-variable"},"_links":{"self":[{"href":"https:\/\/www.drespredeti.com\/nl\/wp-json\/wp\/v2\/product\/2756","targetHints":{"allow":["GET"]}}],"collection":[{"href":"https:\/\/www.drespredeti.com\/nl\/wp-json\/wp\/v2\/product"}],"about":[{"href":"https:\/\/www.drespredeti.com\/nl\/wp-json\/wp\/v2\/types\/product"}],"replies":[{"embeddable":true,"href":"https:\/\/www.drespredeti.com\/nl\/wp-json\/wp\/v2\/comments?post=2756"}],"wp:featuredmedia":[{"embeddable":true,"href":"https:\/\/www.drespredeti.com\/nl\/wp-json\/wp\/v2\/media\/2758"}],"wp:attachment":[{"href":"https:\/\/www.drespredeti.com\/nl\/wp-json\/wp\/v2\/media?parent=2756"}],"wp:term":[{"taxonomy":"product_brand","embeddable":true,"href":"https:\/\/www.drespredeti.com\/nl\/wp-json\/wp\/v2\/product_brand?post=2756"},{"taxonomy":"product_cat","embeddable":true,"href":"https:\/\/www.drespredeti.com\/nl\/wp-json\/wp\/v2\/product_cat?post=2756"},{"taxonomy":"product_tag","embeddable":true,"href":"https:\/\/www.drespredeti.com\/nl\/wp-json\/wp\/v2\/product_tag?post=2756"}],"curies":[{"name":"wp","href":"https:\/\/api.w.org\/{rel}","templated":true}]}}