{"id":2735,"date":"2026-01-14T08:09:39","date_gmt":"2026-01-14T07:09:39","guid":{"rendered":"https:\/\/www.futbalovedresysk.com\/?post_type=product&#038;p=2735"},"modified":"2026-01-14T08:09:40","modified_gmt":"2026-01-14T07:09:40","slug":"detsky-futbalovy-dres-arsenal-martin-zubimendi-36-2025-26-domaci-komplety","status":"publish","type":"product","link":"https:\/\/www.drespredeti.com\/nl\/detsky-futbalovy-dres-arsenal-martin-zubimendi-36-2025-26-domaci-komplety\/","title":{"rendered":"Kinder voetbalshirt Arsenal Martin Zubimendi #36 2025-26 Thuis Sets"},"content":{"rendered":"<h3>Kindervoetbalshirt Arsenal Martin Zubimendi #36 2025\/26 Thuis \u2013 Complete set<\/h3>\n<p>Kinderen voetbals shirt Arsenal Piero Hincapie #5 in thuiskleuren voor seizoen 2025\/26 is ideaal voor jonge fans die hun favoriete club willen ondersteunen in authentieke stijl op en naast het veld. Deze volledige voetbalsset combineert modern ontwerp, comfort en hoogwaardige materialen, geschikt voor training, wedstrijden en gewoon dragen.<\/p>\n<p>Het shirt is gemaakt van lichtgewicht, ademende polyester die vocht effectief afvoert en ervoor zorgt dat je kind zelfs bij intensief spel droog en comfortabel blijft. Nauwkeurige stiksels, hoogwaardige afdruk en authentieke clubdetails zorgen voor een lange levensduur en een professioneel uiterlijk.<\/p>\n<p><strong>Personaliseer het shirt naar wens<\/strong><\/p>\n<p>Naast de offici\u00eble versie met Martin Zubimendi is het mogelijk om een eigen naam en nummer toe te voegen, waardoor het Kinder voetbalshirt Arsenal een uniek en persoonlijk stuk wordt voor ieder jonge speler.<\/p>\n<p><strong>Ideaal cadeau voor jonge fans<\/strong><\/p>\n<p>Thuis voetbalset Arsenal 2025\/26 is een geweldig cadeau voor verjaardag, Kerst of aan het begin van het nieuwe seizoen. Het combineert comfort, kwaliteit en teamtrots in \u00e9\u00e9n stijlvolle product, dat je kind zal liefhebben.<\/p>","protected":false},"excerpt":{"rendered":"<p>Detsk\u00fd futbalov\u00fd dres Arsenal Martin Zubimendi #36 2025\/26 Dom\u00e1ci \u2013 Kompletn\u00fd set Detsk\u00fd futbalov\u00fd dres Arsenal Martin Zubimendi #36 v dom\u00e1com preveden\u00ed pre sez\u00f3nu 2025\/26 je ide\u00e1lny pre mal\u00fdch fan\u00fa\u0161ikov, ktor\u00ed chc\u00fa podporova\u0165 svoj ob\u013e\u00faben\u00fd klub v autentickom \u0161t\u00fdle priamo na ihrisku aj mimo neho. Tento kompletn\u00fd futbalov\u00fd set sp\u00e1ja modern\u00fd dizajn, pohodlie a kvalitn\u00e9 [\u2026]<\/p>","protected":false},"featured_media":2737,"comment_status":"open","ping_status":"closed","template":"","meta":{"site-sidebar-layout":"default","site-content-layout":"","ast-site-content-layout":"default","site-content-style":"default","site-sidebar-style":"default","ast-global-header-display":"","ast-banner-title-visibility":"","ast-main-header-display":"","ast-hfb-above-header-display":"","ast-hfb-below-header-display":"","ast-hfb-mobile-header-display":"","site-post-title":"","ast-breadcrumbs-content":"","ast-featured-img":"","footer-sml-layout":"","theme-transparent-header-meta":"default","adv-header-id-meta":"","stick-header-meta":"","header-above-stick-meta":"","header-main-stick-meta":"","header-below-stick-meta":"","astra-migrate-meta-layouts":"set","ast-page-background-enabled":"default","ast-page-background-meta":{"desktop":{"background-color":"var(--ast-global-color-4)","background-image":"","background-repeat":"repeat","background-position":"center center","background-size":"auto","background-attachment":"scroll","background-type":"","background-media":"","overlay-type":"","overlay-color":"","overlay-opacity":"","overlay-gradient":""},"tablet":{"background-color":"","background-image":"","background-repeat":"repeat","background-position":"center center","background-size":"auto","background-attachment":"scroll","background-type":"","background-media":"","overlay-type":"","overlay-color":"","overlay-opacity":"","overlay-gradient":""},"mobile":{"background-color":"","background-image":"","background-repeat":"repeat","background-position":"center center","background-size":"auto","background-attachment":"scroll","background-type":"","background-media":"","overlay-type":"","overlay-color":"","overlay-opacity":"","overlay-gradient":""}},"ast-content-background-meta":{"desktop":{"background-color":"var(--ast-global-color-5)","background-image":"","background-repeat":"repeat","background-position":"center center","background-size":"auto","background-attachment":"scroll","background-type":"","background-media":"","overlay-type":"","overlay-color":"","overlay-opacity":"","overlay-gradient":""},"tablet":{"background-color":"var(--ast-global-color-5)","background-image":"","background-repeat":"repeat","background-position":"center center","background-size":"auto","background-attachment":"scroll","background-type":"","background-media":"","overlay-type":"","overlay-color":"","overlay-opacity":"","overlay-gradient":""},"mobile":{"background-color":"var(--ast-global-color-5)","background-image":"","background-repeat":"repeat","background-position":"center center","background-size":"auto","background-attachment":"scroll","background-type":"","background-media":"","overlay-type":"","overlay-color":"","overlay-opacity":"","overlay-gradient":""}}},"product_brand":[],"product_cat":[73],"product_tag":[190,130,191,170,189,204],"class_list":{"0":"post-2735","1":"product","2":"type-product","3":"status-publish","4":"has-post-thumbnail","6":"product_cat-detske-dres-arsenal","7":"product_tag-arsenal-detsky-futbalovy-dres","8":"product_tag-detske-futbalove-dresy","9":"product_tag-detsky-dres-s-vlastnym-menom-a-cislom","10":"product_tag-detsky-futbalovy-komplet","11":"product_tag-futbalove-dresy-detske-arsenal","12":"product_tag-martin-zubimendi-dres","13":"desktop-align-left","14":"tablet-align-left","15":"mobile-align-left","17":"first","18":"instock","19":"shipping-taxable","20":"purchasable","21":"product-type-variable"},"_links":{"self":[{"href":"https:\/\/www.drespredeti.com\/nl\/wp-json\/wp\/v2\/product\/2735","targetHints":{"allow":["GET"]}}],"collection":[{"href":"https:\/\/www.drespredeti.com\/nl\/wp-json\/wp\/v2\/product"}],"about":[{"href":"https:\/\/www.drespredeti.com\/nl\/wp-json\/wp\/v2\/types\/product"}],"replies":[{"embeddable":true,"href":"https:\/\/www.drespredeti.com\/nl\/wp-json\/wp\/v2\/comments?post=2735"}],"wp:featuredmedia":[{"embeddable":true,"href":"https:\/\/www.drespredeti.com\/nl\/wp-json\/wp\/v2\/media\/2737"}],"wp:attachment":[{"href":"https:\/\/www.drespredeti.com\/nl\/wp-json\/wp\/v2\/media?parent=2735"}],"wp:term":[{"taxonomy":"product_brand","embeddable":true,"href":"https:\/\/www.drespredeti.com\/nl\/wp-json\/wp\/v2\/product_brand?post=2735"},{"taxonomy":"product_cat","embeddable":true,"href":"https:\/\/www.drespredeti.com\/nl\/wp-json\/wp\/v2\/product_cat?post=2735"},{"taxonomy":"product_tag","embeddable":true,"href":"https:\/\/www.drespredeti.com\/nl\/wp-json\/wp\/v2\/product_tag?post=2735"}],"curies":[{"name":"wp","href":"https:\/\/api.w.org\/{rel}","templated":true}]}}