{"id":2678,"date":"2026-01-18T09:59:42","date_gmt":"2026-01-18T08:59:42","guid":{"rendered":"https:\/\/www.futbalovedresysk.com\/?post_type=product&#038;p=2678"},"modified":"2026-01-18T09:59:42","modified_gmt":"2026-01-18T08:59:42","slug":"futbalove-dresy-detske-arsenal-ben-white-4-2025-26-tretina-komplety","status":"publish","type":"product","link":"https:\/\/www.drespredeti.com\/nl\/futbalove-dresy-detske-arsenal-ben-white-4-2025-26-tretina-komplety\/","title":{"rendered":"Voetbalshirts Kinder Arsenal Ben White #4 2025-26 Tretina Sets"},"content":{"rendered":"<h3>Voetbalshirts Kind Arsenal Ben White #4 2025\/26 Derde Deel \u2013Kwaliteitsset<\/h3>\n<p>Futbalov\u00e9 Dresy Deti Arsenal v tretinovej ed\u00edcii pre sez\u00f3nu 2025\/26 s\u00fa starostlivo navrhnut\u00e9 pre mlad\u00fdch fan\u00fa\u0161ikov, ktor\u00ed chc\u00fa nosi\u0165 klubov\u00e9 farby profesion\u00e1lne a pohodlne. Tento komplet Bukayo Saka #7 sp\u00e1ja autentick\u00fd klubov\u00fd dizajn, vysokokvalitn\u00e9 materi\u00e1ly a ergononomick\u00fd strih vhodn\u00fd pre deti po\u010das tr\u00e9ningov, z\u00e1pasov aj vo\u013en\u00e9ho \u010dasu.<\/p>\n<p>Het shirt is gemaakt van lichtgewicht en ademend polyester, dat vocht effectief afvoert, oververhitting vermindert en bewegingsvrijheid mogelijk maakt. Nauwkeurig vakmanschap, duurzame bedrukking en details volgens de offici\u00eble club garanderen langdurige levensduur en professionele uitstraling.<\/p>\n<p><strong>Waarom dit shirt kiezen<\/strong><\/p>\n<ul>\n<li>Volledige set: shirt + short \u2013 klaar voor training en wedstrijd<\/li>\n<li>Materiaal: lichtgewicht, ademend, comfortabel en duurzaam<\/li>\n<li>Geschikt voor alle sportactiviteiten en dagelijks gebruik<\/li>\n<li>Beschikbaar in meerdere kindermaatvoeringen<\/li>\n<li>Personalisatie: eigen naam en nummer \u2013 uniek shirt voor elk kind<\/li>\n<\/ul>","protected":false},"excerpt":{"rendered":"<p>Voetbalshirts Kinder Arsenal Ben White #4 2025\/26 Tretina \u2013Kwaliteitsset Voetbalshirts Kinder Arsenal in de tretine-editie voor seizoen 2025\/26 zijn zorgvuldig ontworpen voor jonge fans die de clubkleuren professioneel en comfortabel willen dragen. Deze set Ben White #4 combineert authentiek clubontwerp, hoogwaardige materialen en een ergonomische pasvorm geschikt voor kinderen tijdens trainingen, wedstrijden [\u2026]<\/p>","protected":false},"featured_media":2680,"comment_status":"open","ping_status":"closed","template":"","meta":{"site-sidebar-layout":"default","site-content-layout":"","ast-site-content-layout":"default","site-content-style":"default","site-sidebar-style":"default","ast-global-header-display":"","ast-banner-title-visibility":"","ast-main-header-display":"","ast-hfb-above-header-display":"","ast-hfb-below-header-display":"","ast-hfb-mobile-header-display":"","site-post-title":"","ast-breadcrumbs-content":"","ast-featured-img":"","footer-sml-layout":"","theme-transparent-header-meta":"default","adv-header-id-meta":"","stick-header-meta":"","header-above-stick-meta":"","header-main-stick-meta":"","header-below-stick-meta":"","astra-migrate-meta-layouts":"set","ast-page-background-enabled":"default","ast-page-background-meta":{"desktop":{"background-color":"var(--ast-global-color-4)","background-image":"","background-repeat":"repeat","background-position":"center center","background-size":"auto","background-attachment":"scroll","background-type":"","background-media":"","overlay-type":"","overlay-color":"","overlay-opacity":"","overlay-gradient":""},"tablet":{"background-color":"","background-image":"","background-repeat":"repeat","background-position":"center center","background-size":"auto","background-attachment":"scroll","background-type":"","background-media":"","overlay-type":"","overlay-color":"","overlay-opacity":"","overlay-gradient":""},"mobile":{"background-color":"","background-image":"","background-repeat":"repeat","background-position":"center center","background-size":"auto","background-attachment":"scroll","background-type":"","background-media":"","overlay-type":"","overlay-color":"","overlay-opacity":"","overlay-gradient":""}},"ast-content-background-meta":{"desktop":{"background-color":"var(--ast-global-color-5)","background-image":"","background-repeat":"repeat","background-position":"center center","background-size":"auto","background-attachment":"scroll","background-type":"","background-media":"","overlay-type":"","overlay-color":"","overlay-opacity":"","overlay-gradient":""},"tablet":{"background-color":"var(--ast-global-color-5)","background-image":"","background-repeat":"repeat","background-position":"center center","background-size":"auto","background-attachment":"scroll","background-type":"","background-media":"","overlay-type":"","overlay-color":"","overlay-opacity":"","overlay-gradient":""},"mobile":{"background-color":"var(--ast-global-color-5)","background-image":"","background-repeat":"repeat","background-position":"center center","background-size":"auto","background-attachment":"scroll","background-type":"","background-media":"","overlay-type":"","overlay-color":"","overlay-opacity":"","overlay-gradient":""}}},"product_brand":[],"product_cat":[73],"product_tag":[190,199,130,191,170,189],"class_list":{"0":"post-2678","1":"product","2":"type-product","3":"status-publish","4":"has-post-thumbnail","6":"product_cat-detske-dres-arsenal","7":"product_tag-arsenal-detsky-futbalovy-dres","8":"product_tag-ben-white-dres","9":"product_tag-detske-futbalove-dresy","10":"product_tag-detsky-dres-s-vlastnym-menom-a-cislom","11":"product_tag-detsky-futbalovy-komplet","12":"product_tag-futbalove-dresy-detske-arsenal","13":"desktop-align-left","14":"tablet-align-left","15":"mobile-align-left","17":"first","18":"instock","19":"shipping-taxable","20":"purchasable","21":"product-type-variable"},"_links":{"self":[{"href":"https:\/\/www.drespredeti.com\/nl\/wp-json\/wp\/v2\/product\/2678","targetHints":{"allow":["GET"]}}],"collection":[{"href":"https:\/\/www.drespredeti.com\/nl\/wp-json\/wp\/v2\/product"}],"about":[{"href":"https:\/\/www.drespredeti.com\/nl\/wp-json\/wp\/v2\/types\/product"}],"replies":[{"embeddable":true,"href":"https:\/\/www.drespredeti.com\/nl\/wp-json\/wp\/v2\/comments?post=2678"}],"wp:featuredmedia":[{"embeddable":true,"href":"https:\/\/www.drespredeti.com\/nl\/wp-json\/wp\/v2\/media\/2680"}],"wp:attachment":[{"href":"https:\/\/www.drespredeti.com\/nl\/wp-json\/wp\/v2\/media?parent=2678"}],"wp:term":[{"taxonomy":"product_brand","embeddable":true,"href":"https:\/\/www.drespredeti.com\/nl\/wp-json\/wp\/v2\/product_brand?post=2678"},{"taxonomy":"product_cat","embeddable":true,"href":"https:\/\/www.drespredeti.com\/nl\/wp-json\/wp\/v2\/product_cat?post=2678"},{"taxonomy":"product_tag","embeddable":true,"href":"https:\/\/www.drespredeti.com\/nl\/wp-json\/wp\/v2\/product_tag?post=2678"}],"curies":[{"name":"wp","href":"https:\/\/api.w.org\/{rel}","templated":true}]}}