{"id":2674,"date":"2026-01-14T07:50:41","date_gmt":"2026-01-14T06:50:41","guid":{"rendered":"https:\/\/www.futbalovedresysk.com\/?post_type=product&#038;p=2674"},"modified":"2026-01-14T07:50:52","modified_gmt":"2026-01-14T06:50:52","slug":"futbalove-dresy-detske-arsenal-ben-white-4-2025-26-prec-komplety","status":"publish","type":"product","link":"https:\/\/www.drespredeti.com\/nl\/futbalove-dresy-detske-arsenal-ben-white-4-2025-26-prec-komplety\/","title":{"rendered":"Voetbalshirts Kinder Arsenal Ben White #4 2025-26 Uit Sets"},"content":{"rendered":"<h3>Voetbalshirts Kinder Arsenal Ben White #4 2025\/26 Vooruit \u2013 Stijlvolle Set met Personalise<\/h3>\n<p>Futbalov\u00e9 Dresy Detsk\u00e9 Arsenal v pre\u010d (away) preveden\u00ed pre sez\u00f3nu 2025\/26 s hr\u00e1\u010dom Bukayo Saka #7 prin\u00e1\u0161aj\u00fa mlad\u00fdm fan\u00fa\u0161ikom autentick\u00fd klubov\u00fd \u0161t\u00fdl a profesion\u00e1lny dizajn. Tento kompletn\u00fd fotbalov\u00fd set kombinuje kvalitn\u00fd materi\u00e1l, pohodlie a modern\u00fd vzh\u013ead, ide\u00e1lny pre tr\u00e9ningy, z\u00e1pasy aj vo\u013en\u00fd \u010das.<\/p>\n<p>Het shirt is gemaakt van licht en ademend polyester, dat effectief vocht afvoert en bewegingsvrijheid mogelijk maakt. Nauwkeurige naden en authentieke clubdetails zorgen voor een lange levensduur en een professionele uitstraling die elke jonge voetballer weet te waarderen.<\/p>\n<p><strong>Waarom dit shirt kiezen<\/strong><\/p>\n<ul>\n<li>Kompletn\u00fd set: dres + \u0161ortky \u2013 pripraven\u00e9 na z\u00e1pasy aj tr\u00e9ningy<\/li>\n<li>Comfortabel, licht en ademend materiaal<\/li>\n<li>Moderne away-uitvoering Arsenal<\/li>\n<li>Geschikt voor alle sportactiviteiten en dagelijks dragen<\/li>\n<li>Beschikbaar in meerdere kindermaatvoeringen<\/li>\n<li><strong>Mogelijkheid tot personalisatie<\/strong>: eigen naam en nummer<\/li>\n<\/ul>","protected":false},"excerpt":{"rendered":"<p>Voetbaltruien voor kinderen Arsenal Ben White #4 2025\/26 Uit \u2013 Stijlvolle set met personalisatie Voetbaltruien voor kinderen Arsenal in away-uitvoering voor het seizoen 2025\/26 met speler Ben White #4 brengen jonge fans authentieke clubstijl en professioneel ontwerp. Deze complete voetbalset combineert hoogwaardige materiaal, comfort en een moderne uitstraling, ideaal voor trainingen, wedstrijden en [\u2026]<\/p>","protected":false},"featured_media":2676,"comment_status":"open","ping_status":"closed","template":"","meta":{"site-sidebar-layout":"default","site-content-layout":"","ast-site-content-layout":"default","site-content-style":"default","site-sidebar-style":"default","ast-global-header-display":"","ast-banner-title-visibility":"","ast-main-header-display":"","ast-hfb-above-header-display":"","ast-hfb-below-header-display":"","ast-hfb-mobile-header-display":"","site-post-title":"","ast-breadcrumbs-content":"","ast-featured-img":"","footer-sml-layout":"","theme-transparent-header-meta":"default","adv-header-id-meta":"","stick-header-meta":"","header-above-stick-meta":"","header-main-stick-meta":"","header-below-stick-meta":"","astra-migrate-meta-layouts":"set","ast-page-background-enabled":"default","ast-page-background-meta":{"desktop":{"background-color":"var(--ast-global-color-4)","background-image":"","background-repeat":"repeat","background-position":"center center","background-size":"auto","background-attachment":"scroll","background-type":"","background-media":"","overlay-type":"","overlay-color":"","overlay-opacity":"","overlay-gradient":""},"tablet":{"background-color":"","background-image":"","background-repeat":"repeat","background-position":"center center","background-size":"auto","background-attachment":"scroll","background-type":"","background-media":"","overlay-type":"","overlay-color":"","overlay-opacity":"","overlay-gradient":""},"mobile":{"background-color":"","background-image":"","background-repeat":"repeat","background-position":"center center","background-size":"auto","background-attachment":"scroll","background-type":"","background-media":"","overlay-type":"","overlay-color":"","overlay-opacity":"","overlay-gradient":""}},"ast-content-background-meta":{"desktop":{"background-color":"var(--ast-global-color-5)","background-image":"","background-repeat":"repeat","background-position":"center center","background-size":"auto","background-attachment":"scroll","background-type":"","background-media":"","overlay-type":"","overlay-color":"","overlay-opacity":"","overlay-gradient":""},"tablet":{"background-color":"var(--ast-global-color-5)","background-image":"","background-repeat":"repeat","background-position":"center center","background-size":"auto","background-attachment":"scroll","background-type":"","background-media":"","overlay-type":"","overlay-color":"","overlay-opacity":"","overlay-gradient":""},"mobile":{"background-color":"var(--ast-global-color-5)","background-image":"","background-repeat":"repeat","background-position":"center center","background-size":"auto","background-attachment":"scroll","background-type":"","background-media":"","overlay-type":"","overlay-color":"","overlay-opacity":"","overlay-gradient":""}}},"product_brand":[],"product_cat":[73],"product_tag":[190,199,130,191,170,189],"class_list":{"0":"post-2674","1":"product","2":"type-product","3":"status-publish","4":"has-post-thumbnail","6":"product_cat-detske-dres-arsenal","7":"product_tag-arsenal-detsky-futbalovy-dres","8":"product_tag-ben-white-dres","9":"product_tag-detske-futbalove-dresy","10":"product_tag-detsky-dres-s-vlastnym-menom-a-cislom","11":"product_tag-detsky-futbalovy-komplet","12":"product_tag-futbalove-dresy-detske-arsenal","13":"desktop-align-left","14":"tablet-align-left","15":"mobile-align-left","17":"first","18":"instock","19":"shipping-taxable","20":"purchasable","21":"product-type-variable"},"_links":{"self":[{"href":"https:\/\/www.drespredeti.com\/nl\/wp-json\/wp\/v2\/product\/2674","targetHints":{"allow":["GET"]}}],"collection":[{"href":"https:\/\/www.drespredeti.com\/nl\/wp-json\/wp\/v2\/product"}],"about":[{"href":"https:\/\/www.drespredeti.com\/nl\/wp-json\/wp\/v2\/types\/product"}],"replies":[{"embeddable":true,"href":"https:\/\/www.drespredeti.com\/nl\/wp-json\/wp\/v2\/comments?post=2674"}],"wp:featuredmedia":[{"embeddable":true,"href":"https:\/\/www.drespredeti.com\/nl\/wp-json\/wp\/v2\/media\/2676"}],"wp:attachment":[{"href":"https:\/\/www.drespredeti.com\/nl\/wp-json\/wp\/v2\/media?parent=2674"}],"wp:term":[{"taxonomy":"product_brand","embeddable":true,"href":"https:\/\/www.drespredeti.com\/nl\/wp-json\/wp\/v2\/product_brand?post=2674"},{"taxonomy":"product_cat","embeddable":true,"href":"https:\/\/www.drespredeti.com\/nl\/wp-json\/wp\/v2\/product_cat?post=2674"},{"taxonomy":"product_tag","embeddable":true,"href":"https:\/\/www.drespredeti.com\/nl\/wp-json\/wp\/v2\/product_tag?post=2674"}],"curies":[{"name":"wp","href":"https:\/\/api.w.org\/{rel}","templated":true}]}}