{"id":2599,"date":"2026-01-14T08:15:53","date_gmt":"2026-01-14T07:15:53","guid":{"rendered":"https:\/\/www.futbalovedresysk.com\/?post_type=product&#038;p=2599"},"modified":"2026-01-14T08:16:00","modified_gmt":"2026-01-14T07:16:00","slug":"futbalove-dresy-detske-arsenal-bukayo-saka-7-2025-26-domaci-komplety","status":"publish","type":"product","link":"https:\/\/www.drespredeti.com\/nl\/futbalove-dresy-detske-arsenal-bukayo-saka-7-2025-26-domaci-komplety\/","title":{"rendered":"Voetbalshirts Kinder Arsenal Bukayo Saka #7 2025-26 Thuis Sets"},"content":{"rendered":"<h3>Futbalov\u00e9 Dresy Detsk\u00e9 Arsenal Bukayo Saka #7 2025\/26 Dom\u00e1ce \u2013 Compleet Set met Personalisatie<\/h3>\n<p>Futbalove Dresy Detske Arsenal v dom\u00e1com preveden\u00ed pre sez\u00f3nu 2025\/26 s hr\u00e1\u010dom Bukayo Saka #7 s\u00fa ide\u00e1lnou vo\u013ebou pre mlad\u00fdch fan\u00fa\u0161ikov, ktor\u00ed chc\u00fa nosi\u0165 klubov\u00e9 farby s hrdos\u0165ou. Tento detsk\u00fd futbalov\u00fd komplet je navrhnut\u00fd s d\u00f4razom na pohodlie, funk\u010dnos\u0165 a autentick\u00fd klubov\u00fd vzh\u013ead.<\/p>\n<p>Dres je vyroben\u00fd z \u013eahk\u00e9ho a priedu\u0161n\u00e9ho polyesterov\u00e9ho materi\u00e1lu, ktor\u00fd podporuje cirkul\u00e1ciu vzduchu a pom\u00e1ha udr\u017eiava\u0165 komfort aj po\u010das akt\u00edvneho pohybu. Kvalitn\u00e9 spracovanie, odoln\u00e1 potla\u010d a detailn\u00e9 klubov\u00e9 prvky zaru\u010duj\u00fa dlh\u00fa \u017eivotnos\u0165 a profesion\u00e1lny vzh\u013ead vhodn\u00fd na tr\u00e9ningy, z\u00e1pasy aj be\u017en\u00e9 nosenie.<\/p>\n<p><strong>Personalisatie op maat<\/strong><\/p>\n<p>Okrem ofici\u00e1lnej verzie je mo\u017en\u00e9 zvoli\u0165 vlastn\u00e9 meno a \u010d\u00edslo, v\u010faka \u010domu sa Futbalove Dresy Detske Arsenal stan\u00fa jedine\u010dn\u00fdm a osobn\u00fdm k\u00faskom pre ka\u017ed\u00e9 die\u0165a.<\/p>\n<p><strong>Skvel\u00fd dar\u010dek pre mal\u00fdch fan\u00fa\u0161ikov<\/strong><\/p>\n<p>Dom\u00e1ci komplet Arsenal 2025\/26 s Bukayom Sakom #7 je v\u00fdbornou vo\u013ebou ako dar\u010dek k narodenin\u00e1m, Vianociam alebo na nov\u00fa sez\u00f3nu. Sp\u00e1ja kvalitu, \u0161t\u00fdl a klubov\u00fa identitu, ktor\u00fa ocenia deti aj rodi\u010dia.<\/p>","protected":false},"excerpt":{"rendered":"<p>Voetbalshirts Kinder Arsenal Bukayo Saka #7 2025\/26 Thuis \u2013 Volledige Set met Personalizatie Voetbalshirts Kinder Arsenal in het thuisontwerp voor het seizoen 2025\/26 met speler Bukayo Saka #7 zijn de ideale keuze voor jonge fans die de clubkleuren met trots willen dragen. Dit jeugd voetbal-outfit is ontworpen met nadruk op comfort, functionaliteit en authentiek [\u2026]<\/p>","protected":false},"featured_media":2601,"comment_status":"open","ping_status":"closed","template":"","meta":{"site-sidebar-layout":"default","site-content-layout":"","ast-site-content-layout":"default","site-content-style":"default","site-sidebar-style":"default","ast-global-header-display":"","ast-banner-title-visibility":"","ast-main-header-display":"","ast-hfb-above-header-display":"","ast-hfb-below-header-display":"","ast-hfb-mobile-header-display":"","site-post-title":"","ast-breadcrumbs-content":"","ast-featured-img":"","footer-sml-layout":"","theme-transparent-header-meta":"default","adv-header-id-meta":"","stick-header-meta":"","header-above-stick-meta":"","header-main-stick-meta":"","header-below-stick-meta":"","astra-migrate-meta-layouts":"set","ast-page-background-enabled":"default","ast-page-background-meta":{"desktop":{"background-color":"var(--ast-global-color-4)","background-image":"","background-repeat":"repeat","background-position":"center center","background-size":"auto","background-attachment":"scroll","background-type":"","background-media":"","overlay-type":"","overlay-color":"","overlay-opacity":"","overlay-gradient":""},"tablet":{"background-color":"","background-image":"","background-repeat":"repeat","background-position":"center center","background-size":"auto","background-attachment":"scroll","background-type":"","background-media":"","overlay-type":"","overlay-color":"","overlay-opacity":"","overlay-gradient":""},"mobile":{"background-color":"","background-image":"","background-repeat":"repeat","background-position":"center center","background-size":"auto","background-attachment":"scroll","background-type":"","background-media":"","overlay-type":"","overlay-color":"","overlay-opacity":"","overlay-gradient":""}},"ast-content-background-meta":{"desktop":{"background-color":"var(--ast-global-color-5)","background-image":"","background-repeat":"repeat","background-position":"center center","background-size":"auto","background-attachment":"scroll","background-type":"","background-media":"","overlay-type":"","overlay-color":"","overlay-opacity":"","overlay-gradient":""},"tablet":{"background-color":"var(--ast-global-color-5)","background-image":"","background-repeat":"repeat","background-position":"center center","background-size":"auto","background-attachment":"scroll","background-type":"","background-media":"","overlay-type":"","overlay-color":"","overlay-opacity":"","overlay-gradient":""},"mobile":{"background-color":"var(--ast-global-color-5)","background-image":"","background-repeat":"repeat","background-position":"center center","background-size":"auto","background-attachment":"scroll","background-type":"","background-media":"","overlay-type":"","overlay-color":"","overlay-opacity":"","overlay-gradient":""}}},"product_brand":[],"product_cat":[73],"product_tag":[190,192,130,191,170,189],"class_list":{"0":"post-2599","1":"product","2":"type-product","3":"status-publish","4":"has-post-thumbnail","6":"product_cat-detske-dres-arsenal","7":"product_tag-arsenal-detsky-futbalovy-dres","8":"product_tag-bukayo-saka-dres","9":"product_tag-detske-futbalove-dresy","10":"product_tag-detsky-dres-s-vlastnym-menom-a-cislom","11":"product_tag-detsky-futbalovy-komplet","12":"product_tag-futbalove-dresy-detske-arsenal","13":"desktop-align-left","14":"tablet-align-left","15":"mobile-align-left","17":"first","18":"instock","19":"shipping-taxable","20":"purchasable","21":"product-type-variable"},"_links":{"self":[{"href":"https:\/\/www.drespredeti.com\/nl\/wp-json\/wp\/v2\/product\/2599","targetHints":{"allow":["GET"]}}],"collection":[{"href":"https:\/\/www.drespredeti.com\/nl\/wp-json\/wp\/v2\/product"}],"about":[{"href":"https:\/\/www.drespredeti.com\/nl\/wp-json\/wp\/v2\/types\/product"}],"replies":[{"embeddable":true,"href":"https:\/\/www.drespredeti.com\/nl\/wp-json\/wp\/v2\/comments?post=2599"}],"wp:featuredmedia":[{"embeddable":true,"href":"https:\/\/www.drespredeti.com\/nl\/wp-json\/wp\/v2\/media\/2601"}],"wp:attachment":[{"href":"https:\/\/www.drespredeti.com\/nl\/wp-json\/wp\/v2\/media?parent=2599"}],"wp:term":[{"taxonomy":"product_brand","embeddable":true,"href":"https:\/\/www.drespredeti.com\/nl\/wp-json\/wp\/v2\/product_brand?post=2599"},{"taxonomy":"product_cat","embeddable":true,"href":"https:\/\/www.drespredeti.com\/nl\/wp-json\/wp\/v2\/product_cat?post=2599"},{"taxonomy":"product_tag","embeddable":true,"href":"https:\/\/www.drespredeti.com\/nl\/wp-json\/wp\/v2\/product_tag?post=2599"}],"curies":[{"name":"wp","href":"https:\/\/api.w.org\/{rel}","templated":true}]}}