{"id":2591,"date":"2026-01-14T07:48:41","date_gmt":"2026-01-14T06:48:41","guid":{"rendered":"https:\/\/www.futbalovedresysk.com\/?post_type=product&#038;p=2591"},"modified":"2026-01-14T07:48:42","modified_gmt":"2026-01-14T06:48:42","slug":"futbalove-dresy-detske-arsenal-2025-26-prec-komplety","status":"publish","type":"product","link":"https:\/\/www.drespredeti.com\/nl\/futbalove-dresy-detske-arsenal-2025-26-prec-komplety\/","title":{"rendered":"Voetbalshirts Kinder Arsenal 2025-26 Uit Sets"},"content":{"rendered":"<h3>Voetbaltruiken Detske Arsenal 2025\/26 Pre\u010d \u2013 Stijlvol Compleet Set met Personalizatie<\/h3>\n<p>Voetbaltruiken Detske Arsenal in pre\u010d (away) uitvoering voor het seizoen 2025\/26 zijn ontworpen zodat jonge voetballers kunnen spelen en supporteren in de authentieke stijl van hun favoriete club. Deze complete set combineert modern design, hoogwaardig materiaal en comfort, ideaal voor training, wedstrijden en dagelijks gebruik.<\/p>\n<p>Het shirt is gemaakt van licht en ademend polyester dat vocht effectief afvoert en bewegingsvrijheid mogelijk maakt. Nauwkeurig gebreide stiksels en authentieke clubdetails zorgen voor een lange levensduur en een professionele uitstraling.<\/p>\n<p><strong>Waarom dit shirt kiezen<\/strong><\/p>\n<ul>\n<li>Kompletn\u00fd set: dres + \u0161ortky \u2013 pripraven\u00e9 na z\u00e1pasy aj tr\u00e9ningy<\/li>\n<li>Comfortabel, licht en ademend materiaal<\/li>\n<li>Moderne away-uitvoering Arsenal<\/li>\n<li>Geschikt voor alle sportactiviteiten en dagelijks gebruik<\/li>\n<li>Beschikbaar in meerdere kindermaatvoeringen<\/li>\n<li><strong>Mogelijkheid tot personalisatie<\/strong>: eigen naam en nummer<\/li>\n<\/ul>","protected":false},"excerpt":{"rendered":"<p>Futbalove Dresy Detske Arsenal 2025\/26 Pre\u010d \u2013 \u0160t\u00fdlov\u00fd Kompletn\u00fd Set s Personaliz\u00e1ciou Futbalove Dresy Detske Arsenal v pre\u010d (away) preveden\u00ed pre sez\u00f3nu 2025\/26 s\u00fa navrhnut\u00e9 tak, aby mlad\u00ed futbalisti mohli hra\u0165 a fandi\u0165 v autentickom \u0161t\u00fdle svojho ob\u013e\u00faben\u00e9ho klubu. Tento kompletn\u00fd set sp\u00e1ja modern\u00fd dizajn, kvalitn\u00fd materi\u00e1l a pohodlie, ide\u00e1lny pre tr\u00e9ningy, z\u00e1pasy aj ka\u017edodenn\u00e9 [&hellip;]<\/p>","protected":false},"featured_media":2593,"comment_status":"open","ping_status":"closed","template":"","meta":{"site-sidebar-layout":"default","site-content-layout":"","ast-site-content-layout":"default","site-content-style":"default","site-sidebar-style":"default","ast-global-header-display":"","ast-banner-title-visibility":"","ast-main-header-display":"","ast-hfb-above-header-display":"","ast-hfb-below-header-display":"","ast-hfb-mobile-header-display":"","site-post-title":"","ast-breadcrumbs-content":"","ast-featured-img":"","footer-sml-layout":"","theme-transparent-header-meta":"default","adv-header-id-meta":"","stick-header-meta":"","header-above-stick-meta":"","header-main-stick-meta":"","header-below-stick-meta":"","astra-migrate-meta-layouts":"set","ast-page-background-enabled":"default","ast-page-background-meta":{"desktop":{"background-color":"var(--ast-global-color-4)","background-image":"","background-repeat":"repeat","background-position":"center center","background-size":"auto","background-attachment":"scroll","background-type":"","background-media":"","overlay-type":"","overlay-color":"","overlay-opacity":"","overlay-gradient":""},"tablet":{"background-color":"","background-image":"","background-repeat":"repeat","background-position":"center center","background-size":"auto","background-attachment":"scroll","background-type":"","background-media":"","overlay-type":"","overlay-color":"","overlay-opacity":"","overlay-gradient":""},"mobile":{"background-color":"","background-image":"","background-repeat":"repeat","background-position":"center center","background-size":"auto","background-attachment":"scroll","background-type":"","background-media":"","overlay-type":"","overlay-color":"","overlay-opacity":"","overlay-gradient":""}},"ast-content-background-meta":{"desktop":{"background-color":"var(--ast-global-color-5)","background-image":"","background-repeat":"repeat","background-position":"center center","background-size":"auto","background-attachment":"scroll","background-type":"","background-media":"","overlay-type":"","overlay-color":"","overlay-opacity":"","overlay-gradient":""},"tablet":{"background-color":"var(--ast-global-color-5)","background-image":"","background-repeat":"repeat","background-position":"center center","background-size":"auto","background-attachment":"scroll","background-type":"","background-media":"","overlay-type":"","overlay-color":"","overlay-opacity":"","overlay-gradient":""},"mobile":{"background-color":"var(--ast-global-color-5)","background-image":"","background-repeat":"repeat","background-position":"center center","background-size":"auto","background-attachment":"scroll","background-type":"","background-media":"","overlay-type":"","overlay-color":"","overlay-opacity":"","overlay-gradient":""}}},"product_brand":[],"product_cat":[73],"product_tag":[190,130,191,170,189],"class_list":{"0":"post-2591","1":"product","2":"type-product","3":"status-publish","4":"has-post-thumbnail","6":"product_cat-detske-dres-arsenal","7":"product_tag-arsenal-detsky-futbalovy-dres","8":"product_tag-detske-futbalove-dresy","9":"product_tag-detsky-dres-s-vlastnym-menom-a-cislom","10":"product_tag-detsky-futbalovy-komplet","11":"product_tag-futbalove-dresy-detske-arsenal","12":"desktop-align-left","13":"tablet-align-left","14":"mobile-align-left","16":"first","17":"instock","18":"shipping-taxable","19":"purchasable","20":"product-type-variable"},"_links":{"self":[{"href":"https:\/\/www.drespredeti.com\/nl\/wp-json\/wp\/v2\/product\/2591","targetHints":{"allow":["GET"]}}],"collection":[{"href":"https:\/\/www.drespredeti.com\/nl\/wp-json\/wp\/v2\/product"}],"about":[{"href":"https:\/\/www.drespredeti.com\/nl\/wp-json\/wp\/v2\/types\/product"}],"replies":[{"embeddable":true,"href":"https:\/\/www.drespredeti.com\/nl\/wp-json\/wp\/v2\/comments?post=2591"}],"wp:featuredmedia":[{"embeddable":true,"href":"https:\/\/www.drespredeti.com\/nl\/wp-json\/wp\/v2\/media\/2593"}],"wp:attachment":[{"href":"https:\/\/www.drespredeti.com\/nl\/wp-json\/wp\/v2\/media?parent=2591"}],"wp:term":[{"taxonomy":"product_brand","embeddable":true,"href":"https:\/\/www.drespredeti.com\/nl\/wp-json\/wp\/v2\/product_brand?post=2591"},{"taxonomy":"product_cat","embeddable":true,"href":"https:\/\/www.drespredeti.com\/nl\/wp-json\/wp\/v2\/product_cat?post=2591"},{"taxonomy":"product_tag","embeddable":true,"href":"https:\/\/www.drespredeti.com\/nl\/wp-json\/wp\/v2\/product_tag?post=2591"}],"curies":[{"name":"wp","href":"https:\/\/api.w.org\/{rel}","templated":true}]}}