{"id":2587,"date":"2026-01-14T07:48:47","date_gmt":"2026-01-14T06:48:47","guid":{"rendered":"https:\/\/www.futbalovedresysk.com\/?post_type=product&#038;p=2587"},"modified":"2026-01-27T13:40:19","modified_gmt":"2026-01-27T12:40:19","slug":"futbalove-dresy-detske-arsenal-2025-26-domaci-komplety","status":"publish","type":"product","link":"https:\/\/www.drespredeti.com\/nl\/futbalove-dresy-detske-arsenal-2025-26-domaci-komplety\/","title":{"rendered":"Voetbalshirts Kinder Arsenal 2025-26 Thuis Sets"},"content":{"rendered":"<h3>Voetbal Shirts Kinder Arsenal 2025\/26 Thuis \u2013 Kwalitatieve Set met personalisatie<\/h3>\n<p>Voetbalshirts Kinder Arsenal in het thuisontwerp voor het seizoen 2025\/26 zijn ontworpen zodat jonge fans in authentieke clubstijl kunnen spelen en supporteren. Deze complete set biedt een modern ontwerp, hoogwaardige stof en comfort, ideaal voor trainingen, wedstrijden en gewoon dragen.<\/p>\n<p>Het shirt is gemaakt van lichte en ademende polyester, die vocht effectief afvoert en het kind comfortabel houdt tijdens beweging. Nauwkeurig stikwerk en authentieke clubdetails zorgen voor duurzaamheid en een professionele uitstraling die elke jonge voetballer zal waarderen.<\/p>\n<p><strong>Personalisatie op wens<\/strong><\/p>\n<p>Ieder shirt kan aangepast worden naar uw keuze \u2013 voeg uw eigen naam en nummer toe, zodat Voetbal Shirts Kinder Arsenal een uniek en persoonlijk stuk voor uw kind wordt.<\/p>\n<p><strong>Ideaal cadeau voor jonge fans<\/strong><\/p>\n<p>Thuisset Arsenal 2025\/26 is een geweldig cadeau voor een verjaardag, Kerst of het begin van het seizoen. Het combineert kwaliteit, stijl en trots op de club, wat zowel kinderen als ouders zullen waarderen.<\/p>","protected":false},"excerpt":{"rendered":"<p>Futbalove Dresy Detske Arsenal 2025\/26 Dom\u00e1ci \u2013 Kvalitn\u00fd Set s Personaliz\u00e1ciou Futbalove Dresy Detske Arsenal v dom\u00e1com preveden\u00ed pre sez\u00f3nu 2025\/26 s\u00fa navrhnut\u00e9 tak, aby mlad\u00ed fan\u00fa\u0161ikovia mohli hra\u0165 a fandi\u0165 v autentickom \u0161t\u00fdle klubu. Tento kompletn\u00fd set pon\u00faka modern\u00fd dizajn, kvalitn\u00fd materi\u00e1l a pohodlie, ide\u00e1lne pre tr\u00e9ningy, z\u00e1pasy aj be\u017en\u00e9 nosenie. Dres je vyroben\u00fd [&hellip;]<\/p>","protected":false},"featured_media":2589,"comment_status":"open","ping_status":"closed","template":"","meta":{"site-sidebar-layout":"default","site-content-layout":"","ast-site-content-layout":"default","site-content-style":"default","site-sidebar-style":"default","ast-global-header-display":"","ast-banner-title-visibility":"","ast-main-header-display":"","ast-hfb-above-header-display":"","ast-hfb-below-header-display":"","ast-hfb-mobile-header-display":"","site-post-title":"","ast-breadcrumbs-content":"","ast-featured-img":"","footer-sml-layout":"","theme-transparent-header-meta":"default","adv-header-id-meta":"","stick-header-meta":"","header-above-stick-meta":"","header-main-stick-meta":"","header-below-stick-meta":"","astra-migrate-meta-layouts":"set","ast-page-background-enabled":"default","ast-page-background-meta":{"desktop":{"background-color":"var(--ast-global-color-4)","background-image":"","background-repeat":"repeat","background-position":"center center","background-size":"auto","background-attachment":"scroll","background-type":"","background-media":"","overlay-type":"","overlay-color":"","overlay-opacity":"","overlay-gradient":""},"tablet":{"background-color":"","background-image":"","background-repeat":"repeat","background-position":"center center","background-size":"auto","background-attachment":"scroll","background-type":"","background-media":"","overlay-type":"","overlay-color":"","overlay-opacity":"","overlay-gradient":""},"mobile":{"background-color":"","background-image":"","background-repeat":"repeat","background-position":"center center","background-size":"auto","background-attachment":"scroll","background-type":"","background-media":"","overlay-type":"","overlay-color":"","overlay-opacity":"","overlay-gradient":""}},"ast-content-background-meta":{"desktop":{"background-color":"var(--ast-global-color-5)","background-image":"","background-repeat":"repeat","background-position":"center center","background-size":"auto","background-attachment":"scroll","background-type":"","background-media":"","overlay-type":"","overlay-color":"","overlay-opacity":"","overlay-gradient":""},"tablet":{"background-color":"var(--ast-global-color-5)","background-image":"","background-repeat":"repeat","background-position":"center center","background-size":"auto","background-attachment":"scroll","background-type":"","background-media":"","overlay-type":"","overlay-color":"","overlay-opacity":"","overlay-gradient":""},"mobile":{"background-color":"var(--ast-global-color-5)","background-image":"","background-repeat":"repeat","background-position":"center center","background-size":"auto","background-attachment":"scroll","background-type":"","background-media":"","overlay-type":"","overlay-color":"","overlay-opacity":"","overlay-gradient":""}}},"product_brand":[],"product_cat":[73],"product_tag":[190,130,191,170,189],"class_list":{"0":"post-2587","1":"product","2":"type-product","3":"status-publish","4":"has-post-thumbnail","6":"product_cat-detske-dres-arsenal","7":"product_tag-arsenal-detsky-futbalovy-dres","8":"product_tag-detske-futbalove-dresy","9":"product_tag-detsky-dres-s-vlastnym-menom-a-cislom","10":"product_tag-detsky-futbalovy-komplet","11":"product_tag-futbalove-dresy-detske-arsenal","12":"desktop-align-left","13":"tablet-align-left","14":"mobile-align-left","16":"first","17":"instock","18":"featured","19":"shipping-taxable","20":"purchasable","21":"product-type-variable"},"_links":{"self":[{"href":"https:\/\/www.drespredeti.com\/nl\/wp-json\/wp\/v2\/product\/2587","targetHints":{"allow":["GET"]}}],"collection":[{"href":"https:\/\/www.drespredeti.com\/nl\/wp-json\/wp\/v2\/product"}],"about":[{"href":"https:\/\/www.drespredeti.com\/nl\/wp-json\/wp\/v2\/types\/product"}],"replies":[{"embeddable":true,"href":"https:\/\/www.drespredeti.com\/nl\/wp-json\/wp\/v2\/comments?post=2587"}],"wp:featuredmedia":[{"embeddable":true,"href":"https:\/\/www.drespredeti.com\/nl\/wp-json\/wp\/v2\/media\/2589"}],"wp:attachment":[{"href":"https:\/\/www.drespredeti.com\/nl\/wp-json\/wp\/v2\/media?parent=2587"}],"wp:term":[{"taxonomy":"product_brand","embeddable":true,"href":"https:\/\/www.drespredeti.com\/nl\/wp-json\/wp\/v2\/product_brand?post=2587"},{"taxonomy":"product_cat","embeddable":true,"href":"https:\/\/www.drespredeti.com\/nl\/wp-json\/wp\/v2\/product_cat?post=2587"},{"taxonomy":"product_tag","embeddable":true,"href":"https:\/\/www.drespredeti.com\/nl\/wp-json\/wp\/v2\/product_tag?post=2587"}],"curies":[{"name":"wp","href":"https:\/\/api.w.org\/{rel}","templated":true}]}}