{"id":2555,"date":"2026-01-19T10:09:44","date_gmt":"2026-01-19T09:09:44","guid":{"rendered":"https:\/\/www.futbalovedresysk.com\/?post_type=product&#038;p=2555"},"modified":"2026-01-19T10:09:53","modified_gmt":"2026-01-19T09:09:53","slug":"detsky-futbalovy-dres-komplet-paris-saint-germain-fabian-ruiz-8-2025-26-prec","status":"publish","type":"product","link":"https:\/\/www.drespredeti.com\/nl\/detsky-futbalovy-dres-komplet-paris-saint-germain-fabian-ruiz-8-2025-26-prec\/","title":{"rendered":"Detsk\u00fd futbalov\u00fd dres Komplekt Paris Saint-Germain Fabian Ruiz #8 2025-26 Pre\u010d"},"content":{"rendered":"<h3>PSG Pre\u010d 2025\/26 Kindervoetbalshirtset compleet Fabian Ruiz #8<\/h3>\n<p>Deze Detsk\u00fd Futbalov\u00fd dres Komplet Paris Saint-Germain pre sez\u00f3nu 2025\u201326 v preveden\u00ed Pre\u010d je ide\u00e1lnou vo\u013ebou pre mlad\u00fdch fan\u00fa\u0161ikov modern\u00e9ho futbalu. Set obsahuje dres a zladen\u00e9 tren\u00edrky, navrhnut\u00e9 \u0161peci\u00e1lne pre deti, ktor\u00e9 chc\u00fa hra\u0165 aj fandi\u0165 v \u0161t\u00fdle svojho ob\u013e\u00faben\u00e9ho hr\u00e1\u010da Fabian Ruiz #8.<\/p>\n<p>Het materiaal is licht, ademend en snel drogend, waardoor comfort tijdens training, wedstrijd en dagelijks draagbaar is gewaarborgd. De kinderunisex pasvorm ondersteunt natuurlijke beweging en zorgt voor comfort ook bij langer dragen.<\/p>\n<p>Het PSG Pre\u010d 2025\/26 ontwerp oogt modern en dynamisch, met details ge\u00efnspireerd op de clubidentiteit. De Kinder Voetbalshirt Set is geschikt niet alleen voor sportieve activiteiten, maar ook als cadeau voor jonge fans van de Parijse club.<\/p>\n<p><strong>Mogelijkheid tot personalisatie<\/strong><\/p>\n<p>Deze Detsk\u00fd Futbalov\u00fd dres Komplet je mo\u017en\u00e9 prisp\u00f4sobi\u0165 vlastn\u00fdm menom a \u010d\u00edslom. Okrem predvolen\u00e9ho hr\u00e1\u010da Fabian Ruiz #8 si m\u00f4\u017eete zvoli\u0165 meno die\u0165a\u0165a alebo in\u00e9 ob\u013e\u00faben\u00e9 \u010d\u00edslo a vytvori\u0165 tak jedine\u010dn\u00fd futbalov\u00fd set.<\/p>\n<p><strong>Belangrijkste voordelen van het product:<\/strong><\/p>\n<ul>\n<li>Set: voetbalshirt + shorts<\/li>\n<li>Mogelijkheid tot eigen naam en nummer<\/li>\n<li>Ademend, licht en snel drogend materiaal<\/li>\n<li>Comfortabele kinder pasvorm voor maximale bewegingsvrijheid<\/li>\n<li>Geschikt voor training, wedstrijden en dagelijks draagbaar<\/li>\n<\/ul>","protected":false},"excerpt":{"rendered":"<p>PSG Vooruit 2025\/26 Kinderen Voetbalshirtset Fabien Ruiz #8 Dit Kinderen Voetbalshirtset Paris Saint\u2011Germain voor het seizoen 2025\u201326 in de uitvoering Vooruit is de ideale keuze voor jonge fans van modern voetbal. De set bevat een shirt en bijpassende shorts, speciaal ontworpen voor kinderen die ook willen spelen en hun favoriete speler Fabian Ruiz #8 willen aanmoedigen. Materiaal [\u2026]<\/p>","protected":false},"featured_media":2557,"comment_status":"open","ping_status":"closed","template":"","meta":{"site-sidebar-layout":"default","site-content-layout":"","ast-site-content-layout":"default","site-content-style":"default","site-sidebar-style":"default","ast-global-header-display":"","ast-banner-title-visibility":"","ast-main-header-display":"","ast-hfb-above-header-display":"","ast-hfb-below-header-display":"","ast-hfb-mobile-header-display":"","site-post-title":"","ast-breadcrumbs-content":"","ast-featured-img":"","footer-sml-layout":"","theme-transparent-header-meta":"default","adv-header-id-meta":"","stick-header-meta":"","header-above-stick-meta":"","header-main-stick-meta":"","header-below-stick-meta":"","astra-migrate-meta-layouts":"set","ast-page-background-enabled":"default","ast-page-background-meta":{"desktop":{"background-color":"var(--ast-global-color-4)","background-image":"","background-repeat":"repeat","background-position":"center center","background-size":"auto","background-attachment":"scroll","background-type":"","background-media":"","overlay-type":"","overlay-color":"","overlay-opacity":"","overlay-gradient":""},"tablet":{"background-color":"","background-image":"","background-repeat":"repeat","background-position":"center center","background-size":"auto","background-attachment":"scroll","background-type":"","background-media":"","overlay-type":"","overlay-color":"","overlay-opacity":"","overlay-gradient":""},"mobile":{"background-color":"","background-image":"","background-repeat":"repeat","background-position":"center center","background-size":"auto","background-attachment":"scroll","background-type":"","background-media":"","overlay-type":"","overlay-color":"","overlay-opacity":"","overlay-gradient":""}},"ast-content-background-meta":{"desktop":{"background-color":"var(--ast-global-color-5)","background-image":"","background-repeat":"repeat","background-position":"center center","background-size":"auto","background-attachment":"scroll","background-type":"","background-media":"","overlay-type":"","overlay-color":"","overlay-opacity":"","overlay-gradient":""},"tablet":{"background-color":"var(--ast-global-color-5)","background-image":"","background-repeat":"repeat","background-position":"center center","background-size":"auto","background-attachment":"scroll","background-type":"","background-media":"","overlay-type":"","overlay-color":"","overlay-opacity":"","overlay-gradient":""},"mobile":{"background-color":"var(--ast-global-color-5)","background-image":"","background-repeat":"repeat","background-position":"center center","background-size":"auto","background-attachment":"scroll","background-type":"","background-media":"","overlay-type":"","overlay-color":"","overlay-opacity":"","overlay-gradient":""}}},"product_brand":[],"product_cat":[72],"product_tag":[251,266,232,252,253],"class_list":{"0":"post-2555","1":"product","2":"type-product","3":"status-publish","4":"has-post-thumbnail","6":"product_cat-detske-dres-psg","7":"product_tag-detsky-futbalovy-dres-komplet-psg","8":"product_tag-fabian-ruiz-dres","9":"product_tag-futbalovy-set-pre-deti","10":"product_tag-paris-saint-germain-detsky-dres","11":"product_tag-psg-dres-deti","12":"desktop-align-left","13":"tablet-align-left","14":"mobile-align-left","16":"first","17":"instock","18":"shipping-taxable","19":"purchasable","20":"product-type-variable"},"_links":{"self":[{"href":"https:\/\/www.drespredeti.com\/nl\/wp-json\/wp\/v2\/product\/2555","targetHints":{"allow":["GET"]}}],"collection":[{"href":"https:\/\/www.drespredeti.com\/nl\/wp-json\/wp\/v2\/product"}],"about":[{"href":"https:\/\/www.drespredeti.com\/nl\/wp-json\/wp\/v2\/types\/product"}],"replies":[{"embeddable":true,"href":"https:\/\/www.drespredeti.com\/nl\/wp-json\/wp\/v2\/comments?post=2555"}],"wp:featuredmedia":[{"embeddable":true,"href":"https:\/\/www.drespredeti.com\/nl\/wp-json\/wp\/v2\/media\/2557"}],"wp:attachment":[{"href":"https:\/\/www.drespredeti.com\/nl\/wp-json\/wp\/v2\/media?parent=2555"}],"wp:term":[{"taxonomy":"product_brand","embeddable":true,"href":"https:\/\/www.drespredeti.com\/nl\/wp-json\/wp\/v2\/product_brand?post=2555"},{"taxonomy":"product_cat","embeddable":true,"href":"https:\/\/www.drespredeti.com\/nl\/wp-json\/wp\/v2\/product_cat?post=2555"},{"taxonomy":"product_tag","embeddable":true,"href":"https:\/\/www.drespredeti.com\/nl\/wp-json\/wp\/v2\/product_tag?post=2555"}],"curies":[{"name":"wp","href":"https:\/\/api.w.org\/{rel}","templated":true}]}}