{"id":2469,"date":"2026-01-19T09:59:33","date_gmt":"2026-01-19T08:59:33","guid":{"rendered":"https:\/\/www.futbalovedresysk.com\/?post_type=product&#038;p=2469"},"modified":"2026-01-19T09:59:38","modified_gmt":"2026-01-19T08:59:38","slug":"detsky-futbalovy-dres-komplet-paris-saint-germain-warren-zaire-emery-33-2025-26-tretina","status":"publish","type":"product","link":"https:\/\/www.drespredeti.com\/nl\/detsky-futbalovy-dres-komplet-paris-saint-germain-warren-zaire-emery-33-2025-26-tretina\/","title":{"rendered":"Kindervoetbalshirt Set Paris Saint-Germain Warren Zaire-Emery #33 2025-26 Drie-delige"},"content":{"rendered":"<h3>Kinder voetbalshirt Kompleet PSG 2025\/26 Drieluik \u2013 Warren Zaire-Emery #33<\/h3>\n<p>Dit Kinder voetbalshirt Kompleet Paris Saint-Germain voor seizoen 2025\/26 in derde uitvoering is ontworpen voor jonge fans die de technische stijl van speler Warren Zaire-Emery #33 bewonderen. Volledige set bevat voetbalshirt en bijpassende korte broek, geschikt voor training, wedstrijden en dagelijks dragen.<\/p>\n<p>Licht en ademend materiaal zorgt voor effici\u00ebnte vochtafvoer en een aangenaam gevoel tijdens beweging. De kindersnit is aangepast aan actieve kinderen en ondersteunt natuurlijke bewegingsvrijheid, wat elke jonge voetballer zal waarderen.<\/p>\n<p>Derde ontwerp PSG 2025\/26 oogt modern en gedurfd, waardoor dit Kinderen Voetbalshirt Kompleet zich duidelijk onderscheidt van de thuis- en uitversies.<\/p>\n<p><strong>Personalisatie \u2013 eigen naam en nummer<\/strong><\/p>\n<p>Naast de standaardvariant Warren Zaire-Emery #33 is dit Kinder voetbalshirt Kompleet ook leverbaar met de mogelijkheid van eigen naam en nummer. Kies de naam van het kind of een ander nummer en cre\u00eber zo een uniek en persoonlijk voetbalset.<\/p>\n<p><strong>Belangrijkste voordelen van het product:<\/strong><\/p>\n<ul>\n<li>Compleet pakket: shirt + korte broek<\/li>\n<li>Mogelijkheid tot eigen naam en nummer<\/li>\n<li>Licht, ademend en sneldrogend materiaal<\/li>\n<li>Comfortabele kinder-snits voor sport en vrije tijd<\/li>\n<\/ul>","protected":false},"excerpt":{"rendered":"<p>Detsk\u00fd Futbalov\u00fd dres Komplet PSG 2025\/26 Tretina \u2013 Warren Zaire-Emery #33 Tento Detsk\u00fd Futbalov\u00fd dres Komplet Paris Saint-Germain pre sez\u00f3nu 2025\/26 v tre\u0165om preveden\u00ed je navrhnut\u00fd pre mlad\u00fdch fan\u00fa\u0161ikov, ktor\u00ed obdivuj\u00fa technick\u00fd \u0161t\u00fdl hr\u00e1\u010da Warren Zaire-Emery #33. Kompletn\u00e1 s\u00faprava obsahuje futbalov\u00fd dres a zladen\u00e9 tren\u00edrky, vhodn\u00e9 na tr\u00e9ning, z\u00e1pasy aj ka\u017edodenn\u00e9 nosenie. \u013dahk\u00fd a priedu\u0161n\u00fd [&hellip;]<\/p>","protected":false},"featured_media":2471,"comment_status":"open","ping_status":"closed","template":"","meta":{"site-sidebar-layout":"default","site-content-layout":"","ast-site-content-layout":"default","site-content-style":"default","site-sidebar-style":"default","ast-global-header-display":"","ast-banner-title-visibility":"","ast-main-header-display":"","ast-hfb-above-header-display":"","ast-hfb-below-header-display":"","ast-hfb-mobile-header-display":"","site-post-title":"","ast-breadcrumbs-content":"","ast-featured-img":"","footer-sml-layout":"","theme-transparent-header-meta":"default","adv-header-id-meta":"","stick-header-meta":"","header-above-stick-meta":"","header-main-stick-meta":"","header-below-stick-meta":"","astra-migrate-meta-layouts":"set","ast-page-background-enabled":"default","ast-page-background-meta":{"desktop":{"background-color":"var(--ast-global-color-4)","background-image":"","background-repeat":"repeat","background-position":"center center","background-size":"auto","background-attachment":"scroll","background-type":"","background-media":"","overlay-type":"","overlay-color":"","overlay-opacity":"","overlay-gradient":""},"tablet":{"background-color":"","background-image":"","background-repeat":"repeat","background-position":"center center","background-size":"auto","background-attachment":"scroll","background-type":"","background-media":"","overlay-type":"","overlay-color":"","overlay-opacity":"","overlay-gradient":""},"mobile":{"background-color":"","background-image":"","background-repeat":"repeat","background-position":"center center","background-size":"auto","background-attachment":"scroll","background-type":"","background-media":"","overlay-type":"","overlay-color":"","overlay-opacity":"","overlay-gradient":""}},"ast-content-background-meta":{"desktop":{"background-color":"var(--ast-global-color-5)","background-image":"","background-repeat":"repeat","background-position":"center center","background-size":"auto","background-attachment":"scroll","background-type":"","background-media":"","overlay-type":"","overlay-color":"","overlay-opacity":"","overlay-gradient":""},"tablet":{"background-color":"var(--ast-global-color-5)","background-image":"","background-repeat":"repeat","background-position":"center center","background-size":"auto","background-attachment":"scroll","background-type":"","background-media":"","overlay-type":"","overlay-color":"","overlay-opacity":"","overlay-gradient":""},"mobile":{"background-color":"var(--ast-global-color-5)","background-image":"","background-repeat":"repeat","background-position":"center center","background-size":"auto","background-attachment":"scroll","background-type":"","background-media":"","overlay-type":"","overlay-color":"","overlay-opacity":"","overlay-gradient":""}}},"product_brand":[],"product_cat":[72],"product_tag":[251,232,252,253,260],"class_list":{"0":"post-2469","1":"product","2":"type-product","3":"status-publish","4":"has-post-thumbnail","6":"product_cat-detske-dres-psg","7":"product_tag-detsky-futbalovy-dres-komplet-psg","8":"product_tag-futbalovy-set-pre-deti","9":"product_tag-paris-saint-germain-detsky-dres","10":"product_tag-psg-dres-deti","11":"product_tag-warren-zaire-emery-dres","12":"desktop-align-left","13":"tablet-align-left","14":"mobile-align-left","16":"first","17":"instock","18":"shipping-taxable","19":"purchasable","20":"product-type-variable"},"_links":{"self":[{"href":"https:\/\/www.drespredeti.com\/nl\/wp-json\/wp\/v2\/product\/2469","targetHints":{"allow":["GET"]}}],"collection":[{"href":"https:\/\/www.drespredeti.com\/nl\/wp-json\/wp\/v2\/product"}],"about":[{"href":"https:\/\/www.drespredeti.com\/nl\/wp-json\/wp\/v2\/types\/product"}],"replies":[{"embeddable":true,"href":"https:\/\/www.drespredeti.com\/nl\/wp-json\/wp\/v2\/comments?post=2469"}],"wp:featuredmedia":[{"embeddable":true,"href":"https:\/\/www.drespredeti.com\/nl\/wp-json\/wp\/v2\/media\/2471"}],"wp:attachment":[{"href":"https:\/\/www.drespredeti.com\/nl\/wp-json\/wp\/v2\/media?parent=2469"}],"wp:term":[{"taxonomy":"product_brand","embeddable":true,"href":"https:\/\/www.drespredeti.com\/nl\/wp-json\/wp\/v2\/product_brand?post=2469"},{"taxonomy":"product_cat","embeddable":true,"href":"https:\/\/www.drespredeti.com\/nl\/wp-json\/wp\/v2\/product_cat?post=2469"},{"taxonomy":"product_tag","embeddable":true,"href":"https:\/\/www.drespredeti.com\/nl\/wp-json\/wp\/v2\/product_tag?post=2469"}],"curies":[{"name":"wp","href":"https:\/\/api.w.org\/{rel}","templated":true}]}}