{"id":2409,"date":"2026-01-19T09:58:10","date_gmt":"2026-01-19T08:58:10","guid":{"rendered":"https:\/\/www.futbalovedresysk.com\/?post_type=product&#038;p=2409"},"modified":"2026-01-27T13:48:02","modified_gmt":"2026-01-27T12:48:02","slug":"detsky-futbalovy-dres-komplet-komplety-paris-saint-germain-2025-26-domaci","status":"publish","type":"product","link":"https:\/\/www.drespredeti.com\/nl\/detsky-futbalovy-dres-komplet-komplety-paris-saint-germain-2025-26-domaci\/","title":{"rendered":"Detsk\u00fd futbalov\u00fd dres Komplety Paris Saint-Germain 2025-26 Dom\u00e1ci"},"content":{"rendered":"<h3>Kinder voetbalshirt Compleet PSG 2025\/26 Thuis \u2013 Eigen Naam en Nummer<\/h3>\n<p>Dit Kinder voetbalshirt Compleet van Paris Saint-Germain in thuiskleuren voor het seizoen 2025\/26 is de ideale keuze voor kinderen die de clubkleuren willen dragen en tegelijkertijd hun eigen voetbalidentiteit willen uitdrukken. De complete set bevat een voetbalshirt en bijpassende trainingsbroek, geschikt voor training, wedstrijden en alledaagse activiteiten.<\/p>\n<p>Het gebruikte materiaal is licht, zacht en ademend, ontworpen met het comfort van kinderen in gedachten. Het voert vocht effectief af en helpt een aangenaam gevoel te behouden tijdens beweging. Kindervorm biedt natuurlijke flexibiliteit en zorgt voor comfortabel dragen zonder belemmeringen.<\/p>\n<p>Het thuiskleding PSG 2025\/26 is strak en tijdloos, ge\u00efnspireerd op traditionele clubkenmerken. Dit Kinder voetbalshirt Compleet is geschikt niet alleen voor sportieve activiteiten, maar ook als een stijlvol cadeau voor jonge voetbalfans.<\/p>\n<p><strong>Personalisatie op maat<\/strong><\/p>\n<p>Dit Kinder voetbalshirt Compleet kan besteld worden met eigen naam en nummer. Kies de naam van het kind, bijnaam of favoriete nummer en cre\u00eber een unieke voetbalset die origineel en persoonlijk zal zijn.<\/p>\n<p><strong>Belangrijkste voordelen van het product:<\/strong><\/p>\n<ul>\n<li>Volledige kinderuitrusting: shirt + korte broek<\/li>\n<li>Mogelijkheid tot eigen naam en nummer<\/li>\n<li>Licht, ademend materiaal geschikt voor kinderen<\/li>\n<li>Uitstekende kinderpasvorm voor actieve beweging<\/li>\n<li>Ideaal voor training, wedstrijden en dagelijks dragen<\/li>\n<\/ul>","protected":false},"excerpt":{"rendered":"<p>Detsk\u00fd Futbalov\u00fd dres Komplet PSG 2025\/26 Dom\u00e1ci \u2013 Vlastn\u00e9 Meno a \u010c\u00edslo Tento Detsk\u00fd Futbalov\u00fd dres Komplet Paris Saint-Germain v dom\u00e1com preveden\u00ed pre sez\u00f3nu 2025\/26 je ide\u00e1lnou vo\u013ebou pre deti, ktor\u00e9 chc\u00fa nosi\u0165 klubov\u00e9 farby a z\u00e1rove\u0148 vyjadri\u0165 vlastn\u00fa futbalov\u00fa identitu. Kompletn\u00fd set obsahuje futbalov\u00fd dres a ladiace tren\u00edrky, vhodn\u00e9 na tr\u00e9ning, z\u00e1pasy aj ka\u017edodenn\u00e9 [&hellip;]<\/p>","protected":false},"featured_media":2411,"comment_status":"open","ping_status":"closed","template":"","meta":{"site-sidebar-layout":"default","site-content-layout":"","ast-site-content-layout":"default","site-content-style":"default","site-sidebar-style":"default","ast-global-header-display":"","ast-banner-title-visibility":"","ast-main-header-display":"","ast-hfb-above-header-display":"","ast-hfb-below-header-display":"","ast-hfb-mobile-header-display":"","site-post-title":"","ast-breadcrumbs-content":"","ast-featured-img":"","footer-sml-layout":"","theme-transparent-header-meta":"default","adv-header-id-meta":"","stick-header-meta":"","header-above-stick-meta":"","header-main-stick-meta":"","header-below-stick-meta":"","astra-migrate-meta-layouts":"set","ast-page-background-enabled":"default","ast-page-background-meta":{"desktop":{"background-color":"var(--ast-global-color-4)","background-image":"","background-repeat":"repeat","background-position":"center center","background-size":"auto","background-attachment":"scroll","background-type":"","background-media":"","overlay-type":"","overlay-color":"","overlay-opacity":"","overlay-gradient":""},"tablet":{"background-color":"","background-image":"","background-repeat":"repeat","background-position":"center center","background-size":"auto","background-attachment":"scroll","background-type":"","background-media":"","overlay-type":"","overlay-color":"","overlay-opacity":"","overlay-gradient":""},"mobile":{"background-color":"","background-image":"","background-repeat":"repeat","background-position":"center center","background-size":"auto","background-attachment":"scroll","background-type":"","background-media":"","overlay-type":"","overlay-color":"","overlay-opacity":"","overlay-gradient":""}},"ast-content-background-meta":{"desktop":{"background-color":"var(--ast-global-color-5)","background-image":"","background-repeat":"repeat","background-position":"center center","background-size":"auto","background-attachment":"scroll","background-type":"","background-media":"","overlay-type":"","overlay-color":"","overlay-opacity":"","overlay-gradient":""},"tablet":{"background-color":"var(--ast-global-color-5)","background-image":"","background-repeat":"repeat","background-position":"center center","background-size":"auto","background-attachment":"scroll","background-type":"","background-media":"","overlay-type":"","overlay-color":"","overlay-opacity":"","overlay-gradient":""},"mobile":{"background-color":"var(--ast-global-color-5)","background-image":"","background-repeat":"repeat","background-position":"center center","background-size":"auto","background-attachment":"scroll","background-type":"","background-media":"","overlay-type":"","overlay-color":"","overlay-opacity":"","overlay-gradient":""}}},"product_brand":[],"product_cat":[72],"product_tag":[251,232,252,253],"class_list":{"0":"post-2409","1":"product","2":"type-product","3":"status-publish","4":"has-post-thumbnail","6":"product_cat-detske-dres-psg","7":"product_tag-detsky-futbalovy-dres-komplet-psg","8":"product_tag-futbalovy-set-pre-deti","9":"product_tag-paris-saint-germain-detsky-dres","10":"product_tag-psg-dres-deti","11":"desktop-align-left","12":"tablet-align-left","13":"mobile-align-left","15":"first","16":"instock","17":"featured","18":"shipping-taxable","19":"purchasable","20":"product-type-variable"},"_links":{"self":[{"href":"https:\/\/www.drespredeti.com\/nl\/wp-json\/wp\/v2\/product\/2409","targetHints":{"allow":["GET"]}}],"collection":[{"href":"https:\/\/www.drespredeti.com\/nl\/wp-json\/wp\/v2\/product"}],"about":[{"href":"https:\/\/www.drespredeti.com\/nl\/wp-json\/wp\/v2\/types\/product"}],"replies":[{"embeddable":true,"href":"https:\/\/www.drespredeti.com\/nl\/wp-json\/wp\/v2\/comments?post=2409"}],"wp:featuredmedia":[{"embeddable":true,"href":"https:\/\/www.drespredeti.com\/nl\/wp-json\/wp\/v2\/media\/2411"}],"wp:attachment":[{"href":"https:\/\/www.drespredeti.com\/nl\/wp-json\/wp\/v2\/media?parent=2409"}],"wp:term":[{"taxonomy":"product_brand","embeddable":true,"href":"https:\/\/www.drespredeti.com\/nl\/wp-json\/wp\/v2\/product_brand?post=2409"},{"taxonomy":"product_cat","embeddable":true,"href":"https:\/\/www.drespredeti.com\/nl\/wp-json\/wp\/v2\/product_cat?post=2409"},{"taxonomy":"product_tag","embeddable":true,"href":"https:\/\/www.drespredeti.com\/nl\/wp-json\/wp\/v2\/product_tag?post=2409"}],"curies":[{"name":"wp","href":"https:\/\/api.w.org\/{rel}","templated":true}]}}