{"id":2089,"date":"2026-01-23T09:38:12","date_gmt":"2026-01-23T08:38:12","guid":{"rendered":"https:\/\/www.futbalovedresysk.com\/?post_type=product&#038;p=2089"},"modified":"2026-01-23T09:51:20","modified_gmt":"2026-01-23T08:51:20","slug":"juventus-detsky-futbalovy-dres-komplet-dusan-vlahovic-9-2025-26-tretina","status":"publish","type":"product","link":"https:\/\/www.drespredeti.com\/nl\/juventus-detsky-futbalovy-dres-komplet-dusan-vlahovic-9-2025-26-tretina\/","title":{"rendered":"Juventus Kind Voetbalshirt Set Dusan Vlahovic #9 2025-26 Derde Deel"},"content":{"rendered":"<h3>Kinder voetbalshirt compleet Juventus 2025-26 Drietallen Dusan Vlahovic #9 \u2013 Kinder Set met eigen Naam en Nummer<\/h3>\n<p>Detsk\u00fd Futbalov\u00fd dres komplet Juventus 2025-26 Tretina s menom Manuel Locatelli #5 je ide\u00e1lny pre mlad\u00fdch fan\u00fa\u0161ikov, ktor\u00ed obdivuj\u00fa jedn\u00e9ho z k\u013e\u00fa\u010dov\u00fdch hr\u00e1\u010dov t\u00edmu Juventus. Tret\u00ed dres sez\u00f3ny 2025\/26 vynik\u00e1 modern\u00fdm dizajnom a odv\u00e1\u017enym farebn\u00fdm rie\u0161en\u00edm, v\u010faka \u010domu sa tento detsk\u00fd komplet okam\u017eite odl\u00ed\u0161i od klasick\u00fdch dom\u00e1cich a vonkaj\u0161\u00edch dresov.<\/p>\n<p>Deze Kindervoetbalshirt set Juventus 2025-26 Derde bevat een shirt met korte mouwen en een korte broek, die zijn ontworpen met aandacht voor kinderscomfort. Het lichte en ademende materiaal van hoogwaardig polyester helpt zweet effici\u00ebnt af te voeren en houdt de huid droog, zelfs tijdens intensief spel of training.<\/p>\n<p>Ergonomick\u00fd strih umo\u017e\u0148uje prirodzen\u00fd pohyb bez obmedzen\u00ed, \u010do ocenia deti pri futbale aj vo vo\u013enom \u010dase. Prec\u00edzne spracovanie, kvalitn\u00e1 potla\u010d mena Manuel Locatelli #5 a klubov\u00e9ho znaku zaru\u010duj\u00fa dlh\u00fa \u017eivotnos\u0165 kompletu aj pri \u010dastom pou\u017e\u00edvan\u00ed. Detsk\u00fd Futbalov\u00fd dres komplet Juventus 2025-26 Tretina tak sp\u013a\u0148a vysok\u00e9 n\u00e1roky na kvalitu aj vizu\u00e1lny dojem.<\/p>\n<p>Een groot voordeel van dit product is de mogelijkheid om naam en nummer aan te passen. Als u dat wenst, kunt u in plaats van de naam van de speler uw eigen naam en nummer kiezen, waardoor de Kindervoetbalshirt set Juventus 2025-26 Derde een persoonlijk en uniek item wordt. Deze optie maakt de set tot een ideaal cadeau voor verjaardagen, feestdagen of als motivatie voor jonge voetballers.<\/p>\n<p>Als je op zoek bent naar een stijlvolle, comfortabele en moderne voetbalset voor kinderen, is het Kinder Voetbalshirt compleet Juventus 2025-26 Drietallen met naam Dusan Vlahovic #9 een geweldige keuze voor elke kleine fan van Juventus.<\/p>","protected":false},"excerpt":{"rendered":"<p>Jeugdfutbalshirt completo Juventus 2025-26 Drieluik Dusan Vlahovic #9 \u2013 Jeugds\u00e6t met eigen naam en nummer Jeugdfutbalshirt completo Juventus 2025-26 Drieluik met naam Dusan Vlahovic #9 is ideaal voor jonge fans die een van de sleutelspelers van Juventus bewonderen. Het derde shirt van het seizoen 2025\/26 onderscheidt zich door een modern ontwerp en een gedurfd kleurverhaal, waardoor dit jeugdcomplete onmiddellijk [\u2026]<\/p>","protected":false},"featured_media":2091,"comment_status":"open","ping_status":"closed","template":"","meta":{"site-sidebar-layout":"default","site-content-layout":"","ast-site-content-layout":"default","site-content-style":"default","site-sidebar-style":"default","ast-global-header-display":"","ast-banner-title-visibility":"","ast-main-header-display":"","ast-hfb-above-header-display":"","ast-hfb-below-header-display":"","ast-hfb-mobile-header-display":"","site-post-title":"","ast-breadcrumbs-content":"","ast-featured-img":"","footer-sml-layout":"","theme-transparent-header-meta":"default","adv-header-id-meta":"","stick-header-meta":"","header-above-stick-meta":"","header-main-stick-meta":"","header-below-stick-meta":"","astra-migrate-meta-layouts":"set","ast-page-background-enabled":"default","ast-page-background-meta":{"desktop":{"background-color":"var(--ast-global-color-4)","background-image":"","background-repeat":"repeat","background-position":"center center","background-size":"auto","background-attachment":"scroll","background-type":"","background-media":"","overlay-type":"","overlay-color":"","overlay-opacity":"","overlay-gradient":""},"tablet":{"background-color":"","background-image":"","background-repeat":"repeat","background-position":"center center","background-size":"auto","background-attachment":"scroll","background-type":"","background-media":"","overlay-type":"","overlay-color":"","overlay-opacity":"","overlay-gradient":""},"mobile":{"background-color":"","background-image":"","background-repeat":"repeat","background-position":"center center","background-size":"auto","background-attachment":"scroll","background-type":"","background-media":"","overlay-type":"","overlay-color":"","overlay-opacity":"","overlay-gradient":""}},"ast-content-background-meta":{"desktop":{"background-color":"var(--ast-global-color-5)","background-image":"","background-repeat":"repeat","background-position":"center center","background-size":"auto","background-attachment":"scroll","background-type":"","background-media":"","overlay-type":"","overlay-color":"","overlay-opacity":"","overlay-gradient":""},"tablet":{"background-color":"var(--ast-global-color-5)","background-image":"","background-repeat":"repeat","background-position":"center center","background-size":"auto","background-attachment":"scroll","background-type":"","background-media":"","overlay-type":"","overlay-color":"","overlay-opacity":"","overlay-gradient":""},"mobile":{"background-color":"var(--ast-global-color-5)","background-image":"","background-repeat":"repeat","background-position":"center center","background-size":"auto","background-attachment":"scroll","background-type":"","background-media":"","overlay-type":"","overlay-color":"","overlay-opacity":"","overlay-gradient":""}}},"product_brand":[],"product_cat":[71],"product_tag":[294,333,334,339,337,338,335,336],"class_list":{"0":"post-2089","1":"product","2":"type-product","3":"status-publish","4":"has-post-thumbnail","6":"product_cat-detske-dres-juventus","7":"product_tag-detsky-futbalovy-dres-2025-26","8":"product_tag-detsky-futbalovy-dres-juventus","9":"product_tag-detsky-futbalovy-dres-komplet-juventus","10":"product_tag-dusan-vlahovic-dres","11":"product_tag-futbalovy-komplet-juventus-pre-deti","12":"product_tag-juventus-2025-26-dres-pre-deti","13":"product_tag-juventus-dres-pre-deti-2025-26","14":"product_tag-juventus-dres-s-vlastnym-menom","15":"desktop-align-left","16":"tablet-align-left","17":"mobile-align-left","19":"first","20":"instock","21":"shipping-taxable","22":"purchasable","23":"product-type-variable"},"_links":{"self":[{"href":"https:\/\/www.drespredeti.com\/nl\/wp-json\/wp\/v2\/product\/2089","targetHints":{"allow":["GET"]}}],"collection":[{"href":"https:\/\/www.drespredeti.com\/nl\/wp-json\/wp\/v2\/product"}],"about":[{"href":"https:\/\/www.drespredeti.com\/nl\/wp-json\/wp\/v2\/types\/product"}],"replies":[{"embeddable":true,"href":"https:\/\/www.drespredeti.com\/nl\/wp-json\/wp\/v2\/comments?post=2089"}],"wp:featuredmedia":[{"embeddable":true,"href":"https:\/\/www.drespredeti.com\/nl\/wp-json\/wp\/v2\/media\/2091"}],"wp:attachment":[{"href":"https:\/\/www.drespredeti.com\/nl\/wp-json\/wp\/v2\/media?parent=2089"}],"wp:term":[{"taxonomy":"product_brand","embeddable":true,"href":"https:\/\/www.drespredeti.com\/nl\/wp-json\/wp\/v2\/product_brand?post=2089"},{"taxonomy":"product_cat","embeddable":true,"href":"https:\/\/www.drespredeti.com\/nl\/wp-json\/wp\/v2\/product_cat?post=2089"},{"taxonomy":"product_tag","embeddable":true,"href":"https:\/\/www.drespredeti.com\/nl\/wp-json\/wp\/v2\/product_tag?post=2089"}],"curies":[{"name":"wp","href":"https:\/\/api.w.org\/{rel}","templated":true}]}}