{"id":10345,"date":"2026-03-13T08:40:43","date_gmt":"2026-03-13T07:40:43","guid":{"rendered":"https:\/\/www.futbalovedresysk.com\/?post_type=product&#038;p=10345"},"modified":"2026-03-13T08:44:26","modified_gmt":"2026-03-13T07:44:26","slug":"futbalove-dresy-crystal-palace-yeremy-pino-10-2025-26-prec","status":"publish","type":"product","link":"https:\/\/www.drespredeti.com\/nl\/futbalove-dresy-crystal-palace-yeremy-pino-10-2025-26-prec\/","title":{"rendered":"Voetbalshirts Crystal Palace Yeremy Pino #10 2025-26 Uit"},"content":{"rendered":"<h2>Voetbalshirts Crystal Palace Yeremy Pino #10 2025-26 Achter \u2013 Heren shirt met naam en rugnummer<\/h2>\n<h3>Uitshirt Crystal Palace voor het seizoen 2025\/26<\/h3>\n<p>Crystal Palace-futbalshirts 2025-26 Voor\/Uit vertegenwoordigen een stijlvolle uitshirtmodel voor fans van de Londense club Crystal Palace. Het ontwerp van het seizoen 2025\/26 brengt moderne grafische elementen en een dynamische voetballook die de traditionele identiteit van het team aanvult. Crystal Palace-futbalshirts 2025-26 Voor\/Uit zijn een geweldige keuze voor fans die hun club willen vertegenwoordigen tijdens uitwedstrijden.<\/p>\n<h3>Comfortabel materiaal voor actieve beweging<\/h3>\n<p>Dres je navrhnut\u00fd s d\u00f4razom na pohodlie po\u010das \u0161portu aj ka\u017edodenn\u00e9ho nosenia. Futbalov\u00e9 dresy Crystal Palace 2025-26 Pre\u010d s\u00fa vyroben\u00e9 z priedu\u0161n\u00e9ho a \u013eahk\u00e9ho materi\u00e1lu, ktor\u00fd pom\u00e1ha odv\u00e1dza\u0165 vlhkos\u0165 a zabezpe\u010duje pr\u00edjemn\u00fd pocit po\u010das tr\u00e9ningu, futbalov\u00fdch aktiv\u00edt alebo vo\u013en\u00e9ho \u010dasu.<\/p>\n<h3>Nauwkeurige afwerking en hoogwaardige details<\/h3>\n<p>Kwalitatieve naden, duidelijke afdruk van het clubembleem en zorgvuldig afgewerkte details zorgen voor een lange levensduur van het product. Crystal Palace-futbalshirts 2025-26 Voor\/Uit behouden vorm en kleur na herhaaldelijk wassen, waardoor ze een betrouwbare supporterstrui zijn voor regelmatig gebruik.<\/p>\n<h3>Gepersonaliseerd voetbalshirt<\/h3>\n<p>Het shirt biedt de mogelijkheid om een eigen naam en nummer toe te voegen naar wens. Crystal Palace-futbalshirts 2025-26 Voor\/Uit kunnen zo een uniek gepersonaliseerd item of een origineel cadeau voor elke Crystal Palace-fan worden.<\/p>\n<h3>Ideale keuze voor Crystal Palace-fans<\/h3>\n<p>Als u op zoek bent naar een modern en comfortabel voetbalshirt, Heren voetbalshirt<strong>\u00a0Crystal Palace 2025-26 Voor\/Uit<\/strong> bieden een combinatie van een stijlvolle uitshirtontwerp, hoogwaardige materialen en de mogelijkheid tot personalisatie. Dit shirt is ideaal om het Crystal Palace-team het hele seizoen te ondersteunen.<\/p>","protected":false},"excerpt":{"rendered":"<p>Futbalov\u00e9 Dresy Crystal Palace Eddie Nketiah #9 2025-26 Pre\u010d \u2013 P\u00e1nsky Dres s Menom a \u010c\u00edslom Hos\u0165uj\u00faci dres Crystal Palace pre sez\u00f3nu 2025\/26 Futbalov\u00e9 dresy Crystal Palace 2025-26 Pre\u010d predstavuj\u00fa \u0161t\u00fdlov\u00fd hos\u0165uj\u00faci model pre fan\u00fa\u0161ikov lond\u00fdnskeho klubu Crystal Palace. Dizajn sez\u00f3ny 2025\/26 prin\u00e1\u0161a modern\u00e9 grafick\u00e9 prvky a dynamick\u00fd futbalov\u00fd vzh\u013ead, ktor\u00fd dop\u013a\u0148a tradi\u010dn\u00fa identitu t\u00edmu. [\u2026]<\/p>","protected":false},"featured_media":10347,"comment_status":"open","ping_status":"closed","template":"","meta":{"site-sidebar-layout":"default","site-content-layout":"","ast-site-content-layout":"default","site-content-style":"default","site-sidebar-style":"default","ast-global-header-display":"","ast-banner-title-visibility":"","ast-main-header-display":"","ast-hfb-above-header-display":"","ast-hfb-below-header-display":"","ast-hfb-mobile-header-display":"","site-post-title":"","ast-breadcrumbs-content":"","ast-featured-img":"","footer-sml-layout":"","theme-transparent-header-meta":"default","adv-header-id-meta":"","stick-header-meta":"","header-above-stick-meta":"","header-main-stick-meta":"","header-below-stick-meta":"","astra-migrate-meta-layouts":"set","ast-page-background-enabled":"default","ast-page-background-meta":{"desktop":{"background-color":"var(--ast-global-color-4)","background-image":"","background-repeat":"repeat","background-position":"center center","background-size":"auto","background-attachment":"scroll","background-type":"","background-media":"","overlay-type":"","overlay-color":"","overlay-opacity":"","overlay-gradient":""},"tablet":{"background-color":"","background-image":"","background-repeat":"repeat","background-position":"center center","background-size":"auto","background-attachment":"scroll","background-type":"","background-media":"","overlay-type":"","overlay-color":"","overlay-opacity":"","overlay-gradient":""},"mobile":{"background-color":"","background-image":"","background-repeat":"repeat","background-position":"center center","background-size":"auto","background-attachment":"scroll","background-type":"","background-media":"","overlay-type":"","overlay-color":"","overlay-opacity":"","overlay-gradient":""}},"ast-content-background-meta":{"desktop":{"background-color":"var(--ast-global-color-5)","background-image":"","background-repeat":"repeat","background-position":"center center","background-size":"auto","background-attachment":"scroll","background-type":"","background-media":"","overlay-type":"","overlay-color":"","overlay-opacity":"","overlay-gradient":""},"tablet":{"background-color":"var(--ast-global-color-5)","background-image":"","background-repeat":"repeat","background-position":"center center","background-size":"auto","background-attachment":"scroll","background-type":"","background-media":"","overlay-type":"","overlay-color":"","overlay-opacity":"","overlay-gradient":""},"mobile":{"background-color":"var(--ast-global-color-5)","background-image":"","background-repeat":"repeat","background-position":"center center","background-size":"auto","background-attachment":"scroll","background-type":"","background-media":"","overlay-type":"","overlay-color":"","overlay-opacity":"","overlay-gradient":""}}},"product_brand":[],"product_cat":[799],"product_tag":[791,790,792,793],"class_list":{"0":"post-10345","1":"product","2":"type-product","3":"status-publish","4":"has-post-thumbnail","6":"product_cat-futbalove-dresy-crystal-palace","7":"product_tag-crystal-palace-dres-2025-26","8":"product_tag-futbalove-dresy-crystal-palace-2025-26","9":"product_tag-pansky-futbalovy-dres-crystal-palace","10":"product_tag-yeremy-pino-dres","11":"desktop-align-left","12":"tablet-align-left","13":"mobile-align-left","15":"first","16":"instock","17":"shipping-taxable","18":"purchasable","19":"product-type-variable"},"_links":{"self":[{"href":"https:\/\/www.drespredeti.com\/nl\/wp-json\/wp\/v2\/product\/10345","targetHints":{"allow":["GET"]}}],"collection":[{"href":"https:\/\/www.drespredeti.com\/nl\/wp-json\/wp\/v2\/product"}],"about":[{"href":"https:\/\/www.drespredeti.com\/nl\/wp-json\/wp\/v2\/types\/product"}],"replies":[{"embeddable":true,"href":"https:\/\/www.drespredeti.com\/nl\/wp-json\/wp\/v2\/comments?post=10345"}],"wp:featuredmedia":[{"embeddable":true,"href":"https:\/\/www.drespredeti.com\/nl\/wp-json\/wp\/v2\/media\/10347"}],"wp:attachment":[{"href":"https:\/\/www.drespredeti.com\/nl\/wp-json\/wp\/v2\/media?parent=10345"}],"wp:term":[{"taxonomy":"product_brand","embeddable":true,"href":"https:\/\/www.drespredeti.com\/nl\/wp-json\/wp\/v2\/product_brand?post=10345"},{"taxonomy":"product_cat","embeddable":true,"href":"https:\/\/www.drespredeti.com\/nl\/wp-json\/wp\/v2\/product_cat?post=10345"},{"taxonomy":"product_tag","embeddable":true,"href":"https:\/\/www.drespredeti.com\/nl\/wp-json\/wp\/v2\/product_tag?post=10345"}],"curies":[{"name":"wp","href":"https:\/\/api.w.org\/{rel}","templated":true}]}}