{"id":10039,"date":"2026-02-12T09:56:10","date_gmt":"2026-02-12T08:56:10","guid":{"rendered":"https:\/\/www.futbalovedresysk.com\/?post_type=product&#038;p=10039"},"modified":"2026-02-12T10:18:09","modified_gmt":"2026-02-12T09:18:09","slug":"futbalovy-dres-celtic-2025-26-tretina","status":"publish","type":"product","link":"https:\/\/www.drespredeti.com\/nl\/futbalovy-dres-celtic-2025-26-tretina\/","title":{"rendered":"Voetbalshirt Celtic 2025-26 Halve"},"content":{"rendered":"<h2>Voetbalshirt Celtic Tweede 2025\/26<\/h2>\n<p>Voetbalshirt Celtic Tweede van 2025\/26 in een derde uitvoering is de ideale keuze voor fans die op zoek zijn naar een moderne look en comfortabel vakwerk. Dit model combineert clubidentiteit met de actuele designtrends en is geschikt ter ondersteuning van het team en voor dagelijks dragen.<\/p>\n<h3>Derde ontwerp van het seizoen 2025\/26<\/h3>\n<p>Het derde shirtontwerp brengt een andere kleurenoplossing en subtiele grafische details die het traditionele karakter van de club aanvullen. Het Celtic-voetbalshirt in deze uitvoering ziet er dynamisch uit en spreekt fans aan die hun collectie willen vergroten met een alternatief variant van het seizoen 2025\/26.<\/p>\n<h3>Materiaal en comfort<\/h3>\n<p>Licht en ademend weefsel zorgt voor een aangenaam gevoel tijdens het dragen. De pasvorm is zo ontworpen dat natuurlijke beweging mogelijk is tijdens sport en vrije tijd. Het Celtic-voetbalshirt is geschikt voor training, recreatief voetbal en het volgen van wedstrijden in het stadion.<\/p>\n<h3>Mogelijkheid tot personalisatie<\/h3>\n<div>\n<p><strong>Aanpassing op maat:<\/strong> het voetbalshirt Celtic is ook verkrijgbaar met <strong>eigen naam en nummer<\/strong>, waardoor je een uniek shirt naar eigen voorkeur kunt verkrijgen.<\/p>\n<\/div>\n<h3>Belangrijkste voordelen<\/h3>\n<ul>\n<li>Voetbalshirt Celtic \u2013 derde ontwerp 2025\/26<\/li>\n<li>Ademend en licht materiaal<\/li>\n<li>Comfortabele sportsnit<\/li>\n<li>Mogelijkheid tot eigen naam en nummer<\/li>\n<\/ul>","protected":false},"excerpt":{"rendered":"<p>Futbalov\u00fd dres Celtic Tretina 2025\/26 Futbalov\u00fd dres Celtic v tre\u0165om preveden\u00ed pre sez\u00f3nu 2025\/26  je ide\u00e1lnou vo\u013ebou pre fan\u00fa\u0161ikov, ktor\u00ed h\u013eadaj\u00fa modern\u00fd vzh\u013ead a pohodln\u00e9 spracovanie. Tento model kombinuje klubov\u00fa identitu s aktu\u00e1lnym dizajnov\u00fdm trendom a je vhodn\u00fd na podporu t\u00edmu aj ka\u017edodenn\u00e9 nosenie. Tret\u00ed dizajn sez\u00f3ny 2025\/26 Tretia verzia dresu prin\u00e1\u0161a odli\u0161n\u00e9 farebn\u00e9 rie\u0161enie [\u2026]<\/p>","protected":false},"featured_media":10041,"comment_status":"open","ping_status":"closed","template":"","meta":{"site-sidebar-layout":"default","site-content-layout":"","ast-site-content-layout":"default","site-content-style":"default","site-sidebar-style":"default","ast-global-header-display":"","ast-banner-title-visibility":"","ast-main-header-display":"","ast-hfb-above-header-display":"","ast-hfb-below-header-display":"","ast-hfb-mobile-header-display":"","site-post-title":"","ast-breadcrumbs-content":"","ast-featured-img":"","footer-sml-layout":"","theme-transparent-header-meta":"default","adv-header-id-meta":"","stick-header-meta":"","header-above-stick-meta":"","header-main-stick-meta":"","header-below-stick-meta":"","astra-migrate-meta-layouts":"set","ast-page-background-enabled":"default","ast-page-background-meta":{"desktop":{"background-color":"var(--ast-global-color-4)","background-image":"","background-repeat":"repeat","background-position":"center center","background-size":"auto","background-attachment":"scroll","background-type":"","background-media":"","overlay-type":"","overlay-color":"","overlay-opacity":"","overlay-gradient":""},"tablet":{"background-color":"","background-image":"","background-repeat":"repeat","background-position":"center center","background-size":"auto","background-attachment":"scroll","background-type":"","background-media":"","overlay-type":"","overlay-color":"","overlay-opacity":"","overlay-gradient":""},"mobile":{"background-color":"","background-image":"","background-repeat":"repeat","background-position":"center center","background-size":"auto","background-attachment":"scroll","background-type":"","background-media":"","overlay-type":"","overlay-color":"","overlay-opacity":"","overlay-gradient":""}},"ast-content-background-meta":{"desktop":{"background-color":"var(--ast-global-color-5)","background-image":"","background-repeat":"repeat","background-position":"center center","background-size":"auto","background-attachment":"scroll","background-type":"","background-media":"","overlay-type":"","overlay-color":"","overlay-opacity":"","overlay-gradient":""},"tablet":{"background-color":"var(--ast-global-color-5)","background-image":"","background-repeat":"repeat","background-position":"center center","background-size":"auto","background-attachment":"scroll","background-type":"","background-media":"","overlay-type":"","overlay-color":"","overlay-opacity":"","overlay-gradient":""},"mobile":{"background-color":"var(--ast-global-color-5)","background-image":"","background-repeat":"repeat","background-position":"center center","background-size":"auto","background-attachment":"scroll","background-type":"","background-media":"","overlay-type":"","overlay-color":"","overlay-opacity":"","overlay-gradient":""}}},"product_brand":[],"product_cat":[561],"product_tag":[547,546,550,548,549,545],"class_list":{"0":"post-10039","1":"product","2":"type-product","3":"status-publish","4":"has-post-thumbnail","6":"product_cat-futbalove-dresy-celtic","7":"product_tag-celtic-2025-26-zapasovy-dres-muzsky","8":"product_tag-celtic-fc-dres-pansky","9":"product_tag-celtic-fc-fanusikovsky-dres-pansky","10":"product_tag-dres-celtic-s-vlastnym-menom","11":"product_tag-lacny-pansky-futbalovy-dres-celtic","12":"product_tag-pansky-futbalovy-dres-celtic-2025-26","13":"desktop-align-left","14":"tablet-align-left","15":"mobile-align-left","17":"first","18":"instock","19":"shipping-taxable","20":"purchasable","21":"product-type-variable"},"_links":{"self":[{"href":"https:\/\/www.drespredeti.com\/nl\/wp-json\/wp\/v2\/product\/10039","targetHints":{"allow":["GET"]}}],"collection":[{"href":"https:\/\/www.drespredeti.com\/nl\/wp-json\/wp\/v2\/product"}],"about":[{"href":"https:\/\/www.drespredeti.com\/nl\/wp-json\/wp\/v2\/types\/product"}],"replies":[{"embeddable":true,"href":"https:\/\/www.drespredeti.com\/nl\/wp-json\/wp\/v2\/comments?post=10039"}],"wp:featuredmedia":[{"embeddable":true,"href":"https:\/\/www.drespredeti.com\/nl\/wp-json\/wp\/v2\/media\/10041"}],"wp:attachment":[{"href":"https:\/\/www.drespredeti.com\/nl\/wp-json\/wp\/v2\/media?parent=10039"}],"wp:term":[{"taxonomy":"product_brand","embeddable":true,"href":"https:\/\/www.drespredeti.com\/nl\/wp-json\/wp\/v2\/product_brand?post=10039"},{"taxonomy":"product_cat","embeddable":true,"href":"https:\/\/www.drespredeti.com\/nl\/wp-json\/wp\/v2\/product_cat?post=10039"},{"taxonomy":"product_tag","embeddable":true,"href":"https:\/\/www.drespredeti.com\/nl\/wp-json\/wp\/v2\/product_tag?post=10039"}],"curies":[{"name":"wp","href":"https:\/\/api.w.org\/{rel}","templated":true}]}}