{"id":10035,"date":"2026-02-12T09:54:11","date_gmt":"2026-02-12T08:54:11","guid":{"rendered":"https:\/\/www.futbalovedresysk.com\/?post_type=product&#038;p=10035"},"modified":"2026-02-12T10:18:35","modified_gmt":"2026-02-12T09:18:35","slug":"futbalovy-dres-celtic-2025-26-prec","status":"publish","type":"product","link":"https:\/\/www.drespredeti.com\/nl\/futbalovy-dres-celtic-2025-26-prec\/","title":{"rendered":"Voetbalshirt Celtic 2025-26 Uit"},"content":{"rendered":"<h2>Futbalshirt van Celtic Voor 2025\/26<\/h2>\n<p>Futbalshirt van Celtic Voor de Voor-variant voor het seizoen 2025\/26 is ontworpen voor fans die de club ook tegenstanders op het veld willen vertegenwoordigen. Dit model biedt een frisse kleuroplossing en moderne lijnen die de dynamische aard van het team benadrukken.<\/p>\n<h3>Vooruit ontwerp met uitgesproken karakter<\/h3>\n<p>Vonkaj\u0161ia verzia dresu pre ro\u010dn\u00edk 2025\/26 sa odli\u0161uje od dom\u00e1ceho aj tretieho variantu a pon\u00faka jedine\u010dn\u00fd vizu\u00e1lny \u0161t\u00fdl. dres p\u00e1nsky Celtic v tomto spracovan\u00ed oslov\u00ed priaznivcov, ktor\u00ed h\u013eadaj\u00fa alternat\u00edvny klubov\u00fd vzh\u013ead s autentick\u00fdmi detailmi.<\/p>\n<h3>Functioneel materiaal en comfort<\/h3>\n<p>Modern\u00e1 \u0161portov\u00e1 tkanina zabezpe\u010duje dobr\u00fa cirkul\u00e1ciu vzduchu a r\u00fdchle schnutie. Strih podporuje vo\u013enos\u0165 pohybu pri akt\u00edvnom \u0161porte aj po\u010das be\u017en\u00e9ho nosenia. Futbalov\u00fd dres Celtic je vhodn\u00fd na tr\u00e9ning, amat\u00e9rske z\u00e1pasy aj sledovanie stretnut\u00ed na \u0161tadi\u00f3ne.<\/p>\n<h3>Mogelijkheid tot eigen aanpassing<\/h3>\n<div>\n<p><strong>Personalisatie:<\/strong> futbalov\u00fd dres Celtic 2025\/26 Voor is ook bestelbaar met <strong>eigen naam en nummer<\/strong>, wat het mogelijk maakt een originele en uniek sportartikel te cre\u00ebren.<\/p>\n<\/div>\n<h3>Belangrijkste kenmerken<\/h3>\n<ul>\n<li>dres heren Celtic \u2013 Voor versie 2025\/26<\/li>\n<li>Licht en ademend materiaal<\/li>\n<li>Sportieve pasvorm voor comfortabel dragen<\/li>\n<li>Mogelijkheid tot eigen naam en nummer<\/li>\n<\/ul>","protected":false},"excerpt":{"rendered":"<p>Futbalshirt van Celtic Pre\u010d 2025\/26 Futbalshirt van Celtic in het Pre\u010d-model voor het seizoen 2025\/26 is ontworpen voor fans die de club ook op uitwedstrijden willen vertegenwoordigen. Dit model brengt een frisse kleurovergang en moderne lijnen die de dynamische aard van het team benadrukken. Pre\u010d ontwerp met uitgesproken karakter. Uitvoerversie van het shirt voor het seizoen 2025\/26 onderscheidt zich van het thuis...<\/p>","protected":false},"featured_media":10037,"comment_status":"open","ping_status":"closed","template":"","meta":{"site-sidebar-layout":"default","site-content-layout":"","ast-site-content-layout":"default","site-content-style":"default","site-sidebar-style":"default","ast-global-header-display":"","ast-banner-title-visibility":"","ast-main-header-display":"","ast-hfb-above-header-display":"","ast-hfb-below-header-display":"","ast-hfb-mobile-header-display":"","site-post-title":"","ast-breadcrumbs-content":"","ast-featured-img":"","footer-sml-layout":"","theme-transparent-header-meta":"default","adv-header-id-meta":"","stick-header-meta":"","header-above-stick-meta":"","header-main-stick-meta":"","header-below-stick-meta":"","astra-migrate-meta-layouts":"set","ast-page-background-enabled":"default","ast-page-background-meta":{"desktop":{"background-color":"var(--ast-global-color-4)","background-image":"","background-repeat":"repeat","background-position":"center center","background-size":"auto","background-attachment":"scroll","background-type":"","background-media":"","overlay-type":"","overlay-color":"","overlay-opacity":"","overlay-gradient":""},"tablet":{"background-color":"","background-image":"","background-repeat":"repeat","background-position":"center center","background-size":"auto","background-attachment":"scroll","background-type":"","background-media":"","overlay-type":"","overlay-color":"","overlay-opacity":"","overlay-gradient":""},"mobile":{"background-color":"","background-image":"","background-repeat":"repeat","background-position":"center center","background-size":"auto","background-attachment":"scroll","background-type":"","background-media":"","overlay-type":"","overlay-color":"","overlay-opacity":"","overlay-gradient":""}},"ast-content-background-meta":{"desktop":{"background-color":"var(--ast-global-color-5)","background-image":"","background-repeat":"repeat","background-position":"center center","background-size":"auto","background-attachment":"scroll","background-type":"","background-media":"","overlay-type":"","overlay-color":"","overlay-opacity":"","overlay-gradient":""},"tablet":{"background-color":"var(--ast-global-color-5)","background-image":"","background-repeat":"repeat","background-position":"center center","background-size":"auto","background-attachment":"scroll","background-type":"","background-media":"","overlay-type":"","overlay-color":"","overlay-opacity":"","overlay-gradient":""},"mobile":{"background-color":"var(--ast-global-color-5)","background-image":"","background-repeat":"repeat","background-position":"center center","background-size":"auto","background-attachment":"scroll","background-type":"","background-media":"","overlay-type":"","overlay-color":"","overlay-opacity":"","overlay-gradient":""}}},"product_brand":[],"product_cat":[561],"product_tag":[547,546,550,548,549,545],"class_list":{"0":"post-10035","1":"product","2":"type-product","3":"status-publish","4":"has-post-thumbnail","6":"product_cat-futbalove-dresy-celtic","7":"product_tag-celtic-2025-26-zapasovy-dres-muzsky","8":"product_tag-celtic-fc-dres-pansky","9":"product_tag-celtic-fc-fanusikovsky-dres-pansky","10":"product_tag-dres-celtic-s-vlastnym-menom","11":"product_tag-lacny-pansky-futbalovy-dres-celtic","12":"product_tag-pansky-futbalovy-dres-celtic-2025-26","13":"desktop-align-left","14":"tablet-align-left","15":"mobile-align-left","17":"first","18":"instock","19":"shipping-taxable","20":"purchasable","21":"product-type-variable"},"_links":{"self":[{"href":"https:\/\/www.drespredeti.com\/nl\/wp-json\/wp\/v2\/product\/10035","targetHints":{"allow":["GET"]}}],"collection":[{"href":"https:\/\/www.drespredeti.com\/nl\/wp-json\/wp\/v2\/product"}],"about":[{"href":"https:\/\/www.drespredeti.com\/nl\/wp-json\/wp\/v2\/types\/product"}],"replies":[{"embeddable":true,"href":"https:\/\/www.drespredeti.com\/nl\/wp-json\/wp\/v2\/comments?post=10035"}],"wp:featuredmedia":[{"embeddable":true,"href":"https:\/\/www.drespredeti.com\/nl\/wp-json\/wp\/v2\/media\/10037"}],"wp:attachment":[{"href":"https:\/\/www.drespredeti.com\/nl\/wp-json\/wp\/v2\/media?parent=10035"}],"wp:term":[{"taxonomy":"product_brand","embeddable":true,"href":"https:\/\/www.drespredeti.com\/nl\/wp-json\/wp\/v2\/product_brand?post=10035"},{"taxonomy":"product_cat","embeddable":true,"href":"https:\/\/www.drespredeti.com\/nl\/wp-json\/wp\/v2\/product_cat?post=10035"},{"taxonomy":"product_tag","embeddable":true,"href":"https:\/\/www.drespredeti.com\/nl\/wp-json\/wp\/v2\/product_tag?post=10035"}],"curies":[{"name":"wp","href":"https:\/\/api.w.org\/{rel}","templated":true}]}}