{"id":8,"date":"2025-11-14T07:19:43","date_gmt":"2025-11-14T06:19:43","guid":{"rendered":"http:\/\/futbalovedresysk.com\/kosik\/"},"modified":"2025-11-14T07:33:07","modified_gmt":"2025-11-14T06:33:07","slug":"kosik","status":"publish","type":"page","link":"https:\/\/www.drespredeti.com\/nl\/kosik\/","title":{"rendered":"Winkelwagen"},"content":{"rendered":"<div data-block-name=\"woocommerce\/cart\" class=\"wp-block-woocommerce-cart alignwide is-loading\">\n<div data-block-name=\"woocommerce\/filled-cart-block\" class=\"wp-block-woocommerce-filled-cart-block\">\n<div data-block-name=\"woocommerce\/cart-items-block\" class=\"wp-block-woocommerce-cart-items-block\">\n<div data-block-name=\"woocommerce\/cart-line-items-block\" class=\"wp-block-woocommerce-cart-line-items-block\"><\/div>\n\n\n<\/div>\n\n\n\n\n<div data-block-name=\"woocommerce\/cart-totals-block\" class=\"wp-block-woocommerce-cart-totals-block\">\n<div data-block-name=\"woocommerce\/cart-order-summary-block\" class=\"wp-block-woocommerce-cart-order-summary-block\">\n<div data-block-name=\"woocommerce\/cart-order-summary-heading-block\" class=\"wp-block-woocommerce-cart-order-summary-heading-block\"><\/div><div data-block-name=\"woocommerce\/cart-order-summary-coupon-form-block\" class=\"wp-block-woocommerce-cart-order-summary-coupon-form-block\"><\/div><div data-block-name=\"woocommerce\/cart-order-summary-totals-block\" class=\"wp-block-woocommerce-cart-order-summary-totals-block\">\n<div data-block-name=\"woocommerce\/cart-order-summary-subtotal-block\" class=\"wp-block-woocommerce-cart-order-summary-subtotal-block\"><\/div>\n<div data-block-name=\"woocommerce\/cart-order-summary-discount-block\" class=\"wp-block-woocommerce-cart-order-summary-discount-block\"><\/div>\n<div data-block-name=\"woocommerce\/cart-order-summary-fee-block\" class=\"wp-block-woocommerce-cart-order-summary-fee-block\"><\/div>\n<div data-block-name=\"woocommerce\/cart-order-summary-shipping-block\" class=\"wp-block-woocommerce-cart-order-summary-shipping-block\"><\/div>\n<div data-block-name=\"woocommerce\/cart-order-summary-taxes-block\" class=\"wp-block-woocommerce-cart-order-summary-taxes-block\"><\/div><\/div>\n<\/div>\n\n\n\n<div data-block-name=\"woocommerce\/cart-express-payment-block\" class=\"wp-block-woocommerce-cart-express-payment-block\"><\/div>\n\n\n\n<div data-block-name=\"woocommerce\/proceed-to-checkout-block\" class=\"wp-block-woocommerce-proceed-to-checkout-block\"><\/div>\n\n\n\n<div data-block-name=\"woocommerce\/cart-accepted-payment-methods-block\" class=\"wp-block-woocommerce-cart-accepted-payment-methods-block\"><\/div>\n<\/div>\n<\/div>\n\n\n\n<div data-block-name=\"woocommerce\/empty-cart-block\" class=\"wp-block-woocommerce-empty-cart-block\">\n<h2 class=\"wp-block-heading has-text-align-center with-empty-cart-icon wc-block-cart__empty-cart__title\">Uw winkelwagen is momenteel leeg!<\/h2>\n\n\n\n<hr class=\"wp-block-separator has-alpha-channel-opacity is-style-dots\"\/>\n\n\n\n<h2 class=\"wp-block-heading has-text-align-center\">Nieuwigheden in de winkel<\/h2>\n\n\n<div data-block-name=\"woocommerce\/product-new\" data-columns=\"4\" data-rows=\"1\" class=\"wc-block-grid wp-block-product-new wp-block-woocommerce-product-new wc-block-product-new has-4-columns\"><ul class=\"wc-block-grid__products\"><li class=\"wc-block-grid__product\">\n\t\t\t\t<a href=\"https:\/\/www.drespredeti.com\/nl\/futbalovy-komplet-real-madrid-2025-26-vonkajsi-pansky-vinicius-junior-7\/\" class=\"wc-block-grid__product-link\">\n\t\t\t\t\t\n\t\t\t\t\t<div class=\"wc-block-grid__product-image\"><img fetchpriority=\"high\" decoding=\"async\" width=\"300\" height=\"300\" src=\"https:\/\/www.drespredeti.com\/wp-content\/uploads\/Real-Madrid-2025-26-Vonkajsi-Pansky-Futbalovy-Set-Vinicius-Junior-7-\u2013-Kratky-Rukav-Sortky-300x300.jpg\" class=\"attachment-woocommerce_thumbnail size-woocommerce_thumbnail\" alt=\"Voetbalpak Real Madrid 2025\/26 Buitenlands Heren Vinicius Junior #7\" srcset=\"https:\/\/www.drespredeti.com\/wp-content\/uploads\/Real-Madrid-2025-26-Vonkajsi-Pansky-Futbalovy-Set-Vinicius-Junior-7-\u2013-Kratky-Rukav-Sortky-300x300.jpg 300w, https:\/\/www.drespredeti.com\/wp-content\/uploads\/Real-Madrid-2025-26-Vonkajsi-Pansky-Futbalovy-Set-Vinicius-Junior-7-\u2013-Kratky-Rukav-Sortky-768x768.jpg 768w, https:\/\/www.drespredeti.com\/wp-content\/uploads\/Real-Madrid-2025-26-Vonkajsi-Pansky-Futbalovy-Set-Vinicius-Junior-7-\u2013-Kratky-Rukav-Sortky-12x12.jpg 12w, https:\/\/www.drespredeti.com\/wp-content\/uploads\/Real-Madrid-2025-26-Vonkajsi-Pansky-Futbalovy-Set-Vinicius-Junior-7-\u2013-Kratky-Rukav-Sortky-600x600.jpg 600w, https:\/\/www.drespredeti.com\/wp-content\/uploads\/Real-Madrid-2025-26-Vonkajsi-Pansky-Futbalovy-Set-Vinicius-Junior-7-\u2013-Kratky-Rukav-Sortky-100x100.jpg 100w, https:\/\/www.drespredeti.com\/wp-content\/uploads\/Real-Madrid-2025-26-Vonkajsi-Pansky-Futbalovy-Set-Vinicius-Junior-7-\u2013-Kratky-Rukav-Sortky.jpg 800w\" sizes=\"(max-width: 300px) 100vw, 300px\" title=\"\"><\/div>\n\t\t\t\t\t<div class=\"wc-block-grid__product-title\">Voetbalpak Real Madrid 2025\/26 Buitenlands Heren Vinicius Junior #7<\/div>\n\t\t\t\t<\/a>\n\t\t\t\t<div class=\"wc-block-grid__product-price price\"><span class=\"wcpbc-price wcpbc-price-14850\" data-product-id=\"14850\"><span class=\"woocommerce-Price-amount amount\">46.69&nbsp;<span class=\"woocommerce-Price-currencySymbol\">\u20ac<\/span><\/span><\/span><\/div>\n\t\t\t\t\n\t\t\t\t<div class=\"wp-block-button wc-block-grid__product-add-to-cart\"><a href=\"https:\/\/www.drespredeti.com\/nl\/futbalovy-komplet-real-madrid-2025-26-vonkajsi-pansky-vinicius-junior-7\/\" aria-label=\"Kies opties voor \u201cFutbalov\u00fd komplet Real Madrid 2025\/26 Vonkaj\u0161\u00ed P\u00e1nsky Vinicius Junior #7\u201d\" data-quantity=\"1\" data-product_id=\"14850\" data-product_sku=\"\" data-price=\"46.69\" rel=\"nofollow\" class=\"wp-block-button__link  add_to_cart_button\" data-no-translation=\"\" data-trp-gettext=\"\" data-no-translation-aria-label=\"\">Kies opties<\/a><\/div>\n\t\t\t<\/li><li class=\"wc-block-grid__product\">\n\t\t\t\t<a href=\"https:\/\/www.drespredeti.com\/nl\/futbalovy-komplet-real-madrid-2025-26-vonkajsi-pansky-vinicius-junior-7-dlhy-rukav-sortky\/\" class=\"wc-block-grid__product-link\">\n\t\t\t\t\t\n\t\t\t\t\t<div class=\"wc-block-grid__product-image\"><img decoding=\"async\" width=\"300\" height=\"300\" src=\"https:\/\/www.drespredeti.com\/wp-content\/uploads\/Real-Madrid-2025-26-Vonkajsi-Pansky-Futbalovy-Set-Vinicius-Junior-7-\u2013-Dlhy-Rukav-Sortky-300x300.jpg\" class=\"attachment-woocommerce_thumbnail size-woocommerce_thumbnail\" alt=\"Voetbalpak Real Madrid 2025\/26 Buitenlands Heren Vinicius Junior #7 \u2013 Lange mouwen + Short\" srcset=\"https:\/\/www.drespredeti.com\/wp-content\/uploads\/Real-Madrid-2025-26-Vonkajsi-Pansky-Futbalovy-Set-Vinicius-Junior-7-\u2013-Dlhy-Rukav-Sortky-300x300.jpg 300w, https:\/\/www.drespredeti.com\/wp-content\/uploads\/Real-Madrid-2025-26-Vonkajsi-Pansky-Futbalovy-Set-Vinicius-Junior-7-\u2013-Dlhy-Rukav-Sortky-768x768.jpg 768w, https:\/\/www.drespredeti.com\/wp-content\/uploads\/Real-Madrid-2025-26-Vonkajsi-Pansky-Futbalovy-Set-Vinicius-Junior-7-\u2013-Dlhy-Rukav-Sortky-12x12.jpg 12w, https:\/\/www.drespredeti.com\/wp-content\/uploads\/Real-Madrid-2025-26-Vonkajsi-Pansky-Futbalovy-Set-Vinicius-Junior-7-\u2013-Dlhy-Rukav-Sortky-600x600.jpg 600w, https:\/\/www.drespredeti.com\/wp-content\/uploads\/Real-Madrid-2025-26-Vonkajsi-Pansky-Futbalovy-Set-Vinicius-Junior-7-\u2013-Dlhy-Rukav-Sortky-100x100.jpg 100w, https:\/\/www.drespredeti.com\/wp-content\/uploads\/Real-Madrid-2025-26-Vonkajsi-Pansky-Futbalovy-Set-Vinicius-Junior-7-\u2013-Dlhy-Rukav-Sortky.jpg 800w\" sizes=\"(max-width: 300px) 100vw, 300px\" title=\"\"><\/div>\n\t\t\t\t\t<div class=\"wc-block-grid__product-title\">Voetbalpak Real Madrid 2025\/26 Buitenlands Heren Vinicius Junior #7 \u2013 Lange mouwen + Short<\/div>\n\t\t\t\t<\/a>\n\t\t\t\t<div class=\"wc-block-grid__product-price price\"><span class=\"wcpbc-price wcpbc-price-14848\" data-product-id=\"14848\"><span class=\"woocommerce-Price-amount amount\">49.69&nbsp;<span class=\"woocommerce-Price-currencySymbol\">\u20ac<\/span><\/span><\/span><\/div>\n\t\t\t\t\n\t\t\t\t<div class=\"wp-block-button wc-block-grid__product-add-to-cart\"><a href=\"https:\/\/www.drespredeti.com\/nl\/futbalovy-komplet-real-madrid-2025-26-vonkajsi-pansky-vinicius-junior-7-dlhy-rukav-sortky\/\" aria-label=\"Kies opties voor \u201cFutbalov\u00fd komplet Real Madrid 2025\/26 Vonkaj\u0161\u00ed P\u00e1nsky Vinicius Junior #7 \u2013 Dlh\u00fd Ruk\u00e1v + \u0160ortky\u201d\" data-quantity=\"1\" data-product_id=\"14848\" data-product_sku=\"\" data-price=\"49.69\" rel=\"nofollow\" class=\"wp-block-button__link  add_to_cart_button\" data-no-translation=\"\" data-trp-gettext=\"\" data-no-translation-aria-label=\"\">Kies opties<\/a><\/div>\n\t\t\t<\/li><li class=\"wc-block-grid__product\">\n\t\t\t\t<a href=\"https:\/\/www.drespredeti.com\/nl\/futbalovy-komplet-real-madrid-2025-26-vonkajsi-pansky-rodrygo-11\/\" class=\"wc-block-grid__product-link\">\n\t\t\t\t\t\n\t\t\t\t\t<div class=\"wc-block-grid__product-image\"><img decoding=\"async\" width=\"300\" height=\"300\" src=\"https:\/\/www.drespredeti.com\/wp-content\/uploads\/Real-Madrid-2025-26-Vonkajsi-Pansky-Futbalovy-Set-Rodrygo-11-\u2013-Kratky-Rukav-Sortky-300x300.jpg\" class=\"attachment-woocommerce_thumbnail size-woocommerce_thumbnail\" alt=\"Voetbalpak Real Madrid 2025\/26 Buitenlands Heren Rodrygo #11\" srcset=\"https:\/\/www.drespredeti.com\/wp-content\/uploads\/Real-Madrid-2025-26-Vonkajsi-Pansky-Futbalovy-Set-Rodrygo-11-\u2013-Kratky-Rukav-Sortky-300x300.jpg 300w, https:\/\/www.drespredeti.com\/wp-content\/uploads\/Real-Madrid-2025-26-Vonkajsi-Pansky-Futbalovy-Set-Rodrygo-11-\u2013-Kratky-Rukav-Sortky-768x768.jpg 768w, https:\/\/www.drespredeti.com\/wp-content\/uploads\/Real-Madrid-2025-26-Vonkajsi-Pansky-Futbalovy-Set-Rodrygo-11-\u2013-Kratky-Rukav-Sortky-12x12.jpg 12w, https:\/\/www.drespredeti.com\/wp-content\/uploads\/Real-Madrid-2025-26-Vonkajsi-Pansky-Futbalovy-Set-Rodrygo-11-\u2013-Kratky-Rukav-Sortky-600x600.jpg 600w, https:\/\/www.drespredeti.com\/wp-content\/uploads\/Real-Madrid-2025-26-Vonkajsi-Pansky-Futbalovy-Set-Rodrygo-11-\u2013-Kratky-Rukav-Sortky-100x100.jpg 100w, https:\/\/www.drespredeti.com\/wp-content\/uploads\/Real-Madrid-2025-26-Vonkajsi-Pansky-Futbalovy-Set-Rodrygo-11-\u2013-Kratky-Rukav-Sortky.jpg 800w\" sizes=\"(max-width: 300px) 100vw, 300px\" title=\"\"><\/div>\n\t\t\t\t\t<div class=\"wc-block-grid__product-title\">Voetbalpak Real Madrid 2025\/26 Buitenlands Heren Rodrygo #11<\/div>\n\t\t\t\t<\/a>\n\t\t\t\t<div class=\"wc-block-grid__product-price price\"><span class=\"wcpbc-price wcpbc-price-14846\" data-product-id=\"14846\"><span class=\"woocommerce-Price-amount amount\">46.69&nbsp;<span class=\"woocommerce-Price-currencySymbol\">\u20ac<\/span><\/span><\/span><\/div>\n\t\t\t\t\n\t\t\t\t<div class=\"wp-block-button wc-block-grid__product-add-to-cart\"><a href=\"https:\/\/www.drespredeti.com\/nl\/futbalovy-komplet-real-madrid-2025-26-vonkajsi-pansky-rodrygo-11\/\" aria-label=\"Kies opties voor \u201cFutbalov\u00fd komplet Real Madrid 2025\/26 Vonkaj\u0161\u00ed P\u00e1nsky Rodrygo #11\u201d\" data-quantity=\"1\" data-product_id=\"14846\" data-product_sku=\"\" data-price=\"46.69\" rel=\"nofollow\" class=\"wp-block-button__link  add_to_cart_button\" data-no-translation=\"\" data-trp-gettext=\"\" data-no-translation-aria-label=\"\">Kies opties<\/a><\/div>\n\t\t\t<\/li><li class=\"wc-block-grid__product\">\n\t\t\t\t<a href=\"https:\/\/www.drespredeti.com\/nl\/futbalovy-komplet-real-madrid-2025-26-vonkajsi-pansky-rodrygo-11-dlhy-rukav-sortky\/\" class=\"wc-block-grid__product-link\">\n\t\t\t\t\t\n\t\t\t\t\t<div class=\"wc-block-grid__product-image\"><img loading=\"lazy\" decoding=\"async\" width=\"300\" height=\"300\" src=\"https:\/\/www.drespredeti.com\/wp-content\/uploads\/Real-Madrid-2025-26-Vonkajsi-Pansky-Futbalovy-Set-Rodrygo-11-\u2013-Dlhy-Rukav-Sortky-300x300.jpg\" class=\"attachment-woocommerce_thumbnail size-woocommerce_thumbnail\" alt=\"Voetbalpak Real Madrid 2025\/26 Buitenlands Heren Rodrygo #11 \u2013 Lange mouwen + Short\" srcset=\"https:\/\/www.drespredeti.com\/wp-content\/uploads\/Real-Madrid-2025-26-Vonkajsi-Pansky-Futbalovy-Set-Rodrygo-11-\u2013-Dlhy-Rukav-Sortky-300x300.jpg 300w, https:\/\/www.drespredeti.com\/wp-content\/uploads\/Real-Madrid-2025-26-Vonkajsi-Pansky-Futbalovy-Set-Rodrygo-11-\u2013-Dlhy-Rukav-Sortky-768x768.jpg 768w, https:\/\/www.drespredeti.com\/wp-content\/uploads\/Real-Madrid-2025-26-Vonkajsi-Pansky-Futbalovy-Set-Rodrygo-11-\u2013-Dlhy-Rukav-Sortky-12x12.jpg 12w, https:\/\/www.drespredeti.com\/wp-content\/uploads\/Real-Madrid-2025-26-Vonkajsi-Pansky-Futbalovy-Set-Rodrygo-11-\u2013-Dlhy-Rukav-Sortky-600x600.jpg 600w, https:\/\/www.drespredeti.com\/wp-content\/uploads\/Real-Madrid-2025-26-Vonkajsi-Pansky-Futbalovy-Set-Rodrygo-11-\u2013-Dlhy-Rukav-Sortky-100x100.jpg 100w, https:\/\/www.drespredeti.com\/wp-content\/uploads\/Real-Madrid-2025-26-Vonkajsi-Pansky-Futbalovy-Set-Rodrygo-11-\u2013-Dlhy-Rukav-Sortky.jpg 800w\" sizes=\"(max-width: 300px) 100vw, 300px\" title=\"\"><\/div>\n\t\t\t\t\t<div class=\"wc-block-grid__product-title\">Voetbalpak Real Madrid 2025\/26 Buitenlands Heren Rodrygo #11 \u2013 Lange mouwen + Short<\/div>\n\t\t\t\t<\/a>\n\t\t\t\t<div class=\"wc-block-grid__product-price price\"><span class=\"wcpbc-price wcpbc-price-14844\" data-product-id=\"14844\"><span class=\"woocommerce-Price-amount amount\">49.69&nbsp;<span class=\"woocommerce-Price-currencySymbol\">\u20ac<\/span><\/span><\/span><\/div>\n\t\t\t\t\n\t\t\t\t<div class=\"wp-block-button wc-block-grid__product-add-to-cart\"><a href=\"https:\/\/www.drespredeti.com\/nl\/futbalovy-komplet-real-madrid-2025-26-vonkajsi-pansky-rodrygo-11-dlhy-rukav-sortky\/\" aria-label=\"Kies opties voor \u201cFutbalov\u00fd komplet Real Madrid 2025\/26 Vonkaj\u0161\u00ed P\u00e1nsky Rodrygo #11 \u2013 Dlh\u00fd Ruk\u00e1v + \u0160ortky\u201d\" data-quantity=\"1\" data-product_id=\"14844\" data-product_sku=\"\" data-price=\"49.69\" rel=\"nofollow\" class=\"wp-block-button__link  add_to_cart_button\" data-no-translation=\"\" data-trp-gettext=\"\" data-no-translation-aria-label=\"\">Kies opties<\/a><\/div>\n\t\t\t<\/li><\/ul><\/div><\/div>\n<\/div>","protected":false},"excerpt":{"rendered":"","protected":false},"author":1,"featured_media":0,"parent":0,"menu_order":0,"comment_status":"closed","ping_status":"closed","template":"","meta":{"site-sidebar-layout":"default","site-content-layout":"","ast-site-content-layout":"default","site-content-style":"default","site-sidebar-style":"default","ast-global-header-display":"","ast-banner-title-visibility":"","ast-main-header-display":"","ast-hfb-above-header-display":"","ast-hfb-below-header-display":"","ast-hfb-mobile-header-display":"","site-post-title":"","ast-breadcrumbs-content":"","ast-featured-img":"","footer-sml-layout":"","theme-transparent-header-meta":"","adv-header-id-meta":"","stick-header-meta":"","header-above-stick-meta":"","header-main-stick-meta":"","header-below-stick-meta":"","astra-migrate-meta-layouts":"default","ast-page-background-enabled":"default","ast-page-background-meta":{"desktop":{"background-color":"var(--ast-global-color-4)","background-image":"","background-repeat":"repeat","background-position":"center center","background-size":"auto","background-attachment":"scroll","background-type":"","background-media":"","overlay-type":"","overlay-color":"","overlay-opacity":"","overlay-gradient":""},"tablet":{"background-color":"","background-image":"","background-repeat":"repeat","background-position":"center center","background-size":"auto","background-attachment":"scroll","background-type":"","background-media":"","overlay-type":"","overlay-color":"","overlay-opacity":"","overlay-gradient":""},"mobile":{"background-color":"","background-image":"","background-repeat":"repeat","background-position":"center center","background-size":"auto","background-attachment":"scroll","background-type":"","background-media":"","overlay-type":"","overlay-color":"","overlay-opacity":"","overlay-gradient":""}},"ast-content-background-meta":{"desktop":{"background-color":"var(--ast-global-color-5)","background-image":"","background-repeat":"repeat","background-position":"center center","background-size":"auto","background-attachment":"scroll","background-type":"","background-media":"","overlay-type":"","overlay-color":"","overlay-opacity":"","overlay-gradient":""},"tablet":{"background-color":"var(--ast-global-color-5)","background-image":"","background-repeat":"repeat","background-position":"center center","background-size":"auto","background-attachment":"scroll","background-type":"","background-media":"","overlay-type":"","overlay-color":"","overlay-opacity":"","overlay-gradient":""},"mobile":{"background-color":"var(--ast-global-color-5)","background-image":"","background-repeat":"repeat","background-position":"center center","background-size":"auto","background-attachment":"scroll","background-type":"","background-media":"","overlay-type":"","overlay-color":"","overlay-opacity":"","overlay-gradient":""}},"footnotes":""},"class_list":["post-8","page","type-page","status-publish","hentry"],"_links":{"self":[{"href":"https:\/\/www.drespredeti.com\/nl\/wp-json\/wp\/v2\/pages\/8","targetHints":{"allow":["GET"]}}],"collection":[{"href":"https:\/\/www.drespredeti.com\/nl\/wp-json\/wp\/v2\/pages"}],"about":[{"href":"https:\/\/www.drespredeti.com\/nl\/wp-json\/wp\/v2\/types\/page"}],"author":[{"embeddable":true,"href":"https:\/\/www.drespredeti.com\/nl\/wp-json\/wp\/v2\/users\/1"}],"replies":[{"embeddable":true,"href":"https:\/\/www.drespredeti.com\/nl\/wp-json\/wp\/v2\/comments?post=8"}],"version-history":[{"count":1,"href":"https:\/\/www.drespredeti.com\/nl\/wp-json\/wp\/v2\/pages\/8\/revisions"}],"predecessor-version":[{"id":40,"href":"https:\/\/www.drespredeti.com\/nl\/wp-json\/wp\/v2\/pages\/8\/revisions\/40"}],"wp:attachment":[{"href":"https:\/\/www.drespredeti.com\/nl\/wp-json\/wp\/v2\/media?parent=8"}],"curies":[{"name":"wp","href":"https:\/\/api.w.org\/{rel}","templated":true}]}}