{"id":12276,"date":"2025-12-25T12:26:15","date_gmt":"2025-12-25T11:26:15","guid":{"rendered":"https:\/\/www.futbalovedresysk.com\/?page_id=12276"},"modified":"2025-12-25T13:58:02","modified_gmt":"2025-12-25T12:58:02","slug":"elementor-%e9%a1%b5%e9%9d%a2-12276","status":"publish","type":"page","link":"https:\/\/www.drespredeti.com\/nl\/elementor-%e9%a1%b5%e9%9d%a2-12276\/","title":{"rendered":"Elementor-pagina #12276"},"content":{"rendered":"<div data-elementor-type=\"wp-page\" data-elementor-id=\"12276\" class=\"elementor elementor-12276\" data-elementor-post-type=\"page\">\n\t\t\t\t<div class=\"elementor-element elementor-element-0b50ecc e-flex e-con-boxed e-con e-parent\" data-id=\"0b50ecc\" data-element_type=\"container\">\n\t\t\t\t\t<div class=\"e-con-inner\">\n\t\t\t\t<div class=\"elementor-element elementor-element-879d2c7 elementor-widget elementor-widget-heading\" data-id=\"879d2c7\" data-element_type=\"widget\" data-widget_type=\"heading.default\">\n\t\t\t\t<div class=\"elementor-widget-container\">\n\t\t\t\t\t<h2 class=\"elementor-heading-title elementor-size-default\">Veelgestelde vragen<\/h2>\t\t\t\t<\/div>\n\t\t\t\t<\/div>\n\t\t\t\t\t<\/div>\n\t\t\t\t<\/div>\n\t\t<div class=\"elementor-element elementor-element-662a31b e-flex e-con-boxed e-con e-parent\" data-id=\"662a31b\" data-element_type=\"container\">\n\t\t\t\t\t<div class=\"e-con-inner\">\n\t\t\t\t<div class=\"elementor-element elementor-element-0a08631 elementor-widget elementor-widget-text-editor\" data-id=\"0a08631\" data-element_type=\"widget\" data-widget_type=\"text-editor.default\">\n\t\t\t\t<div class=\"elementor-widget-container\">\n\t\t\t\t\t\t\t\t\t<p>Heeft u vragen? Wij hebben antwoorden\u2026<\/p>\t\t\t\t\t\t\t\t<\/div>\n\t\t\t\t<\/div>\n\t\t\t\t\t<\/div>\n\t\t\t\t<\/div>\n\t\t<div class=\"elementor-element elementor-element-69b6295 e-flex e-con-boxed e-con e-parent\" data-id=\"69b6295\" data-element_type=\"container\">\n\t\t\t\t\t<div class=\"e-con-inner\">\n\t\t\t\t<div class=\"elementor-element elementor-element-3f95a28 elementor-widget elementor-widget-n-accordion\" data-id=\"3f95a28\" data-element_type=\"widget\" data-settings=\"{&quot;default_state&quot;:&quot;expanded&quot;,&quot;max_items_expended&quot;:&quot;one&quot;,&quot;n_accordion_animation_duration&quot;:{&quot;unit&quot;:&quot;ms&quot;,&quot;size&quot;:400,&quot;sizes&quot;:[]}}\" data-widget_type=\"nested-accordion.default\">\n\t\t\t\t<div class=\"elementor-widget-container\">\n\t\t\t\t\t\t\t<div class=\"e-n-accordion\" aria-label=\"Accordion. Open links met Enter of Spatie, sluit af met Escape en navigeer met Pijlen\">\n\t\t\t\t\t\t<details id=\"e-n-accordion-item-6660\" class=\"e-n-accordion-item\" open>\n\t\t\t\t<summary class=\"e-n-accordion-item-title\" data-accordion-index=\"1\" tabindex=\"0\" aria-expanded=\"true\" aria-controls=\"e-n-accordion-item-6660\" >\n\t\t\t\t\t<span class='e-n-accordion-item-title-header'><div class=\"e-n-accordion-item-title-text\"> Wanneer ontvang ik mijn bestelling als ik vandaag bestel? <\/div><\/span>\n\t\t\t\t\t\t\t<span class='e-n-accordion-item-title-icon'>\n\t\t\t<span class='e-opened' ><i aria-hidden=\"true\" class=\"fas fa-minus\"><\/i><\/span>\n\t\t\t<span class='e-closed'><i aria-hidden=\"true\" class=\"fas fa-plus\"><\/i><\/span>\n\t\t<\/span>\n\n\t\t\t\t\t\t<\/summary>\n\t\t\t\t<div role=\"region\" aria-labelledby=\"e-n-accordion-item-6660\" class=\"elementor-element elementor-element-a56a775 e-con-full e-flex e-con e-child\" data-id=\"a56a775\" data-element_type=\"container\">\n\t\t\t\t<div class=\"elementor-element elementor-element-3816879 elementor-widget elementor-widget-text-editor\" data-id=\"3816879\" data-element_type=\"widget\" data-widget_type=\"text-editor.default\">\n\t\t\t\t<div class=\"elementor-widget-container\">\n\t\t\t\t\t\t\t\t\t<p>Levertijden kunnen vari\u00ebren afhankelijk van de bestelde items, beschikbaarheid van voorraad, aanpassingsmogelijkheden en bezorglocatie.<br \/>We proberen bestellingen binnen 7 \u2013 12 werkdagen te leveren, waarbij 75 %-bestellingen binnen 8 werkdagen aankomen.<\/p><p>\ud83c\uddea\ud83c\uddfa Europese landen<br \/>Tot 7 \u2013 12 werkdagen<br \/>\ud83c\udf0d Wereldwijd<br \/>Tot 15 werkdagen<br \/>Werkdagen houden geen weekends en feestdagen in. Levertijden zijn schattingen en worden niet gegarandeerd.<\/p>\t\t\t\t\t\t\t\t<\/div>\n\t\t\t\t<\/div>\n\t\t\t\t<\/div>\n\t\t\t\t\t<\/details>\n\t\t\t\t\t\t<details id=\"e-n-accordion-item-6661\" class=\"e-n-accordion-item\" >\n\t\t\t\t<summary class=\"e-n-accordion-item-title\" data-accordion-index=\"2\" tabindex=\"-1\" aria-expanded=\"false\" aria-controls=\"e-n-accordion-item-6661\" >\n\t\t\t\t\t<span class='e-n-accordion-item-title-header'><div class=\"e-n-accordion-item-title-text\"> Hoe kan ik mijn bestelling volgen en waarom zijn er mogelijk geen updates? <\/div><\/span>\n\t\t\t\t\t\t\t<span class='e-n-accordion-item-title-icon'>\n\t\t\t<span class='e-opened' ><i aria-hidden=\"true\" class=\"fas fa-minus\"><\/i><\/span>\n\t\t\t<span class='e-closed'><i aria-hidden=\"true\" class=\"fas fa-plus\"><\/i><\/span>\n\t\t<\/span>\n\n\t\t\t\t\t\t<\/summary>\n\t\t\t\t<div role=\"region\" aria-labelledby=\"e-n-accordion-item-6661\" class=\"elementor-element elementor-element-2a1aacc e-con-full e-flex e-con e-child\" data-id=\"2a1aacc\" data-element_type=\"container\">\n\t\t\t\t<div class=\"elementor-element elementor-element-d8da4c1 elementor-widget elementor-widget-text-editor\" data-id=\"d8da4c1\" data-element_type=\"widget\" data-widget_type=\"text-editor.default\">\n\t\t\t\t<div class=\"elementor-widget-container\">\n\t\t\t\t\t\t\t\t\t<p>Na het verzenden van uw bestelling ontvangt u een e-mail met het trackingnummer en de informatie van de vervoerder.<br \/>Belangrijk: Trackingnummers worden onmiddellijk in het transportsysteem weergegeven, maar leverupdates kunnen later verschijnen. Uw pakket zal nog steeds binnen het beloofde tijdsbestek aankomen (7 \u2013 12 werkdagen).<br \/>Uw bestelling volgen:<br \/><a href=\"https:\/\/www.17track.net\/\" rel=\"nofollow noopener\" target=\"_blank\">17Track.net<\/a> (ondersteunt de meeste koeriersbedrijven wereldwijd)<\/p>\t\t\t\t\t\t\t\t<\/div>\n\t\t\t\t<\/div>\n\t\t\t\t<\/div>\n\t\t\t\t\t<\/details>\n\t\t\t\t\t\t<details id=\"e-n-accordion-item-6662\" class=\"e-n-accordion-item\" >\n\t\t\t\t<summary class=\"e-n-accordion-item-title\" data-accordion-index=\"3\" tabindex=\"-1\" aria-expanded=\"false\" aria-controls=\"e-n-accordion-item-6662\" >\n\t\t\t\t\t<span class='e-n-accordion-item-title-header'><div class=\"e-n-accordion-item-title-text\"> Biedt u expressbezorging aan? <\/div><\/span>\n\t\t\t\t\t\t\t<span class='e-n-accordion-item-title-icon'>\n\t\t\t<span class='e-opened' ><i aria-hidden=\"true\" class=\"fas fa-minus\"><\/i><\/span>\n\t\t\t<span class='e-closed'><i aria-hidden=\"true\" class=\"fas fa-plus\"><\/i><\/span>\n\t\t<\/span>\n\n\t\t\t\t\t\t<\/summary>\n\t\t\t\t<div role=\"region\" aria-labelledby=\"e-n-accordion-item-6662\" class=\"elementor-element elementor-element-3105a37 e-con-full e-flex e-con e-child\" data-id=\"3105a37\" data-element_type=\"container\">\n\t\t\t\t<div class=\"elementor-element elementor-element-b871fb6 elementor-widget elementor-widget-text-editor\" data-id=\"b871fb6\" data-element_type=\"widget\" data-widget_type=\"text-editor.default\">\n\t\t\t\t<div class=\"elementor-widget-container\">\n\t\t\t\t\t\t\t\t\t<p>Mogelijkheden voor express- of prioriteitsbezorging zijn momenteel helaas niet beschikbaar. Alle bestellingen worden verwerkt volgens de standaard levertijden.<\/p>\t\t\t\t\t\t\t\t<\/div>\n\t\t\t\t<\/div>\n\t\t\t\t<\/div>\n\t\t\t\t\t<\/details>\n\t\t\t\t\t\t<details id=\"e-n-accordion-item-6663\" class=\"e-n-accordion-item\" >\n\t\t\t\t<summary class=\"e-n-accordion-item-title\" data-accordion-index=\"4\" tabindex=\"-1\" aria-expanded=\"false\" aria-controls=\"e-n-accordion-item-6663\" >\n\t\t\t\t\t<span class='e-n-accordion-item-title-header'><div class=\"e-n-accordion-item-title-text\"> Wat moet ik doen als mijn item onjuist\/fout is? <\/div><\/span>\n\t\t\t\t\t\t\t<span class='e-n-accordion-item-title-icon'>\n\t\t\t<span class='e-opened' ><i aria-hidden=\"true\" class=\"fas fa-minus\"><\/i><\/span>\n\t\t\t<span class='e-closed'><i aria-hidden=\"true\" class=\"fas fa-plus\"><\/i><\/span>\n\t\t<\/span>\n\n\t\t\t\t\t\t<\/summary>\n\t\t\t\t<div role=\"region\" aria-labelledby=\"e-n-accordion-item-6663\" class=\"elementor-element elementor-element-5c1abb2 e-flex e-con-boxed e-con e-child\" data-id=\"5c1abb2\" data-element_type=\"container\">\n\t\t\t\t\t<div class=\"e-con-inner\">\n\t\t\t\t<div class=\"elementor-element elementor-element-56b3acb elementor-widget elementor-widget-text-editor\" data-id=\"56b3acb\" data-element_type=\"widget\" data-widget_type=\"text-editor.default\">\n\t\t\t\t<div class=\"elementor-widget-container\">\n\t\t\t\t\t\t\t\t\t<p>Wij bieden oprechte excuses aan voor eventuele problemen die u bij uw bestelling hebt ondervonden.<br \/>Als het item dat u hebt ontvangen niet aan uw verwachtingen voldoet of verschilt van wat u hebt besteld, neem dan alstublieft contact op met ons klantenserviceteam en geef details.<br \/>Om het probleem snel op te lossen:<\/p><p>Voeg een duidelijke foto van het item bij zodat wij het voor u kunnen controleren.<\/p><p>Wij verzekeren u dat uw tevredenheid onze hoogste prioriteit is.<\/p>\t\t\t\t\t\t\t\t<\/div>\n\t\t\t\t<\/div>\n\t\t\t\t\t<\/div>\n\t\t\t\t<\/div>\n\t\t\t\t\t<\/details>\n\t\t\t\t\t\t<details id=\"e-n-accordion-item-6664\" class=\"e-n-accordion-item\" >\n\t\t\t\t<summary class=\"e-n-accordion-item-title\" data-accordion-index=\"5\" tabindex=\"-1\" aria-expanded=\"false\" aria-controls=\"e-n-accordion-item-6664\" >\n\t\t\t\t\t<span class='e-n-accordion-item-title-header'><div class=\"e-n-accordion-item-title-text\"> Wat zijn uw retourvoorwaarden? <\/div><\/span>\n\t\t\t\t\t\t\t<span class='e-n-accordion-item-title-icon'>\n\t\t\t<span class='e-opened' ><i aria-hidden=\"true\" class=\"fas fa-minus\"><\/i><\/span>\n\t\t\t<span class='e-closed'><i aria-hidden=\"true\" class=\"fas fa-plus\"><\/i><\/span>\n\t\t<\/span>\n\n\t\t\t\t\t\t<\/summary>\n\t\t\t\t<div role=\"region\" aria-labelledby=\"e-n-accordion-item-6664\" class=\"elementor-element elementor-element-b800fc4 e-flex e-con-boxed e-con e-child\" data-id=\"b800fc4\" data-element_type=\"container\">\n\t\t\t\t\t<div class=\"e-con-inner\">\n\t\t\t\t<div class=\"elementor-element elementor-element-b1d2502 elementor-widget elementor-widget-text-editor\" data-id=\"b1d2502\" data-element_type=\"widget\" data-widget_type=\"text-editor.default\">\n\t\t\t\t<div class=\"elementor-widget-container\">\n\t\t\t\t\t\t\t\t\t<p>Onze retourvoorwaarden<br \/>Wij streven naar een probleemloze retour. Artikelen kunnen binnen 30 dagen na levering worden geretourneerd, mits ze voldoen aan de onderstaande criteria:<\/p><p>\u2705 Item geretoureerd:<\/p><p>Niet gebruikt en in de originele verpakking<br \/>In dezelfde staat als waarin ze werden geleverd<\/p><p>\u274c Uitzonderingen:<\/p><p>Aangepaste artikelen (bijv. gepersonaliseerde namen\/nummers)<\/p><p>Onjuiste bestelde items (bijv. verkeerde maat of stijl)<br \/>Uitverkoopwaar (final sale)<\/p><p>Zeggen van mening<\/p><p>Kwaliteitsproblemen: Afhankelijk van de individuele omstandigheden kunnen alternatieve opties voor retourneren en terugbetaling beschikbaar zijn.<br \/>Voor meer informatie neem contact op met ons klantenserviceteam. We doen ons best om dingen recht te zetten en u een geweldige ervaring met ons te bieden.<\/p>\t\t\t\t\t\t\t\t<\/div>\n\t\t\t\t<\/div>\n\t\t\t\t\t<\/div>\n\t\t\t\t<\/div>\n\t\t\t\t\t<\/details>\n\t\t\t\t\t<\/div>\n\t\t\t\t\t\t<\/div>\n\t\t\t\t<\/div>\n\t\t\t\t\t<\/div>\n\t\t\t\t<\/div>\n\t\t\t\t<\/div>","protected":false},"excerpt":{"rendered":"<p>\u010casto kladen\u00e9 ot\u00e1zky M\u00e1te ot\u00e1zky? M\u00e1me odpovede&#8230; Kedy dostanem svoju objedn\u00e1vku, ak si objedn\u00e1m dnes? Dodacie lehoty sa m\u00f4\u017eu l\u00ed\u0161i\u0165 v z\u00e1vislosti od objednan\u00fdch polo\u017eiek, dostupnosti tovaru na sklade, mo\u017enost\u00ed prisp\u00f4sobenia a miesta doru\u010denia.Sna\u017e\u00edme sa doru\u010di\u0165 objedn\u00e1vky do 7 \u2013 12 pracovn\u00fdch dn\u00ed, pri\u010dom 75 % objedn\u00e1vok doraz\u00ed do 8 pracovn\u00fdch dn\u00ed. \ud83c\uddea\ud83c\uddfa Eur\u00f3pske krajinyDo [&hellip;]<\/p>","protected":false},"author":1,"featured_media":0,"parent":0,"menu_order":0,"comment_status":"closed","ping_status":"closed","template":"","meta":{"site-sidebar-layout":"no-sidebar","site-content-layout":"page-builder","ast-site-content-layout":"full-width-container","site-content-style":"default","site-sidebar-style":"default","ast-global-header-display":"","ast-banner-title-visibility":"","ast-main-header-display":"","ast-hfb-above-header-display":"","ast-hfb-below-header-display":"","ast-hfb-mobile-header-display":"","site-post-title":"","ast-breadcrumbs-content":"","ast-featured-img":"disabled","footer-sml-layout":"","theme-transparent-header-meta":"","adv-header-id-meta":"","stick-header-meta":"","header-above-stick-meta":"","header-main-stick-meta":"","header-below-stick-meta":"","astra-migrate-meta-layouts":"default","ast-page-background-enabled":"default","ast-page-background-meta":{"desktop":{"background-color":"var(--ast-global-color-4)","background-image":"","background-repeat":"repeat","background-position":"center center","background-size":"auto","background-attachment":"scroll","background-type":"","background-media":"","overlay-type":"","overlay-color":"","overlay-opacity":"","overlay-gradient":""},"tablet":{"background-color":"","background-image":"","background-repeat":"repeat","background-position":"center center","background-size":"auto","background-attachment":"scroll","background-type":"","background-media":"","overlay-type":"","overlay-color":"","overlay-opacity":"","overlay-gradient":""},"mobile":{"background-color":"","background-image":"","background-repeat":"repeat","background-position":"center center","background-size":"auto","background-attachment":"scroll","background-type":"","background-media":"","overlay-type":"","overlay-color":"","overlay-opacity":"","overlay-gradient":""}},"ast-content-background-meta":{"desktop":{"background-color":"var(--ast-global-color-5)","background-image":"","background-repeat":"repeat","background-position":"center center","background-size":"auto","background-attachment":"scroll","background-type":"","background-media":"","overlay-type":"","overlay-color":"","overlay-opacity":"","overlay-gradient":""},"tablet":{"background-color":"var(--ast-global-color-5)","background-image":"","background-repeat":"repeat","background-position":"center center","background-size":"auto","background-attachment":"scroll","background-type":"","background-media":"","overlay-type":"","overlay-color":"","overlay-opacity":"","overlay-gradient":""},"mobile":{"background-color":"var(--ast-global-color-5)","background-image":"","background-repeat":"repeat","background-position":"center center","background-size":"auto","background-attachment":"scroll","background-type":"","background-media":"","overlay-type":"","overlay-color":"","overlay-opacity":"","overlay-gradient":""}},"footnotes":""},"class_list":["post-12276","page","type-page","status-publish","hentry"],"_links":{"self":[{"href":"https:\/\/www.drespredeti.com\/nl\/wp-json\/wp\/v2\/pages\/12276","targetHints":{"allow":["GET"]}}],"collection":[{"href":"https:\/\/www.drespredeti.com\/nl\/wp-json\/wp\/v2\/pages"}],"about":[{"href":"https:\/\/www.drespredeti.com\/nl\/wp-json\/wp\/v2\/types\/page"}],"author":[{"embeddable":true,"href":"https:\/\/www.drespredeti.com\/nl\/wp-json\/wp\/v2\/users\/1"}],"replies":[{"embeddable":true,"href":"https:\/\/www.drespredeti.com\/nl\/wp-json\/wp\/v2\/comments?post=12276"}],"version-history":[{"count":10,"href":"https:\/\/www.drespredeti.com\/nl\/wp-json\/wp\/v2\/pages\/12276\/revisions"}],"predecessor-version":[{"id":12290,"href":"https:\/\/www.drespredeti.com\/nl\/wp-json\/wp\/v2\/pages\/12276\/revisions\/12290"}],"wp:attachment":[{"href":"https:\/\/www.drespredeti.com\/nl\/wp-json\/wp\/v2\/media?parent=12276"}],"curies":[{"name":"wp","href":"https:\/\/api.w.org\/{rel}","templated":true}]}}