{"id":9900,"date":"2026-02-28T13:43:26","date_gmt":"2026-02-28T12:43:26","guid":{"rendered":"https:\/\/www.futbalovedresysk.com\/?post_type=product&#038;p=9900"},"modified":"2026-02-28T13:50:09","modified_gmt":"2026-02-28T12:50:09","slug":"futbalove-dresy-wolves-2025-26-tretina","status":"publish","type":"product","link":"https:\/\/www.drespredeti.com\/de\/futbalove-dresy-wolves-2025-26-tretina\/","title":{"rendered":"Fu\u00dfballtrikots Wolves 2025-26 Viertel"},"content":{"rendered":"<h2>Futballtrikots Wolves 2025-26 Drittel \u2013 Moderner dritter Variant<\/h2>\n<h3>Dynamischer Look f\u00fcr die Saison 2025-26<\/h3>\n<p><strong>Fu\u00dfballtrikots Wolves 2025-26 Viertel<\/strong> bringen ein markantes Farbschema und frische grafische Elemente, die den dritten Variant von den traditionellen Heim- und Ausw\u00e4rtsmodellen unterscheiden. Das Design betont die Energie des Teams und verleiht den Fans einen modernen Sportstil.<\/p>\n<h3>Leichtes und atmungsaktives Material<\/h3>\n<p>Jedes Herren-Trikot\u00a0<strong>\u00a0Wolves 2025-26 Drittel<\/strong> ist aus hochwertigem Polyester gefertigt, das Feuchtigkeit effektiv ableitet und Bel\u00fcftung unterst\u00fctzt. Das Material f\u00fchlt sich angenehm an, trocknet schnell und beh\u00e4lt die Farben auch nach wiederholtem Waschen.<\/p>\n<h3>Bequeme Passform f\u00fcr den t\u00e4glichen Gebrauch<\/h3>\n<p><strong>Fu\u00dfballtrikots Wolves 2025-26 Viertel<\/strong> bieten eine ergonomische Passform, die Bewegungsfreiheit w\u00e4hrend des Trainings, des Spiels und in der Freizeit gew\u00e4hrleistet. Pr\u00e4zise verarbeitete Details erh\u00f6hen den Tragekomfort.<\/p>\n<h3>Personalisierungsoption<\/h3>\n<p>Ausgew\u00e4hltes Herren-Trikot\u00a0<strong>\u00a0Wolves 2025-26 Drittel<\/strong> kann mit eigenem Namen und Nummer versehen werden. Personalisierung erm\u00f6glicht es, ein originelles Trikot nach Ihren Vorstellungen zu erstellen und das Team auf einzigartige Weise zu unterst\u00fctzen.<\/p>\n<h3>Ideale Wahl f\u00fcr Wolves-Fans<\/h3>\n<p>Wenn Sie nach stilvoller <strong>Fu\u00dfballtrikots Wolves 2025-26 Viertel<\/strong>, dieses Modell vereint modernes Design, funktionsf\u00e4higes Material und die M\u00f6glichkeit der Anpassung. Perfekt f\u00fcr die neue Fu\u00dfball-Saison.<\/p>","protected":false},"excerpt":{"rendered":"<p>Fu\u00dfballtrikots Wolves 2025-26 Dritte \u2013 Moderner dritter Varianten Dynamic Aussehen f\u00fcr die Saison 2025-26 Fu\u00dfballtrikots Wolves 2025-26 Dritte bringen eine auff\u00e4llige Farbkombination und frische grafische Elemente, die den dritten Varianten von den traditionellen Heim- und Ausw\u00e4rtsmodellen unterscheiden. Das Design betont die Energie des Teams und verleiht den Fans modernen Sportstil. Leichtes und atmungsaktives Material Jedes Herren-Trikot Wolves 2025-26 [\u2026]<\/p>","protected":false},"featured_media":9902,"comment_status":"open","ping_status":"closed","template":"","meta":{"site-sidebar-layout":"default","site-content-layout":"","ast-site-content-layout":"default","site-content-style":"default","site-sidebar-style":"default","ast-global-header-display":"","ast-banner-title-visibility":"","ast-main-header-display":"","ast-hfb-above-header-display":"","ast-hfb-below-header-display":"","ast-hfb-mobile-header-display":"","site-post-title":"","ast-breadcrumbs-content":"","ast-featured-img":"","footer-sml-layout":"","theme-transparent-header-meta":"default","adv-header-id-meta":"","stick-header-meta":"","header-above-stick-meta":"","header-main-stick-meta":"","header-below-stick-meta":"","astra-migrate-meta-layouts":"set","ast-page-background-enabled":"default","ast-page-background-meta":{"desktop":{"background-color":"var(--ast-global-color-4)","background-image":"","background-repeat":"repeat","background-position":"center center","background-size":"auto","background-attachment":"scroll","background-type":"","background-media":"","overlay-type":"","overlay-color":"","overlay-opacity":"","overlay-gradient":""},"tablet":{"background-color":"","background-image":"","background-repeat":"repeat","background-position":"center center","background-size":"auto","background-attachment":"scroll","background-type":"","background-media":"","overlay-type":"","overlay-color":"","overlay-opacity":"","overlay-gradient":""},"mobile":{"background-color":"","background-image":"","background-repeat":"repeat","background-position":"center center","background-size":"auto","background-attachment":"scroll","background-type":"","background-media":"","overlay-type":"","overlay-color":"","overlay-opacity":"","overlay-gradient":""}},"ast-content-background-meta":{"desktop":{"background-color":"var(--ast-global-color-5)","background-image":"","background-repeat":"repeat","background-position":"center center","background-size":"auto","background-attachment":"scroll","background-type":"","background-media":"","overlay-type":"","overlay-color":"","overlay-opacity":"","overlay-gradient":""},"tablet":{"background-color":"var(--ast-global-color-5)","background-image":"","background-repeat":"repeat","background-position":"center center","background-size":"auto","background-attachment":"scroll","background-type":"","background-media":"","overlay-type":"","overlay-color":"","overlay-opacity":"","overlay-gradient":""},"mobile":{"background-color":"var(--ast-global-color-5)","background-image":"","background-repeat":"repeat","background-position":"center center","background-size":"auto","background-attachment":"scroll","background-type":"","background-media":"","overlay-type":"","overlay-color":"","overlay-opacity":"","overlay-gradient":""}}},"product_brand":[],"product_cat":[624],"product_tag":[623,618,620,622,619,621,617],"class_list":{"0":"post-9900","1":"product","2":"type-product","3":"status-publish","4":"has-post-thumbnail","6":"product_cat-futbalove-dresy-wolves","7":"product_tag-nova-kolekcia-wolves-2025-26-muzi","8":"product_tag-pansky-dres-wolves-2025-26","9":"product_tag-personalizovany-pansky-dres-wolves","10":"product_tag-sportovy-dres-wolves-pansky","11":"product_tag-wolves-dres-muzi","12":"product_tag-wolves-dres-s-menom-a-cislom","13":"product_tag-wolves-pansky-dres","14":"desktop-align-left","15":"tablet-align-left","16":"mobile-align-left","18":"first","19":"instock","20":"shipping-taxable","21":"purchasable","22":"product-type-variable"},"_links":{"self":[{"href":"https:\/\/www.drespredeti.com\/de\/wp-json\/wp\/v2\/product\/9900","targetHints":{"allow":["GET"]}}],"collection":[{"href":"https:\/\/www.drespredeti.com\/de\/wp-json\/wp\/v2\/product"}],"about":[{"href":"https:\/\/www.drespredeti.com\/de\/wp-json\/wp\/v2\/types\/product"}],"replies":[{"embeddable":true,"href":"https:\/\/www.drespredeti.com\/de\/wp-json\/wp\/v2\/comments?post=9900"}],"wp:featuredmedia":[{"embeddable":true,"href":"https:\/\/www.drespredeti.com\/de\/wp-json\/wp\/v2\/media\/9902"}],"wp:attachment":[{"href":"https:\/\/www.drespredeti.com\/de\/wp-json\/wp\/v2\/media?parent=9900"}],"wp:term":[{"taxonomy":"product_brand","embeddable":true,"href":"https:\/\/www.drespredeti.com\/de\/wp-json\/wp\/v2\/product_brand?post=9900"},{"taxonomy":"product_cat","embeddable":true,"href":"https:\/\/www.drespredeti.com\/de\/wp-json\/wp\/v2\/product_cat?post=9900"},{"taxonomy":"product_tag","embeddable":true,"href":"https:\/\/www.drespredeti.com\/de\/wp-json\/wp\/v2\/product_tag?post=9900"}],"curies":[{"name":"wp","href":"https:\/\/api.w.org\/{rel}","templated":true}]}}