{"id":9896,"date":"2026-02-28T13:43:41","date_gmt":"2026-02-28T12:43:41","guid":{"rendered":"https:\/\/www.futbalovedresysk.com\/?post_type=product&#038;p=9896"},"modified":"2026-02-28T13:48:47","modified_gmt":"2026-02-28T12:48:47","slug":"futbalove-dresy-wolves-2025-26-prec","status":"publish","type":"product","link":"https:\/\/www.drespredeti.com\/de\/futbalove-dresy-wolves-2025-26-prec\/","title":{"rendered":"Fu\u00dfballtrikots Wolves 2025-26 Weg"},"content":{"rendered":"<h2>Fu\u00dfballtrikots Wolves 2025-26 Vorh \u2013 Stilvolles Au\u00dfenmodell<\/h2>\n<h3>Neues Au\u00dfendesign f\u00fcr die Saison 2025-26<\/h3>\n<p><strong>Fu\u00dfballtrikots Wolves 2025-26 Weg<\/strong> stellen ein elegantes und modernes Design vor, das f\u00fcr Ausw\u00e4rtsspiele bestimmt ist. Die Farbkombination und feine Details schaffen eine markante visuelle Wirkung, die die Identit\u00e4t des Wolves-Teams unterstreicht.<\/p>\n<h3>Funktionelles Material f\u00fcr aktive Bewegungen<\/h3>\n<p>Jedes <strong>Fu\u00dfballtrikots Wolves 2025-26 Weg<\/strong> Sie bestehen aus leichtem und strapazierf\u00e4higem Stoff, der das Schwitzen ableitet und w\u00e4hrend der gesamten Aktivit\u00e4t Komfort bietet. Das Material beh\u00e4lt Qualit\u00e4t auch bei regelm\u00e4\u00dfiger Nutzung.<\/p>\n<h3>Praktischer und bequemer Schnitt<\/h3>\n<p><strong>Herren-Trikot Wolves 2025-26 Vorh<\/strong> sind darauf ausgelegt, Bewegungsfreiheit und Komfort zu bieten. Der Schnitt passt sich der Figur an und erm\u00f6glicht Tragen w\u00e4hrend Training, Spiel und Freizeit.<\/p>\n<h3>Option zur eigenen Bearbeitung<\/h3>\n<p>Ausgew\u00e4hltes Herren-Trikot <strong>Wolves 2025-26 Vorh<\/strong> kann gem\u00e4\u00df Ihrer Wahl mit Namen und Nummer personalisiert werden. Erstellen Sie sich ein originelles Trikot und unterst\u00fctzen Sie Wolves auf einzigartige Weise in der Saison 2025-26.<\/p>\n<h3>Gro\u00dfartige Wahl f\u00fcr Fans<\/h3>\n<p>Wenn Sie nach Modernem suchen <strong>Fu\u00dfballtrikots Wolves 2025-26 Weg<\/strong>, bietet dieses Modell eine Kombination aus Stil, Funktionalit\u00e4t und Personalisierungsm\u00f6glichkeiten f\u00fcr jeden Fan des Teams.<\/p>","protected":false},"excerpt":{"rendered":"<p>Futbalov\u00e9 dresy Wolves 2025-26 Pre\u010d \u2013 \u0160t\u00fdlov\u00fd vonkaj\u0161\u00ed model Nov\u00fd vonkaj\u0161\u00ed dizajn pre sez\u00f3nu 2025-26 Futbalov\u00e9 dresy Wolves 2025-26 Pre\u010d predstavuj\u00fa elegantn\u00e9 a modern\u00e9 prevedenie ur\u010den\u00e9 pre z\u00e1pasy mimo dom\u00e1ceho \u0161tadi\u00f3na. Farebn\u00e1 kombin\u00e1cia a jemn\u00e9 detaily vytv\u00e1raj\u00fa v\u00fdrazn\u00fd vizu\u00e1lny efekt, ktor\u00fd pod\u010diarkuje identitu t\u00edmu Wolves. Funk\u010dn\u00fd materi\u00e1l pre akt\u00edvny pohyb Ka\u017ed\u00e9 Futbalov\u00e9 dresy Wolves 2025-26 [&hellip;]<\/p>","protected":false},"featured_media":9898,"comment_status":"open","ping_status":"closed","template":"","meta":{"site-sidebar-layout":"default","site-content-layout":"","ast-site-content-layout":"default","site-content-style":"default","site-sidebar-style":"default","ast-global-header-display":"","ast-banner-title-visibility":"","ast-main-header-display":"","ast-hfb-above-header-display":"","ast-hfb-below-header-display":"","ast-hfb-mobile-header-display":"","site-post-title":"","ast-breadcrumbs-content":"","ast-featured-img":"","footer-sml-layout":"","theme-transparent-header-meta":"default","adv-header-id-meta":"","stick-header-meta":"","header-above-stick-meta":"","header-main-stick-meta":"","header-below-stick-meta":"","astra-migrate-meta-layouts":"set","ast-page-background-enabled":"default","ast-page-background-meta":{"desktop":{"background-color":"var(--ast-global-color-4)","background-image":"","background-repeat":"repeat","background-position":"center center","background-size":"auto","background-attachment":"scroll","background-type":"","background-media":"","overlay-type":"","overlay-color":"","overlay-opacity":"","overlay-gradient":""},"tablet":{"background-color":"","background-image":"","background-repeat":"repeat","background-position":"center center","background-size":"auto","background-attachment":"scroll","background-type":"","background-media":"","overlay-type":"","overlay-color":"","overlay-opacity":"","overlay-gradient":""},"mobile":{"background-color":"","background-image":"","background-repeat":"repeat","background-position":"center center","background-size":"auto","background-attachment":"scroll","background-type":"","background-media":"","overlay-type":"","overlay-color":"","overlay-opacity":"","overlay-gradient":""}},"ast-content-background-meta":{"desktop":{"background-color":"var(--ast-global-color-5)","background-image":"","background-repeat":"repeat","background-position":"center center","background-size":"auto","background-attachment":"scroll","background-type":"","background-media":"","overlay-type":"","overlay-color":"","overlay-opacity":"","overlay-gradient":""},"tablet":{"background-color":"var(--ast-global-color-5)","background-image":"","background-repeat":"repeat","background-position":"center center","background-size":"auto","background-attachment":"scroll","background-type":"","background-media":"","overlay-type":"","overlay-color":"","overlay-opacity":"","overlay-gradient":""},"mobile":{"background-color":"var(--ast-global-color-5)","background-image":"","background-repeat":"repeat","background-position":"center center","background-size":"auto","background-attachment":"scroll","background-type":"","background-media":"","overlay-type":"","overlay-color":"","overlay-opacity":"","overlay-gradient":""}}},"product_brand":[],"product_cat":[624],"product_tag":[623,618,620,622,619,621,617],"class_list":{"0":"post-9896","1":"product","2":"type-product","3":"status-publish","4":"has-post-thumbnail","6":"product_cat-futbalove-dresy-wolves","7":"product_tag-nova-kolekcia-wolves-2025-26-muzi","8":"product_tag-pansky-dres-wolves-2025-26","9":"product_tag-personalizovany-pansky-dres-wolves","10":"product_tag-sportovy-dres-wolves-pansky","11":"product_tag-wolves-dres-muzi","12":"product_tag-wolves-dres-s-menom-a-cislom","13":"product_tag-wolves-pansky-dres","14":"desktop-align-left","15":"tablet-align-left","16":"mobile-align-left","18":"first","19":"instock","20":"shipping-taxable","21":"purchasable","22":"product-type-variable"},"_links":{"self":[{"href":"https:\/\/www.drespredeti.com\/de\/wp-json\/wp\/v2\/product\/9896","targetHints":{"allow":["GET"]}}],"collection":[{"href":"https:\/\/www.drespredeti.com\/de\/wp-json\/wp\/v2\/product"}],"about":[{"href":"https:\/\/www.drespredeti.com\/de\/wp-json\/wp\/v2\/types\/product"}],"replies":[{"embeddable":true,"href":"https:\/\/www.drespredeti.com\/de\/wp-json\/wp\/v2\/comments?post=9896"}],"wp:featuredmedia":[{"embeddable":true,"href":"https:\/\/www.drespredeti.com\/de\/wp-json\/wp\/v2\/media\/9898"}],"wp:attachment":[{"href":"https:\/\/www.drespredeti.com\/de\/wp-json\/wp\/v2\/media?parent=9896"}],"wp:term":[{"taxonomy":"product_brand","embeddable":true,"href":"https:\/\/www.drespredeti.com\/de\/wp-json\/wp\/v2\/product_brand?post=9896"},{"taxonomy":"product_cat","embeddable":true,"href":"https:\/\/www.drespredeti.com\/de\/wp-json\/wp\/v2\/product_cat?post=9896"},{"taxonomy":"product_tag","embeddable":true,"href":"https:\/\/www.drespredeti.com\/de\/wp-json\/wp\/v2\/product_tag?post=9896"}],"curies":[{"name":"wp","href":"https:\/\/api.w.org\/{rel}","templated":true}]}}