{"id":9145,"date":"2026-02-12T13:02:11","date_gmt":"2026-02-12T12:02:11","guid":{"rendered":"https:\/\/www.futbalovedresysk.com\/?post_type=product&#038;p=9145"},"modified":"2026-02-12T13:33:05","modified_gmt":"2026-02-12T12:33:05","slug":"pansky-futbalovy-dres-lazio-2025-26-tretina","status":"publish","type":"product","link":"https:\/\/www.drespredeti.com\/de\/pansky-futbalovy-dres-lazio-2025-26-tretina\/","title":{"rendered":"Herren Lazio Fu\u00dfballtrikot 2025-26 Drittel"},"content":{"rendered":"<h2>Herrentrikot Lazio 2025-26 Drittel \u2013 Mit Personalisierungsm\u00f6glichkeit<\/h2>\n<p><strong>Herren Lazio Fu\u00dfballtrikot 2025-26 Drittel<\/strong> ist eine gro\u00dfartige Wahl f\u00fcr jeden Fu\u00dfballfan, der das Trikot seines Lieblingsklubs und Spielers tragen m\u00f6chte.<\/p>\n<h3>Eigenschaften:<\/h3>\n<p>&nbsp;<\/p>\n<ul>\n<li><strong>Modernes Design 2025-26<\/strong> \u2013 Die Drittelversion des Trikots pr\u00e4sentiert einen frischen, modernen Look, der den neuesten Trends im Design von Fu\u00dfballtrikots folgt.<\/li>\n<li><strong>Hochwertiges Material<\/strong> \u2013 Hergestellt aus atmungsaktivem und bequemem Material, das Tragekomfort sowohl auf dem Feld als auch au\u00dferhalb garantiert.<\/li>\n<li><strong>Verf\u00fcgbare Gr\u00f6\u00dfen<\/strong> \u2013 Das Trikot ist in verschiedenen Gr\u00f6\u00dfen erh\u00e4ltlich, sodass jeder die passende Gr\u00f6\u00dfe findet.<\/li>\n<li><strong>Personalisierungsoption<\/strong> \u2013 Neben dem urspr\u00fcnglichen Namen Castellanos bieten wir auch die M\u00f6glichkeit, Name und Nummer auf dem Trikot zu \u00e4ndern, damit es nach Ihren Vorstellungen einzigartig wird.<\/li>\n<\/ul>\n<h3>Warum dieses Trikot w\u00e4hlen?<\/h3>\n<p>Dieses <strong>herrentrikot Lazio 2025-26 Drittel<\/strong> ist das ideale St\u00fcck f\u00fcr jeden Fu\u00dfballbegeisterten. Mit hochwertiger Verarbeitung, angenehm zu tragen und der Personalisierungsm\u00f6glichkeit k\u00f6nnen Sie es genau nach Ihren Vorstellungen anpassen.<\/p>\n<p>Bestellen Sie noch heute Ihr <strong>Lazio Fu\u00dfballtrikot<\/strong> und unterst\u00fctzen Sie Ihr Lieblingsteam!<\/p>\n<h3>Schl\u00fcsselw\u00f6rter:<\/h3>\n<ul>\n<li>Herren Fu\u00dfballtrikot<\/li>\n<li>Fu\u00dfballtrikot 2025-26<\/li>\n<li>Personalisierbares Fu\u00dfballtrikot<\/li>\n<li>Fussballtrikot mit Namen<\/li>\n<\/ul>","protected":false},"excerpt":{"rendered":"<p>Herren-Fu\u00dfballtrikot Lazio 2025-26 Tretina \u2013 Mit Personalisierungsm\u00f6glichkeit Herren-Fu\u00dfballtrikot Lazio 2025-26 Tretina ist eine gro\u00dfartige Wahl f\u00fcr jeden Fu\u00dfballfan, der das Trikot seines Lieblingsvereins und -spielers tragen m\u00f6chte. Eigenschaften: Modernes Design 2025-26 \u2013 Die Tretina-Version des Trikots verleiht einen frischen, modernen Look, der den neuesten Trends im Design von Fu\u00dfballtrikots folgt. Hochwertiges Material \u2026<\/p>","protected":false},"featured_media":9147,"comment_status":"open","ping_status":"closed","template":"","meta":{"site-sidebar-layout":"default","site-content-layout":"","ast-site-content-layout":"default","site-content-style":"default","site-sidebar-style":"default","ast-global-header-display":"","ast-banner-title-visibility":"","ast-main-header-display":"","ast-hfb-above-header-display":"","ast-hfb-below-header-display":"","ast-hfb-mobile-header-display":"","site-post-title":"","ast-breadcrumbs-content":"","ast-featured-img":"","footer-sml-layout":"","theme-transparent-header-meta":"default","adv-header-id-meta":"","stick-header-meta":"","header-above-stick-meta":"","header-main-stick-meta":"","header-below-stick-meta":"","astra-migrate-meta-layouts":"set","ast-page-background-enabled":"default","ast-page-background-meta":{"desktop":{"background-color":"var(--ast-global-color-4)","background-image":"","background-repeat":"repeat","background-position":"center center","background-size":"auto","background-attachment":"scroll","background-type":"","background-media":"","overlay-type":"","overlay-color":"","overlay-opacity":"","overlay-gradient":""},"tablet":{"background-color":"","background-image":"","background-repeat":"repeat","background-position":"center center","background-size":"auto","background-attachment":"scroll","background-type":"","background-media":"","overlay-type":"","overlay-color":"","overlay-opacity":"","overlay-gradient":""},"mobile":{"background-color":"","background-image":"","background-repeat":"repeat","background-position":"center center","background-size":"auto","background-attachment":"scroll","background-type":"","background-media":"","overlay-type":"","overlay-color":"","overlay-opacity":"","overlay-gradient":""}},"ast-content-background-meta":{"desktop":{"background-color":"var(--ast-global-color-5)","background-image":"","background-repeat":"repeat","background-position":"center center","background-size":"auto","background-attachment":"scroll","background-type":"","background-media":"","overlay-type":"","overlay-color":"","overlay-opacity":"","overlay-gradient":""},"tablet":{"background-color":"var(--ast-global-color-5)","background-image":"","background-repeat":"repeat","background-position":"center center","background-size":"auto","background-attachment":"scroll","background-type":"","background-media":"","overlay-type":"","overlay-color":"","overlay-opacity":"","overlay-gradient":""},"mobile":{"background-color":"var(--ast-global-color-5)","background-image":"","background-repeat":"repeat","background-position":"center center","background-size":"auto","background-attachment":"scroll","background-type":"","background-media":"","overlay-type":"","overlay-color":"","overlay-opacity":"","overlay-gradient":""}}},"product_brand":[],"product_cat":[569],"product_tag":[565,566,567,564,563],"class_list":{"0":"post-9145","1":"product","2":"type-product","3":"status-publish","4":"has-post-thumbnail","6":"product_cat-futbalove-dresy-lazio","7":"product_tag-futbalovy-dres-lazio-2025-26","8":"product_tag-lacny-pansky-futbalovy-dres-lazio","9":"product_tag-pansky-futbalovy-dres-lazio-2025-26","10":"product_tag-pansky-futbalovy-dres-s-vlastnym-menom","11":"product_tag-personalizovany-futbalovy-dres-s-menom","12":"desktop-align-left","13":"tablet-align-left","14":"mobile-align-left","16":"first","17":"instock","18":"shipping-taxable","19":"purchasable","20":"product-type-variable"},"_links":{"self":[{"href":"https:\/\/www.drespredeti.com\/de\/wp-json\/wp\/v2\/product\/9145","targetHints":{"allow":["GET"]}}],"collection":[{"href":"https:\/\/www.drespredeti.com\/de\/wp-json\/wp\/v2\/product"}],"about":[{"href":"https:\/\/www.drespredeti.com\/de\/wp-json\/wp\/v2\/types\/product"}],"replies":[{"embeddable":true,"href":"https:\/\/www.drespredeti.com\/de\/wp-json\/wp\/v2\/comments?post=9145"}],"wp:featuredmedia":[{"embeddable":true,"href":"https:\/\/www.drespredeti.com\/de\/wp-json\/wp\/v2\/media\/9147"}],"wp:attachment":[{"href":"https:\/\/www.drespredeti.com\/de\/wp-json\/wp\/v2\/media?parent=9145"}],"wp:term":[{"taxonomy":"product_brand","embeddable":true,"href":"https:\/\/www.drespredeti.com\/de\/wp-json\/wp\/v2\/product_brand?post=9145"},{"taxonomy":"product_cat","embeddable":true,"href":"https:\/\/www.drespredeti.com\/de\/wp-json\/wp\/v2\/product_cat?post=9145"},{"taxonomy":"product_tag","embeddable":true,"href":"https:\/\/www.drespredeti.com\/de\/wp-json\/wp\/v2\/product_tag?post=9145"}],"curies":[{"name":"wp","href":"https:\/\/api.w.org\/{rel}","templated":true}]}}