{"id":9141,"date":"2026-02-12T13:00:00","date_gmt":"2026-02-12T12:00:00","guid":{"rendered":"https:\/\/www.futbalovedresysk.com\/?post_type=product&#038;p=9141"},"modified":"2026-02-12T13:35:40","modified_gmt":"2026-02-12T12:35:40","slug":"pansky-futbalovy-dres-lazio-2025-26-prec","status":"publish","type":"product","link":"https:\/\/www.drespredeti.com\/de\/pansky-futbalovy-dres-lazio-2025-26-prec\/","title":{"rendered":"Herren Lazio Fu\u00dfballtrikot 2025-26 Ausw\u00e4rts"},"content":{"rendered":"<h2>Herren-Fu\u00dfballtrikot Lazio 2025-26 Ausw\u00e4rts \u2013 Personalisierbar<\/h2>\n<p><strong>Herren Lazio Fu\u00dfballtrikot 2025-26 Ausw\u00e4rts<\/strong> ist die ideale Wahl f\u00fcr alle, die ihr liebstes Fu\u00dfballteam Lazio und dessen St\u00fcrmer unterst\u00fctzen m\u00f6chten. Dieses Trikot bietet ein modernes Design und maximalen Tragekomfort.<\/p>\n<h3>Hauptmerkmale:<\/h3>\n<p>&nbsp;<\/p>\n<ul>\n<li><strong>Fu\u00dfballtrikot Vor 2025-26<\/strong> \u2013 Dieses Trikot ist Teil einer Special Edition, die modernes Design und innovative Materialien f\u00fcr maximale Leistung verbindet.<\/li>\n<li><strong>Hoher Tragekomfort<\/strong> \u2013 Das Trikot ist aus einem atmungsaktiven Material gefertigt, das auch bei langen Partien oder t\u00e4glichem Tragen Komfort garantiert.<\/li>\n<li><strong>Gro\u00dfe Gr\u00f6\u00dfenauswahl<\/strong> \u2013 Dieses Trikot ist in verschiedenen Gr\u00f6\u00dfen erh\u00e4ltlich, sodass es jeder bestellen kann, unabh\u00e4ngig von der K\u00f6rperform.<\/li>\n<\/ul>\n<h3>Warum dieses Trikot w\u00e4hlen?<\/h3>\n<p>Das Herren-Fu\u00dfballtrikot Lazio 2025-26 Ausw\u00e4rts steht nicht nur f\u00fcr Stil, sondern auch f\u00fcr hochwertige Verarbeitung. Dieses Trikot bietet Ihnen nicht nur Bequemlichkeit, sondern auch die einzigartige M\u00f6glichkeit, es nach Ihren pers\u00f6nlichen Vorlieben anzupassen.<\/p>\n<p>Bestellen Sie Ihr eigenes <strong>Lazio Fu\u00dfballtrikot<\/strong> noch heute und seien Sie stolz auf Ihren Lieblingsspieler!<\/p>\n<h3>Schl\u00fcsselw\u00f6rter:<\/h3>\n<ul>\n<li>Herren Fu\u00dfballtrikot<\/li>\n<li>Fu\u00dfballtrikot 2025-26<\/li>\n<li>Personalisierbares Fu\u00dfballtrikot<\/li>\n<li>Fussballtrikot mit Namen<\/li>\n<\/ul>","protected":false},"excerpt":{"rendered":"<p>P\u00e1nsky futbalov\u00fd dres Lazio 2025-26 Pre\u010d \u2013 Mo\u017enos\u0165 personaliz\u00e1cie P\u00e1nsky futbalov\u00fd dres Lazio 2025-26 Pre\u010d je ide\u00e1lnou vo\u013ebou pre ka\u017ed\u00e9ho, kto chce podpori\u0165 svoj ob\u013e\u00faben\u00fd futbalov\u00fd t\u00edm Lazio a jeho \u00fato\u010dn\u00edka . Tento dres pon\u00faka modern\u00fd vzh\u013ead a maxim\u00e1lny komfort pri nosen\u00ed. Hlavn\u00e9 vlastnosti: &nbsp; Futbalov\u00fd dres Pre\u010d 2025-26 \u2013 Tento dres je \u010das\u0165ou \u0161peci\u00e1lnej [&hellip;]<\/p>","protected":false},"featured_media":9143,"comment_status":"open","ping_status":"closed","template":"","meta":{"site-sidebar-layout":"default","site-content-layout":"","ast-site-content-layout":"default","site-content-style":"default","site-sidebar-style":"default","ast-global-header-display":"","ast-banner-title-visibility":"","ast-main-header-display":"","ast-hfb-above-header-display":"","ast-hfb-below-header-display":"","ast-hfb-mobile-header-display":"","site-post-title":"","ast-breadcrumbs-content":"","ast-featured-img":"","footer-sml-layout":"","theme-transparent-header-meta":"default","adv-header-id-meta":"","stick-header-meta":"","header-above-stick-meta":"","header-main-stick-meta":"","header-below-stick-meta":"","astra-migrate-meta-layouts":"set","ast-page-background-enabled":"default","ast-page-background-meta":{"desktop":{"background-color":"var(--ast-global-color-4)","background-image":"","background-repeat":"repeat","background-position":"center center","background-size":"auto","background-attachment":"scroll","background-type":"","background-media":"","overlay-type":"","overlay-color":"","overlay-opacity":"","overlay-gradient":""},"tablet":{"background-color":"","background-image":"","background-repeat":"repeat","background-position":"center center","background-size":"auto","background-attachment":"scroll","background-type":"","background-media":"","overlay-type":"","overlay-color":"","overlay-opacity":"","overlay-gradient":""},"mobile":{"background-color":"","background-image":"","background-repeat":"repeat","background-position":"center center","background-size":"auto","background-attachment":"scroll","background-type":"","background-media":"","overlay-type":"","overlay-color":"","overlay-opacity":"","overlay-gradient":""}},"ast-content-background-meta":{"desktop":{"background-color":"var(--ast-global-color-5)","background-image":"","background-repeat":"repeat","background-position":"center center","background-size":"auto","background-attachment":"scroll","background-type":"","background-media":"","overlay-type":"","overlay-color":"","overlay-opacity":"","overlay-gradient":""},"tablet":{"background-color":"var(--ast-global-color-5)","background-image":"","background-repeat":"repeat","background-position":"center center","background-size":"auto","background-attachment":"scroll","background-type":"","background-media":"","overlay-type":"","overlay-color":"","overlay-opacity":"","overlay-gradient":""},"mobile":{"background-color":"var(--ast-global-color-5)","background-image":"","background-repeat":"repeat","background-position":"center center","background-size":"auto","background-attachment":"scroll","background-type":"","background-media":"","overlay-type":"","overlay-color":"","overlay-opacity":"","overlay-gradient":""}}},"product_brand":[],"product_cat":[569],"product_tag":[565,566,567,564,563],"class_list":{"0":"post-9141","1":"product","2":"type-product","3":"status-publish","4":"has-post-thumbnail","6":"product_cat-futbalove-dresy-lazio","7":"product_tag-futbalovy-dres-lazio-2025-26","8":"product_tag-lacny-pansky-futbalovy-dres-lazio","9":"product_tag-pansky-futbalovy-dres-lazio-2025-26","10":"product_tag-pansky-futbalovy-dres-s-vlastnym-menom","11":"product_tag-personalizovany-futbalovy-dres-s-menom","12":"desktop-align-left","13":"tablet-align-left","14":"mobile-align-left","16":"first","17":"instock","18":"shipping-taxable","19":"purchasable","20":"product-type-variable"},"_links":{"self":[{"href":"https:\/\/www.drespredeti.com\/de\/wp-json\/wp\/v2\/product\/9141","targetHints":{"allow":["GET"]}}],"collection":[{"href":"https:\/\/www.drespredeti.com\/de\/wp-json\/wp\/v2\/product"}],"about":[{"href":"https:\/\/www.drespredeti.com\/de\/wp-json\/wp\/v2\/types\/product"}],"replies":[{"embeddable":true,"href":"https:\/\/www.drespredeti.com\/de\/wp-json\/wp\/v2\/comments?post=9141"}],"wp:featuredmedia":[{"embeddable":true,"href":"https:\/\/www.drespredeti.com\/de\/wp-json\/wp\/v2\/media\/9143"}],"wp:attachment":[{"href":"https:\/\/www.drespredeti.com\/de\/wp-json\/wp\/v2\/media?parent=9141"}],"wp:term":[{"taxonomy":"product_brand","embeddable":true,"href":"https:\/\/www.drespredeti.com\/de\/wp-json\/wp\/v2\/product_brand?post=9141"},{"taxonomy":"product_cat","embeddable":true,"href":"https:\/\/www.drespredeti.com\/de\/wp-json\/wp\/v2\/product_cat?post=9141"},{"taxonomy":"product_tag","embeddable":true,"href":"https:\/\/www.drespredeti.com\/de\/wp-json\/wp\/v2\/product_tag?post=9141"}],"curies":[{"name":"wp","href":"https:\/\/api.w.org\/{rel}","templated":true}]}}