{"id":8977,"date":"2026-02-02T10:26:40","date_gmt":"2026-02-02T09:26:40","guid":{"rendered":"https:\/\/www.futbalovedresysk.com\/?post_type=product&#038;p=8977"},"modified":"2026-02-02T10:26:41","modified_gmt":"2026-02-02T09:26:41","slug":"futbalove-dresy-panske-athletic-bilbao-inaki-williams-9-2025-26-domaci","status":"publish","type":"product","link":"https:\/\/www.drespredeti.com\/de\/futbalove-dresy-panske-athletic-bilbao-inaki-williams-9-2025-26-domaci\/","title":{"rendered":"Fu\u00dfballtrikots Herren Athletic Bilbao I\u00f1aki Williams #9 2025-26 Heim"},"content":{"rendered":"<h3>Klassische Heim-Fu\u00dfballtrikots Herren f\u00fcr Bilbao-Fans<\/h3>\n<p>Diese Fu\u00dfballtrikots Herren Athletic Bilbao 2025-26 in der Heimvariante bringen den traditionellen Look, der eng mit dem Verein verbunden ist. Kurzarmliges Trikot mit dem Namen Inaki Williams #9 ist geeignet f\u00fcr Fu\u00dfball, Training und allt\u00e4gliches Tragen w\u00e4hrend der Saison.<\/p>\n<p>Das Heim-Design wirkt ausgewogen und zeitlos, was diese Fu\u00dfballtrikots Herren Athletic Bilbao 2025-26 zu einer beliebten Wahl unter Fans macht, die klassischen Stil m\u00f6gen.<\/p>\n<p><strong>Komfort w\u00e4hrend der Bewegung<\/strong><\/p>\n<p>Das Material ist leicht und atmungsaktiv, sodass sich das Trikot auch bei h\u00f6herer Aktivit\u00e4t angenehm tr\u00e4gt. Der Schnitt schr\u00e4nkt die Bewegungsfreiheit nicht ein und sitzt auf verschiedene K\u00f6rpertypen gut.<\/p>\n<p><strong>Eigener Name und Nummer<\/strong><\/p>\n<p>Inaki Williams #9 kann mit eigenem Namen und Nummer gew\u00e4hlt werden, wodurch das Herren-Fu\u00dfballtrikot Athletic Bilbao 2025-26 noch pers\u00f6nlicher wird.<\/p>","protected":false},"excerpt":{"rendered":"<p>Klasick\u00fd dom\u00e1ci Futbalov\u00e9 dresy p\u00e1nske pre fan\u00fa\u0161ikov Bilbaa Tieto Futbalov\u00e9 dresy p\u00e1nske Athletic Bilbao 2025-26 v dom\u00e1com preveden\u00ed prin\u00e1\u0161aj\u00fa tradi\u010dn\u00fd vzh\u013ead, ktor\u00fd je s klubom \u00fazko sp\u00e4t\u00fd. Kr\u00e1tkoruk\u00e1vov\u00fd dres s menom Inaki Williams #9 je vhodn\u00fd na futbal, tr\u00e9ning aj be\u017en\u00e9 nosenie po\u010das sez\u00f3ny. Dom\u00e1ci dizajn p\u00f4sob\u00ed vyv\u00e1\u017eene a nad\u010dasovo, \u010do rob\u00ed tieto Futbalov\u00e9 dresy [&hellip;]<\/p>","protected":false},"featured_media":8980,"comment_status":"open","ping_status":"closed","template":"","meta":{"site-sidebar-layout":"default","site-content-layout":"","ast-site-content-layout":"default","site-content-style":"default","site-sidebar-style":"default","ast-global-header-display":"","ast-banner-title-visibility":"","ast-main-header-display":"","ast-hfb-above-header-display":"","ast-hfb-below-header-display":"","ast-hfb-mobile-header-display":"","site-post-title":"","ast-breadcrumbs-content":"","ast-featured-img":"","footer-sml-layout":"","theme-transparent-header-meta":"default","adv-header-id-meta":"","stick-header-meta":"","header-above-stick-meta":"","header-main-stick-meta":"","header-below-stick-meta":"","astra-migrate-meta-layouts":"set","ast-page-background-enabled":"default","ast-page-background-meta":{"desktop":{"background-color":"var(--ast-global-color-4)","background-image":"","background-repeat":"repeat","background-position":"center center","background-size":"auto","background-attachment":"scroll","background-type":"","background-media":"","overlay-type":"","overlay-color":"","overlay-opacity":"","overlay-gradient":""},"tablet":{"background-color":"","background-image":"","background-repeat":"repeat","background-position":"center center","background-size":"auto","background-attachment":"scroll","background-type":"","background-media":"","overlay-type":"","overlay-color":"","overlay-opacity":"","overlay-gradient":""},"mobile":{"background-color":"","background-image":"","background-repeat":"repeat","background-position":"center center","background-size":"auto","background-attachment":"scroll","background-type":"","background-media":"","overlay-type":"","overlay-color":"","overlay-opacity":"","overlay-gradient":""}},"ast-content-background-meta":{"desktop":{"background-color":"var(--ast-global-color-5)","background-image":"","background-repeat":"repeat","background-position":"center center","background-size":"auto","background-attachment":"scroll","background-type":"","background-media":"","overlay-type":"","overlay-color":"","overlay-opacity":"","overlay-gradient":""},"tablet":{"background-color":"var(--ast-global-color-5)","background-image":"","background-repeat":"repeat","background-position":"center center","background-size":"auto","background-attachment":"scroll","background-type":"","background-media":"","overlay-type":"","overlay-color":"","overlay-opacity":"","overlay-gradient":""},"mobile":{"background-color":"var(--ast-global-color-5)","background-image":"","background-repeat":"repeat","background-position":"center center","background-size":"auto","background-attachment":"scroll","background-type":"","background-media":"","overlay-type":"","overlay-color":"","overlay-opacity":"","overlay-gradient":""}}},"product_brand":[],"product_cat":[483],"product_tag":[476,478,482,477,475],"class_list":{"0":"post-8977","1":"product","2":"type-product","3":"status-publish","4":"has-post-thumbnail","6":"product_cat-futbalove-dresy-athletic-bilbao","7":"product_tag-futbalove-dresy-panske-athletic-bilbao-2025-26","8":"product_tag-futbalovy-dres-athletic-bilbao-2025-26","9":"product_tag-inaki-williams-dres","10":"product_tag-lacne-futbalove-dresy-athletic-bilbao","11":"product_tag-pansky-futbalovy-dres-athletic-bilbao","12":"desktop-align-left","13":"tablet-align-left","14":"mobile-align-left","16":"first","17":"instock","18":"shipping-taxable","19":"purchasable","20":"product-type-variable"},"_links":{"self":[{"href":"https:\/\/www.drespredeti.com\/de\/wp-json\/wp\/v2\/product\/8977","targetHints":{"allow":["GET"]}}],"collection":[{"href":"https:\/\/www.drespredeti.com\/de\/wp-json\/wp\/v2\/product"}],"about":[{"href":"https:\/\/www.drespredeti.com\/de\/wp-json\/wp\/v2\/types\/product"}],"replies":[{"embeddable":true,"href":"https:\/\/www.drespredeti.com\/de\/wp-json\/wp\/v2\/comments?post=8977"}],"wp:featuredmedia":[{"embeddable":true,"href":"https:\/\/www.drespredeti.com\/de\/wp-json\/wp\/v2\/media\/8980"}],"wp:attachment":[{"href":"https:\/\/www.drespredeti.com\/de\/wp-json\/wp\/v2\/media?parent=8977"}],"wp:term":[{"taxonomy":"product_brand","embeddable":true,"href":"https:\/\/www.drespredeti.com\/de\/wp-json\/wp\/v2\/product_brand?post=8977"},{"taxonomy":"product_cat","embeddable":true,"href":"https:\/\/www.drespredeti.com\/de\/wp-json\/wp\/v2\/product_cat?post=8977"},{"taxonomy":"product_tag","embeddable":true,"href":"https:\/\/www.drespredeti.com\/de\/wp-json\/wp\/v2\/product_tag?post=8977"}],"curies":[{"name":"wp","href":"https:\/\/api.w.org\/{rel}","templated":true}]}}