{"id":8956,"date":"2026-02-02T10:44:13","date_gmt":"2026-02-02T09:44:13","guid":{"rendered":"https:\/\/www.futbalovedresysk.com\/?post_type=product&#038;p=8956"},"modified":"2026-02-02T10:46:21","modified_gmt":"2026-02-02T09:46:21","slug":"futbalove-dresy-panske-athletic-bilbao-dani-vivian-3-2025-26-prec","status":"publish","type":"product","link":"https:\/\/www.drespredeti.com\/de\/futbalove-dresy-panske-athletic-bilbao-dani-vivian-3-2025-26-prec\/","title":{"rendered":"Fu\u00dfballtrikots Herren Athletic Bilbao Dani Vivian #3 2025-26 Vorbei"},"content":{"rendered":"<h3>Fu\u00dfballtrikots Herren Athletic Bilbao 2025-26 Dani Vivian #3 Halb<\/h3>\n<p>Diese Fu\u00dfballtrikots f\u00fcr Herren Athletic Bilbao 2025-26 in der Drittvariante sind ideal f\u00fcr Fans, die etwas Ungew\u00f6hnliches wollen. Die Third-Version bietet ein unterscheidendes Aussehen, das beim ersten Blick auff\u00e4llt, beh\u00e4lt jedoch den fu\u00dfballtypischen Charakter.<\/p>\n<p>Trikot mit dem Namen Dani Vivian #3 geeignet f\u00fcr das Spielfeld und dar\u00fcber hinaus und verleiht dem Outfit einen deutlicheren sportlichen Touch.<\/p>\n<p><strong>Komfort den ganzen Tag<\/strong><\/p>\n<p>Das Material ist weich, leicht und angenehm zu ber\u00fchren. Das Herren-Fu\u00dfballtrikot Athletic Bilbao 2025-26 in dieser Version eignet sich f\u00fcr l\u00e4ngeres Tragen ohne Unbehagen.<\/p>\n<p><strong>Eigener Name und Nummer<\/strong><\/p>\n<p>Auch in der dritten Version ist es m\u00f6glich, eigenen Namen und Nummer zu w\u00e4hlen, wodurch das Trikot einzigartig und pers\u00f6nlich wird.<\/p>","protected":false},"excerpt":{"rendered":"<p>Futbalov\u00e9 dresy p\u00e1nske Athletic Bilbao 2025-26 Dani Vivian #3 Tretina Tieto Futbalov\u00e9 dresy p\u00e1nske Athletic Bilbao 2025-26 v tre\u0165om preveden\u00ed s\u00fa ide\u00e1lne pre fan\u00fa\u0161ikov, ktor\u00ed chc\u00fa nie\u010do netradi\u010dn\u00e9. Tretina prin\u00e1\u0161a odli\u0161n\u00fd vzh\u013ead, ktor\u00fd zaujme na prv\u00fd poh\u013ead, pri\u010dom si zachov\u00e1va futbalov\u00fd charakter. Dres s menom Dani Vivian #3 je vhodn\u00fd na ihrisko aj mimo neho [&hellip;]<\/p>","protected":false},"featured_media":8958,"comment_status":"open","ping_status":"closed","template":"","meta":{"site-sidebar-layout":"default","site-content-layout":"","ast-site-content-layout":"default","site-content-style":"default","site-sidebar-style":"default","ast-global-header-display":"","ast-banner-title-visibility":"","ast-main-header-display":"","ast-hfb-above-header-display":"","ast-hfb-below-header-display":"","ast-hfb-mobile-header-display":"","site-post-title":"","ast-breadcrumbs-content":"","ast-featured-img":"","footer-sml-layout":"","theme-transparent-header-meta":"default","adv-header-id-meta":"","stick-header-meta":"","header-above-stick-meta":"","header-main-stick-meta":"","header-below-stick-meta":"","astra-migrate-meta-layouts":"set","ast-page-background-enabled":"default","ast-page-background-meta":{"desktop":{"background-color":"var(--ast-global-color-4)","background-image":"","background-repeat":"repeat","background-position":"center center","background-size":"auto","background-attachment":"scroll","background-type":"","background-media":"","overlay-type":"","overlay-color":"","overlay-opacity":"","overlay-gradient":""},"tablet":{"background-color":"","background-image":"","background-repeat":"repeat","background-position":"center center","background-size":"auto","background-attachment":"scroll","background-type":"","background-media":"","overlay-type":"","overlay-color":"","overlay-opacity":"","overlay-gradient":""},"mobile":{"background-color":"","background-image":"","background-repeat":"repeat","background-position":"center center","background-size":"auto","background-attachment":"scroll","background-type":"","background-media":"","overlay-type":"","overlay-color":"","overlay-opacity":"","overlay-gradient":""}},"ast-content-background-meta":{"desktop":{"background-color":"var(--ast-global-color-5)","background-image":"","background-repeat":"repeat","background-position":"center center","background-size":"auto","background-attachment":"scroll","background-type":"","background-media":"","overlay-type":"","overlay-color":"","overlay-opacity":"","overlay-gradient":""},"tablet":{"background-color":"var(--ast-global-color-5)","background-image":"","background-repeat":"repeat","background-position":"center center","background-size":"auto","background-attachment":"scroll","background-type":"","background-media":"","overlay-type":"","overlay-color":"","overlay-opacity":"","overlay-gradient":""},"mobile":{"background-color":"var(--ast-global-color-5)","background-image":"","background-repeat":"repeat","background-position":"center center","background-size":"auto","background-attachment":"scroll","background-type":"","background-media":"","overlay-type":"","overlay-color":"","overlay-opacity":"","overlay-gradient":""}}},"product_brand":[],"product_cat":[483],"product_tag":[481,476,478,477,475],"class_list":{"0":"post-8956","1":"product","2":"type-product","3":"status-publish","4":"has-post-thumbnail","6":"product_cat-futbalove-dresy-athletic-bilbao","7":"product_tag-dani-vivian-dres","8":"product_tag-futbalove-dresy-panske-athletic-bilbao-2025-26","9":"product_tag-futbalovy-dres-athletic-bilbao-2025-26","10":"product_tag-lacne-futbalove-dresy-athletic-bilbao","11":"product_tag-pansky-futbalovy-dres-athletic-bilbao","12":"desktop-align-left","13":"tablet-align-left","14":"mobile-align-left","16":"first","17":"instock","18":"shipping-taxable","19":"purchasable","20":"product-type-variable"},"_links":{"self":[{"href":"https:\/\/www.drespredeti.com\/de\/wp-json\/wp\/v2\/product\/8956","targetHints":{"allow":["GET"]}}],"collection":[{"href":"https:\/\/www.drespredeti.com\/de\/wp-json\/wp\/v2\/product"}],"about":[{"href":"https:\/\/www.drespredeti.com\/de\/wp-json\/wp\/v2\/types\/product"}],"replies":[{"embeddable":true,"href":"https:\/\/www.drespredeti.com\/de\/wp-json\/wp\/v2\/comments?post=8956"}],"wp:featuredmedia":[{"embeddable":true,"href":"https:\/\/www.drespredeti.com\/de\/wp-json\/wp\/v2\/media\/8958"}],"wp:attachment":[{"href":"https:\/\/www.drespredeti.com\/de\/wp-json\/wp\/v2\/media?parent=8956"}],"wp:term":[{"taxonomy":"product_brand","embeddable":true,"href":"https:\/\/www.drespredeti.com\/de\/wp-json\/wp\/v2\/product_brand?post=8956"},{"taxonomy":"product_cat","embeddable":true,"href":"https:\/\/www.drespredeti.com\/de\/wp-json\/wp\/v2\/product_cat?post=8956"},{"taxonomy":"product_tag","embeddable":true,"href":"https:\/\/www.drespredeti.com\/de\/wp-json\/wp\/v2\/product_tag?post=8956"}],"curies":[{"name":"wp","href":"https:\/\/api.w.org\/{rel}","templated":true}]}}