{"id":8932,"date":"2026-02-02T10:42:25","date_gmt":"2026-02-02T09:42:25","guid":{"rendered":"https:\/\/www.futbalovedresysk.com\/?post_type=product&#038;p=8932"},"modified":"2026-02-02T10:42:26","modified_gmt":"2026-02-02T09:42:26","slug":"futbalove-dresy-panske-athletic-bilbao-2025-26-tretina","status":"publish","type":"product","link":"https:\/\/www.drespredeti.com\/de\/futbalove-dresy-panske-athletic-bilbao-2025-26-tretina\/","title":{"rendered":"Futbolov\u00e9 dresy p\u00e1nske Athletic Bilbao 2025-26 Tretina"},"content":{"rendered":"<h3>Futbalov\u00e9 dresy p\u00e1nske Athletic Bilbao 2025-26 Vorbei<\/h3>\n<p>Diese Herrentrikots Athletic Bilbao 2025-26 in Vorw\u00e4rts-Variante sind f\u00fcr M\u00e4nner gedacht, die einen anderen und frischen Fu\u00dfballstil w\u00fcnschen. Das Trikot von I\u00f1aki Williams #9 wirkt dynamisch und ist nicht nur f\u00fcr Spiele, sondern auch zur Freizeit geeignet.<\/p>\n<p>Das Vor-Design l\u00e4sst sich leicht mit anderer Sportbekleidung kombinieren und ist ideal f\u00fcr Fans, die etwas anderes als die klassische Heimversion m\u00f6chten.<\/p>\n<p><strong>Leichtes und angenehmes Material<\/strong><\/p>\n<p>Diese Herrentrikots Athletic Bilbao 2025-26 bestehen aus Material, das dabei hilft, w\u00e4hrend der Bewegung Komfort zu bewahren. Das Trikot ist atmungsaktiv, trocknet schnell und eignet sich f\u00fcr regelm\u00e4\u00dfiges Tragen.<\/p>\n<p><strong>Personalisierungsoption<\/strong><\/p>\n<p>Das Trikot kann mit eigenem Namen und Nummer erg\u00e4nzt werden, was es zu einem gro\u00dfartigen Geschenk oder zu einem pers\u00f6nlichen Fu\u00dfballst\u00fcck macht.<\/p>","protected":false},"excerpt":{"rendered":"<p>Fu\u00dfballtrikots f\u00fcr Herren Athletic Bilbao 2025-26 Aus der w\u00fcrdigen Version Diese Fu\u00dfballtrikots f\u00fcr Herren Athletic Bilbao 2025-26 in der Preml-Version sind f\u00fcr M\u00e4nner gedacht, die einen anderen und frischen Fu\u00dfballstil w\u00fcnschen. Das Trikot wirkt dynamisch und ist nicht nur f\u00fcr Spiele, sondern auch in der Freizeit geeignet. Preml-Design l\u00e4sst sich leicht mit anderer Sportbekleidung kombinieren und ist ideal f\u00fcr [\u2026]<\/p>","protected":false},"featured_media":8934,"comment_status":"open","ping_status":"closed","template":"","meta":{"site-sidebar-layout":"default","site-content-layout":"","ast-site-content-layout":"default","site-content-style":"default","site-sidebar-style":"default","ast-global-header-display":"","ast-banner-title-visibility":"","ast-main-header-display":"","ast-hfb-above-header-display":"","ast-hfb-below-header-display":"","ast-hfb-mobile-header-display":"","site-post-title":"","ast-breadcrumbs-content":"","ast-featured-img":"","footer-sml-layout":"","theme-transparent-header-meta":"default","adv-header-id-meta":"","stick-header-meta":"","header-above-stick-meta":"","header-main-stick-meta":"","header-below-stick-meta":"","astra-migrate-meta-layouts":"set","ast-page-background-enabled":"default","ast-page-background-meta":{"desktop":{"background-color":"var(--ast-global-color-4)","background-image":"","background-repeat":"repeat","background-position":"center center","background-size":"auto","background-attachment":"scroll","background-type":"","background-media":"","overlay-type":"","overlay-color":"","overlay-opacity":"","overlay-gradient":""},"tablet":{"background-color":"","background-image":"","background-repeat":"repeat","background-position":"center center","background-size":"auto","background-attachment":"scroll","background-type":"","background-media":"","overlay-type":"","overlay-color":"","overlay-opacity":"","overlay-gradient":""},"mobile":{"background-color":"","background-image":"","background-repeat":"repeat","background-position":"center center","background-size":"auto","background-attachment":"scroll","background-type":"","background-media":"","overlay-type":"","overlay-color":"","overlay-opacity":"","overlay-gradient":""}},"ast-content-background-meta":{"desktop":{"background-color":"var(--ast-global-color-5)","background-image":"","background-repeat":"repeat","background-position":"center center","background-size":"auto","background-attachment":"scroll","background-type":"","background-media":"","overlay-type":"","overlay-color":"","overlay-opacity":"","overlay-gradient":""},"tablet":{"background-color":"var(--ast-global-color-5)","background-image":"","background-repeat":"repeat","background-position":"center center","background-size":"auto","background-attachment":"scroll","background-type":"","background-media":"","overlay-type":"","overlay-color":"","overlay-opacity":"","overlay-gradient":""},"mobile":{"background-color":"var(--ast-global-color-5)","background-image":"","background-repeat":"repeat","background-position":"center center","background-size":"auto","background-attachment":"scroll","background-type":"","background-media":"","overlay-type":"","overlay-color":"","overlay-opacity":"","overlay-gradient":""}}},"product_brand":[],"product_cat":[483],"product_tag":[476,478,477,475],"class_list":{"0":"post-8932","1":"product","2":"type-product","3":"status-publish","4":"has-post-thumbnail","6":"product_cat-futbalove-dresy-athletic-bilbao","7":"product_tag-futbalove-dresy-panske-athletic-bilbao-2025-26","8":"product_tag-futbalovy-dres-athletic-bilbao-2025-26","9":"product_tag-lacne-futbalove-dresy-athletic-bilbao","10":"product_tag-pansky-futbalovy-dres-athletic-bilbao","11":"desktop-align-left","12":"tablet-align-left","13":"mobile-align-left","15":"first","16":"instock","17":"shipping-taxable","18":"purchasable","19":"product-type-variable"},"_links":{"self":[{"href":"https:\/\/www.drespredeti.com\/de\/wp-json\/wp\/v2\/product\/8932","targetHints":{"allow":["GET"]}}],"collection":[{"href":"https:\/\/www.drespredeti.com\/de\/wp-json\/wp\/v2\/product"}],"about":[{"href":"https:\/\/www.drespredeti.com\/de\/wp-json\/wp\/v2\/types\/product"}],"replies":[{"embeddable":true,"href":"https:\/\/www.drespredeti.com\/de\/wp-json\/wp\/v2\/comments?post=8932"}],"wp:featuredmedia":[{"embeddable":true,"href":"https:\/\/www.drespredeti.com\/de\/wp-json\/wp\/v2\/media\/8934"}],"wp:attachment":[{"href":"https:\/\/www.drespredeti.com\/de\/wp-json\/wp\/v2\/media?parent=8932"}],"wp:term":[{"taxonomy":"product_brand","embeddable":true,"href":"https:\/\/www.drespredeti.com\/de\/wp-json\/wp\/v2\/product_brand?post=8932"},{"taxonomy":"product_cat","embeddable":true,"href":"https:\/\/www.drespredeti.com\/de\/wp-json\/wp\/v2\/product_cat?post=8932"},{"taxonomy":"product_tag","embeddable":true,"href":"https:\/\/www.drespredeti.com\/de\/wp-json\/wp\/v2\/product_tag?post=8932"}],"curies":[{"name":"wp","href":"https:\/\/api.w.org\/{rel}","templated":true}]}}