{"id":8715,"date":"2026-02-27T10:47:10","date_gmt":"2026-02-27T09:47:10","guid":{"rendered":"https:\/\/www.futbalovedresysk.com\/?post_type=product&#038;p=8715"},"modified":"2026-02-27T11:01:15","modified_gmt":"2026-02-27T10:01:15","slug":"pansky-fotbalovy-dres-inter-miami-sergio-busquets-5-2025-26-prec","status":"publish","type":"product","link":"https:\/\/www.drespredeti.com\/de\/pansky-fotbalovy-dres-inter-miami-sergio-busquets-5-2025-26-prec\/","title":{"rendered":"Herren-Fu\u00dfballtrikot Inter Miami Sergio Busquets #5 2025-26 Entfernt"},"content":{"rendered":"<h2>Herren-Fu\u00dfballtrikot Inter Miami Sergio Busquets #5 2025-26 Entfernt<\/h2>\n<h3>Au\u00dfenvariante f\u00fcr echte Fans<\/h3>\n<p><strong>Herren-Fu\u00dfballtrikot<\/strong> Inter Miami Sergio Busquets #5 2025-26 Vorbei pr\u00e4sentiert eine stylische Au\u00dfenvariante f\u00fcr die neue Saison. Das Design soll dynamisch und modern wirken, wobei der Charakter des Teams sowie die Individualit\u00e4t des Spielers betont werden.<\/p>\n<h3>Leichtigkeit und Komfort den ganzen Tag<\/h3>\n<p>Dieses Fu\u00dfballtrikot ist aus hochwertigem atmungsaktivem Stoff gefertigt, der die Luftzirkulation unterst\u00fctzt und schnell trocknet. Das Material ist strapazierf\u00e4hig, bewahrt die Farbs\u00e4ttigung und bietet beim Sport sowie beim t\u00e4glichen Tragen Komfort.<\/p>\n<h3>Eigener Name und Nummer auf dem Trikot<\/h3>\n<p>Jedes Fu\u00dfballtrikot kann nach Ihren Vorstellungen personalisiert werden. W\u00e4hlen Sie Ihren eigenen Namen und Ihre Nummer oder behalten Sie Sergio Busquets #5 f\u00fcr ein authentisches Fu\u00dfball-Feeling. Der Druck ist pr\u00e4zise und langlebig auch nach mehrfachen Waschg\u00e4ngen.<\/p>\n<h3>Tolle Wahl f\u00fcr die Saison 2025-26<\/h3>\n<p>Wenn Sie modern suchen <strong>Herren-Fu\u00dfballtrikot<\/strong> Inter Miami f\u00fcr die Saison 2025-26, die Vorbei-Version ist die ideale L\u00f6sung. Sie vereint sportlichen Stil, funktionelles Material und Personalisierung in einem Produkt.<\/p>","protected":false},"excerpt":{"rendered":"<p>Herren-Fu\u00dfballtrikot Inter Miami Sergio Busquets #5 2025-26 Vor Au\u00dfenvariante f\u00fcr echte Fans Herren-Fu\u00dfballtrikot Inter Miami Sergio Busquets #5 2025-26 Vor Au\u00dfen bietet eine stilvolle Outdoor-Ausf\u00fchrung f\u00fcr die neue Saison. Das Design ist so gestaltet, dass es dynamisch und modern wirkt und sowohl den Charakter des Teams als auch die Individualit\u00e4t des Spielers betont. Leichtigkeit und Komfort den ganzen Tag \u00fcber. Dieser [\u2026]<\/p>","protected":false},"featured_media":8717,"comment_status":"open","ping_status":"closed","template":"","meta":{"site-sidebar-layout":"default","site-content-layout":"","ast-site-content-layout":"default","site-content-style":"default","site-sidebar-style":"default","ast-global-header-display":"","ast-banner-title-visibility":"","ast-main-header-display":"","ast-hfb-above-header-display":"","ast-hfb-below-header-display":"","ast-hfb-mobile-header-display":"","site-post-title":"","ast-breadcrumbs-content":"","ast-featured-img":"","footer-sml-layout":"","theme-transparent-header-meta":"default","adv-header-id-meta":"","stick-header-meta":"","header-above-stick-meta":"","header-main-stick-meta":"","header-below-stick-meta":"","astra-migrate-meta-layouts":"set","ast-page-background-enabled":"default","ast-page-background-meta":{"desktop":{"background-color":"var(--ast-global-color-4)","background-image":"","background-repeat":"repeat","background-position":"center center","background-size":"auto","background-attachment":"scroll","background-type":"","background-media":"","overlay-type":"","overlay-color":"","overlay-opacity":"","overlay-gradient":""},"tablet":{"background-color":"","background-image":"","background-repeat":"repeat","background-position":"center center","background-size":"auto","background-attachment":"scroll","background-type":"","background-media":"","overlay-type":"","overlay-color":"","overlay-opacity":"","overlay-gradient":""},"mobile":{"background-color":"","background-image":"","background-repeat":"repeat","background-position":"center center","background-size":"auto","background-attachment":"scroll","background-type":"","background-media":"","overlay-type":"","overlay-color":"","overlay-opacity":"","overlay-gradient":""}},"ast-content-background-meta":{"desktop":{"background-color":"var(--ast-global-color-5)","background-image":"","background-repeat":"repeat","background-position":"center center","background-size":"auto","background-attachment":"scroll","background-type":"","background-media":"","overlay-type":"","overlay-color":"","overlay-opacity":"","overlay-gradient":""},"tablet":{"background-color":"var(--ast-global-color-5)","background-image":"","background-repeat":"repeat","background-position":"center center","background-size":"auto","background-attachment":"scroll","background-type":"","background-media":"","overlay-type":"","overlay-color":"","overlay-opacity":"","overlay-gradient":""},"mobile":{"background-color":"var(--ast-global-color-5)","background-image":"","background-repeat":"repeat","background-position":"center center","background-size":"auto","background-attachment":"scroll","background-type":"","background-media":"","overlay-type":"","overlay-color":"","overlay-opacity":"","overlay-gradient":""}}},"product_brand":[],"product_cat":[593],"product_tag":[597,595,599,594,596,598,235],"class_list":{"0":"post-8715","1":"product","2":"type-product","3":"status-publish","4":"has-post-thumbnail","6":"product_cat-futbalove-dresy-inter-miami","7":"product_tag-inter-miami-2025-26-dres","8":"product_tag-inter-miami-dres-muzi","9":"product_tag-mls-inter-miami-pansky-dres","10":"product_tag-pansky-fotbalovy-dres-inter-miami-2025-26","11":"product_tag-pansky-futbalovy-dres-inter-miami-s-potlacou","12":"product_tag-personalizovany-futbalovy-dres-meno-a-cislo","13":"product_tag-sergio-busquets-dres","14":"desktop-align-left","15":"tablet-align-left","16":"mobile-align-left","18":"first","19":"instock","20":"shipping-taxable","21":"purchasable","22":"product-type-variable"},"_links":{"self":[{"href":"https:\/\/www.drespredeti.com\/de\/wp-json\/wp\/v2\/product\/8715","targetHints":{"allow":["GET"]}}],"collection":[{"href":"https:\/\/www.drespredeti.com\/de\/wp-json\/wp\/v2\/product"}],"about":[{"href":"https:\/\/www.drespredeti.com\/de\/wp-json\/wp\/v2\/types\/product"}],"replies":[{"embeddable":true,"href":"https:\/\/www.drespredeti.com\/de\/wp-json\/wp\/v2\/comments?post=8715"}],"wp:featuredmedia":[{"embeddable":true,"href":"https:\/\/www.drespredeti.com\/de\/wp-json\/wp\/v2\/media\/8717"}],"wp:attachment":[{"href":"https:\/\/www.drespredeti.com\/de\/wp-json\/wp\/v2\/media?parent=8715"}],"wp:term":[{"taxonomy":"product_brand","embeddable":true,"href":"https:\/\/www.drespredeti.com\/de\/wp-json\/wp\/v2\/product_brand?post=8715"},{"taxonomy":"product_cat","embeddable":true,"href":"https:\/\/www.drespredeti.com\/de\/wp-json\/wp\/v2\/product_cat?post=8715"},{"taxonomy":"product_tag","embeddable":true,"href":"https:\/\/www.drespredeti.com\/de\/wp-json\/wp\/v2\/product_tag?post=8715"}],"curies":[{"name":"wp","href":"https:\/\/api.w.org\/{rel}","templated":true}]}}