{"id":8704,"date":"2026-02-27T10:47:43","date_gmt":"2026-02-27T09:47:43","guid":{"rendered":"https:\/\/www.futbalovedresysk.com\/?post_type=product&#038;p=8704"},"modified":"2026-02-27T11:00:39","modified_gmt":"2026-02-27T10:00:39","slug":"pansky-fotbalovy-dres-inter-miami-luis-suarez-9-2025-26-prec","status":"publish","type":"product","link":"https:\/\/www.drespredeti.com\/de\/pansky-fotbalovy-dres-inter-miami-luis-suarez-9-2025-26-prec\/","title":{"rendered":"Herren-Fu\u00dfballtrikot Inter Miami Luis Su\u00e1rez #9 2025-26 Vor"},"content":{"rendered":"<h2>Herren-Fu\u00dfballtrikot Inter Miami Luis Su\u00e1rez #9 2025-26 Vor<\/h2>\n<h3>Au\u00dfenvariante f\u00fcr echte Fans<\/h3>\n<p><strong>Herren-Fu\u00dfballtrikot<\/strong> Inter Miami Luis Su\u00e1rez #9 2025-26 Vor- pr\u00e4sentiert stylische Au\u00dfenansicht f\u00fcr die neue Saison. Das Design ist darauf ausgelegt, dynamisch und modern zu wirken, wobei der Charakter des Teams sowie die Individualit\u00e4t des Spielers betont werden.<\/p>\n<h3>Leichtigkeit und Komfort den ganzen Tag<\/h3>\n<p>Dieses Fu\u00dfballtrikot ist aus hochwertigem atmungsaktivem Stoff gefertigt, der die Luftzirkulation unterst\u00fctzt und schnell trocknet. Das Material ist strapazierf\u00e4hig, bewahrt die Farbs\u00e4ttigung und bietet beim Sport sowie beim t\u00e4glichen Tragen Komfort.<\/p>\n<h3>Eigener Name und Nummer auf dem Trikot<\/h3>\n<p>Jedes Fu\u00dfballdress kann nach Ihren Vorstellungen personalisiert werden. W\u00e4hlen Sie Ihren eigenen Namen und Ihre Nummer oder behalten Sie Luis Su\u00e1rez #9 f\u00fcr ein authentisches Fu\u00dfballoutfit. Der Druck ist pr\u00e4zise und langlebig auch nach mehrmaligem Waschen.<\/p>\n<h3>Tolle Wahl f\u00fcr die Saison 2025-26<\/h3>\n<p>Wenn Sie modern suchen <strong>Herren-Fu\u00dfballtrikot<\/strong> Inter Miami f\u00fcr die Saison 2025-26, die Vorbei-Version ist die ideale L\u00f6sung. Sie vereint sportlichen Stil, funktionelles Material und Personalisierung in einem Produkt.<\/p>","protected":false},"excerpt":{"rendered":"<p>Herren-Fu\u00dfballtrikot Inter Miami Luis Su\u00e1rez #9 2025-26 Weggehend Au\u00dfenversion f\u00fcr echte Fans Herren-Fu\u00dfballtrikot Inter Miami Luis Su\u00e1rez #9 2025-26 Weggehend pr\u00e4sentiert eine stilvolle Au\u00dfenausf\u00fchrung f\u00fcr die neue Saison. Das Design ist darauf ausgelegt, dynamisch und modern zu wirken, wobei der Charakter des Teams und die Individualit\u00e4t des Spielers betont werden. Leichtigkeit und ganzt\u00e4giger Tragekomfort Dieses [\u2026]<\/p>","protected":false},"featured_media":8706,"comment_status":"open","ping_status":"closed","template":"","meta":{"site-sidebar-layout":"default","site-content-layout":"","ast-site-content-layout":"default","site-content-style":"default","site-sidebar-style":"default","ast-global-header-display":"","ast-banner-title-visibility":"","ast-main-header-display":"","ast-hfb-above-header-display":"","ast-hfb-below-header-display":"","ast-hfb-mobile-header-display":"","site-post-title":"","ast-breadcrumbs-content":"","ast-featured-img":"","footer-sml-layout":"","theme-transparent-header-meta":"default","adv-header-id-meta":"","stick-header-meta":"","header-above-stick-meta":"","header-main-stick-meta":"","header-below-stick-meta":"","astra-migrate-meta-layouts":"set","ast-page-background-enabled":"default","ast-page-background-meta":{"desktop":{"background-color":"var(--ast-global-color-4)","background-image":"","background-repeat":"repeat","background-position":"center center","background-size":"auto","background-attachment":"scroll","background-type":"","background-media":"","overlay-type":"","overlay-color":"","overlay-opacity":"","overlay-gradient":""},"tablet":{"background-color":"","background-image":"","background-repeat":"repeat","background-position":"center center","background-size":"auto","background-attachment":"scroll","background-type":"","background-media":"","overlay-type":"","overlay-color":"","overlay-opacity":"","overlay-gradient":""},"mobile":{"background-color":"","background-image":"","background-repeat":"repeat","background-position":"center center","background-size":"auto","background-attachment":"scroll","background-type":"","background-media":"","overlay-type":"","overlay-color":"","overlay-opacity":"","overlay-gradient":""}},"ast-content-background-meta":{"desktop":{"background-color":"var(--ast-global-color-5)","background-image":"","background-repeat":"repeat","background-position":"center center","background-size":"auto","background-attachment":"scroll","background-type":"","background-media":"","overlay-type":"","overlay-color":"","overlay-opacity":"","overlay-gradient":""},"tablet":{"background-color":"var(--ast-global-color-5)","background-image":"","background-repeat":"repeat","background-position":"center center","background-size":"auto","background-attachment":"scroll","background-type":"","background-media":"","overlay-type":"","overlay-color":"","overlay-opacity":"","overlay-gradient":""},"mobile":{"background-color":"var(--ast-global-color-5)","background-image":"","background-repeat":"repeat","background-position":"center center","background-size":"auto","background-attachment":"scroll","background-type":"","background-media":"","overlay-type":"","overlay-color":"","overlay-opacity":"","overlay-gradient":""}}},"product_brand":[],"product_cat":[593],"product_tag":[597,595,234,599,594,596,598],"class_list":{"0":"post-8704","1":"product","2":"type-product","3":"status-publish","4":"has-post-thumbnail","6":"product_cat-futbalove-dresy-inter-miami","7":"product_tag-inter-miami-2025-26-dres","8":"product_tag-inter-miami-dres-muzi","9":"product_tag-luis-suarez-dres","10":"product_tag-mls-inter-miami-pansky-dres","11":"product_tag-pansky-fotbalovy-dres-inter-miami-2025-26","12":"product_tag-pansky-futbalovy-dres-inter-miami-s-potlacou","13":"product_tag-personalizovany-futbalovy-dres-meno-a-cislo","14":"desktop-align-left","15":"tablet-align-left","16":"mobile-align-left","18":"first","19":"instock","20":"shipping-taxable","21":"purchasable","22":"product-type-variable"},"_links":{"self":[{"href":"https:\/\/www.drespredeti.com\/de\/wp-json\/wp\/v2\/product\/8704","targetHints":{"allow":["GET"]}}],"collection":[{"href":"https:\/\/www.drespredeti.com\/de\/wp-json\/wp\/v2\/product"}],"about":[{"href":"https:\/\/www.drespredeti.com\/de\/wp-json\/wp\/v2\/types\/product"}],"replies":[{"embeddable":true,"href":"https:\/\/www.drespredeti.com\/de\/wp-json\/wp\/v2\/comments?post=8704"}],"wp:featuredmedia":[{"embeddable":true,"href":"https:\/\/www.drespredeti.com\/de\/wp-json\/wp\/v2\/media\/8706"}],"wp:attachment":[{"href":"https:\/\/www.drespredeti.com\/de\/wp-json\/wp\/v2\/media?parent=8704"}],"wp:term":[{"taxonomy":"product_brand","embeddable":true,"href":"https:\/\/www.drespredeti.com\/de\/wp-json\/wp\/v2\/product_brand?post=8704"},{"taxonomy":"product_cat","embeddable":true,"href":"https:\/\/www.drespredeti.com\/de\/wp-json\/wp\/v2\/product_cat?post=8704"},{"taxonomy":"product_tag","embeddable":true,"href":"https:\/\/www.drespredeti.com\/de\/wp-json\/wp\/v2\/product_tag?post=8704"}],"curies":[{"name":"wp","href":"https:\/\/api.w.org\/{rel}","templated":true}]}}