{"id":8682,"date":"2026-02-27T10:46:35","date_gmt":"2026-02-27T09:46:35","guid":{"rendered":"https:\/\/www.futbalovedresysk.com\/?post_type=product&#038;p=8682"},"modified":"2026-02-27T11:02:00","modified_gmt":"2026-02-27T10:02:00","slug":"pansky-fotbalovy-dres-inter-miami-2025-26-tretina","status":"publish","type":"product","link":"https:\/\/www.drespredeti.com\/de\/pansky-fotbalovy-dres-inter-miami-2025-26-tretina\/","title":{"rendered":"Herren-Fu\u00dfballtrikot Inter Miami 2025-26 Drittel"},"content":{"rendered":"<h2>Herren-Fu\u00dfballtrikot Inter Miami 2025-26 Drittel<\/h2>\n<h3>Modernes Design f\u00fcr die Saison 2025-26<\/h3>\n<p><strong>Herren-Fu\u00dfballtrikot<\/strong> Inter Miami Sergio Busquets #5 2025-26 Viertel verleiht einen markanten und dynamischen Look, inspiriert von der aktuellen Saison. Detaillierte Verarbeitung und kontrastierende Elemente unterstreichen die Vereinsidentit\u00e4t und Energie auf dem Spielfeld und au\u00dferhalb davon.<\/p>\n<h3>Bequemer und atmungsaktiver Stoff<\/h3>\n<p>Jedes Fu\u00dfballtrikot besteht aus leichtem, schnelltrocknendem Polyester, der Feuchtigkeit effektiv ableitet. Das Material f\u00fchlt sich angenehm an, beh\u00e4lt Form und Farbe nach dem Waschen und bietet maximalen Komfort w\u00e4hrend des Spiels, Trainings und beim allt\u00e4glichen Tragen.<\/p>\n<h3>Personalisierungsm\u00f6glichkeit \u2013 Name und Nummer<\/h3>\n<p>Dieses <strong>Herren-Fu\u00dfballtrikot<\/strong> ist nach deinen Vorstellungen anpassbar. Wir bieten <strong>ein eigenes Trikot mit Name und Nummer<\/strong>, sodass du einen einzigartigen Fu\u00dfballstil erstellen kannst.<\/p>\n<h3>Der ideale Geschenk f\u00fcr Fans<\/h3>\n<p>Wenn Sie ein hochwertiges Fu\u00dfballtrikot f\u00fcr die Saison 2025-26 suchen, ist die dritte Version von Inter Miami eine ausgezeichnete Wahl. Es verbindet modernes Aussehen, Funktionalit\u00e4t und die M\u00f6glichkeit, Name und Nummer in einem Produkt zu personalisieren.<\/p>","protected":false},"excerpt":{"rendered":"<p>P\u00e1nsky Fotbalov\u00fd dres Inter Miami 2025-26 Tretina Modern\u00fd dizajn pre sez\u00f3nu 2025-26 P\u00e1nsky Fotbalov\u00fd dres Inter Miami 2025-26 Tretina prin\u00e1\u0161a v\u00fdrazn\u00fd a dynamick\u00fd vzh\u013ead in\u0161pirovan\u00fd aktu\u00e1lnou sez\u00f3nou. Detailn\u00e9 spracovanie a kontrastn\u00e9 prvky pod\u010diarkuj\u00fa klubov\u00fa identitu a energiu na ihrisku aj mimo neho. Pohodln\u00fd a priedu\u0161n\u00fd materi\u00e1l Ka\u017ed\u00fd Futbalov\u00e9 dres\u00a0je vyroben\u00fd z \u013eahk\u00e9ho, r\u00fdchloschn\u00faceho polyesteru, ktor\u00fd [&hellip;]<\/p>","protected":false},"featured_media":8684,"comment_status":"open","ping_status":"closed","template":"","meta":{"site-sidebar-layout":"default","site-content-layout":"","ast-site-content-layout":"default","site-content-style":"default","site-sidebar-style":"default","ast-global-header-display":"","ast-banner-title-visibility":"","ast-main-header-display":"","ast-hfb-above-header-display":"","ast-hfb-below-header-display":"","ast-hfb-mobile-header-display":"","site-post-title":"","ast-breadcrumbs-content":"","ast-featured-img":"","footer-sml-layout":"","theme-transparent-header-meta":"default","adv-header-id-meta":"","stick-header-meta":"","header-above-stick-meta":"","header-main-stick-meta":"","header-below-stick-meta":"","astra-migrate-meta-layouts":"set","ast-page-background-enabled":"default","ast-page-background-meta":{"desktop":{"background-color":"var(--ast-global-color-4)","background-image":"","background-repeat":"repeat","background-position":"center center","background-size":"auto","background-attachment":"scroll","background-type":"","background-media":"","overlay-type":"","overlay-color":"","overlay-opacity":"","overlay-gradient":""},"tablet":{"background-color":"","background-image":"","background-repeat":"repeat","background-position":"center center","background-size":"auto","background-attachment":"scroll","background-type":"","background-media":"","overlay-type":"","overlay-color":"","overlay-opacity":"","overlay-gradient":""},"mobile":{"background-color":"","background-image":"","background-repeat":"repeat","background-position":"center center","background-size":"auto","background-attachment":"scroll","background-type":"","background-media":"","overlay-type":"","overlay-color":"","overlay-opacity":"","overlay-gradient":""}},"ast-content-background-meta":{"desktop":{"background-color":"var(--ast-global-color-5)","background-image":"","background-repeat":"repeat","background-position":"center center","background-size":"auto","background-attachment":"scroll","background-type":"","background-media":"","overlay-type":"","overlay-color":"","overlay-opacity":"","overlay-gradient":""},"tablet":{"background-color":"var(--ast-global-color-5)","background-image":"","background-repeat":"repeat","background-position":"center center","background-size":"auto","background-attachment":"scroll","background-type":"","background-media":"","overlay-type":"","overlay-color":"","overlay-opacity":"","overlay-gradient":""},"mobile":{"background-color":"var(--ast-global-color-5)","background-image":"","background-repeat":"repeat","background-position":"center center","background-size":"auto","background-attachment":"scroll","background-type":"","background-media":"","overlay-type":"","overlay-color":"","overlay-opacity":"","overlay-gradient":""}}},"product_brand":[],"product_cat":[593],"product_tag":[597,595,599,594,596,598],"class_list":{"0":"post-8682","1":"product","2":"type-product","3":"status-publish","4":"has-post-thumbnail","6":"product_cat-futbalove-dresy-inter-miami","7":"product_tag-inter-miami-2025-26-dres","8":"product_tag-inter-miami-dres-muzi","9":"product_tag-mls-inter-miami-pansky-dres","10":"product_tag-pansky-fotbalovy-dres-inter-miami-2025-26","11":"product_tag-pansky-futbalovy-dres-inter-miami-s-potlacou","12":"product_tag-personalizovany-futbalovy-dres-meno-a-cislo","13":"desktop-align-left","14":"tablet-align-left","15":"mobile-align-left","17":"first","18":"instock","19":"shipping-taxable","20":"purchasable","21":"product-type-variable"},"_links":{"self":[{"href":"https:\/\/www.drespredeti.com\/de\/wp-json\/wp\/v2\/product\/8682","targetHints":{"allow":["GET"]}}],"collection":[{"href":"https:\/\/www.drespredeti.com\/de\/wp-json\/wp\/v2\/product"}],"about":[{"href":"https:\/\/www.drespredeti.com\/de\/wp-json\/wp\/v2\/types\/product"}],"replies":[{"embeddable":true,"href":"https:\/\/www.drespredeti.com\/de\/wp-json\/wp\/v2\/comments?post=8682"}],"wp:featuredmedia":[{"embeddable":true,"href":"https:\/\/www.drespredeti.com\/de\/wp-json\/wp\/v2\/media\/8684"}],"wp:attachment":[{"href":"https:\/\/www.drespredeti.com\/de\/wp-json\/wp\/v2\/media?parent=8682"}],"wp:term":[{"taxonomy":"product_brand","embeddable":true,"href":"https:\/\/www.drespredeti.com\/de\/wp-json\/wp\/v2\/product_brand?post=8682"},{"taxonomy":"product_cat","embeddable":true,"href":"https:\/\/www.drespredeti.com\/de\/wp-json\/wp\/v2\/product_cat?post=8682"},{"taxonomy":"product_tag","embeddable":true,"href":"https:\/\/www.drespredeti.com\/de\/wp-json\/wp\/v2\/product_tag?post=8682"}],"curies":[{"name":"wp","href":"https:\/\/api.w.org\/{rel}","templated":true}]}}