{"id":5554,"date":"2026-02-28T13:45:22","date_gmt":"2026-02-28T12:45:22","guid":{"rendered":"https:\/\/www.futbalovedresysk.com\/?post_type=product&#038;p=5554"},"modified":"2026-02-28T13:45:23","modified_gmt":"2026-02-28T12:45:23","slug":"detske-dres-wolves-jhon-arias-10-2025-26-prec-komplet","status":"publish","type":"product","link":"https:\/\/www.drespredeti.com\/de\/detske-dres-wolves-jhon-arias-10-2025-26-prec-komplet\/","title":{"rendered":"Detsk\u00e9 dres Wolves Jhon Arias #10 2025-26 Preel Komplet"},"content":{"rendered":"<h2>Detsk\u00e9 dres Wolves Jhon Arias #10 2025-26 Preel Komplet<\/h2>\n<h3>Au\u00dfenset f\u00fcr die Saison 2025-26<\/h3>\n<p><strong>Wolves Baby-Trikot 2025-26<\/strong> im Design Vor Aus-Set sind f\u00fcr junge Fans entworfen, die die Farben des Teams auch zu Ausw\u00e4rtsspielen tragen m\u00f6chten. Modernes Au\u00dfen-Design wirkt stilvoll und unterscheidet sich von traditionellen Modellen.<\/p>\n<h3>Jhon Arias #10 \u2013 markantes Detail auf dem Trikot<\/h3>\n<p>Dieses <strong>Wolves Baby-Trikot 2025-26<\/strong> das Set wird mit dem Namen Jhon Arias und der Nummer 10 auf der R\u00fcckseite vervollst\u00e4ndigt. Der Druck ist pr\u00e4zise verarbeitet, langlebig und f\u00fcr regelm\u00e4\u00dfiges Tragen w\u00e4hrend der gesamten Saison geeignet.<\/p>\n<h3>Hochwertiges Material f\u00fcr aktive Kinder<\/h3>\n<p>Jedes <strong>Wolves Baby-Trikot 2025-26<\/strong> wird aus atmungsaktivem Gewebe hergestellt, das Komfort bei Bewegungen unterst\u00fctzt. Das Material ist weich, trocknet schnell und sorgt f\u00fcr Komfort beim Training, Spiel und in der Freizeit.<\/p>\n<h3>Option zur eigenen Personalisierung<\/h3>\n<p>Neben dem Standarddruck ist ein D-Kinder-Fu\u00dfballtrikot erh\u00e4ltlich<strong>\u00a0Wolves 2025-26<\/strong> mit eigenem Namen und Nummer anzupassen. Die Personalisierung erm\u00f6glicht es, ein einzigartiges Fu\u00dfball-Outfit genau nach den Vorstellungen eines jungen Fans zu erstellen.<\/p>\n<h3>Tolle Wahl f\u00fcr junge Wolves-Fans<\/h3>\n<p>Wenn Sie stilvolle Kinderfu\u00dfball-Kleidung suchen<strong>\u00a0Wolves 2025-26<\/strong>, Version Pre\u010d Komplett kombiniert modernes Aussehen, Komfort und die M\u00f6glichkeit, Name und Nummer in einem Produkt anzupassen.<\/p>","protected":false},"excerpt":{"rendered":"<p>Detsk\u00e9 dres Wolves Jhon Arias #10 2025-26 Pre\u010d Komplet Vonkaj\u0161\u00ed komplet pre sez\u00f3nu 2025-26 Detsk\u00e9 dres Wolves 2025-26 v preveden\u00ed Pre\u010d Komplet s\u00fa navrhnut\u00e9 pre mlad\u00fdch fan\u00fa\u0161ikov, ktor\u00ed chc\u00fa nosi\u0165 farby t\u00edmu aj na z\u00e1pasoch mimo dom\u00e1ceho \u0161tadi\u00f3na. Modern\u00fd vonkaj\u0161\u00ed dizajn p\u00f4sob\u00ed \u0161t\u00fdlovo a odli\u0161uje sa od tradi\u010dn\u00fdch modelov. Jhon Arias #10 \u2013 v\u00fdrazn\u00fd detail [&hellip;]<\/p>","protected":false},"featured_media":5556,"comment_status":"open","ping_status":"closed","template":"","meta":{"site-sidebar-layout":"default","site-content-layout":"","ast-site-content-layout":"default","site-content-style":"default","site-sidebar-style":"default","ast-global-header-display":"","ast-banner-title-visibility":"","ast-main-header-display":"","ast-hfb-above-header-display":"","ast-hfb-below-header-display":"","ast-hfb-mobile-header-display":"","site-post-title":"","ast-breadcrumbs-content":"","ast-featured-img":"","footer-sml-layout":"","theme-transparent-header-meta":"default","adv-header-id-meta":"","stick-header-meta":"","header-above-stick-meta":"","header-main-stick-meta":"","header-below-stick-meta":"","astra-migrate-meta-layouts":"set","ast-page-background-enabled":"default","ast-page-background-meta":{"desktop":{"background-color":"var(--ast-global-color-4)","background-image":"","background-repeat":"repeat","background-position":"center center","background-size":"auto","background-attachment":"scroll","background-type":"","background-media":"","overlay-type":"","overlay-color":"","overlay-opacity":"","overlay-gradient":""},"tablet":{"background-color":"","background-image":"","background-repeat":"repeat","background-position":"center center","background-size":"auto","background-attachment":"scroll","background-type":"","background-media":"","overlay-type":"","overlay-color":"","overlay-opacity":"","overlay-gradient":""},"mobile":{"background-color":"","background-image":"","background-repeat":"repeat","background-position":"center center","background-size":"auto","background-attachment":"scroll","background-type":"","background-media":"","overlay-type":"","overlay-color":"","overlay-opacity":"","overlay-gradient":""}},"ast-content-background-meta":{"desktop":{"background-color":"var(--ast-global-color-5)","background-image":"","background-repeat":"repeat","background-position":"center center","background-size":"auto","background-attachment":"scroll","background-type":"","background-media":"","overlay-type":"","overlay-color":"","overlay-opacity":"","overlay-gradient":""},"tablet":{"background-color":"var(--ast-global-color-5)","background-image":"","background-repeat":"repeat","background-position":"center center","background-size":"auto","background-attachment":"scroll","background-type":"","background-media":"","overlay-type":"","overlay-color":"","overlay-opacity":"","overlay-gradient":""},"mobile":{"background-color":"var(--ast-global-color-5)","background-image":"","background-repeat":"repeat","background-position":"center center","background-size":"auto","background-attachment":"scroll","background-type":"","background-media":"","overlay-type":"","overlay-color":"","overlay-opacity":"","overlay-gradient":""}}},"product_brand":[],"product_cat":[92],"product_tag":[600,602,604,615,605,607,608,606,601,603],"class_list":{"0":"post-5554","1":"product","2":"type-product","3":"status-publish","4":"has-post-thumbnail","6":"product_cat-detske-dres-wolves","7":"product_tag-detske-dres-wolves-2025-26","8":"product_tag-detsky-dres-wolves","9":"product_tag-detsky-futbalovy-komplet-wolves","10":"product_tag-jhon-arias-bellegarde-dres","11":"product_tag-personalizovany-detsky-dres-wolves","12":"product_tag-sportovy-dres-wolves-pre-deti","13":"product_tag-wolves-2025-26-detska-kolekcia","14":"product_tag-wolves-detsky-dres-s-menom-a-cislom","15":"product_tag-wolves-detsky-komplet","16":"product_tag-wolves-dres-deti","17":"desktop-align-left","18":"tablet-align-left","19":"mobile-align-left","21":"first","22":"instock","23":"shipping-taxable","24":"purchasable","25":"product-type-variable"},"_links":{"self":[{"href":"https:\/\/www.drespredeti.com\/de\/wp-json\/wp\/v2\/product\/5554","targetHints":{"allow":["GET"]}}],"collection":[{"href":"https:\/\/www.drespredeti.com\/de\/wp-json\/wp\/v2\/product"}],"about":[{"href":"https:\/\/www.drespredeti.com\/de\/wp-json\/wp\/v2\/types\/product"}],"replies":[{"embeddable":true,"href":"https:\/\/www.drespredeti.com\/de\/wp-json\/wp\/v2\/comments?post=5554"}],"wp:featuredmedia":[{"embeddable":true,"href":"https:\/\/www.drespredeti.com\/de\/wp-json\/wp\/v2\/media\/5556"}],"wp:attachment":[{"href":"https:\/\/www.drespredeti.com\/de\/wp-json\/wp\/v2\/media?parent=5554"}],"wp:term":[{"taxonomy":"product_brand","embeddable":true,"href":"https:\/\/www.drespredeti.com\/de\/wp-json\/wp\/v2\/product_brand?post=5554"},{"taxonomy":"product_cat","embeddable":true,"href":"https:\/\/www.drespredeti.com\/de\/wp-json\/wp\/v2\/product_cat?post=5554"},{"taxonomy":"product_tag","embeddable":true,"href":"https:\/\/www.drespredeti.com\/de\/wp-json\/wp\/v2\/product_tag?post=5554"}],"curies":[{"name":"wp","href":"https:\/\/api.w.org\/{rel}","templated":true}]}}