{"id":5521,"date":"2026-02-28T13:47:00","date_gmt":"2026-02-28T12:47:00","guid":{"rendered":"https:\/\/www.futbalovedresysk.com\/?post_type=product&#038;p=5521"},"modified":"2026-02-28T13:47:01","modified_gmt":"2026-02-28T12:47:01","slug":"detske-dres-wolves-rodrigo-gomes-21-2025-26-tretina-komplet","status":"publish","type":"product","link":"https:\/\/www.drespredeti.com\/de\/detske-dres-wolves-rodrigo-gomes-21-2025-26-tretina-komplet\/","title":{"rendered":"Dresje dla dzieci Wolves Rodrigo Gomes #21 2025-26 Drittel Komplett"},"content":{"rendered":"<h2>Dresje dla dzieci Wolves Rodrigo Gomes #21 2025-26 Drittel Komplett<\/h2>\n<h3>Modernste dritte Variante f\u00fcr junge Fans<\/h3>\n<p><strong>Wolves Baby-Trikot 2025-26<\/strong> in der Ausf\u00fchrung Drittel-Kit bringen sie ein frisches und markantes Design f\u00fcr die Saison 2025-26. Dieses Set enth\u00e4lt Trikot und Shorts im einheitlichen Stil, damit junge Fans authentischen Fu\u00dfballlook genie\u00dfen k\u00f6nnen.<\/p>\n<h3>Rodrigo Gomes #21\u2013 beliebter Spieler auf dem R\u00fccken<\/h3>\n<p><strong>Wolves Baby-Trikot 2025-26<\/strong> mit Druck Rodrigo Gomes #21 verleihen dem Outfit einen einzigartigen Charakter. Die pr\u00e4zise Veredelung ist best\u00e4ndig und beh\u00e4lt die Qualit\u00e4t auch bei h\u00e4ufigem Waschen.<\/p>\n<h3>Komfort und Bewegungsfreiheit<\/h3>\n<p>Jedes <strong>Wolves Baby-Trikot 2025-26<\/strong> sie bestehen aus leichtem und atmungsaktivem Material, das hilft, Feuchtigkeit abzuleiten und Komfort beim Spiel und Training zu gew\u00e4hrleisten. Der elastische Bund der Shorts sorgt f\u00fcr gute Passform bei Kindern<\/p>\n<h3>M\u00f6glichkeit f\u00fcr eigenen Namen und Nummer<\/h3>\n<p>Ausgew\u00e4hlte Kindersport-Fu\u00dfballanzug<strong>\u00a0Wolves 2025-26<\/strong> es ist m\u00f6glich, es mit eigenem Namen und Nummer zu personalisieren. Erstellen Sie f\u00fcr Ihr Kind ein originelles Fu\u00dfball-Set, das seine Begeisterung f\u00fcr Wolves unterstreicht.<\/p>\n<h3>Ideales Geschenk f\u00fcr die Saison 2025-26<\/h3>\n<p>Wenn Sie hochwertige Kinderfu\u00dfball-Kombination suchen<strong>\u00a0Wolves 2025-26<\/strong>, dieses dritte Set ist eine hervorragende Wahl. Es verbindet modernes Design, bequemes Material und Personalisierung in einem Produkt.<\/p>","protected":false},"excerpt":{"rendered":"<p>Detsk\u00e9 dres Wolves Rodrigo Gomes #21 2025-26 Tretina Komplet Modern\u00fd tret\u00ed variant pre mlad\u00fdch fan\u00fa\u0161ikov Detsk\u00e9 dres Wolves 2025-26 v preveden\u00ed Tretina Komplet prin\u00e1\u0161aj\u00fa svie\u017ei a v\u00fdrazn\u00fd dizajn ur\u010den\u00fd pre sez\u00f3nu 2025-26. Tento komplet obsahuje dres aj \u0161ortky v jednotnom \u0161t\u00fdle, aby si mlad\u00ed fan\u00fa\u0161ikovia mohli vychutna\u0165 autentick\u00fd futbalov\u00fd vzh\u013ead. Rodrigo Gomes #21\u2013 ob\u013e\u00faben\u00fd hr\u00e1\u010d \u2026<\/p>","protected":false},"featured_media":5523,"comment_status":"open","ping_status":"closed","template":"","meta":{"site-sidebar-layout":"default","site-content-layout":"","ast-site-content-layout":"default","site-content-style":"default","site-sidebar-style":"default","ast-global-header-display":"","ast-banner-title-visibility":"","ast-main-header-display":"","ast-hfb-above-header-display":"","ast-hfb-below-header-display":"","ast-hfb-mobile-header-display":"","site-post-title":"","ast-breadcrumbs-content":"","ast-featured-img":"","footer-sml-layout":"","theme-transparent-header-meta":"default","adv-header-id-meta":"","stick-header-meta":"","header-above-stick-meta":"","header-main-stick-meta":"","header-below-stick-meta":"","astra-migrate-meta-layouts":"set","ast-page-background-enabled":"default","ast-page-background-meta":{"desktop":{"background-color":"var(--ast-global-color-4)","background-image":"","background-repeat":"repeat","background-position":"center center","background-size":"auto","background-attachment":"scroll","background-type":"","background-media":"","overlay-type":"","overlay-color":"","overlay-opacity":"","overlay-gradient":""},"tablet":{"background-color":"","background-image":"","background-repeat":"repeat","background-position":"center center","background-size":"auto","background-attachment":"scroll","background-type":"","background-media":"","overlay-type":"","overlay-color":"","overlay-opacity":"","overlay-gradient":""},"mobile":{"background-color":"","background-image":"","background-repeat":"repeat","background-position":"center center","background-size":"auto","background-attachment":"scroll","background-type":"","background-media":"","overlay-type":"","overlay-color":"","overlay-opacity":"","overlay-gradient":""}},"ast-content-background-meta":{"desktop":{"background-color":"var(--ast-global-color-5)","background-image":"","background-repeat":"repeat","background-position":"center center","background-size":"auto","background-attachment":"scroll","background-type":"","background-media":"","overlay-type":"","overlay-color":"","overlay-opacity":"","overlay-gradient":""},"tablet":{"background-color":"var(--ast-global-color-5)","background-image":"","background-repeat":"repeat","background-position":"center center","background-size":"auto","background-attachment":"scroll","background-type":"","background-media":"","overlay-type":"","overlay-color":"","overlay-opacity":"","overlay-gradient":""},"mobile":{"background-color":"var(--ast-global-color-5)","background-image":"","background-repeat":"repeat","background-position":"center center","background-size":"auto","background-attachment":"scroll","background-type":"","background-media":"","overlay-type":"","overlay-color":"","overlay-opacity":"","overlay-gradient":""}}},"product_brand":[],"product_cat":[92],"product_tag":[600,602,604,605,611,607,608,606,601,603],"class_list":{"0":"post-5521","1":"product","2":"type-product","3":"status-publish","4":"has-post-thumbnail","6":"product_cat-detske-dres-wolves","7":"product_tag-detske-dres-wolves-2025-26","8":"product_tag-detsky-dres-wolves","9":"product_tag-detsky-futbalovy-komplet-wolves","10":"product_tag-personalizovany-detsky-dres-wolves","11":"product_tag-rodrigo-gomes-dres","12":"product_tag-sportovy-dres-wolves-pre-deti","13":"product_tag-wolves-2025-26-detska-kolekcia","14":"product_tag-wolves-detsky-dres-s-menom-a-cislom","15":"product_tag-wolves-detsky-komplet","16":"product_tag-wolves-dres-deti","17":"desktop-align-left","18":"tablet-align-left","19":"mobile-align-left","21":"first","22":"instock","23":"shipping-taxable","24":"purchasable","25":"product-type-variable"},"_links":{"self":[{"href":"https:\/\/www.drespredeti.com\/de\/wp-json\/wp\/v2\/product\/5521","targetHints":{"allow":["GET"]}}],"collection":[{"href":"https:\/\/www.drespredeti.com\/de\/wp-json\/wp\/v2\/product"}],"about":[{"href":"https:\/\/www.drespredeti.com\/de\/wp-json\/wp\/v2\/types\/product"}],"replies":[{"embeddable":true,"href":"https:\/\/www.drespredeti.com\/de\/wp-json\/wp\/v2\/comments?post=5521"}],"wp:featuredmedia":[{"embeddable":true,"href":"https:\/\/www.drespredeti.com\/de\/wp-json\/wp\/v2\/media\/5523"}],"wp:attachment":[{"href":"https:\/\/www.drespredeti.com\/de\/wp-json\/wp\/v2\/media?parent=5521"}],"wp:term":[{"taxonomy":"product_brand","embeddable":true,"href":"https:\/\/www.drespredeti.com\/de\/wp-json\/wp\/v2\/product_brand?post=5521"},{"taxonomy":"product_cat","embeddable":true,"href":"https:\/\/www.drespredeti.com\/de\/wp-json\/wp\/v2\/product_cat?post=5521"},{"taxonomy":"product_tag","embeddable":true,"href":"https:\/\/www.drespredeti.com\/de\/wp-json\/wp\/v2\/product_tag?post=5521"}],"curies":[{"name":"wp","href":"https:\/\/api.w.org\/{rel}","templated":true}]}}