{"id":5513,"date":"2026-02-28T13:46:39","date_gmt":"2026-02-28T12:46:39","guid":{"rendered":"https:\/\/www.futbalovedresysk.com\/?post_type=product&#038;p=5513"},"modified":"2026-02-28T13:46:40","modified_gmt":"2026-02-28T12:46:40","slug":"detske-dres-wolves-rodrigo-gomes-21-2025-26-domaci-komplet","status":"publish","type":"product","link":"https:\/\/www.drespredeti.com\/de\/detske-dres-wolves-rodrigo-gomes-21-2025-26-domaci-komplet\/","title":{"rendered":"Detsk\u00e9 dres Wolves Rodrigo Gomes #21 2025-26 Heim Komplet"},"content":{"rendered":"<h2>Detsk\u00e9 dres Wolves Rodrigo Gomes #21 2025-26 Heim Komplet<\/h2>\n<h3>Klassische Heimkollektion f\u00fcr junge Fans<\/h3>\n<p><strong>Wolves Baby-Trikot 2025-26<\/strong> In der Heimvariante bringen sie das traditionelle Klub-Design in kindgerechter Form. Die Kollektion umfasst Trikot und Shorts im einheitlichen Stil, sodass junge Spieler die authentische Fu\u00dfballerfahrung w\u00e4hrend der gesamten Saison genie\u00dfen k\u00f6nnen.<\/p>\n<h3>Rodrigo Gomes #21 auf dem R\u00fccken<\/h3>\n<p>Dieses <strong>Wolves Baby-Trikot 2025-26<\/strong> das Modell ist mit dem Namen Rodrigo Gomes und der Nummer 21 versehen. Die R\u00fcckendrucke werden mit einer hochwertigen Technologie angebracht, die eine lange Lebensdauer und Abriebfestigkeit gew\u00e4hrleistet.<\/p>\n<h3>Komfort, der auf Kinder zugeschnitten ist<\/h3>\n<p>Jedes Baby-Fu\u00dfball-Set<strong>\u00a0Wolves 2025-26<\/strong> Sie bestehen aus leichtem, atmungsaktivem Stoff, der nat\u00fcrliche Bewegungen unterst\u00fctzt. Ein elastischer Bund an den Shorts und eine bequeme Passform erm\u00f6glichen Bewegungsfreiheit beim Spiel, Training und im Alltag.<\/p>\n<h3>Personalisierung von Name und Nummer<\/h3>\n<p>Neben der Standardversion ist m\u00f6glich <strong>Wolves Baby-Trikot 2025-26<\/strong> mit eigenem Namen und Nummer nach Wunsch anzupassen. Erstellen Sie ein einzigartiges Set, das die Unterst\u00fctzung des Wolves-Teams noch st\u00e4rker betont.<\/p>\n<h3>Ideales Geschenk f\u00fcr die Saison 2025-26<\/h3>\n<p>Wenn Sie hochwertige Kinderfu\u00dfball-Kombination suchen<strong>\u00a0Wolves 2025-26<\/strong>, Heim-Komplett mit dem Namen Rodrigo Gomes #21 ist eine hervorragende Wahl f\u00fcr jeden jungen Fan.<\/p>","protected":false},"excerpt":{"rendered":"<p>Detsk\u00e9 dres Wolves Rodrigo Gomes #21 2025-26 Dom\u00e1ci Komplet Klasick\u00fd dom\u00e1ci komplet pre mlad\u00fdch fan\u00fa\u0161ikov Detsk\u00e9 dres Wolves 2025-26 v dom\u00e1com preveden\u00ed prin\u00e1\u0161aj\u00fa tradi\u010dn\u00fd klubov\u00fd vzh\u013ead prisp\u00f4soben\u00fd de\u0165om. Komplet obsahuje dres a \u0161ortky v jednotnom \u0161t\u00fdle, v\u010faka \u010domu si mlad\u00ed hr\u00e1\u010di m\u00f4\u017eu u\u017ei\u0165 autentick\u00fd futbalov\u00fd z\u00e1\u017eitok po\u010das celej sez\u00f3ny. Rodrigo Gomes #21 na chrbte Tento [\u2026]<\/p>","protected":false},"featured_media":5515,"comment_status":"open","ping_status":"closed","template":"","meta":{"site-sidebar-layout":"default","site-content-layout":"","ast-site-content-layout":"default","site-content-style":"default","site-sidebar-style":"default","ast-global-header-display":"","ast-banner-title-visibility":"","ast-main-header-display":"","ast-hfb-above-header-display":"","ast-hfb-below-header-display":"","ast-hfb-mobile-header-display":"","site-post-title":"","ast-breadcrumbs-content":"","ast-featured-img":"","footer-sml-layout":"","theme-transparent-header-meta":"default","adv-header-id-meta":"","stick-header-meta":"","header-above-stick-meta":"","header-main-stick-meta":"","header-below-stick-meta":"","astra-migrate-meta-layouts":"set","ast-page-background-enabled":"default","ast-page-background-meta":{"desktop":{"background-color":"var(--ast-global-color-4)","background-image":"","background-repeat":"repeat","background-position":"center center","background-size":"auto","background-attachment":"scroll","background-type":"","background-media":"","overlay-type":"","overlay-color":"","overlay-opacity":"","overlay-gradient":""},"tablet":{"background-color":"","background-image":"","background-repeat":"repeat","background-position":"center center","background-size":"auto","background-attachment":"scroll","background-type":"","background-media":"","overlay-type":"","overlay-color":"","overlay-opacity":"","overlay-gradient":""},"mobile":{"background-color":"","background-image":"","background-repeat":"repeat","background-position":"center center","background-size":"auto","background-attachment":"scroll","background-type":"","background-media":"","overlay-type":"","overlay-color":"","overlay-opacity":"","overlay-gradient":""}},"ast-content-background-meta":{"desktop":{"background-color":"var(--ast-global-color-5)","background-image":"","background-repeat":"repeat","background-position":"center center","background-size":"auto","background-attachment":"scroll","background-type":"","background-media":"","overlay-type":"","overlay-color":"","overlay-opacity":"","overlay-gradient":""},"tablet":{"background-color":"var(--ast-global-color-5)","background-image":"","background-repeat":"repeat","background-position":"center center","background-size":"auto","background-attachment":"scroll","background-type":"","background-media":"","overlay-type":"","overlay-color":"","overlay-opacity":"","overlay-gradient":""},"mobile":{"background-color":"var(--ast-global-color-5)","background-image":"","background-repeat":"repeat","background-position":"center center","background-size":"auto","background-attachment":"scroll","background-type":"","background-media":"","overlay-type":"","overlay-color":"","overlay-opacity":"","overlay-gradient":""}}},"product_brand":[],"product_cat":[92],"product_tag":[600,602,604,605,611,607,608,606,601,603],"class_list":{"0":"post-5513","1":"product","2":"type-product","3":"status-publish","4":"has-post-thumbnail","6":"product_cat-detske-dres-wolves","7":"product_tag-detske-dres-wolves-2025-26","8":"product_tag-detsky-dres-wolves","9":"product_tag-detsky-futbalovy-komplet-wolves","10":"product_tag-personalizovany-detsky-dres-wolves","11":"product_tag-rodrigo-gomes-dres","12":"product_tag-sportovy-dres-wolves-pre-deti","13":"product_tag-wolves-2025-26-detska-kolekcia","14":"product_tag-wolves-detsky-dres-s-menom-a-cislom","15":"product_tag-wolves-detsky-komplet","16":"product_tag-wolves-dres-deti","17":"desktop-align-left","18":"tablet-align-left","19":"mobile-align-left","21":"first","22":"instock","23":"shipping-taxable","24":"purchasable","25":"product-type-variable"},"_links":{"self":[{"href":"https:\/\/www.drespredeti.com\/de\/wp-json\/wp\/v2\/product\/5513","targetHints":{"allow":["GET"]}}],"collection":[{"href":"https:\/\/www.drespredeti.com\/de\/wp-json\/wp\/v2\/product"}],"about":[{"href":"https:\/\/www.drespredeti.com\/de\/wp-json\/wp\/v2\/types\/product"}],"replies":[{"embeddable":true,"href":"https:\/\/www.drespredeti.com\/de\/wp-json\/wp\/v2\/comments?post=5513"}],"wp:featuredmedia":[{"embeddable":true,"href":"https:\/\/www.drespredeti.com\/de\/wp-json\/wp\/v2\/media\/5515"}],"wp:attachment":[{"href":"https:\/\/www.drespredeti.com\/de\/wp-json\/wp\/v2\/media?parent=5513"}],"wp:term":[{"taxonomy":"product_brand","embeddable":true,"href":"https:\/\/www.drespredeti.com\/de\/wp-json\/wp\/v2\/product_brand?post=5513"},{"taxonomy":"product_cat","embeddable":true,"href":"https:\/\/www.drespredeti.com\/de\/wp-json\/wp\/v2\/product_cat?post=5513"},{"taxonomy":"product_tag","embeddable":true,"href":"https:\/\/www.drespredeti.com\/de\/wp-json\/wp\/v2\/product_tag?post=5513"}],"curies":[{"name":"wp","href":"https:\/\/api.w.org\/{rel}","templated":true}]}}