{"id":5503,"date":"2026-02-28T11:44:24","date_gmt":"2026-02-28T10:44:24","guid":{"rendered":"https:\/\/www.futbalovedresysk.com\/?post_type=product&#038;p=5503"},"modified":"2026-02-28T11:44:25","modified_gmt":"2026-02-28T10:44:25","slug":"detske-dres-wolves-tolu-arokodare-14-2025-26-prec-komplet","status":"publish","type":"product","link":"https:\/\/www.drespredeti.com\/de\/detske-dres-wolves-tolu-arokodare-14-2025-26-prec-komplet\/","title":{"rendered":"Kindertrikot Wolves Tolu Arokodare #14 2025-26 Vorne Komplett"},"content":{"rendered":"<h2>Kindertrikot Wolves Tolu Arokodare #14 2025-26 Vorne Komplett<\/h2>\n<h3>Au\u00dfenset f\u00fcr die Saison 2025-26<\/h3>\n<p><strong>Wolves Baby-Trikot 2025-26<\/strong> im Design Vor Aus-Set sind f\u00fcr junge Fans entworfen, die die Farben des Teams auch zu Ausw\u00e4rtsspielen tragen m\u00f6chten. Modernes Au\u00dfen-Design wirkt stilvoll und unterscheidet sich von traditionellen Modellen.<\/p>\n<h3>Tolu Arokodare #14 \u2013 markantes Detail auf dem Trikot<\/h3>\n<p>Dieses Baby-Fu\u00dfball-Set<strong>\u00a0Wolves 2025-26<\/strong> das Set ist mit dem Namen Tolu Arokodare und der R\u00fcckennummer 14 bedruckt. Der Druck ist pr\u00e4zise umgesetzt, langlebig und geeignet f\u00fcr regelm\u00e4\u00dfiges Tragen w\u00e4hrend der gesamten Saison.<\/p>\n<h3>Hochwertiges Material f\u00fcr aktive Kinder<\/h3>\n<p>Jedes Baby-Fu\u00dfball-Set<strong>\u00a0Wolves 2025-26<\/strong> wird aus atmungsaktivem Gewebe hergestellt, das Komfort bei Bewegungen unterst\u00fctzt. Das Material ist weich, trocknet schnell und sorgt f\u00fcr Komfort beim Training, Spiel und in der Freizeit.<\/p>\n<h3>Option zur eigenen Personalisierung<\/h3>\n<p>Neben dem Standarddruck ist es m\u00f6glich <strong>Wolves Baby-Trikot 2025-26<\/strong> mit eigenem Namen und Nummer anzupassen. Die Personalisierung erm\u00f6glicht es, ein einzigartiges Fu\u00dfball-Outfit genau nach den Vorstellungen eines jungen Fans zu erstellen.<\/p>\n<h3>Tolle Wahl f\u00fcr junge Wolves-Fans<\/h3>\n<p>Wenn Sie nach stilvoller <strong>Wolves Baby-Trikot 2025-26<\/strong>, Version Pre\u010d Komplett kombiniert modernes Aussehen, Komfort und die M\u00f6glichkeit, Name und Nummer in einem Produkt anzupassen.<\/p>","protected":false},"excerpt":{"rendered":"<p>Kinder-Trikot Wolves Tolu Arokodare #14 2025-26 Vorne Ausw\u00e4rts-Set f\u00fcr die Saison 2025-26 Kindertrikot Wolves 2025-26 in der Ausf\u00fchrung Vorne Ausw\u00e4rts-Set ist f\u00fcr junge Fans entworfen, die die Farben des Teams auch bei Ausw\u00e4rtsspielen tragen m\u00f6chten. Modernes Ausw\u00e4rts-Design wirkt stilvoll und unterscheidet sich von traditionellen Modellen. Tolu Arokodare #14 \u2013 markantes Detail [\u2026]<\/p>","protected":false},"featured_media":5505,"comment_status":"open","ping_status":"closed","template":"","meta":{"site-sidebar-layout":"default","site-content-layout":"","ast-site-content-layout":"default","site-content-style":"default","site-sidebar-style":"default","ast-global-header-display":"","ast-banner-title-visibility":"","ast-main-header-display":"","ast-hfb-above-header-display":"","ast-hfb-below-header-display":"","ast-hfb-mobile-header-display":"","site-post-title":"","ast-breadcrumbs-content":"","ast-featured-img":"","footer-sml-layout":"","theme-transparent-header-meta":"default","adv-header-id-meta":"","stick-header-meta":"","header-above-stick-meta":"","header-main-stick-meta":"","header-below-stick-meta":"","astra-migrate-meta-layouts":"set","ast-page-background-enabled":"default","ast-page-background-meta":{"desktop":{"background-color":"var(--ast-global-color-4)","background-image":"","background-repeat":"repeat","background-position":"center center","background-size":"auto","background-attachment":"scroll","background-type":"","background-media":"","overlay-type":"","overlay-color":"","overlay-opacity":"","overlay-gradient":""},"tablet":{"background-color":"","background-image":"","background-repeat":"repeat","background-position":"center center","background-size":"auto","background-attachment":"scroll","background-type":"","background-media":"","overlay-type":"","overlay-color":"","overlay-opacity":"","overlay-gradient":""},"mobile":{"background-color":"","background-image":"","background-repeat":"repeat","background-position":"center center","background-size":"auto","background-attachment":"scroll","background-type":"","background-media":"","overlay-type":"","overlay-color":"","overlay-opacity":"","overlay-gradient":""}},"ast-content-background-meta":{"desktop":{"background-color":"var(--ast-global-color-5)","background-image":"","background-repeat":"repeat","background-position":"center center","background-size":"auto","background-attachment":"scroll","background-type":"","background-media":"","overlay-type":"","overlay-color":"","overlay-opacity":"","overlay-gradient":""},"tablet":{"background-color":"var(--ast-global-color-5)","background-image":"","background-repeat":"repeat","background-position":"center center","background-size":"auto","background-attachment":"scroll","background-type":"","background-media":"","overlay-type":"","overlay-color":"","overlay-opacity":"","overlay-gradient":""},"mobile":{"background-color":"var(--ast-global-color-5)","background-image":"","background-repeat":"repeat","background-position":"center center","background-size":"auto","background-attachment":"scroll","background-type":"","background-media":"","overlay-type":"","overlay-color":"","overlay-opacity":"","overlay-gradient":""}}},"product_brand":[],"product_cat":[92],"product_tag":[600,602,604,605,607,610,608,606,601,603],"class_list":{"0":"post-5503","1":"product","2":"type-product","3":"status-publish","4":"has-post-thumbnail","6":"product_cat-detske-dres-wolves","7":"product_tag-detske-dres-wolves-2025-26","8":"product_tag-detsky-dres-wolves","9":"product_tag-detsky-futbalovy-komplet-wolves","10":"product_tag-personalizovany-detsky-dres-wolves","11":"product_tag-sportovy-dres-wolves-pre-deti","12":"product_tag-tolu-arokodare-dres","13":"product_tag-wolves-2025-26-detska-kolekcia","14":"product_tag-wolves-detsky-dres-s-menom-a-cislom","15":"product_tag-wolves-detsky-komplet","16":"product_tag-wolves-dres-deti","17":"desktop-align-left","18":"tablet-align-left","19":"mobile-align-left","21":"first","22":"instock","23":"shipping-taxable","24":"purchasable","25":"product-type-variable"},"_links":{"self":[{"href":"https:\/\/www.drespredeti.com\/de\/wp-json\/wp\/v2\/product\/5503","targetHints":{"allow":["GET"]}}],"collection":[{"href":"https:\/\/www.drespredeti.com\/de\/wp-json\/wp\/v2\/product"}],"about":[{"href":"https:\/\/www.drespredeti.com\/de\/wp-json\/wp\/v2\/types\/product"}],"replies":[{"embeddable":true,"href":"https:\/\/www.drespredeti.com\/de\/wp-json\/wp\/v2\/comments?post=5503"}],"wp:featuredmedia":[{"embeddable":true,"href":"https:\/\/www.drespredeti.com\/de\/wp-json\/wp\/v2\/media\/5505"}],"wp:attachment":[{"href":"https:\/\/www.drespredeti.com\/de\/wp-json\/wp\/v2\/media?parent=5503"}],"wp:term":[{"taxonomy":"product_brand","embeddable":true,"href":"https:\/\/www.drespredeti.com\/de\/wp-json\/wp\/v2\/product_brand?post=5503"},{"taxonomy":"product_cat","embeddable":true,"href":"https:\/\/www.drespredeti.com\/de\/wp-json\/wp\/v2\/product_cat?post=5503"},{"taxonomy":"product_tag","embeddable":true,"href":"https:\/\/www.drespredeti.com\/de\/wp-json\/wp\/v2\/product_tag?post=5503"}],"curies":[{"name":"wp","href":"https:\/\/api.w.org\/{rel}","templated":true}]}}