{"id":5320,"date":"2026-01-17T05:29:07","date_gmt":"2026-01-17T04:29:07","guid":{"rendered":"https:\/\/www.futbalovedresysk.com\/?post_type=product&#038;p=5320"},"modified":"2026-01-17T05:29:08","modified_gmt":"2026-01-17T04:29:08","slug":"futbalove-dresy-pre-deti-inter-miami-sergio-busquets-5-2025-26-prec-komplet","status":"publish","type":"product","link":"https:\/\/www.drespredeti.com\/de\/futbalove-dresy-pre-deti-inter-miami-sergio-busquets-5-2025-26-prec-komplet\/","title":{"rendered":"Fu\u00dfballtrikots f\u00fcr Kinder Inter Miami Sergio Busquets #5 2025-26 Vorfrei Komplett"},"content":{"rendered":"<h3>Fu\u00dfballtrikots f\u00fcr Kinder Inter Miami 2025\/26 \u2013 Vorbei komplett Sergio Busquets #5 mit Druck<\/h3>\n<p>Fu\u00dfballtrikots f\u00fcr Kinder Inter Miami in der Ausf\u00fchrung Vorbei f\u00fcr die Saison 2025\/26 sind eine tolle Wahl f\u00fcr junge Fu\u00dfballbegeisterte, die den Klub in moderner und dynamischer Stil unterst\u00fctzen m\u00f6chten. Dieses Kinder-Set ist von dem Spieler Sergio Busquets #5 inspiriert und bietet ein attraktives Design, das sowohl auf dem Spielfeld als auch au\u00dferhalb geeignet ist.<\/p>\n<p>Das Polo-\/Hemd-Set ist aus hochwertigem, leichtem und atmungsaktivem Material gefertigt, das Bewegungsfreiheit gew\u00e4hrleistet und hilft, Feuchtigkeit w\u00e4hrend des Spiels abzuleiten. Dank der strapazierf\u00e4higen Verarbeitung ist das Komplett-Set auch f\u00fcr regelm\u00e4\u00dfiges Tragen und h\u00e4ufiges Waschen geeignet, was es zu einer praktischen Wahl f\u00fcr Kinder macht.<\/p>\n<p>Selbstverst\u00e4ndlich besteht die M\u00f6glichkeit, den Namen und die Nummer individuell zu bedrucken. Neben Sergio Busquets #5 k\u00f6nnen Sie jeden gew\u00fcnschten Namen und jede Nummer w\u00e4hlen, wodurch ein personalisiertes Fu\u00dfballtrikot genau nach den Vorstellungen des Kindes entsteht.<\/p>\n<p><strong>Produkter ist Vorteile:<\/strong><\/p>\n<ul>\n<li>M\u00f6glichkeit zur Anpassung von Name und Nummer<\/li>\n<li>Bequemer, atmungsaktiver Stoff f\u00fcr Kinder<\/li>\n<li>Komplettes Set: Fu\u00dfballtrikot + Shorts<\/li>\n<li>Geeignet f\u00fcr Training, Spiele und Freizeit<\/li>\n<\/ul>\n<p>Wenn Sie stilvolle und bequeme Fu\u00dfballtrikots f\u00fcr Kinder Inter Miami suchen, ist dieses Vorfrei-Komplett f\u00fcr die Saison 2025\/26 die ideale Kombination aus Design, Funktionalit\u00e4t und Personalisierung.<\/p>","protected":false},"excerpt":{"rendered":"<p>Futballtrikots f\u00fcr Kinder Inter Miami 2025\/26 \u2013 Pre\u00df-Druckset Sergio Busquets #5 mit Druck Futbolov\u00e9 dresy pre deti Inter Miami v preveden\u00ed Pre\u010d f\u00fcr die Saison 2025\/26 sind eine hervorragende Wahl f\u00fcr junge Fu\u00dfballbegeisterte, die den Club in modernem und dynamischem Stil unterst\u00fctzen m\u00f6chten. Dieses Kinder-Set ist von dem Spieler Sergio Busquets #5 inspiriert und bietet attraktiven [\u2026]<\/p>","protected":false},"featured_media":5322,"comment_status":"open","ping_status":"closed","template":"","meta":{"site-sidebar-layout":"default","site-content-layout":"","ast-site-content-layout":"default","site-content-style":"default","site-sidebar-style":"default","ast-global-header-display":"","ast-banner-title-visibility":"","ast-main-header-display":"","ast-hfb-above-header-display":"","ast-hfb-below-header-display":"","ast-hfb-mobile-header-display":"","site-post-title":"","ast-breadcrumbs-content":"","ast-featured-img":"","footer-sml-layout":"","theme-transparent-header-meta":"default","adv-header-id-meta":"","stick-header-meta":"","header-above-stick-meta":"","header-main-stick-meta":"","header-below-stick-meta":"","astra-migrate-meta-layouts":"set","ast-page-background-enabled":"default","ast-page-background-meta":{"desktop":{"background-color":"var(--ast-global-color-4)","background-image":"","background-repeat":"repeat","background-position":"center center","background-size":"auto","background-attachment":"scroll","background-type":"","background-media":"","overlay-type":"","overlay-color":"","overlay-opacity":"","overlay-gradient":""},"tablet":{"background-color":"","background-image":"","background-repeat":"repeat","background-position":"center center","background-size":"auto","background-attachment":"scroll","background-type":"","background-media":"","overlay-type":"","overlay-color":"","overlay-opacity":"","overlay-gradient":""},"mobile":{"background-color":"","background-image":"","background-repeat":"repeat","background-position":"center center","background-size":"auto","background-attachment":"scroll","background-type":"","background-media":"","overlay-type":"","overlay-color":"","overlay-opacity":"","overlay-gradient":""}},"ast-content-background-meta":{"desktop":{"background-color":"var(--ast-global-color-5)","background-image":"","background-repeat":"repeat","background-position":"center center","background-size":"auto","background-attachment":"scroll","background-type":"","background-media":"","overlay-type":"","overlay-color":"","overlay-opacity":"","overlay-gradient":""},"tablet":{"background-color":"var(--ast-global-color-5)","background-image":"","background-repeat":"repeat","background-position":"center center","background-size":"auto","background-attachment":"scroll","background-type":"","background-media":"","overlay-type":"","overlay-color":"","overlay-opacity":"","overlay-gradient":""},"mobile":{"background-color":"var(--ast-global-color-5)","background-image":"","background-repeat":"repeat","background-position":"center center","background-size":"auto","background-attachment":"scroll","background-type":"","background-media":"","overlay-type":"","overlay-color":"","overlay-opacity":"","overlay-gradient":""}}},"product_brand":[],"product_cat":[85],"product_tag":[130,191,170,231,232,235],"class_list":{"0":"post-5320","1":"product","2":"type-product","3":"status-publish","4":"has-post-thumbnail","6":"product_cat-detske-dres-inter-miami","7":"product_tag-detske-futbalove-dresy","8":"product_tag-detsky-dres-s-vlastnym-menom-a-cislom","9":"product_tag-detsky-futbalovy-komplet","10":"product_tag-futbalove-dresy-pre-deti-inter-miami","11":"product_tag-futbalovy-set-pre-deti","12":"product_tag-sergio-busquets-dres","13":"desktop-align-left","14":"tablet-align-left","15":"mobile-align-left","17":"first","18":"instock","19":"shipping-taxable","20":"purchasable","21":"product-type-variable"},"_links":{"self":[{"href":"https:\/\/www.drespredeti.com\/de\/wp-json\/wp\/v2\/product\/5320","targetHints":{"allow":["GET"]}}],"collection":[{"href":"https:\/\/www.drespredeti.com\/de\/wp-json\/wp\/v2\/product"}],"about":[{"href":"https:\/\/www.drespredeti.com\/de\/wp-json\/wp\/v2\/types\/product"}],"replies":[{"embeddable":true,"href":"https:\/\/www.drespredeti.com\/de\/wp-json\/wp\/v2\/comments?post=5320"}],"wp:featuredmedia":[{"embeddable":true,"href":"https:\/\/www.drespredeti.com\/de\/wp-json\/wp\/v2\/media\/5322"}],"wp:attachment":[{"href":"https:\/\/www.drespredeti.com\/de\/wp-json\/wp\/v2\/media?parent=5320"}],"wp:term":[{"taxonomy":"product_brand","embeddable":true,"href":"https:\/\/www.drespredeti.com\/de\/wp-json\/wp\/v2\/product_brand?post=5320"},{"taxonomy":"product_cat","embeddable":true,"href":"https:\/\/www.drespredeti.com\/de\/wp-json\/wp\/v2\/product_cat?post=5320"},{"taxonomy":"product_tag","embeddable":true,"href":"https:\/\/www.drespredeti.com\/de\/wp-json\/wp\/v2\/product_tag?post=5320"}],"curies":[{"name":"wp","href":"https:\/\/api.w.org\/{rel}","templated":true}]}}