{"id":5308,"date":"2026-01-17T05:28:36","date_gmt":"2026-01-17T04:28:36","guid":{"rendered":"https:\/\/www.futbalovedresysk.com\/?post_type=product&#038;p=5308"},"modified":"2026-01-17T05:28:37","modified_gmt":"2026-01-17T04:28:37","slug":"futbalove-dresy-pre-deti-inter-miami-luis-suarez-9-2025-26-domaci-komplet","status":"publish","type":"product","link":"https:\/\/www.drespredeti.com\/de\/futbalove-dresy-pre-deti-inter-miami-luis-suarez-9-2025-26-domaci-komplet\/","title":{"rendered":"Fu\u00dfballtrikots f\u00fcr Kinder Inter Miami Luis Suarez #9 2025-26 Heim-Set"},"content":{"rendered":"<h3>Fu\u00dfballtrikots f\u00fcr Kinder Inter Miami Luis Suarez #9 \u2013 Heim-Set 2025\/26 mit Namensdruck<\/h3>\n<p>Fu\u00dfballtrikots f\u00fcr Kinder Inter Miami Luis Suarez #9 2025-26 sind die ideale Wahl f\u00fcr junge Fu\u00dfballfans, die Luis Suarez bewundern und seine Zeit beim Verein Inter Miami. Dieses Heimset f\u00fcr die Saison 2025\/26 pr\u00e4sentiert das Design des Teams, in dem Messi #10 auf dem Feld und abseits des Feldes gl\u00e4nzt.<\/p>\n<p>Das Kinder-Fu\u00dfballtrikot ist aus leichtem, atmungsaktivem und schnelltrocknendem Material gefertigt, das maximalen Tragekomfort beim Training, bei Spielen und im Alltag bietet. Hochwertige Verarbeitung garantiert lange Haltbarkeit auch bei h\u00e4ufigem Waschen, was Eltern und Kindern gleicherma\u00dfen zugutekommt.<\/p>\n<p>Der gro\u00dfe Vorteil ist die M\u00f6glichkeit des eigenen Namens- und Zahlenaufdrucks. Neben Luis Suarez #9 k\u00f6nnen Sie jeden beliebigen Namen und jede Nummer w\u00e4hlen, wodurch das Fu\u00dfballset zu einem einzigartigen und pers\u00f6nlichen Geschenk f\u00fcr jedes Kind wird.<\/p>\n<p>Wenn Sie hochwertige Fu\u00dfBALLtrikots f\u00fcr Kinder Inter Miami Luis Suarez #9 suchen, verbindet dieses Heimset f\u00fcr die Saison 2025\/26 Stil, Komfort und pers\u00f6nliche Personalisierung in einem Produkt.<\/p>","protected":false},"excerpt":{"rendered":"<p>Futbalov\u00e9 dresy pre deti Inter Miami Luis Suarez #9 \u2013 Dom\u00e1ci set 2025\/26 s potla\u010dou mena Futbalov\u00e9 dresy pre deti Inter Miami Luis Suarez #9 2025-26 s\u00fa ide\u00e1lnou vo\u013ebou pre mlad\u00fdch fan\u00fa\u0161ikov futbalu, ktor\u00ed obdivuj\u00fa Luis Suarez a jeho p\u00f4sobenie v klube Inter Miami. Tento dom\u00e1ci komplet pre sez\u00f3nu 2025\/26 prin\u00e1\u0161a dizajn t\u00edmu, v ktorom [&hellip;]<\/p>","protected":false},"featured_media":5310,"comment_status":"open","ping_status":"closed","template":"","meta":{"site-sidebar-layout":"default","site-content-layout":"","ast-site-content-layout":"default","site-content-style":"default","site-sidebar-style":"default","ast-global-header-display":"","ast-banner-title-visibility":"","ast-main-header-display":"","ast-hfb-above-header-display":"","ast-hfb-below-header-display":"","ast-hfb-mobile-header-display":"","site-post-title":"","ast-breadcrumbs-content":"","ast-featured-img":"","footer-sml-layout":"","theme-transparent-header-meta":"default","adv-header-id-meta":"","stick-header-meta":"","header-above-stick-meta":"","header-main-stick-meta":"","header-below-stick-meta":"","astra-migrate-meta-layouts":"set","ast-page-background-enabled":"default","ast-page-background-meta":{"desktop":{"background-color":"var(--ast-global-color-4)","background-image":"","background-repeat":"repeat","background-position":"center center","background-size":"auto","background-attachment":"scroll","background-type":"","background-media":"","overlay-type":"","overlay-color":"","overlay-opacity":"","overlay-gradient":""},"tablet":{"background-color":"","background-image":"","background-repeat":"repeat","background-position":"center center","background-size":"auto","background-attachment":"scroll","background-type":"","background-media":"","overlay-type":"","overlay-color":"","overlay-opacity":"","overlay-gradient":""},"mobile":{"background-color":"","background-image":"","background-repeat":"repeat","background-position":"center center","background-size":"auto","background-attachment":"scroll","background-type":"","background-media":"","overlay-type":"","overlay-color":"","overlay-opacity":"","overlay-gradient":""}},"ast-content-background-meta":{"desktop":{"background-color":"var(--ast-global-color-5)","background-image":"","background-repeat":"repeat","background-position":"center center","background-size":"auto","background-attachment":"scroll","background-type":"","background-media":"","overlay-type":"","overlay-color":"","overlay-opacity":"","overlay-gradient":""},"tablet":{"background-color":"var(--ast-global-color-5)","background-image":"","background-repeat":"repeat","background-position":"center center","background-size":"auto","background-attachment":"scroll","background-type":"","background-media":"","overlay-type":"","overlay-color":"","overlay-opacity":"","overlay-gradient":""},"mobile":{"background-color":"var(--ast-global-color-5)","background-image":"","background-repeat":"repeat","background-position":"center center","background-size":"auto","background-attachment":"scroll","background-type":"","background-media":"","overlay-type":"","overlay-color":"","overlay-opacity":"","overlay-gradient":""}}},"product_brand":[],"product_cat":[85],"product_tag":[130,191,170,231,232,234],"class_list":{"0":"post-5308","1":"product","2":"type-product","3":"status-publish","4":"has-post-thumbnail","6":"product_cat-detske-dres-inter-miami","7":"product_tag-detske-futbalove-dresy","8":"product_tag-detsky-dres-s-vlastnym-menom-a-cislom","9":"product_tag-detsky-futbalovy-komplet","10":"product_tag-futbalove-dresy-pre-deti-inter-miami","11":"product_tag-futbalovy-set-pre-deti","12":"product_tag-luis-suarez-dres","13":"desktop-align-left","14":"tablet-align-left","15":"mobile-align-left","17":"first","18":"instock","19":"shipping-taxable","20":"purchasable","21":"product-type-variable"},"_links":{"self":[{"href":"https:\/\/www.drespredeti.com\/de\/wp-json\/wp\/v2\/product\/5308","targetHints":{"allow":["GET"]}}],"collection":[{"href":"https:\/\/www.drespredeti.com\/de\/wp-json\/wp\/v2\/product"}],"about":[{"href":"https:\/\/www.drespredeti.com\/de\/wp-json\/wp\/v2\/types\/product"}],"replies":[{"embeddable":true,"href":"https:\/\/www.drespredeti.com\/de\/wp-json\/wp\/v2\/comments?post=5308"}],"wp:featuredmedia":[{"embeddable":true,"href":"https:\/\/www.drespredeti.com\/de\/wp-json\/wp\/v2\/media\/5310"}],"wp:attachment":[{"href":"https:\/\/www.drespredeti.com\/de\/wp-json\/wp\/v2\/media?parent=5308"}],"wp:term":[{"taxonomy":"product_brand","embeddable":true,"href":"https:\/\/www.drespredeti.com\/de\/wp-json\/wp\/v2\/product_brand?post=5308"},{"taxonomy":"product_cat","embeddable":true,"href":"https:\/\/www.drespredeti.com\/de\/wp-json\/wp\/v2\/product_cat?post=5308"},{"taxonomy":"product_tag","embeddable":true,"href":"https:\/\/www.drespredeti.com\/de\/wp-json\/wp\/v2\/product_tag?post=5308"}],"curies":[{"name":"wp","href":"https:\/\/api.w.org\/{rel}","templated":true}]}}