{"id":5292,"date":"2026-01-17T05:28:37","date_gmt":"2026-01-17T04:28:37","guid":{"rendered":"https:\/\/www.futbalovedresysk.com\/?post_type=product&#038;p=5292"},"modified":"2026-01-17T05:28:37","modified_gmt":"2026-01-17T04:28:37","slug":"futbalove-dresy-pre-deti-inter-miami-2025-26-tretina-komplet","status":"publish","type":"product","link":"https:\/\/www.drespredeti.com\/de\/futbalove-dresy-pre-deti-inter-miami-2025-26-tretina-komplet\/","title":{"rendered":"Kinder-Trikots Inter Miami 2025-26 Drittel Komplett"},"content":{"rendered":"<h3>Futballtrikots f\u00fcr Kinder Inter Miami 2025\/26 \u2013 Drittes Fu\u00dfballset mit eigenem Namen<\/h3>\n<p>Futballtrikots f\u00fcr Kinder Inter Miami in der dritten Ausf\u00fchrung f\u00fcr die Saison 2025\/26, entworfen f\u00fcr Kinder, die modernen Fu\u00dfball lieben und die Farben ihres Lieblingsvereins stolz tragen m\u00f6chten. Dieses Kinder-Fu\u00dfballset kombiniert stilvolles Klub-Design mit praktischen Eigenschaften, geeignet f\u00fcr aktive Kinder.<\/p>\n<p>Das Material ist leicht, hautfreundlich und atmungsaktiv, wodurch es w\u00e4hrend Training, schulischen Sportaktivit\u00e4ten und Freizeit bequem bleibt. Trikot und Shorts behalten Form und Farbe auch nach wiederholtem Waschen, was eine lange Nutzungsdauer garantiert.<\/p>\n<p>Ein gro\u00dfer Vorteil ist die M\u00f6glichkeit, Name und Nummer nach Wunsch anzupassen. Das Kind kann so ein Trikot mit eigenem Namen oder beliebiger Nummer tragen, was dieses Set zu einem besonderen St\u00fcck und einem tollen Geschenk macht.<\/p>\n<p><strong>Warum dieses Kinder-Trikot w\u00e4hlen:<\/strong><\/p>\n<ul>\n<li>M\u00f6glichkeit zur eigenen Bedruckung von Name und Nummer<\/li>\n<li>Atmungsaktives und bequemes Material, geeignet f\u00fcr Kinder<\/li>\n<li>Das Set enth\u00e4lt Trikot und Shorts<\/li>\n<li>Ideal zum Training, zum Spiel und im Alltag<\/li>\n<\/ul>\n<p>Wenn Sie hochwertige Fu\u00dfballtrikots f\u00fcr Kinder Inter Miami suchen, bietet dieses Drittel-Fu\u00dfballset die ideale Kombination aus Komfort, Stil und Personalisierung.<\/p>","protected":false},"excerpt":{"rendered":"<p>Futballtrikots f\u00fcr Kinder Inter Miami 2025\/26 \u2013 Heimtrikot mit eigenem Namen Futballtrikots f\u00fcr Kinder Inter Miami in der Heimvariante f\u00fcr die Saison 2025\/26 sind f\u00fcr Kinder konzipiert, die modernen Fu\u00dfball lieben und die Farben ihres Lieblingsklubs stolz tragen m\u00f6chten. Dieses Kinder-Fu\u00dfballset kombiniert stilvolles Klub-Design mit praktischen Eigenschaften geeignet [\u2026]<\/p>","protected":false},"featured_media":5294,"comment_status":"open","ping_status":"closed","template":"","meta":{"site-sidebar-layout":"default","site-content-layout":"","ast-site-content-layout":"default","site-content-style":"default","site-sidebar-style":"default","ast-global-header-display":"","ast-banner-title-visibility":"","ast-main-header-display":"","ast-hfb-above-header-display":"","ast-hfb-below-header-display":"","ast-hfb-mobile-header-display":"","site-post-title":"","ast-breadcrumbs-content":"","ast-featured-img":"","footer-sml-layout":"","theme-transparent-header-meta":"default","adv-header-id-meta":"","stick-header-meta":"","header-above-stick-meta":"","header-main-stick-meta":"","header-below-stick-meta":"","astra-migrate-meta-layouts":"set","ast-page-background-enabled":"default","ast-page-background-meta":{"desktop":{"background-color":"var(--ast-global-color-4)","background-image":"","background-repeat":"repeat","background-position":"center center","background-size":"auto","background-attachment":"scroll","background-type":"","background-media":"","overlay-type":"","overlay-color":"","overlay-opacity":"","overlay-gradient":""},"tablet":{"background-color":"","background-image":"","background-repeat":"repeat","background-position":"center center","background-size":"auto","background-attachment":"scroll","background-type":"","background-media":"","overlay-type":"","overlay-color":"","overlay-opacity":"","overlay-gradient":""},"mobile":{"background-color":"","background-image":"","background-repeat":"repeat","background-position":"center center","background-size":"auto","background-attachment":"scroll","background-type":"","background-media":"","overlay-type":"","overlay-color":"","overlay-opacity":"","overlay-gradient":""}},"ast-content-background-meta":{"desktop":{"background-color":"var(--ast-global-color-5)","background-image":"","background-repeat":"repeat","background-position":"center center","background-size":"auto","background-attachment":"scroll","background-type":"","background-media":"","overlay-type":"","overlay-color":"","overlay-opacity":"","overlay-gradient":""},"tablet":{"background-color":"var(--ast-global-color-5)","background-image":"","background-repeat":"repeat","background-position":"center center","background-size":"auto","background-attachment":"scroll","background-type":"","background-media":"","overlay-type":"","overlay-color":"","overlay-opacity":"","overlay-gradient":""},"mobile":{"background-color":"var(--ast-global-color-5)","background-image":"","background-repeat":"repeat","background-position":"center center","background-size":"auto","background-attachment":"scroll","background-type":"","background-media":"","overlay-type":"","overlay-color":"","overlay-opacity":"","overlay-gradient":""}}},"product_brand":[],"product_cat":[85],"product_tag":[130,191,170,231,232],"class_list":{"0":"post-5292","1":"product","2":"type-product","3":"status-publish","4":"has-post-thumbnail","6":"product_cat-detske-dres-inter-miami","7":"product_tag-detske-futbalove-dresy","8":"product_tag-detsky-dres-s-vlastnym-menom-a-cislom","9":"product_tag-detsky-futbalovy-komplet","10":"product_tag-futbalove-dresy-pre-deti-inter-miami","11":"product_tag-futbalovy-set-pre-deti","12":"desktop-align-left","13":"tablet-align-left","14":"mobile-align-left","16":"first","17":"instock","18":"shipping-taxable","19":"purchasable","20":"product-type-variable"},"_links":{"self":[{"href":"https:\/\/www.drespredeti.com\/de\/wp-json\/wp\/v2\/product\/5292","targetHints":{"allow":["GET"]}}],"collection":[{"href":"https:\/\/www.drespredeti.com\/de\/wp-json\/wp\/v2\/product"}],"about":[{"href":"https:\/\/www.drespredeti.com\/de\/wp-json\/wp\/v2\/types\/product"}],"replies":[{"embeddable":true,"href":"https:\/\/www.drespredeti.com\/de\/wp-json\/wp\/v2\/comments?post=5292"}],"wp:featuredmedia":[{"embeddable":true,"href":"https:\/\/www.drespredeti.com\/de\/wp-json\/wp\/v2\/media\/5294"}],"wp:attachment":[{"href":"https:\/\/www.drespredeti.com\/de\/wp-json\/wp\/v2\/media?parent=5292"}],"wp:term":[{"taxonomy":"product_brand","embeddable":true,"href":"https:\/\/www.drespredeti.com\/de\/wp-json\/wp\/v2\/product_brand?post=5292"},{"taxonomy":"product_cat","embeddable":true,"href":"https:\/\/www.drespredeti.com\/de\/wp-json\/wp\/v2\/product_cat?post=5292"},{"taxonomy":"product_tag","embeddable":true,"href":"https:\/\/www.drespredeti.com\/de\/wp-json\/wp\/v2\/product_tag?post=5292"}],"curies":[{"name":"wp","href":"https:\/\/api.w.org\/{rel}","templated":true}]}}