{"id":5145,"date":"2026-02-02T10:35:57","date_gmt":"2026-02-02T09:35:57","guid":{"rendered":"https:\/\/www.futbalovedresysk.com\/?post_type=product&#038;p=5145"},"modified":"2026-02-02T10:35:58","modified_gmt":"2026-02-02T09:35:58","slug":"detsky-futbalovy-komplet-athletic-bilbao-2025-26-tretina","status":"publish","type":"product","link":"https:\/\/www.drespredeti.com\/de\/detsky-futbalovy-komplet-athletic-bilbao-2025-26-tretina\/","title":{"rendered":"Kinder-Fu\u00dfballset Athletic Bilbao 2025-26 Drittel"},"content":{"rendered":"<h3>Detsk\u00fd futbalov\u00fd komplet Athletic Bilbao 2025-26 Drittel Trikot + Short<\/h3>\n<p>Detsk\u00fd futbalov\u00fd komplet Athletic Bilbao 2025-26 Drittel ist die ideale Wahl f\u00fcr kleine Fans, die Fu\u00dfball mit dem gleichen Stil wie ihr Liebling klube spielen m\u00f6chten. Das moderne Drittel-Design 2025-26 wirkt frisch und unterscheidet sich, wodurch es Kinder schnell zum Training und zur allt\u00e4glichen Nutzung begeistern wird.<\/p>\n<p>Das Set enth\u00e4lt ein kurz\u00e4rmliges Trikot und bequeme Shorts, die aus leichtem und atmungsaktivem Material hergestellt sind. Dieses Material hilft, Schwei\u00df abzuleiten und sorgt f\u00fcr Komfort w\u00e4hrend der gesamten Bewegung. Detsk\u00fd futbalov\u00fd komplet Athletic Bilbao 2025-26 Drittel ist angenehm zu ber\u00fchren und auch f\u00fcr l\u00e4ngeres Tragen ohne Hautreizungen geeignet.<\/p>\n<p>Ein gro\u00dfer Vorteil ist die M\u00f6glichkeit, Namen und Nummer nach eigener Wahl anzupassen. Dadurch wird das Set zu einem pers\u00f6nlichen Trikot, das die kindliche Motivation und Freude am Spielen unterst\u00fctzt. Fu\u00dfballtrikots f\u00fcr Kinder Athletic Bilbao 2025-26 Drittel sind auch ein tolles Geschenk f\u00fcr junge Fu\u00dfballerinnen und Fans des Klubs.<\/p>\n<p>Der Schnitt ist kindgerecht, schr\u00e4nkt die Bewegungsfreiheit nicht ein und sitzt gut beim Laufen, Kicken und Spielen mit Freunden. Ob auf dem Spielfeld, in der Schule oder auf dem Hofplatz, dieses Set verleiht den Kindern Selbstvertrauen und Fu\u00dfballatmosph\u00e4re.<\/p>","protected":false},"excerpt":{"rendered":"<p>Detsk\u00fd futbalov\u00fd komplet Athletic Bilbao 2025-26 Tretina dres + \u0161ortky Detsk\u00fd futbalov\u00fd komplet Athletic Bilbao 2025-26 Tretina je ide\u00e1lnou vo\u013ebou pre mal\u00fdch fan\u00fa\u0161ikov, ktor\u00ed chc\u00fa hra\u0165 futbal s rovnak\u00fdm \u0161t\u00fdlom ako ich ob\u013e\u00faben\u00fd klub. Modern\u00fd tret\u00ed dizajn 2025-26 p\u00f4sob\u00ed svie\u017eo a odli\u0161ne, v\u010faka \u010domu si ho deti r\u00fdchlo ob\u013e\u00fabia na tr\u00e9ning aj be\u017en\u00e9 nosenie. Komplet [\u2026]<\/p>","protected":false},"featured_media":5147,"comment_status":"open","ping_status":"closed","template":"","meta":{"site-sidebar-layout":"default","site-content-layout":"","ast-site-content-layout":"default","site-content-style":"default","site-sidebar-style":"default","ast-global-header-display":"","ast-banner-title-visibility":"","ast-main-header-display":"","ast-hfb-above-header-display":"","ast-hfb-below-header-display":"","ast-hfb-mobile-header-display":"","site-post-title":"","ast-breadcrumbs-content":"","ast-featured-img":"","footer-sml-layout":"","theme-transparent-header-meta":"default","adv-header-id-meta":"","stick-header-meta":"","header-above-stick-meta":"","header-main-stick-meta":"","header-below-stick-meta":"","astra-migrate-meta-layouts":"set","ast-page-background-enabled":"default","ast-page-background-meta":{"desktop":{"background-color":"var(--ast-global-color-4)","background-image":"","background-repeat":"repeat","background-position":"center center","background-size":"auto","background-attachment":"scroll","background-type":"","background-media":"","overlay-type":"","overlay-color":"","overlay-opacity":"","overlay-gradient":""},"tablet":{"background-color":"","background-image":"","background-repeat":"repeat","background-position":"center center","background-size":"auto","background-attachment":"scroll","background-type":"","background-media":"","overlay-type":"","overlay-color":"","overlay-opacity":"","overlay-gradient":""},"mobile":{"background-color":"","background-image":"","background-repeat":"repeat","background-position":"center center","background-size":"auto","background-attachment":"scroll","background-type":"","background-media":"","overlay-type":"","overlay-color":"","overlay-opacity":"","overlay-gradient":""}},"ast-content-background-meta":{"desktop":{"background-color":"var(--ast-global-color-5)","background-image":"","background-repeat":"repeat","background-position":"center center","background-size":"auto","background-attachment":"scroll","background-type":"","background-media":"","overlay-type":"","overlay-color":"","overlay-opacity":"","overlay-gradient":""},"tablet":{"background-color":"var(--ast-global-color-5)","background-image":"","background-repeat":"repeat","background-position":"center center","background-size":"auto","background-attachment":"scroll","background-type":"","background-media":"","overlay-type":"","overlay-color":"","overlay-opacity":"","overlay-gradient":""},"mobile":{"background-color":"var(--ast-global-color-5)","background-image":"","background-repeat":"repeat","background-position":"center center","background-size":"auto","background-attachment":"scroll","background-type":"","background-media":"","overlay-type":"","overlay-color":"","overlay-opacity":"","overlay-gradient":""}}},"product_brand":[],"product_cat":[87],"product_tag":[471,470,474,472,473],"class_list":{"0":"post-5145","1":"product","2":"type-product","3":"status-publish","4":"has-post-thumbnail","6":"product_cat-detske-dres-athletic-bilbao","7":"product_tag-detsky-futbalovy-dres-athletic-bilbao-2025-26","8":"product_tag-detsky-futbalovy-komplet-athletic-bilbao","9":"product_tag-detsky-futbalovy-set-dres-sortky","10":"product_tag-futbalovy-komplet-pre-deti","11":"product_tag-lacny-detsky-futbalovy-komplet","12":"desktop-align-left","13":"tablet-align-left","14":"mobile-align-left","16":"first","17":"instock","18":"shipping-taxable","19":"purchasable","20":"product-type-variable"},"_links":{"self":[{"href":"https:\/\/www.drespredeti.com\/de\/wp-json\/wp\/v2\/product\/5145","targetHints":{"allow":["GET"]}}],"collection":[{"href":"https:\/\/www.drespredeti.com\/de\/wp-json\/wp\/v2\/product"}],"about":[{"href":"https:\/\/www.drespredeti.com\/de\/wp-json\/wp\/v2\/types\/product"}],"replies":[{"embeddable":true,"href":"https:\/\/www.drespredeti.com\/de\/wp-json\/wp\/v2\/comments?post=5145"}],"wp:featuredmedia":[{"embeddable":true,"href":"https:\/\/www.drespredeti.com\/de\/wp-json\/wp\/v2\/media\/5147"}],"wp:attachment":[{"href":"https:\/\/www.drespredeti.com\/de\/wp-json\/wp\/v2\/media?parent=5145"}],"wp:term":[{"taxonomy":"product_brand","embeddable":true,"href":"https:\/\/www.drespredeti.com\/de\/wp-json\/wp\/v2\/product_brand?post=5145"},{"taxonomy":"product_cat","embeddable":true,"href":"https:\/\/www.drespredeti.com\/de\/wp-json\/wp\/v2\/product_cat?post=5145"},{"taxonomy":"product_tag","embeddable":true,"href":"https:\/\/www.drespredeti.com\/de\/wp-json\/wp\/v2\/product_tag?post=5145"}],"curies":[{"name":"wp","href":"https:\/\/api.w.org\/{rel}","templated":true}]}}