{"id":5133,"date":"2026-02-02T10:33:33","date_gmt":"2026-02-02T09:33:33","guid":{"rendered":"https:\/\/www.futbalovedresysk.com\/?post_type=product&#038;p=5133"},"modified":"2026-02-02T10:33:34","modified_gmt":"2026-02-02T09:33:34","slug":"detsky-futbalovy-komplet-athletic-bilbao-2025-26-domaci","status":"publish","type":"product","link":"https:\/\/www.drespredeti.com\/de\/detsky-futbalovy-komplet-athletic-bilbao-2025-26-domaci\/","title":{"rendered":"Kinder-Fu\u00dfballset Athletic Bilbao 2025-26 Zuhause"},"content":{"rendered":"<h3>Kinder-Fu\u00dfballset Athletic Bilbao 2025-26 Zuhause<\/h3>\n<p><strong>Klassischer Heimstil f\u00fcr junge Fans<\/strong><\/p>\n<p>Das Kinder-Fu\u00dfballset Athletic Bilbao 2025-26 Zuhause bringt das traditionelle Vereinsdesign, das sofort erkennbar ist. Das Trikot I\u00f1aki Williams #9 mit kurzen \u00c4rmeln und passende Shorts erm\u00f6glichen es Kindern, sich wie Profispieler direkt aufs Feld zu f\u00fchlen.<\/p>\n<p><strong>Bequiles Material f\u00fcr Training und Spiel<\/strong><\/p>\n<p>Das Set besteht aus leichtem, atmungsaktivem Material, das Schwei\u00df ableitet und Komfort beim Laufen, Training oder in der Freizeit bietet. Das Trikot f\u00fchlt sich weich an und die Shorts haben einen bequemen Bund, sodass nichts die Bewegungsfreiheit einschr\u00e4nkt.<\/p>\n<p><strong>Personalisierung von Name und Nummer<\/strong><\/p>\n<p>Jedes Kinder-Fu\u00dfballset Athletic Bilbao 2025-26 Zuhause kann mit eigenem Namen und Nummer personalisiert werden, was es zu einem pers\u00f6nlichen und einzigartigen St\u00fcck macht. Kinder bekommen so ein Gef\u00fchl der Besonderheit und mehr Motivation zu spielen.<\/p>\n<p><strong>Tolls Geschenk f\u00fcr junge Fu\u00dfballer<\/strong><\/p>\n<p>Das Set ist ideal f\u00fcr Training, Spiele mit Freunden oder als Geschenk f\u00fcr kleine Fans von Athletic Bilbao. Der Schnitt ist kindgerecht angepasst und sorgt f\u00fcr Bewegungsfreiheit bei jeder Aktivit\u00e4t.<\/p>","protected":false},"excerpt":{"rendered":"<p>Detsk\u00fd futbalov\u00fd komplet Athletic Bilbao 2025-26 Dom\u00e1ci Klasick\u00fd dom\u00e1ci \u0161t\u00fdl pre mlad\u00fdch fan\u00fa\u0161ikov Detsk\u00fd futbalov\u00fd komplet Athletic Bilbao 2025-26 Dom\u00e1ci prin\u00e1\u0161a tradi\u010dn\u00fd klubov\u00fd dizajn, ktor\u00fd je \u013eahko rozpoznate\u013en\u00fd. Dres I\u00f1aki Williams #9 s kr\u00e1tkym ruk\u00e1vom a zladen\u00e9 \u0161ortky umo\u017e\u0148uj\u00fa de\u0165om c\u00edti\u0165 sa ako profesion\u00e1lni hr\u00e1\u010di priamo na ihrisku. Pohodln\u00fd materi\u00e1l na tr\u00e9ning a hru Komplet [\u2026]<\/p>","protected":false},"featured_media":5135,"comment_status":"open","ping_status":"closed","template":"","meta":{"site-sidebar-layout":"default","site-content-layout":"","ast-site-content-layout":"default","site-content-style":"default","site-sidebar-style":"default","ast-global-header-display":"","ast-banner-title-visibility":"","ast-main-header-display":"","ast-hfb-above-header-display":"","ast-hfb-below-header-display":"","ast-hfb-mobile-header-display":"","site-post-title":"","ast-breadcrumbs-content":"","ast-featured-img":"","footer-sml-layout":"","theme-transparent-header-meta":"default","adv-header-id-meta":"","stick-header-meta":"","header-above-stick-meta":"","header-main-stick-meta":"","header-below-stick-meta":"","astra-migrate-meta-layouts":"set","ast-page-background-enabled":"default","ast-page-background-meta":{"desktop":{"background-color":"var(--ast-global-color-4)","background-image":"","background-repeat":"repeat","background-position":"center center","background-size":"auto","background-attachment":"scroll","background-type":"","background-media":"","overlay-type":"","overlay-color":"","overlay-opacity":"","overlay-gradient":""},"tablet":{"background-color":"","background-image":"","background-repeat":"repeat","background-position":"center center","background-size":"auto","background-attachment":"scroll","background-type":"","background-media":"","overlay-type":"","overlay-color":"","overlay-opacity":"","overlay-gradient":""},"mobile":{"background-color":"","background-image":"","background-repeat":"repeat","background-position":"center center","background-size":"auto","background-attachment":"scroll","background-type":"","background-media":"","overlay-type":"","overlay-color":"","overlay-opacity":"","overlay-gradient":""}},"ast-content-background-meta":{"desktop":{"background-color":"var(--ast-global-color-5)","background-image":"","background-repeat":"repeat","background-position":"center center","background-size":"auto","background-attachment":"scroll","background-type":"","background-media":"","overlay-type":"","overlay-color":"","overlay-opacity":"","overlay-gradient":""},"tablet":{"background-color":"var(--ast-global-color-5)","background-image":"","background-repeat":"repeat","background-position":"center center","background-size":"auto","background-attachment":"scroll","background-type":"","background-media":"","overlay-type":"","overlay-color":"","overlay-opacity":"","overlay-gradient":""},"mobile":{"background-color":"var(--ast-global-color-5)","background-image":"","background-repeat":"repeat","background-position":"center center","background-size":"auto","background-attachment":"scroll","background-type":"","background-media":"","overlay-type":"","overlay-color":"","overlay-opacity":"","overlay-gradient":""}}},"product_brand":[],"product_cat":[87],"product_tag":[471,470,474,472,473],"class_list":{"0":"post-5133","1":"product","2":"type-product","3":"status-publish","4":"has-post-thumbnail","6":"product_cat-detske-dres-athletic-bilbao","7":"product_tag-detsky-futbalovy-dres-athletic-bilbao-2025-26","8":"product_tag-detsky-futbalovy-komplet-athletic-bilbao","9":"product_tag-detsky-futbalovy-set-dres-sortky","10":"product_tag-futbalovy-komplet-pre-deti","11":"product_tag-lacny-detsky-futbalovy-komplet","12":"desktop-align-left","13":"tablet-align-left","14":"mobile-align-left","16":"first","17":"instock","18":"shipping-taxable","19":"purchasable","20":"product-type-variable"},"_links":{"self":[{"href":"https:\/\/www.drespredeti.com\/de\/wp-json\/wp\/v2\/product\/5133","targetHints":{"allow":["GET"]}}],"collection":[{"href":"https:\/\/www.drespredeti.com\/de\/wp-json\/wp\/v2\/product"}],"about":[{"href":"https:\/\/www.drespredeti.com\/de\/wp-json\/wp\/v2\/types\/product"}],"replies":[{"embeddable":true,"href":"https:\/\/www.drespredeti.com\/de\/wp-json\/wp\/v2\/comments?post=5133"}],"wp:featuredmedia":[{"embeddable":true,"href":"https:\/\/www.drespredeti.com\/de\/wp-json\/wp\/v2\/media\/5135"}],"wp:attachment":[{"href":"https:\/\/www.drespredeti.com\/de\/wp-json\/wp\/v2\/media?parent=5133"}],"wp:term":[{"taxonomy":"product_brand","embeddable":true,"href":"https:\/\/www.drespredeti.com\/de\/wp-json\/wp\/v2\/product_brand?post=5133"},{"taxonomy":"product_cat","embeddable":true,"href":"https:\/\/www.drespredeti.com\/de\/wp-json\/wp\/v2\/product_cat?post=5133"},{"taxonomy":"product_tag","embeddable":true,"href":"https:\/\/www.drespredeti.com\/de\/wp-json\/wp\/v2\/product_tag?post=5133"}],"curies":[{"name":"wp","href":"https:\/\/api.w.org\/{rel}","templated":true}]}}