{"id":4927,"date":"2026-02-02T09:49:40","date_gmt":"2026-02-02T08:49:40","guid":{"rendered":"https:\/\/www.futbalovedresysk.com\/?post_type=product&#038;p=4927"},"modified":"2026-02-02T09:49:41","modified_gmt":"2026-02-02T08:49:41","slug":"detske-futbalove-dresy-al-nassr-2025-26-prec","status":"publish","type":"product","link":"https:\/\/www.drespredeti.com\/de\/detske-futbalove-dresy-al-nassr-2025-26-prec\/","title":{"rendered":"Kinder-Fu\u00dfballtrikots von Al-Nassr 2025-26 Ausverkauft"},"content":{"rendered":"<h3>Vorw\u00e4rts Kinderfu\u00dfballtrikots, die Fu\u00dfball lieben<\/h3>\n<p>Diese Kinder-Fu\u00dfballtrikots Al-Nassr 2025-26 in der Ausw\u00e4rtsausf\u00fchrung sind f\u00fcr junge Fans gedacht, die das Trikot auch au\u00dferhalb des Heimstils tragen m\u00f6chten. Das Set enth\u00e4lt ein kurz\u00e4rmeliges Trikot und passende Shorts, geeignet zum Spielen, Training und f\u00fcr den Alltag.<\/p>\n<p>Vzh\u013ead pre\u010d dresu p\u00f4sob\u00ed modernej\u0161ie a odli\u0161uje sa od dom\u00e1cych farieb, \u010do ocenia deti, ktor\u00e9 chc\u00fa nie\u010do v\u00fdnimo\u010dn\u00e9. Detsk\u00e9 Futbalov\u00e9 dresy Al-Nassr 2025-26 s\u00fa ide\u00e1lne na ihrisko aj do \u0161koly.<\/p>\n<p><strong>Leichtes und atmungsaktives Material<\/strong><\/p>\n<p>Diese Kinderfu\u00dfballtrtrikots Al-Nassr 2025-26 bestehen aus leichtem und luftdurchl\u00e4ssigem Material, das den ganzen Tag lang angenehm zu tragen ist. Es hilft, das Feuchtigkeitsgef\u00fchl zu reduzieren und bietet Bewegungscomfort.<\/p>\n<p>Die Shorts sind elastisch und sitzen gut, sodass Kinder beim Laufen, Spielen und Training Bewegungsfreiheit haben. Das Trikot ist einfach zu pflegen und eignet sich f\u00fcr h\u00e4ufiges Waschen.<\/p>\n<p><strong>M\u00f6glichkeit f\u00fcr eigenen Namen und Nummer<\/strong><\/p>\n<p>wodurch das Kinder-Fu\u00dfballset Al-Nassr 2025-26 noch pers\u00f6nlicher wird. Ein personalisiertes Trikot ist ein beliebtes Geschenk f\u00fcr Kinder, die etwas ganz Eigenes haben m\u00f6chten.<\/p>\n<p><strong>Tolle Wahl f\u00fcr die Saison 2025\u201326<\/strong><\/p>\n<p>Wenn du ein bequemes und preislich attraktives Kinder-Fu\u00dfballset Al-Nassr 2025-26 in der Ausw\u00e4rtsversion suchst, ist dieses Set eine ausgezeichnete Wahl. Es kombiniert modernes Design, Komfort und den Lieblingsspieler f\u00fcr die gesamte Saison 2025\u201326.<\/p>","protected":false},"excerpt":{"rendered":"<p>Pre\u010d Detsk\u00e9 Futbalov\u00e9 dresy, ktor\u00e9 miluj\u00fa futbal Tieto Detsk\u00e9 Futbalov\u00e9 dresy Al-Nassr 2025-26 v preveden\u00ed Pre\u010d s\u00fa ur\u010den\u00e9 pre mlad\u00fdch fan\u00fa\u0161ikov, ktor\u00ed chc\u00fa nosi\u0165 dres aj mimo dom\u00e1ceho \u0161t\u00fdlu. Set obsahuje kr\u00e1tkoruk\u00e1vov\u00fd dres a zladen\u00e9 \u0161ortky, vhodn\u00e9 na hru, tr\u00e9ning aj be\u017en\u00e9 nosenie. Vzh\u013ead pre\u010d dresu p\u00f4sob\u00ed modernej\u0161ie a odli\u0161uje sa od dom\u00e1cich farieb, \u010do [\u2026]<\/p>","protected":false},"featured_media":4929,"comment_status":"open","ping_status":"closed","template":"","meta":{"site-sidebar-layout":"default","site-content-layout":"","ast-site-content-layout":"default","site-content-style":"default","site-sidebar-style":"default","ast-global-header-display":"","ast-banner-title-visibility":"","ast-main-header-display":"","ast-hfb-above-header-display":"","ast-hfb-below-header-display":"","ast-hfb-mobile-header-display":"","site-post-title":"","ast-breadcrumbs-content":"","ast-featured-img":"","footer-sml-layout":"","theme-transparent-header-meta":"default","adv-header-id-meta":"","stick-header-meta":"","header-above-stick-meta":"","header-main-stick-meta":"","header-below-stick-meta":"","astra-migrate-meta-layouts":"set","ast-page-background-enabled":"default","ast-page-background-meta":{"desktop":{"background-color":"var(--ast-global-color-4)","background-image":"","background-repeat":"repeat","background-position":"center center","background-size":"auto","background-attachment":"scroll","background-type":"","background-media":"","overlay-type":"","overlay-color":"","overlay-opacity":"","overlay-gradient":""},"tablet":{"background-color":"","background-image":"","background-repeat":"repeat","background-position":"center center","background-size":"auto","background-attachment":"scroll","background-type":"","background-media":"","overlay-type":"","overlay-color":"","overlay-opacity":"","overlay-gradient":""},"mobile":{"background-color":"","background-image":"","background-repeat":"repeat","background-position":"center center","background-size":"auto","background-attachment":"scroll","background-type":"","background-media":"","overlay-type":"","overlay-color":"","overlay-opacity":"","overlay-gradient":""}},"ast-content-background-meta":{"desktop":{"background-color":"var(--ast-global-color-5)","background-image":"","background-repeat":"repeat","background-position":"center center","background-size":"auto","background-attachment":"scroll","background-type":"","background-media":"","overlay-type":"","overlay-color":"","overlay-opacity":"","overlay-gradient":""},"tablet":{"background-color":"var(--ast-global-color-5)","background-image":"","background-repeat":"repeat","background-position":"center center","background-size":"auto","background-attachment":"scroll","background-type":"","background-media":"","overlay-type":"","overlay-color":"","overlay-opacity":"","overlay-gradient":""},"mobile":{"background-color":"var(--ast-global-color-5)","background-image":"","background-repeat":"repeat","background-position":"center center","background-size":"auto","background-attachment":"scroll","background-type":"","background-media":"","overlay-type":"","overlay-color":"","overlay-opacity":"","overlay-gradient":""}}},"product_brand":[],"product_cat":[89],"product_tag":[462,458,460,459,294,461],"class_list":{"0":"post-4927","1":"product","2":"type-product","3":"status-publish","4":"has-post-thumbnail","6":"product_cat-detske-dres-al-nassr","7":"product_tag-al-nassr-dres-pre-deti-2025-26","8":"product_tag-detske-futbalove-dresy-al-nassr-2025-26","9":"product_tag-detske-futbalove-dresy-al-nassr-deti","10":"product_tag-detsky-dres-al-nassr-ronaldo-7","11":"product_tag-detsky-futbalovy-dres-2025-26","12":"product_tag-detsky-futbalovy-komplet-al-nassr","13":"desktop-align-left","14":"tablet-align-left","15":"mobile-align-left","17":"first","18":"instock","19":"shipping-taxable","20":"purchasable","21":"product-type-variable"},"_links":{"self":[{"href":"https:\/\/www.drespredeti.com\/de\/wp-json\/wp\/v2\/product\/4927","targetHints":{"allow":["GET"]}}],"collection":[{"href":"https:\/\/www.drespredeti.com\/de\/wp-json\/wp\/v2\/product"}],"about":[{"href":"https:\/\/www.drespredeti.com\/de\/wp-json\/wp\/v2\/types\/product"}],"replies":[{"embeddable":true,"href":"https:\/\/www.drespredeti.com\/de\/wp-json\/wp\/v2\/comments?post=4927"}],"wp:featuredmedia":[{"embeddable":true,"href":"https:\/\/www.drespredeti.com\/de\/wp-json\/wp\/v2\/media\/4929"}],"wp:attachment":[{"href":"https:\/\/www.drespredeti.com\/de\/wp-json\/wp\/v2\/media?parent=4927"}],"wp:term":[{"taxonomy":"product_brand","embeddable":true,"href":"https:\/\/www.drespredeti.com\/de\/wp-json\/wp\/v2\/product_brand?post=4927"},{"taxonomy":"product_cat","embeddable":true,"href":"https:\/\/www.drespredeti.com\/de\/wp-json\/wp\/v2\/product_cat?post=4927"},{"taxonomy":"product_tag","embeddable":true,"href":"https:\/\/www.drespredeti.com\/de\/wp-json\/wp\/v2\/product_tag?post=4927"}],"curies":[{"name":"wp","href":"https:\/\/api.w.org\/{rel}","templated":true}]}}