{"id":4923,"date":"2026-02-02T09:49:19","date_gmt":"2026-02-02T08:49:19","guid":{"rendered":"https:\/\/www.futbalovedresysk.com\/?post_type=product&#038;p=4923"},"modified":"2026-02-02T09:49:20","modified_gmt":"2026-02-02T08:49:20","slug":"detske-futbalove-dresy-al-nassr-2025-26-domaci","status":"publish","type":"product","link":"https:\/\/www.drespredeti.com\/de\/detske-futbalove-dresy-al-nassr-2025-26-domaci\/","title":{"rendered":"Dresje de\u0107ie futbalu Al-Nassr 2025-26 Dom\u00e1ci"},"content":{"rendered":"<h3>Heim-Fu\u00dfballtrikots f\u00fcr Kinder mit echter Fu\u00dfballatmosph\u00e4re<\/h3>\n<p>Diese Kinder-Fu\u00dfballtrikots Al-Nassr 2025-26 in Heimversion sind f\u00fcr Kinder gedacht, die den klassischen Stil des Al-Nassr-Teams zusammen mit dem Namen Cristiano Ronaldo #7 tragen m\u00f6chten. Das Set enth\u00e4lt ein kurz\u00e4rmliges Trikot und bequeme Shorts, perfekt f\u00fcr Fu\u00dfball, Training und Alltag.<\/p>\n<p>Das Heim-Design wirkt traditionell und ist leicht erkennbar, was diese Kinder-Fu\u00dfballtrikots Al-Nassr 2025-26 zu einer beliebten Wahl bei jungen Fans macht.<\/p>\n<p><strong>Komfort w\u00e4hrend des Spiels und der Bewegungen<\/strong><\/p>\n<p>Das bei diesen Kinder-Fu\u00dfballtrikots Al-Nassr 2025-26 verwendete Material ist glatt, leicht und gut bel\u00fcftet. Kinder f\u00fchlen sich auch bei l\u00e4ngeren L\u00e4ufen oder aktivem Spiel bequem.<\/p>\n<p>Die Shorts haben einen elastischen Bund und sitzen gut, ohne die Bewegungsfreiheit einzuschr\u00e4nken. Das Trikot eignet sich f\u00fcr h\u00e4ufiges Tragen und einfache Pflege.<\/p>\n<p><strong>Eigener Name und Nummer auf Wunsch<\/strong><\/p>\n<p>wodurch die Detsche Fu\u00dfballtrikots Al-Nassr 2025-26 zu einem pers\u00f6nlichen St\u00fcck werden. Personalisierung ist besonders als Geschenk f\u00fcr Kinder beliebt, die ein einzigartiges Trikot haben m\u00f6chten.<\/p>\n<p><strong>Ideal f\u00fcr die Saison 2025\u201326<\/strong><\/p>\n<p>Wenn du bequeme, erschwingliche Detsche Fu\u00dfballset Al-Nassr 2025-26 in der Heimversion suchst, ist dieses Set eine hervorragende Wahl. Es passt zur gesamten Saison 2025\u201326 und Kinder tragen es gerne zu Hause, drau\u00dfen und auf dem Feld.<\/p>","protected":false},"excerpt":{"rendered":"<p>Heimische Kinder-Fu\u00dfballtrikots mit echter Fu\u00dfballatmosph\u00e4re Diese Kinder-Fu\u00dfballtrikots von Al-Nassr 2025-26 in der Heimversion sind f\u00fcr Kinder gedacht, die den klassischen Stil des Teams Al-Nassr mit dem Namen Cristiano Ronaldo #7 tragen m\u00f6chten. Das Set enth\u00e4lt ein kurz\u00e4rmliges Trikot und bequeme Shorts, ideal f\u00fcr Fu\u00dfball, Training und Alltagsgebrauch. Das Heim-Design wirkt traditionell und ist leicht [\u2026]<\/p>","protected":false},"featured_media":4925,"comment_status":"open","ping_status":"closed","template":"","meta":{"site-sidebar-layout":"default","site-content-layout":"","ast-site-content-layout":"default","site-content-style":"default","site-sidebar-style":"default","ast-global-header-display":"","ast-banner-title-visibility":"","ast-main-header-display":"","ast-hfb-above-header-display":"","ast-hfb-below-header-display":"","ast-hfb-mobile-header-display":"","site-post-title":"","ast-breadcrumbs-content":"","ast-featured-img":"","footer-sml-layout":"","theme-transparent-header-meta":"default","adv-header-id-meta":"","stick-header-meta":"","header-above-stick-meta":"","header-main-stick-meta":"","header-below-stick-meta":"","astra-migrate-meta-layouts":"set","ast-page-background-enabled":"default","ast-page-background-meta":{"desktop":{"background-color":"var(--ast-global-color-4)","background-image":"","background-repeat":"repeat","background-position":"center center","background-size":"auto","background-attachment":"scroll","background-type":"","background-media":"","overlay-type":"","overlay-color":"","overlay-opacity":"","overlay-gradient":""},"tablet":{"background-color":"","background-image":"","background-repeat":"repeat","background-position":"center center","background-size":"auto","background-attachment":"scroll","background-type":"","background-media":"","overlay-type":"","overlay-color":"","overlay-opacity":"","overlay-gradient":""},"mobile":{"background-color":"","background-image":"","background-repeat":"repeat","background-position":"center center","background-size":"auto","background-attachment":"scroll","background-type":"","background-media":"","overlay-type":"","overlay-color":"","overlay-opacity":"","overlay-gradient":""}},"ast-content-background-meta":{"desktop":{"background-color":"var(--ast-global-color-5)","background-image":"","background-repeat":"repeat","background-position":"center center","background-size":"auto","background-attachment":"scroll","background-type":"","background-media":"","overlay-type":"","overlay-color":"","overlay-opacity":"","overlay-gradient":""},"tablet":{"background-color":"var(--ast-global-color-5)","background-image":"","background-repeat":"repeat","background-position":"center center","background-size":"auto","background-attachment":"scroll","background-type":"","background-media":"","overlay-type":"","overlay-color":"","overlay-opacity":"","overlay-gradient":""},"mobile":{"background-color":"var(--ast-global-color-5)","background-image":"","background-repeat":"repeat","background-position":"center center","background-size":"auto","background-attachment":"scroll","background-type":"","background-media":"","overlay-type":"","overlay-color":"","overlay-opacity":"","overlay-gradient":""}}},"product_brand":[],"product_cat":[89],"product_tag":[462,458,460,459,294,461],"class_list":{"0":"post-4923","1":"product","2":"type-product","3":"status-publish","4":"has-post-thumbnail","6":"product_cat-detske-dres-al-nassr","7":"product_tag-al-nassr-dres-pre-deti-2025-26","8":"product_tag-detske-futbalove-dresy-al-nassr-2025-26","9":"product_tag-detske-futbalove-dresy-al-nassr-deti","10":"product_tag-detsky-dres-al-nassr-ronaldo-7","11":"product_tag-detsky-futbalovy-dres-2025-26","12":"product_tag-detsky-futbalovy-komplet-al-nassr","13":"desktop-align-left","14":"tablet-align-left","15":"mobile-align-left","17":"first","18":"instock","19":"shipping-taxable","20":"purchasable","21":"product-type-variable"},"_links":{"self":[{"href":"https:\/\/www.drespredeti.com\/de\/wp-json\/wp\/v2\/product\/4923","targetHints":{"allow":["GET"]}}],"collection":[{"href":"https:\/\/www.drespredeti.com\/de\/wp-json\/wp\/v2\/product"}],"about":[{"href":"https:\/\/www.drespredeti.com\/de\/wp-json\/wp\/v2\/types\/product"}],"replies":[{"embeddable":true,"href":"https:\/\/www.drespredeti.com\/de\/wp-json\/wp\/v2\/comments?post=4923"}],"wp:featuredmedia":[{"embeddable":true,"href":"https:\/\/www.drespredeti.com\/de\/wp-json\/wp\/v2\/media\/4925"}],"wp:attachment":[{"href":"https:\/\/www.drespredeti.com\/de\/wp-json\/wp\/v2\/media?parent=4923"}],"wp:term":[{"taxonomy":"product_brand","embeddable":true,"href":"https:\/\/www.drespredeti.com\/de\/wp-json\/wp\/v2\/product_brand?post=4923"},{"taxonomy":"product_cat","embeddable":true,"href":"https:\/\/www.drespredeti.com\/de\/wp-json\/wp\/v2\/product_cat?post=4923"},{"taxonomy":"product_tag","embeddable":true,"href":"https:\/\/www.drespredeti.com\/de\/wp-json\/wp\/v2\/product_tag?post=4923"}],"curies":[{"name":"wp","href":"https:\/\/api.w.org\/{rel}","templated":true}]}}