{"id":4857,"date":"2026-01-26T11:46:30","date_gmt":"2026-01-26T10:46:30","guid":{"rendered":"https:\/\/www.futbalovedresysk.com\/?post_type=product&#038;p=4857"},"modified":"2026-01-26T11:46:30","modified_gmt":"2026-01-26T10:46:30","slug":"detsky-futbalovy-komplet-ajax-2025-26-tretina","status":"publish","type":"product","link":"https:\/\/www.drespredeti.com\/de\/detsky-futbalovy-komplet-ajax-2025-26-tretina\/","title":{"rendered":"Kinder-Fu\u00dfballset Ajax 2025-26 Viertel"},"content":{"rendered":"<h3>Kinder-Fu\u00dfballset Ajax 2025\/26 Drittel Trikot mit Shorts<\/h3>\n<p><strong>Modernes drittes Set von Ajax f\u00fcr junge Fans<\/strong><\/p>\n<p>Detsk\u00fd futbalov\u00fd komplet Ajax Steven Berghuis #23 2025\/26 Tretina predstavuje \u0161t\u00fdlov\u00fa vo\u013ebu pre deti, ktor\u00e9 obdivuj\u00fa trad\u00edciu a ml\u00e1de\u017en\u00edcky charakter klubu Ajax Amsterdam. Tret\u00ed dizajn sez\u00f3ny 2025\/26 prin\u00e1\u0161a svie\u017ei vzh\u013ead, ktor\u00fd sa odli\u0161uje od klasick\u00fdch dom\u00e1cich a vonkaj\u0161\u00edch verzi\u00ed.<\/p>\n<p><strong>Komfort und Funktionalit\u00e4t f\u00fcr aktive Kinder<\/strong><\/p>\n<p>Das Kinder-Fu\u00dfballset von Ajax ist aus leichtem und atmungsaktivem Material gefertigt, das sich f\u00fcr sportliche Aktivit\u00e4ten und den t\u00e4glichen Gebrauch eignet. Das Material hilft, die K\u00f6rpertemperatur zu regulieren und sorgt f\u00fcr Komfort beim Training, beim Spiel mit Freunden oder w\u00e4hrend des Schulsports. Der Schnitt ist an die Kinderfigur angepasst und erm\u00f6glicht nat\u00fcrliche Bewegungsfreiheit.<\/p>\n<p><strong>Personalisierungsoption \u2013 eigener Name und Nummer<\/strong><\/p>\n<p>Neben der Spielerversion besteht die M\u00f6glichkeit, eigenen Namen und Nummer hinzuzuf\u00fcgen. Durch die Personalisierung wird das Kinder-Fu\u00dfballset von Ajax zu einem einzigartigen Geschenk, das die Bindung des Kindes zum Fu\u00dfball und zu seinem Lieblingsverein st\u00e4rkt.<\/p>\n<p><strong>Komplettes Set f\u00fcr Sport und Freizeit<\/strong><\/p>\n<p>Detsk\u00fd futbalov\u00fd komplet Ajax 2025\/26 Tretina obsahuje dres a \u0161ortky v jednotnom dizajne. Je vhodn\u00fd na tr\u00e9ning, rekrea\u010dn\u00fd \u0161port, fan\u00fa\u0161ikovsk\u00e9 nosenie aj ako \u0161t\u00fdlov\u00fd outfit pre ka\u017edodenn\u00e9 pou\u017eitie.<\/p>","protected":false},"excerpt":{"rendered":"<p>Kindersport-Set Ajax 2025\/26 Third-Trikot mit Shorts Modernes drittes Set Ajax f\u00fcr junge Fans Kindersport-Set Ajax 2025\/26 Third pr\u00e4sentiert eine stilvolle Wahl f\u00fcr Kinder, die Tradition und die jugendliche Ausrichtung des Vereins Ajax Amsterdam bewundern. Das Design der Saison 2025\/26 Drittversion bietet einen frischen Look, der sich von den klassischen Heim- und Ausw\u00e4rtsvarianten unterscheidet. Komfort und Funktionalit\u00e4t [\u2026]<\/p>","protected":false},"featured_media":4859,"comment_status":"open","ping_status":"closed","template":"","meta":{"site-sidebar-layout":"default","site-content-layout":"","ast-site-content-layout":"default","site-content-style":"default","site-sidebar-style":"default","ast-global-header-display":"","ast-banner-title-visibility":"","ast-main-header-display":"","ast-hfb-above-header-display":"","ast-hfb-below-header-display":"","ast-hfb-mobile-header-display":"","site-post-title":"","ast-breadcrumbs-content":"","ast-featured-img":"","footer-sml-layout":"","theme-transparent-header-meta":"default","adv-header-id-meta":"","stick-header-meta":"","header-above-stick-meta":"","header-main-stick-meta":"","header-below-stick-meta":"","astra-migrate-meta-layouts":"set","ast-page-background-enabled":"default","ast-page-background-meta":{"desktop":{"background-color":"var(--ast-global-color-4)","background-image":"","background-repeat":"repeat","background-position":"center center","background-size":"auto","background-attachment":"scroll","background-type":"","background-media":"","overlay-type":"","overlay-color":"","overlay-opacity":"","overlay-gradient":""},"tablet":{"background-color":"","background-image":"","background-repeat":"repeat","background-position":"center center","background-size":"auto","background-attachment":"scroll","background-type":"","background-media":"","overlay-type":"","overlay-color":"","overlay-opacity":"","overlay-gradient":""},"mobile":{"background-color":"","background-image":"","background-repeat":"repeat","background-position":"center center","background-size":"auto","background-attachment":"scroll","background-type":"","background-media":"","overlay-type":"","overlay-color":"","overlay-opacity":"","overlay-gradient":""}},"ast-content-background-meta":{"desktop":{"background-color":"var(--ast-global-color-5)","background-image":"","background-repeat":"repeat","background-position":"center center","background-size":"auto","background-attachment":"scroll","background-type":"","background-media":"","overlay-type":"","overlay-color":"","overlay-opacity":"","overlay-gradient":""},"tablet":{"background-color":"var(--ast-global-color-5)","background-image":"","background-repeat":"repeat","background-position":"center center","background-size":"auto","background-attachment":"scroll","background-type":"","background-media":"","overlay-type":"","overlay-color":"","overlay-opacity":"","overlay-gradient":""},"mobile":{"background-color":"var(--ast-global-color-5)","background-image":"","background-repeat":"repeat","background-position":"center center","background-size":"auto","background-attachment":"scroll","background-type":"","background-media":"","overlay-type":"","overlay-color":"","overlay-opacity":"","overlay-gradient":""}}},"product_brand":[],"product_cat":[88],"product_tag":[391,393,294,390,392],"class_list":{"0":"post-4857","1":"product","2":"type-product","3":"status-publish","4":"has-post-thumbnail","6":"product_cat-detske-dres-ajax","7":"product_tag-ajax-detsky-futbalovy-dres-2025-26","8":"product_tag-ajax-dres-pre-deti-s-vlastnym-menom","9":"product_tag-detsky-futbalovy-dres-2025-26","10":"product_tag-detsky-futbalovy-komplet-ajax","11":"product_tag-futbalovy-komplet-ajax-pre-deti","12":"desktop-align-left","13":"tablet-align-left","14":"mobile-align-left","16":"first","17":"instock","18":"shipping-taxable","19":"purchasable","20":"product-type-variable"},"_links":{"self":[{"href":"https:\/\/www.drespredeti.com\/de\/wp-json\/wp\/v2\/product\/4857","targetHints":{"allow":["GET"]}}],"collection":[{"href":"https:\/\/www.drespredeti.com\/de\/wp-json\/wp\/v2\/product"}],"about":[{"href":"https:\/\/www.drespredeti.com\/de\/wp-json\/wp\/v2\/types\/product"}],"replies":[{"embeddable":true,"href":"https:\/\/www.drespredeti.com\/de\/wp-json\/wp\/v2\/comments?post=4857"}],"wp:featuredmedia":[{"embeddable":true,"href":"https:\/\/www.drespredeti.com\/de\/wp-json\/wp\/v2\/media\/4859"}],"wp:attachment":[{"href":"https:\/\/www.drespredeti.com\/de\/wp-json\/wp\/v2\/media?parent=4857"}],"wp:term":[{"taxonomy":"product_brand","embeddable":true,"href":"https:\/\/www.drespredeti.com\/de\/wp-json\/wp\/v2\/product_brand?post=4857"},{"taxonomy":"product_cat","embeddable":true,"href":"https:\/\/www.drespredeti.com\/de\/wp-json\/wp\/v2\/product_cat?post=4857"},{"taxonomy":"product_tag","embeddable":true,"href":"https:\/\/www.drespredeti.com\/de\/wp-json\/wp\/v2\/product_tag?post=4857"}],"curies":[{"name":"wp","href":"https:\/\/api.w.org\/{rel}","templated":true}]}}