{"id":485,"date":"2026-01-12T07:33:45","date_gmt":"2026-01-12T06:33:45","guid":{"rendered":"https:\/\/www.futbalovedresysk.com\/?post_type=product&#038;p=485"},"modified":"2026-01-12T07:48:13","modified_gmt":"2026-01-12T06:48:13","slug":"detsky-barcelona-alejandro-balde-3-prec-2025-26-futbalove-dres-sortky","status":"publish","type":"product","link":"https:\/\/www.drespredeti.com\/de\/detsky-barcelona-alejandro-balde-3-prec-2025-26-futbalove-dres-sortky\/","title":{"rendered":"Kinder Barcelona Alejandro Balde #3 Ausw\u00e4rts 2025-26 Fu\u00dfballtrikot + Shorts"},"content":{"rendered":"<h3>Kinder Barcelona Balde #3 Vor 2025-26 \u2013 eigener Name und Nummer<\/h3>\n<p>Unterst\u00fctze deinen jungen Fan mit einem authentischen Kinder Barcelona Alejandro Balde #3 Vor 2025-26 Trikot mit kurzen \u00c4rmeln und Shorts. Perfekt f\u00fcr Training, Spiele und den Alltag.<\/p>\n<ul>\n<li><strong>Authentisches Design<\/strong>: Gleiche Farben und Details wie die professionellen Spieler Barcelonas.<\/li>\n<li><strong>Komfort und Funktionalit\u00e4t<\/strong>: Hergestellt aus leichtem und atmungsaktivem Material, das sich an die Bewegungen des Kindes anpasst.<\/li>\n<li><strong>Haltbarkeit<\/strong>: Das Trikot und die Shorts sind so konzipiert, dass sie h\u00e4ufiges Waschen und aktives Spielen aushalten, ohne Form oder Farbe zu verlieren.<\/li>\n<li><strong>Personalisierung<\/strong>: M\u00f6glichkeit, eigenen Namen und Nummer auf die R\u00fcckseite zu drucken \u2013 eine gro\u00dfartige M\u00f6glichkeit, Ihr Kind zum Star des Teams zu machen.<\/li>\n<li><strong>Motivation f\u00fcr junge Spieler<\/strong>: Die Nummer Alejandro Balde #3 inspiriert zu Leistung und Freude am Fu\u00dfball.<\/li>\n<\/ul>\n<p>Dieses Kinder Barcelona Vor 2025-26 Trikot verbindet Stil, Qualit\u00e4t und Personalisierungsoptionen. Perfekte Wahl f\u00fcr junge Fans, die die Atmosph\u00e4re des Profifu\u00dfballs direkt auf dem Spielfeld erleben m\u00f6chten.<\/p>","protected":false},"excerpt":{"rendered":"<p>Detsk\u00fd Barcelona Balde #3 Pre\u010d 2025-26 \u2013 vlastn\u00e9 meno a \u010d\u00edslo Podporte svojho mlad\u00e9ho fan\u00fa\u0161ika autentick\u00fdm detsk\u00fd Barcelona Alejandro Balde #3 Pre\u010d 2025-26 dresom s kr\u00e1tkym ruk\u00e1vom a \u0161ortkami. Ide\u00e1lny na tr\u00e9ning, z\u00e1pasy aj ka\u017edodenn\u00e9 nosenie. Autentick\u00fd dizajn: Rovnak\u00e9 farby a detaily, ak\u00e9 nosia profesion\u00e1lni hr\u00e1\u010di Barcelony. Pohodlie a funk\u010dnos\u0165: Vyroben\u00e9 z \u013eahk\u00e9ho a priedu\u0161n\u00e9ho [&hellip;]<\/p>","protected":false},"featured_media":487,"comment_status":"open","ping_status":"closed","template":"","meta":{"site-sidebar-layout":"default","site-content-layout":"","ast-site-content-layout":"default","site-content-style":"default","site-sidebar-style":"default","ast-global-header-display":"","ast-banner-title-visibility":"","ast-main-header-display":"","ast-hfb-above-header-display":"","ast-hfb-below-header-display":"","ast-hfb-mobile-header-display":"","site-post-title":"","ast-breadcrumbs-content":"","ast-featured-img":"","footer-sml-layout":"","theme-transparent-header-meta":"default","adv-header-id-meta":"","stick-header-meta":"","header-above-stick-meta":"","header-main-stick-meta":"","header-below-stick-meta":"","astra-migrate-meta-layouts":"set","ast-page-background-enabled":"default","ast-page-background-meta":{"desktop":{"background-color":"var(--ast-global-color-4)","background-image":"","background-repeat":"repeat","background-position":"center center","background-size":"auto","background-attachment":"scroll","background-type":"","background-media":"","overlay-type":"","overlay-color":"","overlay-opacity":"","overlay-gradient":""},"tablet":{"background-color":"","background-image":"","background-repeat":"repeat","background-position":"center center","background-size":"auto","background-attachment":"scroll","background-type":"","background-media":"","overlay-type":"","overlay-color":"","overlay-opacity":"","overlay-gradient":""},"mobile":{"background-color":"","background-image":"","background-repeat":"repeat","background-position":"center center","background-size":"auto","background-attachment":"scroll","background-type":"","background-media":"","overlay-type":"","overlay-color":"","overlay-opacity":"","overlay-gradient":""}},"ast-content-background-meta":{"desktop":{"background-color":"var(--ast-global-color-5)","background-image":"","background-repeat":"repeat","background-position":"center center","background-size":"auto","background-attachment":"scroll","background-type":"","background-media":"","overlay-type":"","overlay-color":"","overlay-opacity":"","overlay-gradient":""},"tablet":{"background-color":"var(--ast-global-color-5)","background-image":"","background-repeat":"repeat","background-position":"center center","background-size":"auto","background-attachment":"scroll","background-type":"","background-media":"","overlay-type":"","overlay-color":"","overlay-opacity":"","overlay-gradient":""},"mobile":{"background-color":"var(--ast-global-color-5)","background-image":"","background-repeat":"repeat","background-position":"center center","background-size":"auto","background-attachment":"scroll","background-type":"","background-media":"","overlay-type":"","overlay-color":"","overlay-opacity":"","overlay-gradient":""}}},"product_brand":[],"product_cat":[70],"product_tag":[135,136,137,133,139,140,138],"class_list":{"0":"post-485","1":"product","2":"type-product","3":"status-publish","4":"has-post-thumbnail","6":"product_cat-detske-dres-barcelona","7":"product_tag-alejandro-balde-dres","8":"product_tag-barcelona-vonkajsi-dres-2025-26","9":"product_tag-detsky-barcelona","10":"product_tag-detsky-futbalovy-dres","11":"product_tag-dres-s-vlastnym-menom","12":"product_tag-futbalovy-dres-pre-deti","13":"product_tag-personalizovany-dres","14":"desktop-align-left","15":"tablet-align-left","16":"mobile-align-left","18":"first","19":"instock","20":"shipping-taxable","21":"purchasable","22":"product-type-variable"},"_links":{"self":[{"href":"https:\/\/www.drespredeti.com\/de\/wp-json\/wp\/v2\/product\/485","targetHints":{"allow":["GET"]}}],"collection":[{"href":"https:\/\/www.drespredeti.com\/de\/wp-json\/wp\/v2\/product"}],"about":[{"href":"https:\/\/www.drespredeti.com\/de\/wp-json\/wp\/v2\/types\/product"}],"replies":[{"embeddable":true,"href":"https:\/\/www.drespredeti.com\/de\/wp-json\/wp\/v2\/comments?post=485"}],"wp:featuredmedia":[{"embeddable":true,"href":"https:\/\/www.drespredeti.com\/de\/wp-json\/wp\/v2\/media\/487"}],"wp:attachment":[{"href":"https:\/\/www.drespredeti.com\/de\/wp-json\/wp\/v2\/media?parent=485"}],"wp:term":[{"taxonomy":"product_brand","embeddable":true,"href":"https:\/\/www.drespredeti.com\/de\/wp-json\/wp\/v2\/product_brand?post=485"},{"taxonomy":"product_cat","embeddable":true,"href":"https:\/\/www.drespredeti.com\/de\/wp-json\/wp\/v2\/product_cat?post=485"},{"taxonomy":"product_tag","embeddable":true,"href":"https:\/\/www.drespredeti.com\/de\/wp-json\/wp\/v2\/product_tag?post=485"}],"curies":[{"name":"wp","href":"https:\/\/api.w.org\/{rel}","templated":true}]}}