{"id":4747,"date":"2026-01-27T09:12:20","date_gmt":"2026-01-27T08:12:20","guid":{"rendered":"https:\/\/www.futbalovedresysk.com\/?post_type=product&#038;p=4747"},"modified":"2026-01-27T09:12:44","modified_gmt":"2026-01-27T08:12:44","slug":"detsky-futbalovy-dres-as-roma-2025-26-prec-komplet","status":"publish","type":"product","link":"https:\/\/www.drespredeti.com\/de\/detsky-futbalovy-dres-as-roma-2025-26-prec-komplet\/","title":{"rendered":"Kindersporttrikot AS Roma 2025-26 Vor Ort Komplet"},"content":{"rendered":"<h3>Detsk\u00e9 Fu\u00dfballtrikot AS Roma 2025-26 Vorne Vollst\u00e4ndiges \u2013Trikot f\u00fcr Kinder mit eigenem Namen<\/h3>\n<p>Detsk\u00fd Futbalov\u00fd dres AS Roma 2025-26 Pre\u010d ist die ideale Wahl f\u00fcr junge Fans italienischer Fu\u00dfballfans, die ihren Lieblingverein auch au\u00dferhalb des heimischen Stadions unterst\u00fctzen m\u00f6chten. Dieses Kinder-Fu\u00dfballset im Pre\u010d-Design ist vom Teamstil von AS Roma f\u00fcr die Saison 2025\/26 inspiriert und verbindet modernes Aussehen mit maximalem Tragekomfort.<\/p>\n<p>Das Set besteht aus Trikot und Shorts, hergestellt aus leichtem, atmungsaktivem Polyester, der Schwei\u00df effektiv ableitet und Komfort w\u00e4hrend Training, Spiel und Freizeitaktivit\u00e4ten gew\u00e4hrleistet. Das Detsk\u00fd Futbalov\u00fd AS Roma 2025-26 Pre\u010d ist so gestaltet, dass Bewegungsfreiheit und langfristiges Tragen ohne Hautreizungen erm\u00f6glicht werden.<\/p>\n<p>Der gro\u00dfe Vorteil ist die M\u00f6glichkeit der eigenen Personalisierung \u2013 Sie k\u00f6nnen Ihren eigenen Namen und Ihre Nummer w\u00e4hlen, wodurch das Detsk\u00e9 Fu\u00dfballtrikot AS Roma 2025-26 Vorne Vollst\u00e4ndiges zu einem einzigartigen Geschenk f\u00fcr das Kind wird.<\/p>\n<p>Dieses Kinder-Fu\u00dfballset eignet sich zum Training, Spielen mit Freunden und als stilvolles Fanoutfit. Hochwertige Verarbeitung, modernes Pre\u010d-Design und Fokus auf kindlichen Komfort machen dieses Modell zur zuverl\u00e4ssigen Wahl f\u00fcr die Saison 2025\/26.<\/p>\n<p>Detsk\u00fd Futbalov\u00fd dres AS Roma 2025-26 Pre\u010d repr\u00e4sentiert die ideale Kombination aus Vereinsidentit\u00e4t, Funktionalit\u00e4t und Personalisierungsm\u00f6glichkeiten f\u00fcr kleine Fu\u00dfballer.<\/p>","protected":false},"excerpt":{"rendered":"<p>Detsk\u00fd Futbalov\u00fd dres AS Roma 2025-26 Pre\u010d Komplet \u2013Dres pre deti s vlastn\u00fdm menom Detsk\u00fd Futbalov\u00fd dres AS Roma 2025-26 Pre\u010d je ide\u00e1lnou vo\u013ebou pre mlad\u00fdch fan\u00fa\u0161ikov talianskeho futbalu, ktor\u00ed chc\u00fa podporova\u0165 svoj ob\u013e\u00faben\u00fd klub aj mimo dom\u00e1ceho \u0161tadi\u00f3na. Tento detsk\u00fd futbalov\u00fd komplet v pre\u010d dizajne je in\u0161pirovan\u00fd t\u00edmov\u00fdm \u0161t\u00fdlom AS Roma pre sez\u00f3nu 2025\/26 [&hellip;]<\/p>","protected":false},"featured_media":4749,"comment_status":"open","ping_status":"closed","template":"","meta":{"site-sidebar-layout":"default","site-content-layout":"","ast-site-content-layout":"default","site-content-style":"default","site-sidebar-style":"default","ast-global-header-display":"","ast-banner-title-visibility":"","ast-main-header-display":"","ast-hfb-above-header-display":"","ast-hfb-below-header-display":"","ast-hfb-mobile-header-display":"","site-post-title":"","ast-breadcrumbs-content":"","ast-featured-img":"","footer-sml-layout":"","theme-transparent-header-meta":"default","adv-header-id-meta":"","stick-header-meta":"","header-above-stick-meta":"","header-main-stick-meta":"","header-below-stick-meta":"","astra-migrate-meta-layouts":"set","ast-page-background-enabled":"default","ast-page-background-meta":{"desktop":{"background-color":"var(--ast-global-color-4)","background-image":"","background-repeat":"repeat","background-position":"center center","background-size":"auto","background-attachment":"scroll","background-type":"","background-media":"","overlay-type":"","overlay-color":"","overlay-opacity":"","overlay-gradient":""},"tablet":{"background-color":"","background-image":"","background-repeat":"repeat","background-position":"center center","background-size":"auto","background-attachment":"scroll","background-type":"","background-media":"","overlay-type":"","overlay-color":"","overlay-opacity":"","overlay-gradient":""},"mobile":{"background-color":"","background-image":"","background-repeat":"repeat","background-position":"center center","background-size":"auto","background-attachment":"scroll","background-type":"","background-media":"","overlay-type":"","overlay-color":"","overlay-opacity":"","overlay-gradient":""}},"ast-content-background-meta":{"desktop":{"background-color":"var(--ast-global-color-5)","background-image":"","background-repeat":"repeat","background-position":"center center","background-size":"auto","background-attachment":"scroll","background-type":"","background-media":"","overlay-type":"","overlay-color":"","overlay-opacity":"","overlay-gradient":""},"tablet":{"background-color":"var(--ast-global-color-5)","background-image":"","background-repeat":"repeat","background-position":"center center","background-size":"auto","background-attachment":"scroll","background-type":"","background-media":"","overlay-type":"","overlay-color":"","overlay-opacity":"","overlay-gradient":""},"mobile":{"background-color":"var(--ast-global-color-5)","background-image":"","background-repeat":"repeat","background-position":"center center","background-size":"auto","background-attachment":"scroll","background-type":"","background-media":"","overlay-type":"","overlay-color":"","overlay-opacity":"","overlay-gradient":""}}},"product_brand":[],"product_cat":[83],"product_tag":[401,294,402,400,399],"class_list":{"0":"post-4747","1":"product","2":"type-product","3":"status-publish","4":"has-post-thumbnail","6":"product_cat-detske-dres-as-roma","7":"product_tag-as-roma-detsky-dres-s-menom-a-cislom","8":"product_tag-detsky-futbalovy-dres-2025-26","9":"product_tag-detsky-futbalovy-dres-as-roma-sezona-2025-26","10":"product_tag-detsky-sportovy-komplet-as-roma","11":"product_tag-futbalovy-dres-as-roma-pre-deti","12":"desktop-align-left","13":"tablet-align-left","14":"mobile-align-left","16":"first","17":"instock","18":"shipping-taxable","19":"purchasable","20":"product-type-variable"},"_links":{"self":[{"href":"https:\/\/www.drespredeti.com\/de\/wp-json\/wp\/v2\/product\/4747","targetHints":{"allow":["GET"]}}],"collection":[{"href":"https:\/\/www.drespredeti.com\/de\/wp-json\/wp\/v2\/product"}],"about":[{"href":"https:\/\/www.drespredeti.com\/de\/wp-json\/wp\/v2\/types\/product"}],"replies":[{"embeddable":true,"href":"https:\/\/www.drespredeti.com\/de\/wp-json\/wp\/v2\/comments?post=4747"}],"wp:featuredmedia":[{"embeddable":true,"href":"https:\/\/www.drespredeti.com\/de\/wp-json\/wp\/v2\/media\/4749"}],"wp:attachment":[{"href":"https:\/\/www.drespredeti.com\/de\/wp-json\/wp\/v2\/media?parent=4747"}],"wp:term":[{"taxonomy":"product_brand","embeddable":true,"href":"https:\/\/www.drespredeti.com\/de\/wp-json\/wp\/v2\/product_brand?post=4747"},{"taxonomy":"product_cat","embeddable":true,"href":"https:\/\/www.drespredeti.com\/de\/wp-json\/wp\/v2\/product_cat?post=4747"},{"taxonomy":"product_tag","embeddable":true,"href":"https:\/\/www.drespredeti.com\/de\/wp-json\/wp\/v2\/product_tag?post=4747"}],"curies":[{"name":"wp","href":"https:\/\/api.w.org\/{rel}","templated":true}]}}