{"id":4436,"date":"2026-01-26T10:51:35","date_gmt":"2026-01-26T09:51:35","guid":{"rendered":"https:\/\/www.futbalovedresysk.com\/?post_type=product&#038;p=4436"},"modified":"2026-01-26T10:51:36","modified_gmt":"2026-01-26T09:51:36","slug":"detske-futbalove-dresy-komplet-ac-milan-fikayo-tomori-23-2025-26-tretina","status":"publish","type":"product","link":"https:\/\/www.drespredeti.com\/de\/detske-futbalove-dresy-komplet-ac-milan-fikayo-tomori-23-2025-26-tretina\/","title":{"rendered":"Kinder-Fu\u00dfballtrikots Komplett AC Milan Fikayo Tomori #23 2025-26 Drittel"},"content":{"rendered":"<h3>Detsk\u00e9 Futballtrikots Komplett AC Milan Fikayo Tomori #23 2025\/26 Drittel<\/h3>\n<p>Detsk\u00e9 Futballtrikots Komplett AC Milan Fikayo Tomori #23 f\u00fcr die Saison 2025\/26 in der dritten Version ist die ideale Wahl f\u00fcr junge Fans des ber\u00fchmten italienischen Vereins. Dieser kindliche Fu\u00dfball-Set kombiniert modernes Design mit hohem Tragekomfort, weshalb er sich f\u00fcr Training, Spiele und den t\u00e4glichen Gebrauch eignet.<\/p>\n<p>Futballtrikot Kinderset AC Milan ist aus hochwertigem, leichtem und atmungsaktivem Polyester hergestellt, der Schwei\u00df effektiv ableitet und ein angenehmes Tragegef\u00fchl auch bei intensiver Bewegung gew\u00e4hrleistet. Kurze \u00c4rmel und eine elastische Passform bieten maximale Bewegungsfreiheit, was aktive Kinder auf dem Platz und au\u00dferhalb sch\u00e4tzen. Das Set besteht aus Trikot und Shorts im einheitlichen Vereinsstil.<\/p>\n<p>Auf dem Trikot ist die Nummer #30 und der Name Ardon Jashari, was dem Set ein authentisches Aussehen verleiht, das von professionellem Fu\u00dfball inspiriert ist. Ein gro\u00dfer Vorteil ist die M\u00f6glichkeit, den eigenen Namen und die eigene Nummer anzupassen, wodurch Futballtrikot Kinderset AC Milan zu einem pers\u00f6nlichen und einzigartigen Geschenk f\u00fcr jeden jungen Spieler oder AC Milan-Fan wird.<\/p>\n<p>Futballtrikot Kinderset AC Milan 2025\/26 Drittel ist in verschiedenen Kindersgr\u00f6\u00dfen erh\u00e4ltlich und so konzipiert, dass Farben auch nach wiederholtem Waschen best\u00e4ndig bleiben. Eine hervorragende Wahl f\u00fcr Eltern, die ein hochwertiges kindliches Fu\u00dfballtrikot mit professionellem Erscheinungsbild, zuverl\u00e4ssiger Verarbeitung und Personalisierungsm\u00f6glichkeiten suchen.<\/p>","protected":false},"excerpt":{"rendered":"<p>Detsk\u00e9 Futbalov\u00e9 dresy Komplet AC Milan Fikayo Tomori #23 2025\/26 Tretina Detsk\u00e9 Futbalov\u00e9 dresy Komplet AC Milan Fikayo Tomori #23 pre sez\u00f3nu 2025\/26 v tretej verzii je ide\u00e1lnou vo\u013ebou pre mlad\u00fdch fan\u00fa\u0161ikov sl\u00e1vneho talianskeho klubu. Tento detsk\u00fd futbalov\u00fd komplet kombinuje modern\u00fd dizajn s vysok\u00fdm komfortom, v\u010faka \u010domu je vhodn\u00fd na tr\u00e9ning, z\u00e1pasy aj ka\u017edodenn\u00e9 nosenie. [&hellip;]<\/p>","protected":false},"featured_media":4438,"comment_status":"open","ping_status":"closed","template":"","meta":{"site-sidebar-layout":"default","site-content-layout":"","ast-site-content-layout":"default","site-content-style":"default","site-sidebar-style":"default","ast-global-header-display":"","ast-banner-title-visibility":"","ast-main-header-display":"","ast-hfb-above-header-display":"","ast-hfb-below-header-display":"","ast-hfb-mobile-header-display":"","site-post-title":"","ast-breadcrumbs-content":"","ast-featured-img":"","footer-sml-layout":"","theme-transparent-header-meta":"default","adv-header-id-meta":"","stick-header-meta":"","header-above-stick-meta":"","header-main-stick-meta":"","header-below-stick-meta":"","astra-migrate-meta-layouts":"set","ast-page-background-enabled":"default","ast-page-background-meta":{"desktop":{"background-color":"var(--ast-global-color-4)","background-image":"","background-repeat":"repeat","background-position":"center center","background-size":"auto","background-attachment":"scroll","background-type":"","background-media":"","overlay-type":"","overlay-color":"","overlay-opacity":"","overlay-gradient":""},"tablet":{"background-color":"","background-image":"","background-repeat":"repeat","background-position":"center center","background-size":"auto","background-attachment":"scroll","background-type":"","background-media":"","overlay-type":"","overlay-color":"","overlay-opacity":"","overlay-gradient":""},"mobile":{"background-color":"","background-image":"","background-repeat":"repeat","background-position":"center center","background-size":"auto","background-attachment":"scroll","background-type":"","background-media":"","overlay-type":"","overlay-color":"","overlay-opacity":"","overlay-gradient":""}},"ast-content-background-meta":{"desktop":{"background-color":"var(--ast-global-color-5)","background-image":"","background-repeat":"repeat","background-position":"center center","background-size":"auto","background-attachment":"scroll","background-type":"","background-media":"","overlay-type":"","overlay-color":"","overlay-opacity":"","overlay-gradient":""},"tablet":{"background-color":"var(--ast-global-color-5)","background-image":"","background-repeat":"repeat","background-position":"center center","background-size":"auto","background-attachment":"scroll","background-type":"","background-media":"","overlay-type":"","overlay-color":"","overlay-opacity":"","overlay-gradient":""},"mobile":{"background-color":"var(--ast-global-color-5)","background-image":"","background-repeat":"repeat","background-position":"center center","background-size":"auto","background-attachment":"scroll","background-type":"","background-media":"","overlay-type":"","overlay-color":"","overlay-opacity":"","overlay-gradient":""}}},"product_brand":[],"product_cat":[81],"product_tag":[377,378,294,376,381,375],"class_list":{"0":"post-4436","1":"product","2":"type-product","3":"status-publish","4":"has-post-thumbnail","6":"product_cat-detske-dres-ac-milan","7":"product_tag-ac-milan-detsky-komplet-2025-26","8":"product_tag-ac-milan-dres-pre-deti-s-vlastnym-menom","9":"product_tag-detsky-futbalovy-dres-2025-26","10":"product_tag-detsky-futbalovy-dres-ac-milan","11":"product_tag-fikayo-tomori-dres","12":"product_tag-futbalovy-dres-detsky-komplet-ac-milan","13":"desktop-align-left","14":"tablet-align-left","15":"mobile-align-left","17":"first","18":"instock","19":"shipping-taxable","20":"purchasable","21":"product-type-variable"},"_links":{"self":[{"href":"https:\/\/www.drespredeti.com\/de\/wp-json\/wp\/v2\/product\/4436","targetHints":{"allow":["GET"]}}],"collection":[{"href":"https:\/\/www.drespredeti.com\/de\/wp-json\/wp\/v2\/product"}],"about":[{"href":"https:\/\/www.drespredeti.com\/de\/wp-json\/wp\/v2\/types\/product"}],"replies":[{"embeddable":true,"href":"https:\/\/www.drespredeti.com\/de\/wp-json\/wp\/v2\/comments?post=4436"}],"wp:featuredmedia":[{"embeddable":true,"href":"https:\/\/www.drespredeti.com\/de\/wp-json\/wp\/v2\/media\/4438"}],"wp:attachment":[{"href":"https:\/\/www.drespredeti.com\/de\/wp-json\/wp\/v2\/media?parent=4436"}],"wp:term":[{"taxonomy":"product_brand","embeddable":true,"href":"https:\/\/www.drespredeti.com\/de\/wp-json\/wp\/v2\/product_brand?post=4436"},{"taxonomy":"product_cat","embeddable":true,"href":"https:\/\/www.drespredeti.com\/de\/wp-json\/wp\/v2\/product_cat?post=4436"},{"taxonomy":"product_tag","embeddable":true,"href":"https:\/\/www.drespredeti.com\/de\/wp-json\/wp\/v2\/product_tag?post=4436"}],"curies":[{"name":"wp","href":"https:\/\/api.w.org\/{rel}","templated":true}]}}