{"id":4385,"date":"2026-01-18T09:58:14","date_gmt":"2026-01-18T08:58:14","guid":{"rendered":"https:\/\/www.futbalovedresysk.com\/?post_type=product&#038;p=4385"},"modified":"2026-01-18T09:58:15","modified_gmt":"2026-01-18T08:58:15","slug":"lacne-detsky-dres-komplet-tottenham-hotspur-pedro-porro-23-2025-26-tretina","status":"publish","type":"product","link":"https:\/\/www.drespredeti.com\/de\/lacne-detsky-dres-komplet-tottenham-hotspur-pedro-porro-23-2025-26-tretina\/","title":{"rendered":"G\u00fcnstiges Kindertrikot Komplett Tottenham Hotspur Pedro Porro #23 2025-26 Drittel"},"content":{"rendered":"<h3>G\u00fcnstiges Kindertrikot Komplett Tottenham Hotspur 2025\/26 Dritte \u2013 Pedro Porro #23 f\u00fcr Kinder<\/h3>\n<p>Suchen Sie ein hochwertiges und preiswertes Kindertrikot Komplett f\u00fcr junge Fans von Tottenham Hotspur? Dieses Kinderfu\u00dfball-Set Tottenham Hotspur 2025\/26 \u2013 dritte Version Pedro Porro #23 ist die ideale Wahl f\u00fcr Training, Spiele und t\u00e4glichen Gebrauch.<\/p>\n<p>Das Design ist von der dritten Ausf\u00fchrung der Saison 2025\/26 inspiriert und tr\u00e4gt den Namen des beliebten Spielers Xavi Simons #7, wodurch es authentisch und professionell wirkt. Leichtes, atmungsaktives und schnelltrocknendes Material sorgt f\u00fcr maximalen Komfort, damit sich das Kind auch bei intensiver k\u00f6rperlicher Aktivit\u00e4t wohl f\u00fchlt.<\/p>\n<p><strong>Warum dieses Kindertrikot Komplett Pedro Porro w\u00e4hlen?<\/strong><\/p>\n<ul>\n<li>Komplettes Set f\u00fcr Kinder: Trikot + Shorts<\/li>\n<li>Premium-Material: weich, atmungsaktiv und sanft zur Kinderhaut<\/li>\n<li>Personalisierungsoption: eigener Name und Nummer auf dem Trikot<\/li>\n<li>Geeignet f\u00fcr Training, Spiele und Freizeit<\/li>\n<li>G\u00fcnstiger Preis bei Fokus auf Qualit\u00e4t und lange Lebensdauer<\/li>\n<\/ul>\n<p>Dieses Kindershirt Komplett ist ein ideales Geschenk f\u00fcr kleine Fu\u00dfballer und Tottenham-Fans. Dank der M\u00f6glichkeit, eigenen Namen und Nummer zu w\u00e4hlen, k\u00f6nnen Sie ein originelles personalisiertes Kindersporttrikot erstellen, das einzigartig und unverwechselbar ist.<\/p>","protected":false},"excerpt":{"rendered":"<p>Billiges Kindertrikot-Set Tottenham Hotspur 2025\/26 Dritte \u2013 Pedro Porro #23 f\u00fcr Kinder suchst du ein hochwertiges und preisg\u00fcnstiges Kindertrikot-Set f\u00fcr junge Fans von Tottenham Hotspur? Dieses Kinderfu\u00dfball-Set Tottenham Hotspur 2025\/26 \u2013 dritte Ausf\u00fchrung Pedro Porro #23 ist die ideale Wahl f\u00fcr Training, Spiele und t\u00e4gliches Tragen. Das Design ist von der dritten Ausr\u00fcstung der Saison inspiriert [\u2026]<\/p>","protected":false},"featured_media":4387,"comment_status":"open","ping_status":"closed","template":"","meta":{"site-sidebar-layout":"default","site-content-layout":"","ast-site-content-layout":"default","site-content-style":"default","site-sidebar-style":"default","ast-global-header-display":"","ast-banner-title-visibility":"","ast-main-header-display":"","ast-hfb-above-header-display":"","ast-hfb-below-header-display":"","ast-hfb-mobile-header-display":"","site-post-title":"","ast-breadcrumbs-content":"","ast-featured-img":"","footer-sml-layout":"","theme-transparent-header-meta":"default","adv-header-id-meta":"","stick-header-meta":"","header-above-stick-meta":"","header-main-stick-meta":"","header-below-stick-meta":"","astra-migrate-meta-layouts":"set","ast-page-background-enabled":"default","ast-page-background-meta":{"desktop":{"background-color":"var(--ast-global-color-4)","background-image":"","background-repeat":"repeat","background-position":"center center","background-size":"auto","background-attachment":"scroll","background-type":"","background-media":"","overlay-type":"","overlay-color":"","overlay-opacity":"","overlay-gradient":""},"tablet":{"background-color":"","background-image":"","background-repeat":"repeat","background-position":"center center","background-size":"auto","background-attachment":"scroll","background-type":"","background-media":"","overlay-type":"","overlay-color":"","overlay-opacity":"","overlay-gradient":""},"mobile":{"background-color":"","background-image":"","background-repeat":"repeat","background-position":"center center","background-size":"auto","background-attachment":"scroll","background-type":"","background-media":"","overlay-type":"","overlay-color":"","overlay-opacity":"","overlay-gradient":""}},"ast-content-background-meta":{"desktop":{"background-color":"var(--ast-global-color-5)","background-image":"","background-repeat":"repeat","background-position":"center center","background-size":"auto","background-attachment":"scroll","background-type":"","background-media":"","overlay-type":"","overlay-color":"","overlay-opacity":"","overlay-gradient":""},"tablet":{"background-color":"var(--ast-global-color-5)","background-image":"","background-repeat":"repeat","background-position":"center center","background-size":"auto","background-attachment":"scroll","background-type":"","background-media":"","overlay-type":"","overlay-color":"","overlay-opacity":"","overlay-gradient":""},"mobile":{"background-color":"var(--ast-global-color-5)","background-image":"","background-repeat":"repeat","background-position":"center center","background-size":"auto","background-attachment":"scroll","background-type":"","background-media":"","overlay-type":"","overlay-color":"","overlay-opacity":"","overlay-gradient":""}}},"product_brand":[],"product_cat":[78],"product_tag":[130,191,170,232,246,237],"class_list":{"0":"post-4385","1":"product","2":"type-product","3":"status-publish","4":"has-post-thumbnail","6":"product_cat-detske-dres-tottenham-hotspur","7":"product_tag-detske-futbalove-dresy","8":"product_tag-detsky-dres-s-vlastnym-menom-a-cislom","9":"product_tag-detsky-futbalovy-komplet","10":"product_tag-futbalovy-set-pre-deti","11":"product_tag-pedro-porro-dres","12":"product_tag-tottenham-hotspur-detsky-dres","13":"desktop-align-left","14":"tablet-align-left","15":"mobile-align-left","17":"first","18":"instock","19":"shipping-taxable","20":"purchasable","21":"product-type-variable"},"_links":{"self":[{"href":"https:\/\/www.drespredeti.com\/de\/wp-json\/wp\/v2\/product\/4385","targetHints":{"allow":["GET"]}}],"collection":[{"href":"https:\/\/www.drespredeti.com\/de\/wp-json\/wp\/v2\/product"}],"about":[{"href":"https:\/\/www.drespredeti.com\/de\/wp-json\/wp\/v2\/types\/product"}],"replies":[{"embeddable":true,"href":"https:\/\/www.drespredeti.com\/de\/wp-json\/wp\/v2\/comments?post=4385"}],"wp:featuredmedia":[{"embeddable":true,"href":"https:\/\/www.drespredeti.com\/de\/wp-json\/wp\/v2\/media\/4387"}],"wp:attachment":[{"href":"https:\/\/www.drespredeti.com\/de\/wp-json\/wp\/v2\/media?parent=4385"}],"wp:term":[{"taxonomy":"product_brand","embeddable":true,"href":"https:\/\/www.drespredeti.com\/de\/wp-json\/wp\/v2\/product_brand?post=4385"},{"taxonomy":"product_cat","embeddable":true,"href":"https:\/\/www.drespredeti.com\/de\/wp-json\/wp\/v2\/product_cat?post=4385"},{"taxonomy":"product_tag","embeddable":true,"href":"https:\/\/www.drespredeti.com\/de\/wp-json\/wp\/v2\/product_tag?post=4385"}],"curies":[{"name":"wp","href":"https:\/\/api.w.org\/{rel}","templated":true}]}}