{"id":4293,"date":"2026-01-18T09:57:25","date_gmt":"2026-01-18T08:57:25","guid":{"rendered":"https:\/\/www.futbalovedresysk.com\/?post_type=product&#038;p=4293"},"modified":"2026-01-18T09:57:26","modified_gmt":"2026-01-18T08:57:26","slug":"lacne-detsky-dres-komplet-tottenham-hotspur-destiny-udogie-13-2025-26-prec","status":"publish","type":"product","link":"https:\/\/www.drespredeti.com\/de\/lacne-detsky-dres-komplet-tottenham-hotspur-destiny-udogie-13-2025-26-prec\/","title":{"rendered":"G\u00fcnstiges Kindertrikot Komplett Tottenham Hotspur Destiny Udogie #13 2025-26 Ausw\u00e4rts"},"content":{"rendered":"<h3>Kindertrikot-Set Destiny Udogie #13 Tottenham Hotspur 2025\/26 | Kinderfu\u00dfball-Set<\/h3>\n<p>F\u00fcr Kinder, die die Premier League verfolgen und den Stil des Spielers Destiny Udogie sch\u00e4tzen, ist dieses G\u00fcnstiges Kindertrikot-Set Tottenham Hotspur 2025\/26 eine ideale Kombination aus Preis, Qualit\u00e4t und Fu\u00dfball-Identit\u00e4t.<\/p>\n<p>Der Kinder-Dres Komplett ist so konzipiert, dass er dem t\u00e4glichen Tragen sowie sportlichen Aktivit\u00e4ten standh\u00e4lt. Das funktionale Material leitet Schwei\u00df gut ab, trocknet schnell und beh\u00e4lt gleichzeitig Form und Farbe nach mehreren Waschg\u00e4ngen bei. Dadurch eignet sich der Kinder-Dres Komplett nicht nur f\u00fcr Training, sondern auch f\u00fcr Spiele, Schule oder Freizeit.<\/p>\n<p><strong>Produkteigenschaften<\/strong><\/p>\n<ul>\n<li>Kinder-Dres Komplett \u2013 Trikot und Shorts in einem Set<\/li>\n<li>Angenehmes und leichtes Material f\u00fcr maximalen Tragekomfort<\/li>\n<li>Option zur Personalisierung mit eigenem Namen und Nummer<\/li>\n<li>Kosteng\u00fcnstige Wahl f\u00fcr Eltern und Fans<\/li>\n<\/ul>\n<p>Dieses Kindertrikot-Set erm\u00f6glicht es, den Namen Destiny Udogie zu w\u00e4hlen oder eine personalisierte Version mit eigenem Namen und Nummer des Kindes zu erstellen. Durch den universellen Schnitt und die hochwertige Verarbeitung ist es ein praktisches und zugleich stylisches Fu\u00dfball-Set.<\/p>\n<p>Tolles Geschenk f\u00fcr junge Tottenham Hotspur-Fans, die wie ihr Lieblingsspieler aussehen und sich bei jeder Bewegung wohlf\u00fchlen wollen.<\/p>","protected":false},"excerpt":{"rendered":"<p>Kindertrikot-Set Destiny Udogie #13 Tottenham Hotspur 2025\/26 | Kinderfu\u00dfball-Set f\u00fcr Kinder, die die Premier League verfolgen und den Stil von Destiny Udogie #13 m\u00f6gen, ist dieses G\u00fcnstige Kindertrikot-Set Tottenham Hotspur 2025\/26 die ideale Kombination aus Preis, Qualit\u00e4t und fu\u00dfballerischer Identit\u00e4t. Das Kinder-Set ist so konzipiert, dass es den t\u00e4glichen Gebrauch sowie sportliche Aktivit\u00e4ten verkraftet. Funktionell [\u2026]<\/p>","protected":false},"featured_media":4295,"comment_status":"open","ping_status":"closed","template":"","meta":{"site-sidebar-layout":"default","site-content-layout":"","ast-site-content-layout":"default","site-content-style":"default","site-sidebar-style":"default","ast-global-header-display":"","ast-banner-title-visibility":"","ast-main-header-display":"","ast-hfb-above-header-display":"","ast-hfb-below-header-display":"","ast-hfb-mobile-header-display":"","site-post-title":"","ast-breadcrumbs-content":"","ast-featured-img":"","footer-sml-layout":"","theme-transparent-header-meta":"default","adv-header-id-meta":"","stick-header-meta":"","header-above-stick-meta":"","header-main-stick-meta":"","header-below-stick-meta":"","astra-migrate-meta-layouts":"set","ast-page-background-enabled":"default","ast-page-background-meta":{"desktop":{"background-color":"var(--ast-global-color-4)","background-image":"","background-repeat":"repeat","background-position":"center center","background-size":"auto","background-attachment":"scroll","background-type":"","background-media":"","overlay-type":"","overlay-color":"","overlay-opacity":"","overlay-gradient":""},"tablet":{"background-color":"","background-image":"","background-repeat":"repeat","background-position":"center center","background-size":"auto","background-attachment":"scroll","background-type":"","background-media":"","overlay-type":"","overlay-color":"","overlay-opacity":"","overlay-gradient":""},"mobile":{"background-color":"","background-image":"","background-repeat":"repeat","background-position":"center center","background-size":"auto","background-attachment":"scroll","background-type":"","background-media":"","overlay-type":"","overlay-color":"","overlay-opacity":"","overlay-gradient":""}},"ast-content-background-meta":{"desktop":{"background-color":"var(--ast-global-color-5)","background-image":"","background-repeat":"repeat","background-position":"center center","background-size":"auto","background-attachment":"scroll","background-type":"","background-media":"","overlay-type":"","overlay-color":"","overlay-opacity":"","overlay-gradient":""},"tablet":{"background-color":"var(--ast-global-color-5)","background-image":"","background-repeat":"repeat","background-position":"center center","background-size":"auto","background-attachment":"scroll","background-type":"","background-media":"","overlay-type":"","overlay-color":"","overlay-opacity":"","overlay-gradient":""},"mobile":{"background-color":"var(--ast-global-color-5)","background-image":"","background-repeat":"repeat","background-position":"center center","background-size":"auto","background-attachment":"scroll","background-type":"","background-media":"","overlay-type":"","overlay-color":"","overlay-opacity":"","overlay-gradient":""}}},"product_brand":[],"product_cat":[78],"product_tag":[245,130,191,170,232,237],"class_list":{"0":"post-4293","1":"product","2":"type-product","3":"status-publish","4":"has-post-thumbnail","6":"product_cat-detske-dres-tottenham-hotspur","7":"product_tag-destiny-udogie-dres","8":"product_tag-detske-futbalove-dresy","9":"product_tag-detsky-dres-s-vlastnym-menom-a-cislom","10":"product_tag-detsky-futbalovy-komplet","11":"product_tag-futbalovy-set-pre-deti","12":"product_tag-tottenham-hotspur-detsky-dres","13":"desktop-align-left","14":"tablet-align-left","15":"mobile-align-left","17":"first","18":"instock","19":"shipping-taxable","20":"purchasable","21":"product-type-variable"},"_links":{"self":[{"href":"https:\/\/www.drespredeti.com\/de\/wp-json\/wp\/v2\/product\/4293","targetHints":{"allow":["GET"]}}],"collection":[{"href":"https:\/\/www.drespredeti.com\/de\/wp-json\/wp\/v2\/product"}],"about":[{"href":"https:\/\/www.drespredeti.com\/de\/wp-json\/wp\/v2\/types\/product"}],"replies":[{"embeddable":true,"href":"https:\/\/www.drespredeti.com\/de\/wp-json\/wp\/v2\/comments?post=4293"}],"wp:featuredmedia":[{"embeddable":true,"href":"https:\/\/www.drespredeti.com\/de\/wp-json\/wp\/v2\/media\/4295"}],"wp:attachment":[{"href":"https:\/\/www.drespredeti.com\/de\/wp-json\/wp\/v2\/media?parent=4293"}],"wp:term":[{"taxonomy":"product_brand","embeddable":true,"href":"https:\/\/www.drespredeti.com\/de\/wp-json\/wp\/v2\/product_brand?post=4293"},{"taxonomy":"product_cat","embeddable":true,"href":"https:\/\/www.drespredeti.com\/de\/wp-json\/wp\/v2\/product_cat?post=4293"},{"taxonomy":"product_tag","embeddable":true,"href":"https:\/\/www.drespredeti.com\/de\/wp-json\/wp\/v2\/product_tag?post=4293"}],"curies":[{"name":"wp","href":"https:\/\/api.w.org\/{rel}","templated":true}]}}