{"id":4246,"date":"2026-01-18T09:50:03","date_gmt":"2026-01-18T08:50:03","guid":{"rendered":"https:\/\/www.futbalovedresysk.com\/?post_type=product&#038;p=4246"},"modified":"2026-01-18T09:50:04","modified_gmt":"2026-01-18T08:50:04","slug":"lacne-detsky-dres-komplet-tottenham-hotspur-micky-van-de-ven-37-2025-26-domaci","status":"publish","type":"product","link":"https:\/\/www.drespredeti.com\/de\/lacne-detsky-dres-komplet-tottenham-hotspur-micky-van-de-ven-37-2025-26-domaci\/","title":{"rendered":"G\u00fcnstiges Kindertrikot-Set Tottenham Hotspur Micky van de Ven #37 2025-26 Zuhause"},"content":{"rendered":"<h3>Kindertrikot-Set Tottenham Hotspur Heim 2025\/26 \u2013 Micky van de Ven #37 G\u00fcnstiges Fu\u00dfball-Set f\u00fcr Kinder<\/h3>\n<p>Heim-Season 2025\/26 in Kindergr\u00f6\u00dfe. Dieses G\u00fcnstige Kindertrikot-Set Tottenham Hotspur Heim ist f\u00fcr junge Fans gedacht, die Vereinsfarben tragen und das Team im gleichen Design unterst\u00fctzen m\u00f6chten, wie sie es auf dem Spielfeld sehen. Variante Micky van de Ven #37 verleiht dem Set authentischen Fu\u00dfball-Charakter.<\/p>\n<p>Das Set wurde mit Fokus auf kindlichen Komfort und den t\u00e4glichen Gebrauch hergestellt. Das Material ist leicht, elastisch und gut durchl\u00e4ssig, was Bewegungsfreiheit beim Spielen, Training und im Alltag erm\u00f6glicht. Das Kinder-Trikot-Set beh\u00e4lt Form und Farben auch nach h\u00e4ufigem Waschen, was vor allem Eltern sch\u00e4tzen.<\/p>\n<p><strong>Was bietet dieses Kinder-Trikot-Set?<\/strong><\/p>\n<ul>\n<li>Vollst\u00e4ndiges Set: T-Shirt + Shorts<\/li>\n<li>Bequemer Sportstoff geeignet f\u00fcr aktives Tragen<\/li>\n<li>M\u00f6glichkeit zur eigenen Bedruckung \u2013 Name und Nummer nach Wunsch<\/li>\n<li>G\u00fcnstiger Preis ohne Qualit\u00e4tsverlust<\/li>\n<\/ul>\n<p>Dieses Kindertrikot-Set ist ideal f\u00fcr Kinder, die den Namen Micky van de Ven tragen m\u00f6chten oder ein personalisiertes Trikot mit eigenem Namen und Nummer erstellen m\u00f6chten. Hervorragend als Geschenk, Trainingsoutfit und Fanartikel geeignet.<\/p>\n<p>Perfekte Wahl f\u00fcr junge Anh\u00e4nger von Tottenham Hotspur, die das Heimtrikot in einem bequemen und praktischen Kinderset w\u00fcnschen.<\/p>","protected":false},"excerpt":{"rendered":"<p>Kindersatz Tottenham Hotspur Heim 2025\/26 \u2013 Micky van de Ven #37 G\u00fcnstiges Fu\u00dfballset f\u00fcr Kinder Heimstil der Saison 2025\/26 in der kindlichen Ausf\u00fchrung. Dieses g\u00fcnstige Kinderrugby Komplett Tottenham Hotspur Heim ist f\u00fcr junge Fans gedacht, die Clubfarben tragen und das Team im gleichen Design unterst\u00fctzen m\u00f6chten, wie es auf dem Spielfeld zu sehen ist. Variante Micky \u2026<\/p>","protected":false},"featured_media":4248,"comment_status":"open","ping_status":"closed","template":"","meta":{"site-sidebar-layout":"default","site-content-layout":"","ast-site-content-layout":"default","site-content-style":"default","site-sidebar-style":"default","ast-global-header-display":"","ast-banner-title-visibility":"","ast-main-header-display":"","ast-hfb-above-header-display":"","ast-hfb-below-header-display":"","ast-hfb-mobile-header-display":"","site-post-title":"","ast-breadcrumbs-content":"","ast-featured-img":"","footer-sml-layout":"","theme-transparent-header-meta":"default","adv-header-id-meta":"","stick-header-meta":"","header-above-stick-meta":"","header-main-stick-meta":"","header-below-stick-meta":"","astra-migrate-meta-layouts":"set","ast-page-background-enabled":"default","ast-page-background-meta":{"desktop":{"background-color":"var(--ast-global-color-4)","background-image":"","background-repeat":"repeat","background-position":"center center","background-size":"auto","background-attachment":"scroll","background-type":"","background-media":"","overlay-type":"","overlay-color":"","overlay-opacity":"","overlay-gradient":""},"tablet":{"background-color":"","background-image":"","background-repeat":"repeat","background-position":"center center","background-size":"auto","background-attachment":"scroll","background-type":"","background-media":"","overlay-type":"","overlay-color":"","overlay-opacity":"","overlay-gradient":""},"mobile":{"background-color":"","background-image":"","background-repeat":"repeat","background-position":"center center","background-size":"auto","background-attachment":"scroll","background-type":"","background-media":"","overlay-type":"","overlay-color":"","overlay-opacity":"","overlay-gradient":""}},"ast-content-background-meta":{"desktop":{"background-color":"var(--ast-global-color-5)","background-image":"","background-repeat":"repeat","background-position":"center center","background-size":"auto","background-attachment":"scroll","background-type":"","background-media":"","overlay-type":"","overlay-color":"","overlay-opacity":"","overlay-gradient":""},"tablet":{"background-color":"var(--ast-global-color-5)","background-image":"","background-repeat":"repeat","background-position":"center center","background-size":"auto","background-attachment":"scroll","background-type":"","background-media":"","overlay-type":"","overlay-color":"","overlay-opacity":"","overlay-gradient":""},"mobile":{"background-color":"var(--ast-global-color-5)","background-image":"","background-repeat":"repeat","background-position":"center center","background-size":"auto","background-attachment":"scroll","background-type":"","background-media":"","overlay-type":"","overlay-color":"","overlay-opacity":"","overlay-gradient":""}}},"product_brand":[],"product_cat":[78],"product_tag":[130,191,170,232,243,237],"class_list":{"0":"post-4246","1":"product","2":"type-product","3":"status-publish","4":"has-post-thumbnail","6":"product_cat-detske-dres-tottenham-hotspur","7":"product_tag-detske-futbalove-dresy","8":"product_tag-detsky-dres-s-vlastnym-menom-a-cislom","9":"product_tag-detsky-futbalovy-komplet","10":"product_tag-futbalovy-set-pre-deti","11":"product_tag-micky-van-de-ven-dres","12":"product_tag-tottenham-hotspur-detsky-dres","13":"desktop-align-left","14":"tablet-align-left","15":"mobile-align-left","17":"first","18":"instock","19":"shipping-taxable","20":"purchasable","21":"product-type-variable"},"_links":{"self":[{"href":"https:\/\/www.drespredeti.com\/de\/wp-json\/wp\/v2\/product\/4246","targetHints":{"allow":["GET"]}}],"collection":[{"href":"https:\/\/www.drespredeti.com\/de\/wp-json\/wp\/v2\/product"}],"about":[{"href":"https:\/\/www.drespredeti.com\/de\/wp-json\/wp\/v2\/types\/product"}],"replies":[{"embeddable":true,"href":"https:\/\/www.drespredeti.com\/de\/wp-json\/wp\/v2\/comments?post=4246"}],"wp:featuredmedia":[{"embeddable":true,"href":"https:\/\/www.drespredeti.com\/de\/wp-json\/wp\/v2\/media\/4248"}],"wp:attachment":[{"href":"https:\/\/www.drespredeti.com\/de\/wp-json\/wp\/v2\/media?parent=4246"}],"wp:term":[{"taxonomy":"product_brand","embeddable":true,"href":"https:\/\/www.drespredeti.com\/de\/wp-json\/wp\/v2\/product_brand?post=4246"},{"taxonomy":"product_cat","embeddable":true,"href":"https:\/\/www.drespredeti.com\/de\/wp-json\/wp\/v2\/product_cat?post=4246"},{"taxonomy":"product_tag","embeddable":true,"href":"https:\/\/www.drespredeti.com\/de\/wp-json\/wp\/v2\/product_tag?post=4246"}],"curies":[{"name":"wp","href":"https:\/\/api.w.org\/{rel}","templated":true}]}}